{"id":944,"date":"2020-01-31T12:21:45","date_gmt":"2020-01-31T11:21:45","guid":{"rendered":"https:\/\/copybeauxarts.com\/shop\/?post_type=product&#038;p=944"},"modified":"2025-07-02T16:46:28","modified_gmt":"2025-07-02T14:46:28","slug":"sweat-a-capuche-zippe-impression-directe-format-coeurdos","status":"publish","type":"product","link":"https:\/\/copybeauxarts.com\/shop\/produit\/sweat-a-capuche-zippe-impression-directe-format-coeurdos\/","title":{"rendered":"Sweat \u00e0 capuche zipp\u00e9 impression 2 faces"},"content":{"rendered":"<ul>\n<li><strong>Sweat \u00e0 Capuche Zipp\u00e9<\/strong>.<\/li>\n<li>Composition: 50% coton et 50% polyester.<\/li>\n<li>Grammage: 270 g\/m\u00b2.<\/li>\n<li>Zip int\u00e9gral.<\/li>\n<li>Bord inf\u00e9rieur et poignets en c\u00f4te \u00e9lasthanne 1&#215;1.<\/li>\n<li>Double surpiq\u00fbre aux emmanchures.<\/li>\n<li>Poche kangourou.<\/li>\n<li>Capuche doubl\u00e9e avec cordon ton sur ton.<\/li>\n<li>Coutures lat\u00e9rales.<\/li>\n<li>XS\/S\/M\/L\/XL\/XXL<\/li>\n<\/ul>\n<p>L&rsquo;impression num\u00e9rique directe est id\u00e9ale pour l&rsquo;impression de photos ou de motifs multicolores, et avec des d\u00e9grad\u00e9s de couleurs. Que le textile soit fonc\u00e9 ou clair, que le motif soit complexe ou simple, l&rsquo;impression num\u00e9rique directe reproduira tous les moindre d\u00e9tails. M\u00eame vos photos ou vos images graphiques (par ex., pour des cadeaux personnalis\u00e9s, les logos d&rsquo;entreprise, etc.) peuvent \u00eatre imprim\u00e9es sur un textile gr\u00e2ce \u00e0 cette technique de grande qualit\u00e9.<\/p>\n<p><span class=\"word menu-enabled\" style=\"font-style: italic;\">Possibilit\u00e9<\/span><i>\u00a0<\/i><span class=\"word menu-enabled\"><i>d&rsquo;envoi <\/i><\/span><i>(\u00a0<\/i><span class=\"word menu-enabled\" style=\"font-style: italic;\">avec<\/span><i>\u00a0<\/i><span class=\"word menu-enabled\" style=\"font-style: italic;\">frais<\/span><i>\u00a0<\/i><span class=\"word menu-enabled\" style=\"font-style: italic;\">de<\/span><i>\u00a0<\/i><span class=\"word menu-enabled\" style=\"font-style: italic;\">port<\/span><i>\u00a0)\u00a0<\/i><span class=\"word menu-enabled\" style=\"font-style: italic;\">de<\/span><i>\u00a01\u00a0<\/i><span class=\"word menu-enabled\" style=\"font-style: italic;\">\u00e0<\/span><i>\u00a010\u00a0<\/i><span class=\"word menu-enabled\" style=\"font-style: italic;\">articles<\/span><i>. <\/i><\/p>\n<p><i>Au del\u00e0 <\/i><span class=\"word menu-enabled\" style=\"font-style: italic;\">de<\/span><i>\u00a010\u00a0<\/i><span class=\"word menu-enabled\" style=\"font-style: italic;\">articles<\/span><i>,\u00a0<\/i><span class=\"word menu-enabled\" style=\"font-style: italic;\">merci<\/span><i>\u00a0<\/i><span class=\"word menu-enabled\" style=\"font-style: italic;\">de<\/span><i>\u00a0<\/i><span class=\"word menu-enabled\" style=\"font-style: italic;\">nous<\/span><i>\u00a0<\/i><span class=\"word menu-enabled\" style=\"font-style: italic;\">contacter<\/span><i>\u00a0<\/i><span class=\"word menu-enabled\" style=\"font-style: italic;\">par<\/span><i>\u00a0<\/i><span class=\"word menu-enabled\" style=\"font-style: italic;\">mail<\/span> <i>: cpba34@gmail.com<\/i><\/p>\n","protected":false},"excerpt":{"rendered":"<ul>\n<li><strong>Sweat \u00e0 Capuche Zipp\u00e9<\/strong>.<\/li>\n<li>Composition: 50% coton et 50% polyester.<\/li>\n<li>Grammage: 270 g\/m\u00b2.<\/li>\n<li>Zip int\u00e9gral.<\/li>\n<li>Bord inf\u00e9rieur et poignets en c\u00f4te \u00e9lasthanne 1&#215;1.<\/li>\n<li>Double surpiq\u00fbre aux emmanchures.<\/li>\n<li>Poche kangourou.<\/li>\n<li>Capuche doubl\u00e9e avec cordon ton sur ton.<\/li>\n<li>Coutures lat\u00e9rales.<\/li>\n<li>XS\/S\/M\/L\/XL\/XXL<\/li>\n<\/ul>\n<p>L&rsquo;impression num\u00e9rique directe est id\u00e9ale pour l&rsquo;impression de photos ou de motifs multicolores, et avec des d\u00e9grad\u00e9s de couleurs. Que le textile soit fonc\u00e9 ou clair, que le motif soit complexe ou simple, l&rsquo;impression num\u00e9rique directe reproduira tous les moindre d\u00e9tails. M\u00eame vos photos ou vos images graphiques (par ex., pour des cadeaux personnalis\u00e9s, les logos d&rsquo;entreprise, etc.) peuvent \u00eatre imprim\u00e9es sur un textile gr\u00e2ce \u00e0 cette technique de grande qualit\u00e9.<\/p>\n<p><span class=\"word menu-enabled\" style=\"font-style: italic;\">Possibilit\u00e9<\/span><i>\u00a0<\/i><span class=\"word menu-enabled\"><i>d&rsquo;envoi <\/i><\/span><i>(\u00a0<\/i><span class=\"word menu-enabled\" style=\"font-style: italic;\">avec<\/span><i>\u00a0<\/i><span class=\"word menu-enabled\" style=\"font-style: italic;\">frais<\/span><i>\u00a0<\/i><span class=\"word menu-enabled\" style=\"font-style: italic;\">de<\/span><i>\u00a0<\/i><span class=\"word menu-enabled\" style=\"font-style: italic;\">port<\/span><i>\u00a0)\u00a0<\/i><span class=\"word menu-enabled\" style=\"font-style: italic;\">de<\/span><i>\u00a01\u00a0<\/i><span class=\"word menu-enabled\" style=\"font-style: italic;\">\u00e0<\/span><i>\u00a010\u00a0<\/i><span class=\"word menu-enabled\" style=\"font-style: italic;\">articles<\/span><i>. <\/i><\/p>\n<p><i>Au del\u00e0 <\/i><span class=\"word menu-enabled\" style=\"font-style: italic;\">de<\/span><i>\u00a010\u00a0<\/i><span class=\"word menu-enabled\" style=\"font-style: italic;\">articles<\/span><i>,\u00a0<\/i><span class=\"word menu-enabled\" style=\"font-style: italic;\">merci<\/span><i>\u00a0<\/i><span class=\"word menu-enabled\" style=\"font-style: italic;\">de<\/span><i>\u00a0<\/i><span class=\"word menu-enabled\" style=\"font-style: italic;\">nous<\/span><i>\u00a0<\/i><span class=\"word menu-enabled\" style=\"font-style: italic;\">contacter<\/span><i>\u00a0<\/i><span class=\"word menu-enabled\" style=\"font-style: italic;\">par<\/span><i>\u00a0<\/i><span class=\"word menu-enabled\" style=\"font-style: italic;\">mail<\/span> <i>: cpba34@gmail.com<\/i><\/p>\n","protected":false},"featured_media":886,"template":"","meta":{"site-sidebar-layout":"default","site-content-layout":"default","ast-site-content-layout":"default","site-content-style":"default","site-sidebar-style":"default","ast-global-header-display":"","ast-banner-title-visibility":"","ast-main-header-display":"","ast-hfb-above-header-display":"","ast-hfb-below-header-display":"","ast-hfb-mobile-header-display":"","site-post-title":"","ast-breadcrumbs-content":"","ast-featured-img":"","footer-sml-layout":"","ast-disable-related-posts":"","theme-transparent-header-meta":"default","adv-header-id-meta":"","stick-header-meta":"default","header-above-stick-meta":"","header-main-stick-meta":"","header-below-stick-meta":"","astra-migrate-meta-layouts":"default","ast-page-background-enabled":"default","ast-page-background-meta":{"desktop":{"background-color":"var(--ast-global-color-4)","background-image":"","background-repeat":"repeat","background-position":"center center","background-size":"auto","background-attachment":"scroll","background-type":"","background-media":"","overlay-type":"","overlay-color":"","overlay-opacity":"","overlay-gradient":""},"tablet":{"background-color":"","background-image":"","background-repeat":"repeat","background-position":"center center","background-size":"auto","background-attachment":"scroll","background-type":"","background-media":"","overlay-type":"","overlay-color":"","overlay-opacity":"","overlay-gradient":""},"mobile":{"background-color":"","background-image":"","background-repeat":"repeat","background-position":"center center","background-size":"auto","background-attachment":"scroll","background-type":"","background-media":"","overlay-type":"","overlay-color":"","overlay-opacity":"","overlay-gradient":""}},"ast-content-background-meta":{"desktop":{"background-color":"var(--ast-global-color-5)","background-image":"","background-repeat":"repeat","background-position":"center center","background-size":"auto","background-attachment":"scroll","background-type":"","background-media":"","overlay-type":"","overlay-color":"","overlay-opacity":"","overlay-gradient":""},"tablet":{"background-color":"var(--ast-global-color-5)","background-image":"","background-repeat":"repeat","background-position":"center center","background-size":"auto","background-attachment":"scroll","background-type":"","background-media":"","overlay-type":"","overlay-color":"","overlay-opacity":"","overlay-gradient":""},"mobile":{"background-color":"var(--ast-global-color-5)","background-image":"","background-repeat":"repeat","background-position":"center center","background-size":"auto","background-attachment":"scroll","background-type":"","background-media":"","overlay-type":"","overlay-color":"","overlay-opacity":"","overlay-gradient":""}}},"product_brand":[],"product_cat":[34,40,39,32,30,31,25],"product_tag":[],"class_list":{"0":"post-944","1":"product","2":"type-product","3":"status-publish","4":"has-post-thumbnail","6":"product_cat-impression-2-faces","7":"product_cat-impression-directe","8":"product_cat-impression-idrecte-dtg","9":"product_cat-textile-enfant","10":"product_cat-textile-homme","11":"product_cat-textile-femme","12":"product_cat-textiles","13":"desktop-align-center","14":"tablet-align-center","15":"mobile-align-center","16":"ast-product-gallery-layout-horizontal-slider","17":"ast-product-single-variable","18":"ast-product-tabs-layout-horizontal","20":"first","21":"instock","22":"shipping-taxable","23":"purchasable","24":"product-type-variable"},"yoast_head":"<!-- This site is optimized with the Yoast SEO plugin v26.6 - https:\/\/yoast.com\/wordpress\/plugins\/seo\/ -->\n<title>Sweat \u00e0 capuche zipp\u00e9 impression 2 faces - Copy Beaux Arts \u2022 Photocopie Impression objets personnalis\u00e9s Montpellier<\/title>\n<meta name=\"robots\" content=\"index, follow, max-snippet:-1, max-image-preview:large, max-video-preview:-1\" \/>\n<link rel=\"canonical\" href=\"https:\/\/copybeauxarts.com\/shop\/produit\/sweat-a-capuche-zippe-impression-directe-format-coeurdos\/\" \/>\n<meta property=\"og:locale\" content=\"fr_FR\" \/>\n<meta property=\"og:type\" content=\"article\" \/>\n<meta property=\"og:title\" content=\"Sweat \u00e0 capuche zipp\u00e9 impression 2 faces - Copy Beaux Arts \u2022 Photocopie Impression objets personnalis\u00e9s Montpellier\" \/>\n<meta property=\"og:description\" content=\"Sweat \u00e0 Capuche Zipp\u00e9.  Composition: 50% coton et 50% polyester.  Grammage: 270 g\/m\u00b2.  Zip int\u00e9gral.  Bord inf\u00e9rieur et poignets en c\u00f4te \u00e9lasthanne 1x1.  Double surpiq\u00fbre aux emmanchures.  Poche kangourou.  Capuche doubl\u00e9e avec cordon ton sur ton.  Coutures lat\u00e9rales.  XS\/S\/M\/L\/XL\/XXL  L&#039;impression num\u00e9rique directe est id\u00e9ale pour l&#039;impression de photos ou de motifs multicolores, et avec des d\u00e9grad\u00e9s de couleurs. Que le textile soit fonc\u00e9 ou clair, que le motif soit complexe ou simple, l&#039;impression num\u00e9rique directe reproduira tous les moindre d\u00e9tails. M\u00eame vos photos ou vos images graphiques (par ex., pour des cadeaux personnalis\u00e9s, les logos d&#039;entreprise, etc.) peuvent \u00eatre imprim\u00e9es sur un textile gr\u00e2ce \u00e0 cette technique de grande qualit\u00e9.  Possibilit\u00e9\u00a0d&#039;envoi (\u00a0avec\u00a0frais\u00a0de\u00a0port\u00a0)\u00a0de\u00a01\u00a0\u00e0\u00a010\u00a0articles.   Au del\u00e0 de\u00a010\u00a0articles,\u00a0merci\u00a0de\u00a0nous\u00a0contacter\u00a0par\u00a0mail : cpba34@gmail.com\" \/>\n<meta property=\"og:url\" content=\"https:\/\/copybeauxarts.com\/shop\/produit\/sweat-a-capuche-zippe-impression-directe-format-coeurdos\/\" \/>\n<meta property=\"og:site_name\" content=\"Copy Beaux Arts \u2022 Photocopie Impression objets personnalis\u00e9s Montpellier\" \/>\n<meta property=\"article:modified_time\" content=\"2025-07-02T14:46:28+00:00\" \/>\n<meta property=\"og:image\" content=\"https:\/\/copybeauxarts.com\/shop\/wp-content\/uploads\/2020\/01\/346274_big.jpg\" \/>\n\t<meta property=\"og:image:width\" content=\"458\" \/>\n\t<meta property=\"og:image:height\" content=\"630\" \/>\n\t<meta property=\"og:image:type\" content=\"image\/jpeg\" \/>\n<meta name=\"twitter:card\" content=\"summary_large_image\" \/>\n<meta name=\"twitter:label1\" content=\"Dur\u00e9e de lecture estim\u00e9e\" \/>\n\t<meta name=\"twitter:data1\" content=\"1 minute\" \/>\n<script type=\"application\/ld+json\" class=\"yoast-schema-graph\">{\"@context\":\"https:\/\/schema.org\",\"@graph\":[{\"@type\":\"WebPage\",\"@id\":\"https:\/\/copybeauxarts.com\/shop\/produit\/sweat-a-capuche-zippe-impression-directe-format-coeurdos\/\",\"url\":\"https:\/\/copybeauxarts.com\/shop\/produit\/sweat-a-capuche-zippe-impression-directe-format-coeurdos\/\",\"name\":\"Sweat \u00e0 capuche zipp\u00e9 impression 2 faces - Copy Beaux Arts \u2022 Photocopie Impression objets personnalis\u00e9s Montpellier\",\"isPartOf\":{\"@id\":\"https:\/\/copybeauxarts.com\/shop\/#website\"},\"primaryImageOfPage\":{\"@id\":\"https:\/\/copybeauxarts.com\/shop\/produit\/sweat-a-capuche-zippe-impression-directe-format-coeurdos\/#primaryimage\"},\"image\":{\"@id\":\"https:\/\/copybeauxarts.com\/shop\/produit\/sweat-a-capuche-zippe-impression-directe-format-coeurdos\/#primaryimage\"},\"thumbnailUrl\":\"https:\/\/copybeauxarts.com\/shop\/wp-content\/uploads\/2020\/01\/346274_big.jpg\",\"datePublished\":\"2020-01-31T11:21:45+00:00\",\"dateModified\":\"2025-07-02T14:46:28+00:00\",\"breadcrumb\":{\"@id\":\"https:\/\/copybeauxarts.com\/shop\/produit\/sweat-a-capuche-zippe-impression-directe-format-coeurdos\/#breadcrumb\"},\"inLanguage\":\"fr-FR\",\"potentialAction\":[{\"@type\":\"ReadAction\",\"target\":[\"https:\/\/copybeauxarts.com\/shop\/produit\/sweat-a-capuche-zippe-impression-directe-format-coeurdos\/\"]}]},{\"@type\":\"ImageObject\",\"inLanguage\":\"fr-FR\",\"@id\":\"https:\/\/copybeauxarts.com\/shop\/produit\/sweat-a-capuche-zippe-impression-directe-format-coeurdos\/#primaryimage\",\"url\":\"https:\/\/copybeauxarts.com\/shop\/wp-content\/uploads\/2020\/01\/346274_big.jpg\",\"contentUrl\":\"https:\/\/copybeauxarts.com\/shop\/wp-content\/uploads\/2020\/01\/346274_big.jpg\",\"width\":458,\"height\":630},{\"@type\":\"BreadcrumbList\",\"@id\":\"https:\/\/copybeauxarts.com\/shop\/produit\/sweat-a-capuche-zippe-impression-directe-format-coeurdos\/#breadcrumb\",\"itemListElement\":[{\"@type\":\"ListItem\",\"position\":1,\"name\":\"Accueil\",\"item\":\"https:\/\/copybeauxarts.com\/shop\/\"},{\"@type\":\"ListItem\",\"position\":2,\"name\":\"Shop\",\"item\":\"https:\/\/copybeauxarts.com\/shop\/shop\/\"},{\"@type\":\"ListItem\",\"position\":3,\"name\":\"Sweat \u00e0 capuche zipp\u00e9 impression 2 faces\"}]},{\"@type\":\"WebSite\",\"@id\":\"https:\/\/copybeauxarts.com\/shop\/#website\",\"url\":\"https:\/\/copybeauxarts.com\/shop\/\",\"name\":\"Copy Beaux Arts \u2022 Photocopie Impression objets personnalis\u00e9s Montpellier\",\"description\":\"Impression tshirts mugs cadeaux et tous objets personnalis\u00e9s\",\"publisher\":{\"@id\":\"https:\/\/copybeauxarts.com\/shop\/#organization\"},\"potentialAction\":[{\"@type\":\"SearchAction\",\"target\":{\"@type\":\"EntryPoint\",\"urlTemplate\":\"https:\/\/copybeauxarts.com\/shop\/?s={search_term_string}\"},\"query-input\":{\"@type\":\"PropertyValueSpecification\",\"valueRequired\":true,\"valueName\":\"search_term_string\"}}],\"inLanguage\":\"fr-FR\"},{\"@type\":\"Organization\",\"@id\":\"https:\/\/copybeauxarts.com\/shop\/#organization\",\"name\":\"Copy Beaux Arts \u2022 Photocopie Impression objets personnalis\u00e9s Montpellier\",\"url\":\"https:\/\/copybeauxarts.com\/shop\/\",\"logo\":{\"@type\":\"ImageObject\",\"inLanguage\":\"fr-FR\",\"@id\":\"https:\/\/copybeauxarts.com\/shop\/#\/schema\/logo\/image\/\",\"url\":\"https:\/\/copybeauxarts.com\/shop\/wp-content\/uploads\/2025\/12\/logo-copy-beaux-arts-montpellier.png\",\"contentUrl\":\"https:\/\/copybeauxarts.com\/shop\/wp-content\/uploads\/2025\/12\/logo-copy-beaux-arts-montpellier.png\",\"width\":247,\"height\":133,\"caption\":\"Copy Beaux Arts \u2022 Photocopie Impression objets personnalis\u00e9s Montpellier\"},\"image\":{\"@id\":\"https:\/\/copybeauxarts.com\/shop\/#\/schema\/logo\/image\/\"}}]}<\/script>\n<!-- \/ Yoast SEO plugin. -->","yoast_head_json":{"title":"Sweat \u00e0 capuche zipp\u00e9 impression 2 faces - Copy Beaux Arts \u2022 Photocopie Impression objets personnalis\u00e9s Montpellier","robots":{"index":"index","follow":"follow","max-snippet":"max-snippet:-1","max-image-preview":"max-image-preview:large","max-video-preview":"max-video-preview:-1"},"canonical":"https:\/\/copybeauxarts.com\/shop\/produit\/sweat-a-capuche-zippe-impression-directe-format-coeurdos\/","og_locale":"fr_FR","og_type":"article","og_title":"Sweat \u00e0 capuche zipp\u00e9 impression 2 faces - Copy Beaux Arts \u2022 Photocopie Impression objets personnalis\u00e9s Montpellier","og_description":"Sweat \u00e0 Capuche Zipp\u00e9.  Composition: 50% coton et 50% polyester.  Grammage: 270 g\/m\u00b2.  Zip int\u00e9gral.  Bord inf\u00e9rieur et poignets en c\u00f4te \u00e9lasthanne 1x1.  Double surpiq\u00fbre aux emmanchures.  Poche kangourou.  Capuche doubl\u00e9e avec cordon ton sur ton.  Coutures lat\u00e9rales.  XS\/S\/M\/L\/XL\/XXL  L'impression num\u00e9rique directe est id\u00e9ale pour l'impression de photos ou de motifs multicolores, et avec des d\u00e9grad\u00e9s de couleurs. Que le textile soit fonc\u00e9 ou clair, que le motif soit complexe ou simple, l'impression num\u00e9rique directe reproduira tous les moindre d\u00e9tails. M\u00eame vos photos ou vos images graphiques (par ex., pour des cadeaux personnalis\u00e9s, les logos d'entreprise, etc.) peuvent \u00eatre imprim\u00e9es sur un textile gr\u00e2ce \u00e0 cette technique de grande qualit\u00e9.  Possibilit\u00e9\u00a0d'envoi (\u00a0avec\u00a0frais\u00a0de\u00a0port\u00a0)\u00a0de\u00a01\u00a0\u00e0\u00a010\u00a0articles.   Au del\u00e0 de\u00a010\u00a0articles,\u00a0merci\u00a0de\u00a0nous\u00a0contacter\u00a0par\u00a0mail : cpba34@gmail.com","og_url":"https:\/\/copybeauxarts.com\/shop\/produit\/sweat-a-capuche-zippe-impression-directe-format-coeurdos\/","og_site_name":"Copy Beaux Arts \u2022 Photocopie Impression objets personnalis\u00e9s Montpellier","article_modified_time":"2025-07-02T14:46:28+00:00","og_image":[{"width":458,"height":630,"url":"https:\/\/copybeauxarts.com\/shop\/wp-content\/uploads\/2020\/01\/346274_big.jpg","type":"image\/jpeg"}],"twitter_card":"summary_large_image","twitter_misc":{"Dur\u00e9e de lecture estim\u00e9e":"1 minute"},"schema":{"@context":"https:\/\/schema.org","@graph":[{"@type":"WebPage","@id":"https:\/\/copybeauxarts.com\/shop\/produit\/sweat-a-capuche-zippe-impression-directe-format-coeurdos\/","url":"https:\/\/copybeauxarts.com\/shop\/produit\/sweat-a-capuche-zippe-impression-directe-format-coeurdos\/","name":"Sweat \u00e0 capuche zipp\u00e9 impression 2 faces - Copy Beaux Arts \u2022 Photocopie Impression objets personnalis\u00e9s Montpellier","isPartOf":{"@id":"https:\/\/copybeauxarts.com\/shop\/#website"},"primaryImageOfPage":{"@id":"https:\/\/copybeauxarts.com\/shop\/produit\/sweat-a-capuche-zippe-impression-directe-format-coeurdos\/#primaryimage"},"image":{"@id":"https:\/\/copybeauxarts.com\/shop\/produit\/sweat-a-capuche-zippe-impression-directe-format-coeurdos\/#primaryimage"},"thumbnailUrl":"https:\/\/copybeauxarts.com\/shop\/wp-content\/uploads\/2020\/01\/346274_big.jpg","datePublished":"2020-01-31T11:21:45+00:00","dateModified":"2025-07-02T14:46:28+00:00","breadcrumb":{"@id":"https:\/\/copybeauxarts.com\/shop\/produit\/sweat-a-capuche-zippe-impression-directe-format-coeurdos\/#breadcrumb"},"inLanguage":"fr-FR","potentialAction":[{"@type":"ReadAction","target":["https:\/\/copybeauxarts.com\/shop\/produit\/sweat-a-capuche-zippe-impression-directe-format-coeurdos\/"]}]},{"@type":"ImageObject","inLanguage":"fr-FR","@id":"https:\/\/copybeauxarts.com\/shop\/produit\/sweat-a-capuche-zippe-impression-directe-format-coeurdos\/#primaryimage","url":"https:\/\/copybeauxarts.com\/shop\/wp-content\/uploads\/2020\/01\/346274_big.jpg","contentUrl":"https:\/\/copybeauxarts.com\/shop\/wp-content\/uploads\/2020\/01\/346274_big.jpg","width":458,"height":630},{"@type":"BreadcrumbList","@id":"https:\/\/copybeauxarts.com\/shop\/produit\/sweat-a-capuche-zippe-impression-directe-format-coeurdos\/#breadcrumb","itemListElement":[{"@type":"ListItem","position":1,"name":"Accueil","item":"https:\/\/copybeauxarts.com\/shop\/"},{"@type":"ListItem","position":2,"name":"Shop","item":"https:\/\/copybeauxarts.com\/shop\/shop\/"},{"@type":"ListItem","position":3,"name":"Sweat \u00e0 capuche zipp\u00e9 impression 2 faces"}]},{"@type":"WebSite","@id":"https:\/\/copybeauxarts.com\/shop\/#website","url":"https:\/\/copybeauxarts.com\/shop\/","name":"Copy Beaux Arts \u2022 Photocopie Impression objets personnalis\u00e9s Montpellier","description":"Impression tshirts mugs cadeaux et tous objets personnalis\u00e9s","publisher":{"@id":"https:\/\/copybeauxarts.com\/shop\/#organization"},"potentialAction":[{"@type":"SearchAction","target":{"@type":"EntryPoint","urlTemplate":"https:\/\/copybeauxarts.com\/shop\/?s={search_term_string}"},"query-input":{"@type":"PropertyValueSpecification","valueRequired":true,"valueName":"search_term_string"}}],"inLanguage":"fr-FR"},{"@type":"Organization","@id":"https:\/\/copybeauxarts.com\/shop\/#organization","name":"Copy Beaux Arts \u2022 Photocopie Impression objets personnalis\u00e9s Montpellier","url":"https:\/\/copybeauxarts.com\/shop\/","logo":{"@type":"ImageObject","inLanguage":"fr-FR","@id":"https:\/\/copybeauxarts.com\/shop\/#\/schema\/logo\/image\/","url":"https:\/\/copybeauxarts.com\/shop\/wp-content\/uploads\/2025\/12\/logo-copy-beaux-arts-montpellier.png","contentUrl":"https:\/\/copybeauxarts.com\/shop\/wp-content\/uploads\/2025\/12\/logo-copy-beaux-arts-montpellier.png","width":247,"height":133,"caption":"Copy Beaux Arts \u2022 Photocopie Impression objets personnalis\u00e9s Montpellier"},"image":{"@id":"https:\/\/copybeauxarts.com\/shop\/#\/schema\/logo\/image\/"}}]}},"_links":{"self":[{"href":"https:\/\/copybeauxarts.com\/shop\/wp-json\/wp\/v2\/product\/944","targetHints":{"allow":["GET"]}}],"collection":[{"href":"https:\/\/copybeauxarts.com\/shop\/wp-json\/wp\/v2\/product"}],"about":[{"href":"https:\/\/copybeauxarts.com\/shop\/wp-json\/wp\/v2\/types\/product"}],"wp:featuredmedia":[{"embeddable":true,"href":"https:\/\/copybeauxarts.com\/shop\/wp-json\/wp\/v2\/media\/886"}],"wp:attachment":[{"href":"https:\/\/copybeauxarts.com\/shop\/wp-json\/wp\/v2\/media?parent=944"}],"wp:term":[{"taxonomy":"product_brand","embeddable":true,"href":"https:\/\/copybeauxarts.com\/shop\/wp-json\/wp\/v2\/product_brand?post=944"},{"taxonomy":"product_cat","embeddable":true,"href":"https:\/\/copybeauxarts.com\/shop\/wp-json\/wp\/v2\/product_cat?post=944"},{"taxonomy":"product_tag","embeddable":true,"href":"https:\/\/copybeauxarts.com\/shop\/wp-json\/wp\/v2\/product_tag?post=944"}],"curies":[{"name":"wp","href":"https:\/\/api.w.org\/{rel}","templated":true}]}}