{"id":490,"date":"2018-12-19T20:48:26","date_gmt":"2018-12-19T19:48:26","guid":{"rendered":"https:\/\/copybeauxarts.com\/shop\/?post_type=product&#038;p=490"},"modified":"2023-03-30T14:12:07","modified_gmt":"2023-03-30T12:12:07","slug":"polo-homme-blanc-personnalisable","status":"publish","type":"product","link":"https:\/\/copybeauxarts.com\/shop\/produit\/polo-homme-blanc-personnalisable\/","title":{"rendered":"Impression directe sur Polo 2 faces"},"content":{"rendered":"<p><img loading=\"lazy\" decoding=\"async\" class=\"alignnone wp-image-491\" src=\"https:\/\/copybeauxarts.com\/shop\/wp-content\/uploads\/2018\/12\/polo-copy-beaux-arts-montpellier.jpg\" alt=\"\" width=\"218\" height=\"215\" srcset=\"https:\/\/copybeauxarts.com\/shop\/wp-content\/uploads\/2018\/12\/polo-copy-beaux-arts-montpellier.jpg 272w, https:\/\/copybeauxarts.com\/shop\/wp-content\/uploads\/2018\/12\/polo-copy-beaux-arts-montpellier-100x100.jpg 100w\" sizes=\"auto, (max-width: 218px) 100vw, 218px\" \/><\/p>\n<table id=\"sizeTable\" class=\"pt-size-table horizontal semiBold\" width=\"407\">\n<colgroup>\n<col \/><\/colgroup>\n<tbody>\n<tr class=\"table-head\">\n<td><strong>\u00a0TAILLE<\/strong><\/td>\n<td><strong>S<\/strong><\/td>\n<td><strong>M<\/strong><\/td>\n<td><strong>L<\/strong><\/td>\n<td><strong>XL<\/strong><\/td>\n<td><strong>2XL<\/strong><\/td>\n<td><b>\u00a0<\/b><\/td>\n<\/tr>\n<tr class=\"even\">\n<td><strong>A (cm)<\/strong><\/td>\n<td>50<\/td>\n<td>53<\/td>\n<td>56<\/td>\n<td>59<\/td>\n<td>62<\/td>\n<td><\/td>\n<\/tr>\n<tr>\n<td><strong>B (cm)<\/strong><\/td>\n<td>68<\/td>\n<td>70<\/td>\n<td>72<\/td>\n<td>74<\/td>\n<td>76<\/td>\n<td><\/td>\n<\/tr>\n<\/tbody>\n<\/table>\n<p>&nbsp;<\/p>\n","protected":false},"excerpt":{"rendered":"<div id=\"droite\">\n<div class=\"texte\">\n<ul>\n<li>Polo homme manches courtes\u00a0<strong>BCID1<\/strong>:<\/li>\n<li>Grammage: 180 g\/m\u00b2.<\/li>\n<li>Composition: 100% coton pr\u00e9-r\u00e9tr\u00e9ci.<\/li>\n<li>Tailles:\u00a0<strong>XS<\/strong>* (45cm-67cm) \/\u00a0<strong>S<\/strong>\u00a0(49cm-69cm) \/\u00a0<strong>M<\/strong>\u00a0(52cm-72cm) \/\u00a0<strong>L<\/strong>\u00a0(56cm-72cm) \/\u00a0<strong>XL<\/strong>\u00a0(59cm-77cm) \/\u00a0<strong>XXL<\/strong>\u00a0(63cm-79cm) \/\u00a0<strong>3XL<\/strong>\u00a0(66cm-82cm) \/\u00a0<strong>4XL<\/strong>\u00a0(70cm-84cm).<\/li>\n<li>Manches courtes.<\/li>\n<li>Col c\u00f4te 1&#215;1.<\/li>\n<li>Plaquette renforc\u00e9e 2 boutons.<\/li>\n<li>Coutures lat\u00e9rales.<\/li>\n<\/ul>\n<\/div>\n<\/div>\n<p><span class=\"word menu-enabled\" style=\"font-style: italic;\">Possibilit\u00e9<\/span><i>\u00a0<\/i><span class=\"word menu-enabled\"><i>d&rsquo;envoi <\/i><\/span><i>(\u00a0<\/i><span class=\"word menu-enabled\" style=\"font-style: italic;\">avec<\/span><i>\u00a0<\/i><span class=\"word menu-enabled\" style=\"font-style: italic;\">frais<\/span><i>\u00a0<\/i><span class=\"word menu-enabled\" style=\"font-style: italic;\">de<\/span><i>\u00a0<\/i><span class=\"word menu-enabled\" style=\"font-style: italic;\">port<\/span><i>\u00a0)\u00a0<\/i><span class=\"word menu-enabled\" style=\"font-style: italic;\">de<\/span><i>\u00a01\u00a0<\/i><span class=\"word menu-enabled\" style=\"font-style: italic;\">\u00e0<\/span><i>\u00a010\u00a0<\/i><span class=\"word menu-enabled\" style=\"font-style: italic;\">articles<\/span><i>. <\/i><\/p>\n<p><i>Au del\u00e0 <\/i><span class=\"word menu-enabled\" style=\"font-style: italic;\">de<\/span><i>\u00a010\u00a0<\/i><span class=\"word menu-enabled\" style=\"font-style: italic;\">articles<\/span><i>,\u00a0<\/i><span class=\"word menu-enabled\" style=\"font-style: italic;\">merci<\/span><i>\u00a0<\/i><span class=\"word menu-enabled\" style=\"font-style: italic;\">de<\/span><i>\u00a0<\/i><span class=\"word menu-enabled\" style=\"font-style: italic;\">nous<\/span><i>\u00a0<\/i><span class=\"word menu-enabled\" style=\"font-style: italic;\">contacter<\/span><i>\u00a0<\/i><span class=\"word menu-enabled\" style=\"font-style: italic;\">par<\/span><i>\u00a0<\/i><span class=\"word menu-enabled\" style=\"font-style: italic;\">mail<\/span> <i>: cpba34@gmail.com<\/i><\/p>\n<p>&nbsp;<\/p>\n<p>&nbsp;<\/p>\n","protected":false},"featured_media":958,"template":"","meta":{"site-sidebar-layout":"default","site-content-layout":"default","ast-site-content-layout":"default","site-content-style":"default","site-sidebar-style":"default","ast-global-header-display":"","ast-banner-title-visibility":"","ast-main-header-display":"","ast-hfb-above-header-display":"","ast-hfb-below-header-display":"","ast-hfb-mobile-header-display":"","site-post-title":"","ast-breadcrumbs-content":"","ast-featured-img":"","footer-sml-layout":"","ast-disable-related-posts":"","theme-transparent-header-meta":"default","adv-header-id-meta":"","stick-header-meta":"default","header-above-stick-meta":"","header-main-stick-meta":"","header-below-stick-meta":"","astra-migrate-meta-layouts":"default","ast-page-background-enabled":"default","ast-page-background-meta":{"desktop":{"background-color":"var(--ast-global-color-4)","background-image":"","background-repeat":"repeat","background-position":"center center","background-size":"auto","background-attachment":"scroll","background-type":"","background-media":"","overlay-type":"","overlay-color":"","overlay-opacity":"","overlay-gradient":""},"tablet":{"background-color":"","background-image":"","background-repeat":"repeat","background-position":"center center","background-size":"auto","background-attachment":"scroll","background-type":"","background-media":"","overlay-type":"","overlay-color":"","overlay-opacity":"","overlay-gradient":""},"mobile":{"background-color":"","background-image":"","background-repeat":"repeat","background-position":"center center","background-size":"auto","background-attachment":"scroll","background-type":"","background-media":"","overlay-type":"","overlay-color":"","overlay-opacity":"","overlay-gradient":""}},"ast-content-background-meta":{"desktop":{"background-color":"var(--ast-global-color-5)","background-image":"","background-repeat":"repeat","background-position":"center center","background-size":"auto","background-attachment":"scroll","background-type":"","background-media":"","overlay-type":"","overlay-color":"","overlay-opacity":"","overlay-gradient":""},"tablet":{"background-color":"var(--ast-global-color-5)","background-image":"","background-repeat":"repeat","background-position":"center center","background-size":"auto","background-attachment":"scroll","background-type":"","background-media":"","overlay-type":"","overlay-color":"","overlay-opacity":"","overlay-gradient":""},"mobile":{"background-color":"var(--ast-global-color-5)","background-image":"","background-repeat":"repeat","background-position":"center center","background-size":"auto","background-attachment":"scroll","background-type":"","background-media":"","overlay-type":"","overlay-color":"","overlay-opacity":"","overlay-gradient":""}}},"product_brand":[],"product_cat":[34,40,39,21,30,31,25],"product_tag":[],"class_list":{"0":"post-490","1":"product","2":"type-product","3":"status-publish","4":"has-post-thumbnail","6":"product_cat-impression-2-faces","7":"product_cat-impression-directe","8":"product_cat-impression-idrecte-dtg","9":"product_cat-t-shirts","10":"product_cat-textile-homme","11":"product_cat-textile-femme","12":"product_cat-textiles","13":"desktop-align-center","14":"tablet-align-center","15":"mobile-align-center","16":"ast-product-gallery-layout-horizontal-slider","17":"ast-product-tabs-layout-horizontal","19":"first","20":"instock","21":"shipping-taxable","22":"purchasable","23":"product-type-simple"},"yoast_head":"<!-- This site is optimized with the Yoast SEO plugin v26.6 - https:\/\/yoast.com\/wordpress\/plugins\/seo\/ -->\n<title>Impression directe sur Polo 2 faces - Montpellier - Copy Beaux Arts \u2022 Photocopie Impression objets personnalis\u00e9s Montpellier<\/title>\n<meta name=\"robots\" content=\"index, follow, max-snippet:-1, max-image-preview:large, max-video-preview:-1\" \/>\n<link rel=\"canonical\" href=\"https:\/\/copybeauxarts.com\/shop\/produit\/polo-homme-blanc-personnalisable\/\" \/>\n<meta property=\"og:locale\" content=\"fr_FR\" \/>\n<meta property=\"og:type\" content=\"article\" \/>\n<meta property=\"og:title\" content=\"Impression directe sur Polo 2 faces - Montpellier - Copy Beaux Arts \u2022 Photocopie Impression objets personnalis\u00e9s Montpellier\" \/>\n<meta property=\"og:description\" content=\"Polo homme manches courtes\u00a0BCID1:  Grammage: 180 g\/m\u00b2.  Composition: 100% coton pr\u00e9-r\u00e9tr\u00e9ci.  Tailles:\u00a0XS* (45cm-67cm) \/\u00a0S\u00a0(49cm-69cm) \/\u00a0M\u00a0(52cm-72cm) \/\u00a0L\u00a0(56cm-72cm) \/\u00a0XL\u00a0(59cm-77cm) \/\u00a0XXL\u00a0(63cm-79cm) \/\u00a03XL\u00a0(66cm-82cm) \/\u00a04XL\u00a0(70cm-84cm).  Manches courtes.  Col c\u00f4te 1x1.  Plaquette renforc\u00e9e 2 boutons.  Coutures lat\u00e9rales.    Possibilit\u00e9\u00a0d&#039;envoi (\u00a0avec\u00a0frais\u00a0de\u00a0port\u00a0)\u00a0de\u00a01\u00a0\u00e0\u00a010\u00a0articles.   Au del\u00e0 de\u00a010\u00a0articles,\u00a0merci\u00a0de\u00a0nous\u00a0contacter\u00a0par\u00a0mail : cpba34@gmail.com  &nbsp;  &nbsp;\" \/>\n<meta property=\"og:url\" content=\"https:\/\/copybeauxarts.com\/shop\/produit\/polo-homme-blanc-personnalisable\/\" \/>\n<meta property=\"og:site_name\" content=\"Copy Beaux Arts \u2022 Photocopie Impression objets personnalis\u00e9s Montpellier\" \/>\n<meta property=\"article:modified_time\" content=\"2023-03-30T12:12:07+00:00\" \/>\n<meta property=\"og:image\" content=\"https:\/\/copybeauxarts.com\/shop\/wp-content\/uploads\/2018\/12\/POLO3-1.jpg\" \/>\n\t<meta property=\"og:image:width\" content=\"961\" \/>\n\t<meta property=\"og:image:height\" content=\"1000\" \/>\n\t<meta property=\"og:image:type\" content=\"image\/jpeg\" \/>\n<meta name=\"twitter:card\" content=\"summary_large_image\" \/>\n<meta name=\"twitter:label1\" content=\"Dur\u00e9e de lecture estim\u00e9e\" \/>\n\t<meta name=\"twitter:data1\" content=\"1 minute\" \/>\n<script type=\"application\/ld+json\" class=\"yoast-schema-graph\">{\"@context\":\"https:\/\/schema.org\",\"@graph\":[{\"@type\":\"WebPage\",\"@id\":\"https:\/\/copybeauxarts.com\/shop\/produit\/polo-homme-blanc-personnalisable\/\",\"url\":\"https:\/\/copybeauxarts.com\/shop\/produit\/polo-homme-blanc-personnalisable\/\",\"name\":\"Impression directe sur Polo 2 faces - Montpellier - Copy Beaux Arts \u2022 Photocopie Impression objets personnalis\u00e9s Montpellier\",\"isPartOf\":{\"@id\":\"https:\/\/copybeauxarts.com\/shop\/#website\"},\"primaryImageOfPage\":{\"@id\":\"https:\/\/copybeauxarts.com\/shop\/produit\/polo-homme-blanc-personnalisable\/#primaryimage\"},\"image\":{\"@id\":\"https:\/\/copybeauxarts.com\/shop\/produit\/polo-homme-blanc-personnalisable\/#primaryimage\"},\"thumbnailUrl\":\"https:\/\/copybeauxarts.com\/shop\/wp-content\/uploads\/2018\/12\/POLO3-1.jpg\",\"datePublished\":\"2018-12-19T19:48:26+00:00\",\"dateModified\":\"2023-03-30T12:12:07+00:00\",\"breadcrumb\":{\"@id\":\"https:\/\/copybeauxarts.com\/shop\/produit\/polo-homme-blanc-personnalisable\/#breadcrumb\"},\"inLanguage\":\"fr-FR\",\"potentialAction\":[{\"@type\":\"ReadAction\",\"target\":[\"https:\/\/copybeauxarts.com\/shop\/produit\/polo-homme-blanc-personnalisable\/\"]}]},{\"@type\":\"ImageObject\",\"inLanguage\":\"fr-FR\",\"@id\":\"https:\/\/copybeauxarts.com\/shop\/produit\/polo-homme-blanc-personnalisable\/#primaryimage\",\"url\":\"https:\/\/copybeauxarts.com\/shop\/wp-content\/uploads\/2018\/12\/POLO3-1.jpg\",\"contentUrl\":\"https:\/\/copybeauxarts.com\/shop\/wp-content\/uploads\/2018\/12\/POLO3-1.jpg\",\"width\":961,\"height\":1000},{\"@type\":\"BreadcrumbList\",\"@id\":\"https:\/\/copybeauxarts.com\/shop\/produit\/polo-homme-blanc-personnalisable\/#breadcrumb\",\"itemListElement\":[{\"@type\":\"ListItem\",\"position\":1,\"name\":\"Accueil\",\"item\":\"https:\/\/copybeauxarts.com\/shop\/\"},{\"@type\":\"ListItem\",\"position\":2,\"name\":\"Shop\",\"item\":\"https:\/\/copybeauxarts.com\/shop\/shop\/\"},{\"@type\":\"ListItem\",\"position\":3,\"name\":\"Impression directe sur Polo 2 faces\"}]},{\"@type\":\"WebSite\",\"@id\":\"https:\/\/copybeauxarts.com\/shop\/#website\",\"url\":\"https:\/\/copybeauxarts.com\/shop\/\",\"name\":\"Copy Beaux Arts \u2022 Photocopie Impression objets personnalis\u00e9s Montpellier\",\"description\":\"Impression tshirts mugs cadeaux et tous objets personnalis\u00e9s\",\"publisher\":{\"@id\":\"https:\/\/copybeauxarts.com\/shop\/#organization\"},\"potentialAction\":[{\"@type\":\"SearchAction\",\"target\":{\"@type\":\"EntryPoint\",\"urlTemplate\":\"https:\/\/copybeauxarts.com\/shop\/?s={search_term_string}\"},\"query-input\":{\"@type\":\"PropertyValueSpecification\",\"valueRequired\":true,\"valueName\":\"search_term_string\"}}],\"inLanguage\":\"fr-FR\"},{\"@type\":\"Organization\",\"@id\":\"https:\/\/copybeauxarts.com\/shop\/#organization\",\"name\":\"Copy Beaux Arts \u2022 Photocopie Impression objets personnalis\u00e9s Montpellier\",\"url\":\"https:\/\/copybeauxarts.com\/shop\/\",\"logo\":{\"@type\":\"ImageObject\",\"inLanguage\":\"fr-FR\",\"@id\":\"https:\/\/copybeauxarts.com\/shop\/#\/schema\/logo\/image\/\",\"url\":\"https:\/\/copybeauxarts.com\/shop\/wp-content\/uploads\/2025\/12\/logo-copy-beaux-arts-montpellier.png\",\"contentUrl\":\"https:\/\/copybeauxarts.com\/shop\/wp-content\/uploads\/2025\/12\/logo-copy-beaux-arts-montpellier.png\",\"width\":247,\"height\":133,\"caption\":\"Copy Beaux Arts \u2022 Photocopie Impression objets personnalis\u00e9s Montpellier\"},\"image\":{\"@id\":\"https:\/\/copybeauxarts.com\/shop\/#\/schema\/logo\/image\/\"}}]}<\/script>\n<!-- \/ Yoast SEO plugin. -->","yoast_head_json":{"title":"Impression directe sur Polo 2 faces - Montpellier - Copy Beaux Arts \u2022 Photocopie Impression objets personnalis\u00e9s Montpellier","robots":{"index":"index","follow":"follow","max-snippet":"max-snippet:-1","max-image-preview":"max-image-preview:large","max-video-preview":"max-video-preview:-1"},"canonical":"https:\/\/copybeauxarts.com\/shop\/produit\/polo-homme-blanc-personnalisable\/","og_locale":"fr_FR","og_type":"article","og_title":"Impression directe sur Polo 2 faces - Montpellier - Copy Beaux Arts \u2022 Photocopie Impression objets personnalis\u00e9s Montpellier","og_description":"Polo homme manches courtes\u00a0BCID1:  Grammage: 180 g\/m\u00b2.  Composition: 100% coton pr\u00e9-r\u00e9tr\u00e9ci.  Tailles:\u00a0XS* (45cm-67cm) \/\u00a0S\u00a0(49cm-69cm) \/\u00a0M\u00a0(52cm-72cm) \/\u00a0L\u00a0(56cm-72cm) \/\u00a0XL\u00a0(59cm-77cm) \/\u00a0XXL\u00a0(63cm-79cm) \/\u00a03XL\u00a0(66cm-82cm) \/\u00a04XL\u00a0(70cm-84cm).  Manches courtes.  Col c\u00f4te 1x1.  Plaquette renforc\u00e9e 2 boutons.  Coutures lat\u00e9rales.    Possibilit\u00e9\u00a0d'envoi (\u00a0avec\u00a0frais\u00a0de\u00a0port\u00a0)\u00a0de\u00a01\u00a0\u00e0\u00a010\u00a0articles.   Au del\u00e0 de\u00a010\u00a0articles,\u00a0merci\u00a0de\u00a0nous\u00a0contacter\u00a0par\u00a0mail : cpba34@gmail.com  &nbsp;  &nbsp;","og_url":"https:\/\/copybeauxarts.com\/shop\/produit\/polo-homme-blanc-personnalisable\/","og_site_name":"Copy Beaux Arts \u2022 Photocopie Impression objets personnalis\u00e9s Montpellier","article_modified_time":"2023-03-30T12:12:07+00:00","og_image":[{"width":961,"height":1000,"url":"https:\/\/copybeauxarts.com\/shop\/wp-content\/uploads\/2018\/12\/POLO3-1.jpg","type":"image\/jpeg"}],"twitter_card":"summary_large_image","twitter_misc":{"Dur\u00e9e de lecture estim\u00e9e":"1 minute"},"schema":{"@context":"https:\/\/schema.org","@graph":[{"@type":"WebPage","@id":"https:\/\/copybeauxarts.com\/shop\/produit\/polo-homme-blanc-personnalisable\/","url":"https:\/\/copybeauxarts.com\/shop\/produit\/polo-homme-blanc-personnalisable\/","name":"Impression directe sur Polo 2 faces - Montpellier - Copy Beaux Arts \u2022 Photocopie Impression objets personnalis\u00e9s Montpellier","isPartOf":{"@id":"https:\/\/copybeauxarts.com\/shop\/#website"},"primaryImageOfPage":{"@id":"https:\/\/copybeauxarts.com\/shop\/produit\/polo-homme-blanc-personnalisable\/#primaryimage"},"image":{"@id":"https:\/\/copybeauxarts.com\/shop\/produit\/polo-homme-blanc-personnalisable\/#primaryimage"},"thumbnailUrl":"https:\/\/copybeauxarts.com\/shop\/wp-content\/uploads\/2018\/12\/POLO3-1.jpg","datePublished":"2018-12-19T19:48:26+00:00","dateModified":"2023-03-30T12:12:07+00:00","breadcrumb":{"@id":"https:\/\/copybeauxarts.com\/shop\/produit\/polo-homme-blanc-personnalisable\/#breadcrumb"},"inLanguage":"fr-FR","potentialAction":[{"@type":"ReadAction","target":["https:\/\/copybeauxarts.com\/shop\/produit\/polo-homme-blanc-personnalisable\/"]}]},{"@type":"ImageObject","inLanguage":"fr-FR","@id":"https:\/\/copybeauxarts.com\/shop\/produit\/polo-homme-blanc-personnalisable\/#primaryimage","url":"https:\/\/copybeauxarts.com\/shop\/wp-content\/uploads\/2018\/12\/POLO3-1.jpg","contentUrl":"https:\/\/copybeauxarts.com\/shop\/wp-content\/uploads\/2018\/12\/POLO3-1.jpg","width":961,"height":1000},{"@type":"BreadcrumbList","@id":"https:\/\/copybeauxarts.com\/shop\/produit\/polo-homme-blanc-personnalisable\/#breadcrumb","itemListElement":[{"@type":"ListItem","position":1,"name":"Accueil","item":"https:\/\/copybeauxarts.com\/shop\/"},{"@type":"ListItem","position":2,"name":"Shop","item":"https:\/\/copybeauxarts.com\/shop\/shop\/"},{"@type":"ListItem","position":3,"name":"Impression directe sur Polo 2 faces"}]},{"@type":"WebSite","@id":"https:\/\/copybeauxarts.com\/shop\/#website","url":"https:\/\/copybeauxarts.com\/shop\/","name":"Copy Beaux Arts \u2022 Photocopie Impression objets personnalis\u00e9s Montpellier","description":"Impression tshirts mugs cadeaux et tous objets personnalis\u00e9s","publisher":{"@id":"https:\/\/copybeauxarts.com\/shop\/#organization"},"potentialAction":[{"@type":"SearchAction","target":{"@type":"EntryPoint","urlTemplate":"https:\/\/copybeauxarts.com\/shop\/?s={search_term_string}"},"query-input":{"@type":"PropertyValueSpecification","valueRequired":true,"valueName":"search_term_string"}}],"inLanguage":"fr-FR"},{"@type":"Organization","@id":"https:\/\/copybeauxarts.com\/shop\/#organization","name":"Copy Beaux Arts \u2022 Photocopie Impression objets personnalis\u00e9s Montpellier","url":"https:\/\/copybeauxarts.com\/shop\/","logo":{"@type":"ImageObject","inLanguage":"fr-FR","@id":"https:\/\/copybeauxarts.com\/shop\/#\/schema\/logo\/image\/","url":"https:\/\/copybeauxarts.com\/shop\/wp-content\/uploads\/2025\/12\/logo-copy-beaux-arts-montpellier.png","contentUrl":"https:\/\/copybeauxarts.com\/shop\/wp-content\/uploads\/2025\/12\/logo-copy-beaux-arts-montpellier.png","width":247,"height":133,"caption":"Copy Beaux Arts \u2022 Photocopie Impression objets personnalis\u00e9s Montpellier"},"image":{"@id":"https:\/\/copybeauxarts.com\/shop\/#\/schema\/logo\/image\/"}}]}},"_links":{"self":[{"href":"https:\/\/copybeauxarts.com\/shop\/wp-json\/wp\/v2\/product\/490","targetHints":{"allow":["GET"]}}],"collection":[{"href":"https:\/\/copybeauxarts.com\/shop\/wp-json\/wp\/v2\/product"}],"about":[{"href":"https:\/\/copybeauxarts.com\/shop\/wp-json\/wp\/v2\/types\/product"}],"wp:featuredmedia":[{"embeddable":true,"href":"https:\/\/copybeauxarts.com\/shop\/wp-json\/wp\/v2\/media\/958"}],"wp:attachment":[{"href":"https:\/\/copybeauxarts.com\/shop\/wp-json\/wp\/v2\/media?parent=490"}],"wp:term":[{"taxonomy":"product_brand","embeddable":true,"href":"https:\/\/copybeauxarts.com\/shop\/wp-json\/wp\/v2\/product_brand?post=490"},{"taxonomy":"product_cat","embeddable":true,"href":"https:\/\/copybeauxarts.com\/shop\/wp-json\/wp\/v2\/product_cat?post=490"},{"taxonomy":"product_tag","embeddable":true,"href":"https:\/\/copybeauxarts.com\/shop\/wp-json\/wp\/v2\/product_tag?post=490"}],"curies":[{"name":"wp","href":"https:\/\/api.w.org\/{rel}","templated":true}]}}