{"id":408,"date":"2018-12-07T20:57:27","date_gmt":"2018-12-07T19:57:27","guid":{"rendered":"https:\/\/copybeauxarts.com\/shop\/?post_type=product&#038;p=408"},"modified":"2022-02-01T15:53:08","modified_gmt":"2022-02-01T14:53:08","slug":"sac-cadeau-lin-ecru-avec-cordon","status":"publish","type":"product","link":"https:\/\/copybeauxarts.com\/shop\/produit\/sac-cadeau-lin-ecru-avec-cordon\/","title":{"rendered":"Sac cadeau lin \u00e9cru avec cordon"},"content":{"rendered":"","protected":false},"excerpt":{"rendered":"<p>Sac de rangement 40X50cm<br \/>\nCordon pour fermeture<\/p>\n<p>_<\/p>\n<p>D\u00e9lais de fabrication de 48H minimum \u00e0 r\u00e9ception du message de confirmation de faisabilit\u00e9.<\/p>\n<p>Prix TTC \u2013 Disponibilit\u00e9 selon Stock \u2013 Tarif pour 1 marquage<\/p>\n<p><span class=\"word menu-enabled\" style=\"font-style: italic;\">Possibilit\u00e9<\/span><i>\u00a0<\/i><span class=\"word menu-enabled\"><i>d&rsquo;envoi <\/i><\/span><i>(\u00a0<\/i><span class=\"word menu-enabled\" style=\"font-style: italic;\">avec<\/span><i>\u00a0<\/i><span class=\"word menu-enabled\" style=\"font-style: italic;\">frais<\/span><i>\u00a0<\/i><span class=\"word menu-enabled\" style=\"font-style: italic;\">de<\/span><i>\u00a0<\/i><span class=\"word menu-enabled\" style=\"font-style: italic;\">port<\/span><i>\u00a0)\u00a0<\/i><span class=\"word menu-enabled\" style=\"font-style: italic;\">de<\/span><i>\u00a01\u00a0<\/i><span class=\"word menu-enabled\" style=\"font-style: italic;\">\u00e0<\/span><i>\u00a010\u00a0<\/i><span class=\"word menu-enabled\" style=\"font-style: italic;\">articles<\/span><i>. <\/i><\/p>\n<p><i>Au del\u00e0 <\/i><span class=\"word menu-enabled\" style=\"font-style: italic;\">de<\/span><i>\u00a010\u00a0<\/i><span class=\"word menu-enabled\" style=\"font-style: italic;\">articles<\/span><i>,\u00a0<\/i><span class=\"word menu-enabled\" style=\"font-style: italic;\">merci<\/span><i>\u00a0<\/i><span class=\"word menu-enabled\" style=\"font-style: italic;\">de<\/span><i>\u00a0<\/i><span class=\"word menu-enabled\" style=\"font-style: italic;\">nous<\/span><i>\u00a0<\/i><span class=\"word menu-enabled\" style=\"font-style: italic;\">contacter<\/span><i>\u00a0<\/i><span class=\"word menu-enabled\" style=\"font-style: italic;\">par<\/span><i>\u00a0<\/i><span class=\"word menu-enabled\" style=\"font-style: italic;\">mail<\/span> <i>: cpba34@gmail.com<\/i><\/p>\n","protected":false},"featured_media":402,"template":"","meta":{"site-sidebar-layout":"default","site-content-layout":"default","ast-site-content-layout":"default","site-content-style":"default","site-sidebar-style":"default","ast-global-header-display":"","ast-banner-title-visibility":"","ast-main-header-display":"","ast-hfb-above-header-display":"","ast-hfb-below-header-display":"","ast-hfb-mobile-header-display":"","site-post-title":"","ast-breadcrumbs-content":"","ast-featured-img":"","footer-sml-layout":"","ast-disable-related-posts":"","theme-transparent-header-meta":"","adv-header-id-meta":"","stick-header-meta":"","header-above-stick-meta":"","header-main-stick-meta":"","header-below-stick-meta":"","astra-migrate-meta-layouts":"default","ast-page-background-enabled":"default","ast-page-background-meta":{"desktop":{"background-color":"var(--ast-global-color-4)","background-image":"","background-repeat":"repeat","background-position":"center center","background-size":"auto","background-attachment":"scroll","background-type":"","background-media":"","overlay-type":"","overlay-color":"","overlay-opacity":"","overlay-gradient":""},"tablet":{"background-color":"","background-image":"","background-repeat":"repeat","background-position":"center center","background-size":"auto","background-attachment":"scroll","background-type":"","background-media":"","overlay-type":"","overlay-color":"","overlay-opacity":"","overlay-gradient":""},"mobile":{"background-color":"","background-image":"","background-repeat":"repeat","background-position":"center center","background-size":"auto","background-attachment":"scroll","background-type":"","background-media":"","overlay-type":"","overlay-color":"","overlay-opacity":"","overlay-gradient":""}},"ast-content-background-meta":{"desktop":{"background-color":"var(--ast-global-color-5)","background-image":"","background-repeat":"repeat","background-position":"center center","background-size":"auto","background-attachment":"scroll","background-type":"","background-media":"","overlay-type":"","overlay-color":"","overlay-opacity":"","overlay-gradient":""},"tablet":{"background-color":"var(--ast-global-color-5)","background-image":"","background-repeat":"repeat","background-position":"center center","background-size":"auto","background-attachment":"scroll","background-type":"","background-media":"","overlay-type":"","overlay-color":"","overlay-opacity":"","overlay-gradient":""},"mobile":{"background-color":"var(--ast-global-color-5)","background-image":"","background-repeat":"repeat","background-position":"center center","background-size":"auto","background-attachment":"scroll","background-type":"","background-media":"","overlay-type":"","overlay-color":"","overlay-opacity":"","overlay-gradient":""}}},"product_brand":[],"product_cat":[26,38],"product_tag":[],"class_list":{"0":"post-408","1":"product","2":"type-product","3":"status-publish","4":"has-post-thumbnail","6":"product_cat-objets","7":"product_cat-sublimation","8":"desktop-align-center","9":"tablet-align-center","10":"mobile-align-center","11":"ast-product-gallery-layout-horizontal-slider","12":"ast-product-gallery-with-no-image","13":"ast-product-tabs-layout-horizontal","15":"first","16":"instock","17":"shipping-taxable","18":"purchasable","19":"product-type-simple"},"yoast_head":"<!-- This site is optimized with the Yoast SEO plugin v26.6 - https:\/\/yoast.com\/wordpress\/plugins\/seo\/ -->\n<title>Sac cadeau lin \u00e9cru avec cordon - Montpellier - Copy Beaux Arts \u2022 Photocopie Impression objets personnalis\u00e9s Montpellier<\/title>\n<meta name=\"robots\" content=\"index, follow, max-snippet:-1, max-image-preview:large, max-video-preview:-1\" \/>\n<link rel=\"canonical\" href=\"https:\/\/copybeauxarts.com\/shop\/produit\/sac-cadeau-lin-ecru-avec-cordon\/\" \/>\n<meta property=\"og:locale\" content=\"fr_FR\" \/>\n<meta property=\"og:type\" content=\"article\" \/>\n<meta property=\"og:title\" content=\"Sac cadeau lin \u00e9cru avec cordon - Montpellier - Copy Beaux Arts \u2022 Photocopie Impression objets personnalis\u00e9s Montpellier\" \/>\n<meta property=\"og:description\" content=\"Sac de rangement 40X50cm Cordon pour fermeture  _  D\u00e9lais de fabrication de 48H minimum \u00e0 r\u00e9ception du message de confirmation de faisabilit\u00e9.  Prix TTC \u2013 Disponibilit\u00e9 selon Stock \u2013 Tarif pour 1 marquage  Possibilit\u00e9\u00a0d&#039;envoi (\u00a0avec\u00a0frais\u00a0de\u00a0port\u00a0)\u00a0de\u00a01\u00a0\u00e0\u00a010\u00a0articles.   Au del\u00e0 de\u00a010\u00a0articles,\u00a0merci\u00a0de\u00a0nous\u00a0contacter\u00a0par\u00a0mail : cpba34@gmail.com\" \/>\n<meta property=\"og:url\" content=\"https:\/\/copybeauxarts.com\/shop\/produit\/sac-cadeau-lin-ecru-avec-cordon\/\" \/>\n<meta property=\"og:site_name\" content=\"Copy Beaux Arts \u2022 Photocopie Impression objets personnalis\u00e9s Montpellier\" \/>\n<meta property=\"article:modified_time\" content=\"2022-02-01T14:53:08+00:00\" \/>\n<meta property=\"og:image\" content=\"https:\/\/copybeauxarts.com\/shop\/wp-content\/uploads\/2018\/12\/sac-lin-ecru-a-personnaliser.jpg\" \/>\n\t<meta property=\"og:image:width\" content=\"964\" \/>\n\t<meta property=\"og:image:height\" content=\"964\" \/>\n\t<meta property=\"og:image:type\" content=\"image\/jpeg\" \/>\n<meta name=\"twitter:card\" content=\"summary_large_image\" \/>\n<script type=\"application\/ld+json\" class=\"yoast-schema-graph\">{\"@context\":\"https:\/\/schema.org\",\"@graph\":[{\"@type\":\"WebPage\",\"@id\":\"https:\/\/copybeauxarts.com\/shop\/produit\/sac-cadeau-lin-ecru-avec-cordon\/\",\"url\":\"https:\/\/copybeauxarts.com\/shop\/produit\/sac-cadeau-lin-ecru-avec-cordon\/\",\"name\":\"Sac cadeau lin \u00e9cru avec cordon - Montpellier - Copy Beaux Arts \u2022 Photocopie Impression objets personnalis\u00e9s Montpellier\",\"isPartOf\":{\"@id\":\"https:\/\/copybeauxarts.com\/shop\/#website\"},\"primaryImageOfPage\":{\"@id\":\"https:\/\/copybeauxarts.com\/shop\/produit\/sac-cadeau-lin-ecru-avec-cordon\/#primaryimage\"},\"image\":{\"@id\":\"https:\/\/copybeauxarts.com\/shop\/produit\/sac-cadeau-lin-ecru-avec-cordon\/#primaryimage\"},\"thumbnailUrl\":\"https:\/\/copybeauxarts.com\/shop\/wp-content\/uploads\/2018\/12\/sac-lin-ecru-a-personnaliser.jpg\",\"datePublished\":\"2018-12-07T19:57:27+00:00\",\"dateModified\":\"2022-02-01T14:53:08+00:00\",\"breadcrumb\":{\"@id\":\"https:\/\/copybeauxarts.com\/shop\/produit\/sac-cadeau-lin-ecru-avec-cordon\/#breadcrumb\"},\"inLanguage\":\"fr-FR\",\"potentialAction\":[{\"@type\":\"ReadAction\",\"target\":[\"https:\/\/copybeauxarts.com\/shop\/produit\/sac-cadeau-lin-ecru-avec-cordon\/\"]}]},{\"@type\":\"ImageObject\",\"inLanguage\":\"fr-FR\",\"@id\":\"https:\/\/copybeauxarts.com\/shop\/produit\/sac-cadeau-lin-ecru-avec-cordon\/#primaryimage\",\"url\":\"https:\/\/copybeauxarts.com\/shop\/wp-content\/uploads\/2018\/12\/sac-lin-ecru-a-personnaliser.jpg\",\"contentUrl\":\"https:\/\/copybeauxarts.com\/shop\/wp-content\/uploads\/2018\/12\/sac-lin-ecru-a-personnaliser.jpg\",\"width\":964,\"height\":964},{\"@type\":\"BreadcrumbList\",\"@id\":\"https:\/\/copybeauxarts.com\/shop\/produit\/sac-cadeau-lin-ecru-avec-cordon\/#breadcrumb\",\"itemListElement\":[{\"@type\":\"ListItem\",\"position\":1,\"name\":\"Accueil\",\"item\":\"https:\/\/copybeauxarts.com\/shop\/\"},{\"@type\":\"ListItem\",\"position\":2,\"name\":\"Shop\",\"item\":\"https:\/\/copybeauxarts.com\/shop\/shop\/\"},{\"@type\":\"ListItem\",\"position\":3,\"name\":\"Sac cadeau lin \u00e9cru avec cordon\"}]},{\"@type\":\"WebSite\",\"@id\":\"https:\/\/copybeauxarts.com\/shop\/#website\",\"url\":\"https:\/\/copybeauxarts.com\/shop\/\",\"name\":\"Copy Beaux Arts \u2022 Photocopie Impression objets personnalis\u00e9s Montpellier\",\"description\":\"Impression tshirts mugs cadeaux et tous objets personnalis\u00e9s\",\"publisher\":{\"@id\":\"https:\/\/copybeauxarts.com\/shop\/#organization\"},\"potentialAction\":[{\"@type\":\"SearchAction\",\"target\":{\"@type\":\"EntryPoint\",\"urlTemplate\":\"https:\/\/copybeauxarts.com\/shop\/?s={search_term_string}\"},\"query-input\":{\"@type\":\"PropertyValueSpecification\",\"valueRequired\":true,\"valueName\":\"search_term_string\"}}],\"inLanguage\":\"fr-FR\"},{\"@type\":\"Organization\",\"@id\":\"https:\/\/copybeauxarts.com\/shop\/#organization\",\"name\":\"Copy Beaux Arts \u2022 Photocopie Impression objets personnalis\u00e9s Montpellier\",\"url\":\"https:\/\/copybeauxarts.com\/shop\/\",\"logo\":{\"@type\":\"ImageObject\",\"inLanguage\":\"fr-FR\",\"@id\":\"https:\/\/copybeauxarts.com\/shop\/#\/schema\/logo\/image\/\",\"url\":\"https:\/\/copybeauxarts.com\/shop\/wp-content\/uploads\/2025\/12\/logo-copy-beaux-arts-montpellier.png\",\"contentUrl\":\"https:\/\/copybeauxarts.com\/shop\/wp-content\/uploads\/2025\/12\/logo-copy-beaux-arts-montpellier.png\",\"width\":247,\"height\":133,\"caption\":\"Copy Beaux Arts \u2022 Photocopie Impression objets personnalis\u00e9s Montpellier\"},\"image\":{\"@id\":\"https:\/\/copybeauxarts.com\/shop\/#\/schema\/logo\/image\/\"}}]}<\/script>\n<!-- \/ Yoast SEO plugin. -->","yoast_head_json":{"title":"Sac cadeau lin \u00e9cru avec cordon - Montpellier - Copy Beaux Arts \u2022 Photocopie Impression objets personnalis\u00e9s Montpellier","robots":{"index":"index","follow":"follow","max-snippet":"max-snippet:-1","max-image-preview":"max-image-preview:large","max-video-preview":"max-video-preview:-1"},"canonical":"https:\/\/copybeauxarts.com\/shop\/produit\/sac-cadeau-lin-ecru-avec-cordon\/","og_locale":"fr_FR","og_type":"article","og_title":"Sac cadeau lin \u00e9cru avec cordon - Montpellier - Copy Beaux Arts \u2022 Photocopie Impression objets personnalis\u00e9s Montpellier","og_description":"Sac de rangement 40X50cm Cordon pour fermeture  _  D\u00e9lais de fabrication de 48H minimum \u00e0 r\u00e9ception du message de confirmation de faisabilit\u00e9.  Prix TTC \u2013 Disponibilit\u00e9 selon Stock \u2013 Tarif pour 1 marquage  Possibilit\u00e9\u00a0d'envoi (\u00a0avec\u00a0frais\u00a0de\u00a0port\u00a0)\u00a0de\u00a01\u00a0\u00e0\u00a010\u00a0articles.   Au del\u00e0 de\u00a010\u00a0articles,\u00a0merci\u00a0de\u00a0nous\u00a0contacter\u00a0par\u00a0mail : cpba34@gmail.com","og_url":"https:\/\/copybeauxarts.com\/shop\/produit\/sac-cadeau-lin-ecru-avec-cordon\/","og_site_name":"Copy Beaux Arts \u2022 Photocopie Impression objets personnalis\u00e9s Montpellier","article_modified_time":"2022-02-01T14:53:08+00:00","og_image":[{"width":964,"height":964,"url":"https:\/\/copybeauxarts.com\/shop\/wp-content\/uploads\/2018\/12\/sac-lin-ecru-a-personnaliser.jpg","type":"image\/jpeg"}],"twitter_card":"summary_large_image","schema":{"@context":"https:\/\/schema.org","@graph":[{"@type":"WebPage","@id":"https:\/\/copybeauxarts.com\/shop\/produit\/sac-cadeau-lin-ecru-avec-cordon\/","url":"https:\/\/copybeauxarts.com\/shop\/produit\/sac-cadeau-lin-ecru-avec-cordon\/","name":"Sac cadeau lin \u00e9cru avec cordon - Montpellier - Copy Beaux Arts \u2022 Photocopie Impression objets personnalis\u00e9s Montpellier","isPartOf":{"@id":"https:\/\/copybeauxarts.com\/shop\/#website"},"primaryImageOfPage":{"@id":"https:\/\/copybeauxarts.com\/shop\/produit\/sac-cadeau-lin-ecru-avec-cordon\/#primaryimage"},"image":{"@id":"https:\/\/copybeauxarts.com\/shop\/produit\/sac-cadeau-lin-ecru-avec-cordon\/#primaryimage"},"thumbnailUrl":"https:\/\/copybeauxarts.com\/shop\/wp-content\/uploads\/2018\/12\/sac-lin-ecru-a-personnaliser.jpg","datePublished":"2018-12-07T19:57:27+00:00","dateModified":"2022-02-01T14:53:08+00:00","breadcrumb":{"@id":"https:\/\/copybeauxarts.com\/shop\/produit\/sac-cadeau-lin-ecru-avec-cordon\/#breadcrumb"},"inLanguage":"fr-FR","potentialAction":[{"@type":"ReadAction","target":["https:\/\/copybeauxarts.com\/shop\/produit\/sac-cadeau-lin-ecru-avec-cordon\/"]}]},{"@type":"ImageObject","inLanguage":"fr-FR","@id":"https:\/\/copybeauxarts.com\/shop\/produit\/sac-cadeau-lin-ecru-avec-cordon\/#primaryimage","url":"https:\/\/copybeauxarts.com\/shop\/wp-content\/uploads\/2018\/12\/sac-lin-ecru-a-personnaliser.jpg","contentUrl":"https:\/\/copybeauxarts.com\/shop\/wp-content\/uploads\/2018\/12\/sac-lin-ecru-a-personnaliser.jpg","width":964,"height":964},{"@type":"BreadcrumbList","@id":"https:\/\/copybeauxarts.com\/shop\/produit\/sac-cadeau-lin-ecru-avec-cordon\/#breadcrumb","itemListElement":[{"@type":"ListItem","position":1,"name":"Accueil","item":"https:\/\/copybeauxarts.com\/shop\/"},{"@type":"ListItem","position":2,"name":"Shop","item":"https:\/\/copybeauxarts.com\/shop\/shop\/"},{"@type":"ListItem","position":3,"name":"Sac cadeau lin \u00e9cru avec cordon"}]},{"@type":"WebSite","@id":"https:\/\/copybeauxarts.com\/shop\/#website","url":"https:\/\/copybeauxarts.com\/shop\/","name":"Copy Beaux Arts \u2022 Photocopie Impression objets personnalis\u00e9s Montpellier","description":"Impression tshirts mugs cadeaux et tous objets personnalis\u00e9s","publisher":{"@id":"https:\/\/copybeauxarts.com\/shop\/#organization"},"potentialAction":[{"@type":"SearchAction","target":{"@type":"EntryPoint","urlTemplate":"https:\/\/copybeauxarts.com\/shop\/?s={search_term_string}"},"query-input":{"@type":"PropertyValueSpecification","valueRequired":true,"valueName":"search_term_string"}}],"inLanguage":"fr-FR"},{"@type":"Organization","@id":"https:\/\/copybeauxarts.com\/shop\/#organization","name":"Copy Beaux Arts \u2022 Photocopie Impression objets personnalis\u00e9s Montpellier","url":"https:\/\/copybeauxarts.com\/shop\/","logo":{"@type":"ImageObject","inLanguage":"fr-FR","@id":"https:\/\/copybeauxarts.com\/shop\/#\/schema\/logo\/image\/","url":"https:\/\/copybeauxarts.com\/shop\/wp-content\/uploads\/2025\/12\/logo-copy-beaux-arts-montpellier.png","contentUrl":"https:\/\/copybeauxarts.com\/shop\/wp-content\/uploads\/2025\/12\/logo-copy-beaux-arts-montpellier.png","width":247,"height":133,"caption":"Copy Beaux Arts \u2022 Photocopie Impression objets personnalis\u00e9s Montpellier"},"image":{"@id":"https:\/\/copybeauxarts.com\/shop\/#\/schema\/logo\/image\/"}}]}},"_links":{"self":[{"href":"https:\/\/copybeauxarts.com\/shop\/wp-json\/wp\/v2\/product\/408","targetHints":{"allow":["GET"]}}],"collection":[{"href":"https:\/\/copybeauxarts.com\/shop\/wp-json\/wp\/v2\/product"}],"about":[{"href":"https:\/\/copybeauxarts.com\/shop\/wp-json\/wp\/v2\/types\/product"}],"wp:featuredmedia":[{"embeddable":true,"href":"https:\/\/copybeauxarts.com\/shop\/wp-json\/wp\/v2\/media\/402"}],"wp:attachment":[{"href":"https:\/\/copybeauxarts.com\/shop\/wp-json\/wp\/v2\/media?parent=408"}],"wp:term":[{"taxonomy":"product_brand","embeddable":true,"href":"https:\/\/copybeauxarts.com\/shop\/wp-json\/wp\/v2\/product_brand?post=408"},{"taxonomy":"product_cat","embeddable":true,"href":"https:\/\/copybeauxarts.com\/shop\/wp-json\/wp\/v2\/product_cat?post=408"},{"taxonomy":"product_tag","embeddable":true,"href":"https:\/\/copybeauxarts.com\/shop\/wp-json\/wp\/v2\/product_tag?post=408"}],"curies":[{"name":"wp","href":"https:\/\/api.w.org\/{rel}","templated":true}]}}