{"id":3099,"date":"2025-07-02T14:10:07","date_gmt":"2025-07-02T12:10:07","guid":{"rendered":"https:\/\/copybeauxarts.com\/shop\/?post_type=product&#038;p=3099"},"modified":"2025-07-08T17:57:49","modified_gmt":"2025-07-08T15:57:49","slug":"plateau-tournant","status":"publish","type":"product","link":"https:\/\/copybeauxarts.com\/shop\/produit\/plateau-tournant\/","title":{"rendered":"Plateau tournant"},"content":{"rendered":"<p>Offrez-vous ou vos proches une touche d\u2019\u00e9l\u00e9gance avec ce magnifique plateau en bois de bambou. Parfait pour sublimer trousseau, il s\u2019adapte aussi bien \u00e0 un usage personnel qu\u2019\u00e0 des occasions sp\u00e9ciales.<\/p>\n<h3><strong>Une id\u00e9e cadeau unique et polyvalente<\/strong><\/h3>\n<ul>\n<li><strong>Pour les mariages :<\/strong> Une id\u00e9e inoubliable pour les mari\u00e9s : personnalisez la plaque avec leurs pr\u00e9noms et la date du grand jour.<\/li>\n<\/ul>\n<h3><strong>Caract\u00e9ristiques du plateau\/strong><\/h3>\n<ul>\n<li><strong>Dimensions :<\/strong>35cm<\/li>\n<li><strong>Mat\u00e9riau :<\/strong> Bois de bambou naturel<\/li>\n<h3><strong>Recommandations techniques pour la gravure<\/strong><\/h3>\n<ul>\n<li><strong>Format requis :<\/strong> Fichier \u00e9lectronique au format SVG ou AI en noir (texte vectoris\u00e9).<\/li>\n<li><strong>Restrictions :<\/strong> Nous ne pouvons pas graver\/couper des photos ou des d\u00e9tails trop petits ou fins.<\/li>\n<\/ul>\n<h3><strong>Frais de pr\u00e9paration des fichiers<\/strong><\/h3>\n<ul>\n<li>Si vous n&rsquo;\u00eates pas en mesure de nous fournir un fichier SVG, ou AI (peut \u00eatre un peu trop technique) nous proposons de convertir votre fichier JPEG, GIF, PNG ou PDF : avec un suppl\u00e9ment de <strong>3 \u20ac<\/strong> pour la conversion\u00a0 en SVG monochrome.<\/li>\n<li>De m\u00eame si vous n&rsquo;avez pas le fichier mais uniquement votre cr\u00e9ation sur un document papier : un suppl\u00e9ment de <strong>2 \u20ac<\/strong> sera propos\u00e9 pour le scan et le traitement num\u00e9rique.<\/li>\n<\/ul>\n<h3><strong>Un produit unique<\/strong><\/h3>\n<p>Chaque porte-cl\u00e9s est fabriqu\u00e9e \u00e0 partir de bois naturel, rendant chaque pi\u00e8ce l\u00e9g\u00e8rement diff\u00e9rente en texture et en couleur. Cela ajoute un caract\u00e8re unique \u00e0 chaque commande.<\/p>\n<p><strong>Pr\u00eat \u00e0 commander ?<\/strong> Fournissez-nous votre fichier au format SVG ou AI pour commencer.<br \/>\nFaites de ce plateau grav\u00e9e un cadeau inoubliable ou un outil professionnel \u00e9l\u00e9gant !<\/p>\n","protected":false},"excerpt":{"rendered":"<p>Offrez-vous ou vos proches une touche d\u2019\u00e9l\u00e9gance avec ce magnifique plateau en bois de bambou. Parfait pour sublimer trousseau, il s\u2019adapte aussi bien \u00e0 un usage personnel qu\u2019\u00e0 des occasions sp\u00e9ciales.<\/p>\n<h3><strong>Une id\u00e9e cadeau unique et polyvalente<\/strong><\/h3>\n<ul>\n<li><strong>Pour les mariages :<\/strong> Une id\u00e9e inoubliable pour les mari\u00e9s : personnalisez la plaque avec leurs pr\u00e9noms et la date du grand jour.<\/li>\n<\/ul>\n<h3><strong>Caract\u00e9ristiques du plateau\/strong><\/h3>\n<ul>\n<li><strong>Dimensions :<\/strong>35cm<\/li>\n<li><strong>Mat\u00e9riau :<\/strong> Bois de bambou naturel<\/li>\n<h3><strong>Recommandations techniques pour la gravure<\/strong><\/h3>\n<ul>\n<li><strong>Format requis :<\/strong> Fichier \u00e9lectronique au format SVG ou AI en noir (texte vectoris\u00e9).<\/li>\n<li><strong>Restrictions :<\/strong> Nous ne pouvons pas graver\/couper des photos ou des d\u00e9tails trop petits ou fins.<\/li>\n<\/ul>\n<h3><strong>Frais de pr\u00e9paration des fichiers<\/strong><\/h3>\n<ul>\n<li>Si vous n&rsquo;\u00eates pas en mesure de nous fournir un fichier SVG, ou AI (peut \u00eatre un peu trop technique) nous proposons de convertir votre fichier JPEG, GIF, PNG ou PDF : avec un suppl\u00e9ment de <strong>3 \u20ac<\/strong> pour la conversion\u00a0 en SVG monochrome.<\/li>\n<li>De m\u00eame si vous n&rsquo;avez pas le fichier mais uniquement votre cr\u00e9ation sur un document papier : un suppl\u00e9ment de <strong>2 \u20ac<\/strong> sera propos\u00e9 pour le scan et le traitement num\u00e9rique.<\/li>\n<\/ul>\n<h3><strong>Un produit unique<\/strong><\/h3>\n<p>Chaque porte-cl\u00e9s est fabriqu\u00e9e \u00e0 partir de bois naturel, rendant chaque pi\u00e8ce l\u00e9g\u00e8rement diff\u00e9rente en texture et en couleur. Cela ajoute un caract\u00e8re unique \u00e0 chaque commande.<\/p>\n<p><strong>Pr\u00eat \u00e0 commander ?<\/strong> Fournissez-nous votre fichier au format SVG ou AI pour commencer.<br \/>\nFaites de ce plateau grav\u00e9e un cadeau inoubliable ou un outil professionnel \u00e9l\u00e9gant !<\/p>\n","protected":false},"featured_media":3196,"template":"","meta":{"site-sidebar-layout":"default","site-content-layout":"default","ast-site-content-layout":"default","site-content-style":"default","site-sidebar-style":"default","ast-global-header-display":"","ast-banner-title-visibility":"","ast-main-header-display":"","ast-hfb-above-header-display":"","ast-hfb-below-header-display":"","ast-hfb-mobile-header-display":"","site-post-title":"","ast-breadcrumbs-content":"","ast-featured-img":"","footer-sml-layout":"","ast-disable-related-posts":"","theme-transparent-header-meta":"default","adv-header-id-meta":"","stick-header-meta":"default","header-above-stick-meta":"","header-main-stick-meta":"","header-below-stick-meta":"","astra-migrate-meta-layouts":"set","ast-page-background-enabled":"default","ast-page-background-meta":{"desktop":{"background-color":"var(--ast-global-color-4)","background-image":"","background-repeat":"repeat","background-position":"center center","background-size":"auto","background-attachment":"scroll","background-type":"","background-media":"","overlay-type":"","overlay-color":"","overlay-opacity":"","overlay-gradient":""},"tablet":{"background-color":"","background-image":"","background-repeat":"repeat","background-position":"center center","background-size":"auto","background-attachment":"scroll","background-type":"","background-media":"","overlay-type":"","overlay-color":"","overlay-opacity":"","overlay-gradient":""},"mobile":{"background-color":"","background-image":"","background-repeat":"repeat","background-position":"center center","background-size":"auto","background-attachment":"scroll","background-type":"","background-media":"","overlay-type":"","overlay-color":"","overlay-opacity":"","overlay-gradient":""}},"ast-content-background-meta":{"desktop":{"background-color":"var(--ast-global-color-5)","background-image":"","background-repeat":"repeat","background-position":"center center","background-size":"auto","background-attachment":"scroll","background-type":"","background-media":"","overlay-type":"","overlay-color":"","overlay-opacity":"","overlay-gradient":""},"tablet":{"background-color":"var(--ast-global-color-5)","background-image":"","background-repeat":"repeat","background-position":"center center","background-size":"auto","background-attachment":"scroll","background-type":"","background-media":"","overlay-type":"","overlay-color":"","overlay-opacity":"","overlay-gradient":""},"mobile":{"background-color":"var(--ast-global-color-5)","background-image":"","background-repeat":"repeat","background-position":"center center","background-size":"auto","background-attachment":"scroll","background-type":"","background-media":"","overlay-type":"","overlay-color":"","overlay-opacity":"","overlay-gradient":""}}},"product_brand":[],"product_cat":[80,26],"product_tag":[],"class_list":{"0":"post-3099","1":"product","2":"type-product","3":"status-publish","4":"has-post-thumbnail","6":"product_cat-gravure","7":"product_cat-objets","8":"desktop-align-center","9":"tablet-align-center","10":"mobile-align-center","11":"ast-product-gallery-layout-horizontal-slider","12":"ast-product-gallery-with-no-image","13":"ast-product-tabs-layout-horizontal","15":"first","16":"instock","17":"shipping-taxable","18":"purchasable","19":"product-type-simple"},"yoast_head":"<!-- This site is optimized with the Yoast SEO plugin v26.6 - https:\/\/yoast.com\/wordpress\/plugins\/seo\/ -->\n<title>Plateau tournant - Montpellier - Copy Beaux Arts \u2022 Photocopie Impression objets personnalis\u00e9s Montpellier<\/title>\n<meta name=\"robots\" content=\"index, follow, max-snippet:-1, max-image-preview:large, max-video-preview:-1\" \/>\n<link rel=\"canonical\" href=\"https:\/\/copybeauxarts.com\/shop\/produit\/plateau-tournant\/\" \/>\n<meta property=\"og:locale\" content=\"fr_FR\" \/>\n<meta property=\"og:type\" content=\"article\" \/>\n<meta property=\"og:title\" content=\"Plateau tournant - Montpellier - Copy Beaux Arts \u2022 Photocopie Impression objets personnalis\u00e9s Montpellier\" \/>\n<meta property=\"og:description\" content=\"Offrez-vous ou vos proches une touche d\u2019\u00e9l\u00e9gance avec ce magnifique plateau en bois de bambou. Parfait pour sublimer trousseau, il s\u2019adapte aussi bien \u00e0 un usage personnel qu\u2019\u00e0 des occasions sp\u00e9ciales. Une id\u00e9e cadeau unique et polyvalente   Pour les mariages : Une id\u00e9e inoubliable pour les mari\u00e9s : personnalisez la plaque avec leurs pr\u00e9noms et la date du grand jour.  Caract\u00e9ristiques du plateau\/strong&gt;   Dimensions :35cm  Mat\u00e9riau : Bois de bambou naturel   Recommandations techniques pour la gravure   Format requis : Fichier \u00e9lectronique au format SVG ou AI en noir (texte vectoris\u00e9).  Restrictions : Nous ne pouvons pas graver\/couper des photos ou des d\u00e9tails trop petits ou fins.  Frais de pr\u00e9paration des fichiers   Si vous n&#039;\u00eates pas en mesure de nous fournir un fichier SVG, ou AI (peut \u00eatre un peu trop technique) nous proposons de convertir votre fichier JPEG, GIF, PNG ou PDF : avec un suppl\u00e9ment de 3 \u20ac pour la conversion\u00a0 en SVG monochrome.  De m\u00eame si vous n&#039;avez pas le fichier mais uniquement votre cr\u00e9ation sur un document papier : un suppl\u00e9ment de 2 \u20ac sera propos\u00e9 pour le scan et le traitement num\u00e9rique.  Un produit unique Chaque porte-cl\u00e9s est fabriqu\u00e9e \u00e0 partir de bois naturel, rendant chaque pi\u00e8ce l\u00e9g\u00e8rement diff\u00e9rente en texture et en couleur. Cela ajoute un caract\u00e8re unique \u00e0 chaque commande.  Pr\u00eat \u00e0 commander ? Fournissez-nous votre fichier au format SVG ou AI pour commencer. Faites de ce plateau grav\u00e9e un cadeau inoubliable ou un outil professionnel \u00e9l\u00e9gant !\" \/>\n<meta property=\"og:url\" content=\"https:\/\/copybeauxarts.com\/shop\/produit\/plateau-tournant\/\" \/>\n<meta property=\"og:site_name\" content=\"Copy Beaux Arts \u2022 Photocopie Impression objets personnalis\u00e9s Montpellier\" \/>\n<meta property=\"article:modified_time\" content=\"2025-07-08T15:57:49+00:00\" \/>\n<meta property=\"og:image\" content=\"https:\/\/copybeauxarts.com\/shop\/wp-content\/uploads\/2024\/11\/plateau.jpg\" \/>\n\t<meta property=\"og:image:width\" content=\"600\" \/>\n\t<meta property=\"og:image:height\" content=\"600\" \/>\n\t<meta property=\"og:image:type\" content=\"image\/jpeg\" \/>\n<meta name=\"twitter:card\" content=\"summary_large_image\" \/>\n<meta name=\"twitter:label1\" content=\"Dur\u00e9e de lecture estim\u00e9e\" \/>\n\t<meta name=\"twitter:data1\" content=\"2 minutes\" \/>\n<script type=\"application\/ld+json\" class=\"yoast-schema-graph\">{\"@context\":\"https:\/\/schema.org\",\"@graph\":[{\"@type\":\"WebPage\",\"@id\":\"https:\/\/copybeauxarts.com\/shop\/produit\/plateau-tournant\/\",\"url\":\"https:\/\/copybeauxarts.com\/shop\/produit\/plateau-tournant\/\",\"name\":\"Plateau tournant - Montpellier - Copy Beaux Arts \u2022 Photocopie Impression objets personnalis\u00e9s Montpellier\",\"isPartOf\":{\"@id\":\"https:\/\/copybeauxarts.com\/shop\/#website\"},\"primaryImageOfPage\":{\"@id\":\"https:\/\/copybeauxarts.com\/shop\/produit\/plateau-tournant\/#primaryimage\"},\"image\":{\"@id\":\"https:\/\/copybeauxarts.com\/shop\/produit\/plateau-tournant\/#primaryimage\"},\"thumbnailUrl\":\"https:\/\/copybeauxarts.com\/shop\/wp-content\/uploads\/2024\/11\/plateau.jpg\",\"datePublished\":\"2025-07-02T12:10:07+00:00\",\"dateModified\":\"2025-07-08T15:57:49+00:00\",\"breadcrumb\":{\"@id\":\"https:\/\/copybeauxarts.com\/shop\/produit\/plateau-tournant\/#breadcrumb\"},\"inLanguage\":\"fr-FR\",\"potentialAction\":[{\"@type\":\"ReadAction\",\"target\":[\"https:\/\/copybeauxarts.com\/shop\/produit\/plateau-tournant\/\"]}]},{\"@type\":\"ImageObject\",\"inLanguage\":\"fr-FR\",\"@id\":\"https:\/\/copybeauxarts.com\/shop\/produit\/plateau-tournant\/#primaryimage\",\"url\":\"https:\/\/copybeauxarts.com\/shop\/wp-content\/uploads\/2024\/11\/plateau.jpg\",\"contentUrl\":\"https:\/\/copybeauxarts.com\/shop\/wp-content\/uploads\/2024\/11\/plateau.jpg\",\"width\":600,\"height\":600},{\"@type\":\"BreadcrumbList\",\"@id\":\"https:\/\/copybeauxarts.com\/shop\/produit\/plateau-tournant\/#breadcrumb\",\"itemListElement\":[{\"@type\":\"ListItem\",\"position\":1,\"name\":\"Accueil\",\"item\":\"https:\/\/copybeauxarts.com\/shop\/\"},{\"@type\":\"ListItem\",\"position\":2,\"name\":\"Shop\",\"item\":\"https:\/\/copybeauxarts.com\/shop\/shop\/\"},{\"@type\":\"ListItem\",\"position\":3,\"name\":\"Plateau tournant\"}]},{\"@type\":\"WebSite\",\"@id\":\"https:\/\/copybeauxarts.com\/shop\/#website\",\"url\":\"https:\/\/copybeauxarts.com\/shop\/\",\"name\":\"Copy Beaux Arts \u2022 Photocopie Impression objets personnalis\u00e9s Montpellier\",\"description\":\"Impression tshirts mugs cadeaux et tous objets personnalis\u00e9s\",\"publisher\":{\"@id\":\"https:\/\/copybeauxarts.com\/shop\/#organization\"},\"potentialAction\":[{\"@type\":\"SearchAction\",\"target\":{\"@type\":\"EntryPoint\",\"urlTemplate\":\"https:\/\/copybeauxarts.com\/shop\/?s={search_term_string}\"},\"query-input\":{\"@type\":\"PropertyValueSpecification\",\"valueRequired\":true,\"valueName\":\"search_term_string\"}}],\"inLanguage\":\"fr-FR\"},{\"@type\":\"Organization\",\"@id\":\"https:\/\/copybeauxarts.com\/shop\/#organization\",\"name\":\"Copy Beaux Arts \u2022 Photocopie Impression objets personnalis\u00e9s Montpellier\",\"url\":\"https:\/\/copybeauxarts.com\/shop\/\",\"logo\":{\"@type\":\"ImageObject\",\"inLanguage\":\"fr-FR\",\"@id\":\"https:\/\/copybeauxarts.com\/shop\/#\/schema\/logo\/image\/\",\"url\":\"https:\/\/copybeauxarts.com\/shop\/wp-content\/uploads\/2025\/12\/logo-copy-beaux-arts-montpellier.png\",\"contentUrl\":\"https:\/\/copybeauxarts.com\/shop\/wp-content\/uploads\/2025\/12\/logo-copy-beaux-arts-montpellier.png\",\"width\":247,\"height\":133,\"caption\":\"Copy Beaux Arts \u2022 Photocopie Impression objets personnalis\u00e9s Montpellier\"},\"image\":{\"@id\":\"https:\/\/copybeauxarts.com\/shop\/#\/schema\/logo\/image\/\"}}]}<\/script>\n<!-- \/ Yoast SEO plugin. -->","yoast_head_json":{"title":"Plateau tournant - Montpellier - Copy Beaux Arts \u2022 Photocopie Impression objets personnalis\u00e9s Montpellier","robots":{"index":"index","follow":"follow","max-snippet":"max-snippet:-1","max-image-preview":"max-image-preview:large","max-video-preview":"max-video-preview:-1"},"canonical":"https:\/\/copybeauxarts.com\/shop\/produit\/plateau-tournant\/","og_locale":"fr_FR","og_type":"article","og_title":"Plateau tournant - Montpellier - Copy Beaux Arts \u2022 Photocopie Impression objets personnalis\u00e9s Montpellier","og_description":"Offrez-vous ou vos proches une touche d\u2019\u00e9l\u00e9gance avec ce magnifique plateau en bois de bambou. Parfait pour sublimer trousseau, il s\u2019adapte aussi bien \u00e0 un usage personnel qu\u2019\u00e0 des occasions sp\u00e9ciales. Une id\u00e9e cadeau unique et polyvalente   Pour les mariages : Une id\u00e9e inoubliable pour les mari\u00e9s : personnalisez la plaque avec leurs pr\u00e9noms et la date du grand jour.  Caract\u00e9ristiques du plateau\/strong>   Dimensions :35cm  Mat\u00e9riau : Bois de bambou naturel   Recommandations techniques pour la gravure   Format requis : Fichier \u00e9lectronique au format SVG ou AI en noir (texte vectoris\u00e9).  Restrictions : Nous ne pouvons pas graver\/couper des photos ou des d\u00e9tails trop petits ou fins.  Frais de pr\u00e9paration des fichiers   Si vous n'\u00eates pas en mesure de nous fournir un fichier SVG, ou AI (peut \u00eatre un peu trop technique) nous proposons de convertir votre fichier JPEG, GIF, PNG ou PDF : avec un suppl\u00e9ment de 3 \u20ac pour la conversion\u00a0 en SVG monochrome.  De m\u00eame si vous n'avez pas le fichier mais uniquement votre cr\u00e9ation sur un document papier : un suppl\u00e9ment de 2 \u20ac sera propos\u00e9 pour le scan et le traitement num\u00e9rique.  Un produit unique Chaque porte-cl\u00e9s est fabriqu\u00e9e \u00e0 partir de bois naturel, rendant chaque pi\u00e8ce l\u00e9g\u00e8rement diff\u00e9rente en texture et en couleur. Cela ajoute un caract\u00e8re unique \u00e0 chaque commande.  Pr\u00eat \u00e0 commander ? Fournissez-nous votre fichier au format SVG ou AI pour commencer. Faites de ce plateau grav\u00e9e un cadeau inoubliable ou un outil professionnel \u00e9l\u00e9gant !","og_url":"https:\/\/copybeauxarts.com\/shop\/produit\/plateau-tournant\/","og_site_name":"Copy Beaux Arts \u2022 Photocopie Impression objets personnalis\u00e9s Montpellier","article_modified_time":"2025-07-08T15:57:49+00:00","og_image":[{"width":600,"height":600,"url":"https:\/\/copybeauxarts.com\/shop\/wp-content\/uploads\/2024\/11\/plateau.jpg","type":"image\/jpeg"}],"twitter_card":"summary_large_image","twitter_misc":{"Dur\u00e9e de lecture estim\u00e9e":"2 minutes"},"schema":{"@context":"https:\/\/schema.org","@graph":[{"@type":"WebPage","@id":"https:\/\/copybeauxarts.com\/shop\/produit\/plateau-tournant\/","url":"https:\/\/copybeauxarts.com\/shop\/produit\/plateau-tournant\/","name":"Plateau tournant - Montpellier - Copy Beaux Arts \u2022 Photocopie Impression objets personnalis\u00e9s Montpellier","isPartOf":{"@id":"https:\/\/copybeauxarts.com\/shop\/#website"},"primaryImageOfPage":{"@id":"https:\/\/copybeauxarts.com\/shop\/produit\/plateau-tournant\/#primaryimage"},"image":{"@id":"https:\/\/copybeauxarts.com\/shop\/produit\/plateau-tournant\/#primaryimage"},"thumbnailUrl":"https:\/\/copybeauxarts.com\/shop\/wp-content\/uploads\/2024\/11\/plateau.jpg","datePublished":"2025-07-02T12:10:07+00:00","dateModified":"2025-07-08T15:57:49+00:00","breadcrumb":{"@id":"https:\/\/copybeauxarts.com\/shop\/produit\/plateau-tournant\/#breadcrumb"},"inLanguage":"fr-FR","potentialAction":[{"@type":"ReadAction","target":["https:\/\/copybeauxarts.com\/shop\/produit\/plateau-tournant\/"]}]},{"@type":"ImageObject","inLanguage":"fr-FR","@id":"https:\/\/copybeauxarts.com\/shop\/produit\/plateau-tournant\/#primaryimage","url":"https:\/\/copybeauxarts.com\/shop\/wp-content\/uploads\/2024\/11\/plateau.jpg","contentUrl":"https:\/\/copybeauxarts.com\/shop\/wp-content\/uploads\/2024\/11\/plateau.jpg","width":600,"height":600},{"@type":"BreadcrumbList","@id":"https:\/\/copybeauxarts.com\/shop\/produit\/plateau-tournant\/#breadcrumb","itemListElement":[{"@type":"ListItem","position":1,"name":"Accueil","item":"https:\/\/copybeauxarts.com\/shop\/"},{"@type":"ListItem","position":2,"name":"Shop","item":"https:\/\/copybeauxarts.com\/shop\/shop\/"},{"@type":"ListItem","position":3,"name":"Plateau tournant"}]},{"@type":"WebSite","@id":"https:\/\/copybeauxarts.com\/shop\/#website","url":"https:\/\/copybeauxarts.com\/shop\/","name":"Copy Beaux Arts \u2022 Photocopie Impression objets personnalis\u00e9s Montpellier","description":"Impression tshirts mugs cadeaux et tous objets personnalis\u00e9s","publisher":{"@id":"https:\/\/copybeauxarts.com\/shop\/#organization"},"potentialAction":[{"@type":"SearchAction","target":{"@type":"EntryPoint","urlTemplate":"https:\/\/copybeauxarts.com\/shop\/?s={search_term_string}"},"query-input":{"@type":"PropertyValueSpecification","valueRequired":true,"valueName":"search_term_string"}}],"inLanguage":"fr-FR"},{"@type":"Organization","@id":"https:\/\/copybeauxarts.com\/shop\/#organization","name":"Copy Beaux Arts \u2022 Photocopie Impression objets personnalis\u00e9s Montpellier","url":"https:\/\/copybeauxarts.com\/shop\/","logo":{"@type":"ImageObject","inLanguage":"fr-FR","@id":"https:\/\/copybeauxarts.com\/shop\/#\/schema\/logo\/image\/","url":"https:\/\/copybeauxarts.com\/shop\/wp-content\/uploads\/2025\/12\/logo-copy-beaux-arts-montpellier.png","contentUrl":"https:\/\/copybeauxarts.com\/shop\/wp-content\/uploads\/2025\/12\/logo-copy-beaux-arts-montpellier.png","width":247,"height":133,"caption":"Copy Beaux Arts \u2022 Photocopie Impression objets personnalis\u00e9s Montpellier"},"image":{"@id":"https:\/\/copybeauxarts.com\/shop\/#\/schema\/logo\/image\/"}}]}},"_links":{"self":[{"href":"https:\/\/copybeauxarts.com\/shop\/wp-json\/wp\/v2\/product\/3099","targetHints":{"allow":["GET"]}}],"collection":[{"href":"https:\/\/copybeauxarts.com\/shop\/wp-json\/wp\/v2\/product"}],"about":[{"href":"https:\/\/copybeauxarts.com\/shop\/wp-json\/wp\/v2\/types\/product"}],"wp:featuredmedia":[{"embeddable":true,"href":"https:\/\/copybeauxarts.com\/shop\/wp-json\/wp\/v2\/media\/3196"}],"wp:attachment":[{"href":"https:\/\/copybeauxarts.com\/shop\/wp-json\/wp\/v2\/media?parent=3099"}],"wp:term":[{"taxonomy":"product_brand","embeddable":true,"href":"https:\/\/copybeauxarts.com\/shop\/wp-json\/wp\/v2\/product_brand?post=3099"},{"taxonomy":"product_cat","embeddable":true,"href":"https:\/\/copybeauxarts.com\/shop\/wp-json\/wp\/v2\/product_cat?post=3099"},{"taxonomy":"product_tag","embeddable":true,"href":"https:\/\/copybeauxarts.com\/shop\/wp-json\/wp\/v2\/product_tag?post=3099"}],"curies":[{"name":"wp","href":"https:\/\/api.w.org\/{rel}","templated":true}]}}