{"id":3040,"date":"2025-07-03T17:06:17","date_gmt":"2025-07-03T15:06:17","guid":{"rendered":"https:\/\/copybeauxarts.com\/shop\/?post_type=product&#038;p=3040"},"modified":"2025-11-24T15:48:48","modified_gmt":"2025-11-24T14:48:48","slug":"planche-a-decouper","status":"publish","type":"product","link":"https:\/\/copybeauxarts.com\/shop\/produit\/planche-a-decouper\/","title":{"rendered":"Planche \u00e0 d\u00e9couper"},"content":{"rendered":"<p>Offrez-vous ou vos proches une touche d\u2019\u00e9l\u00e9gance avec cette magnifique planche \u00e0 d\u00e9couper en bois de bambou. Parfaite pour sublimer vos pr\u00e9sentations de plateaux ap\u00e9ritifs, elle s\u2019adapte aussi bien \u00e0 un usage personnel qu\u2019\u00e0 des occasions sp\u00e9ciales.<\/p>\n<h3><strong>Une id\u00e9e cadeau unique et polyvalente<\/strong><\/h3>\n<ul>\n<li><strong>Pour les professionnels :<\/strong> Les restaurants adorent utiliser ces planches comme support de pr\u00e9sentation chic. Faites graver votre logo pour un rendu professionnel et raffin\u00e9.<\/li>\n<li><strong>Pour les mariages :<\/strong> Une id\u00e9e inoubliable pour les mari\u00e9s : personnalisez la planche avec leurs pr\u00e9noms et la date du grand jour.<\/li>\n<li><strong>Pour des cadeaux personnalis\u00e9s :<\/strong> Ravissez vos proches avec des messages grav\u00e9s tels que <em>\u00ab Tu es mon chef pr\u00e9f\u00e9r\u00e9 \u00bb<\/em>, <em>\u00ab Maman toujours au fourneau \u00bb<\/em>, ou encore <em>\u00ab Ici, c\u2019est toujours gourmand \u00bb<\/em>.<\/li>\n<\/ul>\n<h3><strong>Caract\u00e9ristiques de la planche<\/strong><\/h3>\n<ul>\n<li><strong>Dimensions :<\/strong>  46.5X21.5X1CM<\/li>\n<li><strong>Mat\u00e9riau :<\/strong> Bois de bambou naturel<\/li>\n<li><strong>Entretien :<\/strong> Nettoyez avec une \u00e9ponge humide. Ne pas appliquer d&rsquo;huile, car celle-ci peut devenir rance avec le temps et favoriser les bact\u00e9ries.<\/li>\n<\/ul>\n<h3><strong>Recommandations techniques pour la gravure<\/strong><\/h3>\n<ul>\n<li><strong>Format requis :<\/strong> Fichier \u00e9lectronique au format SVG ou AI en noir (texte vectoris\u00e9).<\/li>\n<li><strong>Taille maximale :<\/strong> L\u2019illustration ou le texte doit mesurer au maximum ___ cm de long sur ___ cm de large.<\/li>\n<li><strong>Contraste naturel :<\/strong> La gravure est monochrome (non color\u00e9e) et repose sur le contraste entre le bois naturel et la zone grav\u00e9e.<\/li>\n<li><strong>Restrictions :<\/strong> Nous ne pouvons pas graver des photos ou des d\u00e9tails trop petits ou fins.<\/li>\n<\/ul>\n<h3><strong>Frais de pr\u00e9paration des fichiers<\/strong><\/h3>\n<ul>\n<li>Si vous n&rsquo;\u00eates pas en mesure de nous fournir un fichier SVG, ou AI (peut \u00eatre un peu trop technique) nous proposons de convertir votre fichier JPEG, GIF, PNG ou PDF : avec un suppl\u00e9ment de <strong>3 \u20ac<\/strong> pour la conversion\u00a0 en SVG monochrome.<\/li>\n<li>De m\u00eame si vous n&rsquo;avez pas le fichier mais uniquement votre cr\u00e9ation sur un document papier : un suppl\u00e9ment de <strong>2 \u20ac<\/strong> sera propos\u00e9 pour le scan et le traitement num\u00e9rique.<\/li>\n<\/ul>\n<h3><strong>Un produit unique<\/strong><\/h3>\n<p>Chaque planche est fabriqu\u00e9e \u00e0 partir de bois naturel, rendant chaque pi\u00e8ce l\u00e9g\u00e8rement diff\u00e9rente en texture et en couleur. Cela ajoute un caract\u00e8re unique \u00e0 chaque commande.<\/p>\n<p><strong>Pr\u00eat \u00e0 commander ?<\/strong> Fournissez-nous votre fichier au format SVG ou AI pour commencer.<br \/>\nFaites de cette planche grav\u00e9e un cadeau inoubliable ou un outil professionnel \u00e9l\u00e9gant !<\/p>\n","protected":false},"excerpt":{"rendered":"<p>Offrez-vous ou vos proches une touche d\u2019\u00e9l\u00e9gance avec cette magnifique planche \u00e0 d\u00e9couper en bois de bambou. Parfaite pour sublimer vos pr\u00e9sentations de plateaux ap\u00e9ritifs, elle s\u2019adapte aussi bien \u00e0 un usage personnel qu\u2019\u00e0 des occasions sp\u00e9ciales.<\/p>\n<ul>\n<li>Les restaurants ajoutent leur logo et les utilisent\u00a0 comme support de pr\u00e9sentation chic. C&rsquo;est aussi une id\u00e9e inoubliable pour les mari\u00e9s :\u00a0 avec leurs pr\u00e9noms et la date du grand jour. Ou avec des messages grav\u00e9s tels que <em>\u00ab Tu es mon chef pr\u00e9f\u00e9r\u00e9 \u00bb<\/em>, <em>\u00ab Maman toujours au fourneau \u00bb<\/em>, ou encore <em>\u00ab Ici, c\u2019est toujours gourmand \u00bb<\/em>.<\/li>\n<li><strong>Dimensions :<\/strong>   46.5X21.5X1CM <strong>Mat\u00e9riau :<\/strong> Bois de bambou naturel<\/li>\n<\/ul>\n<h3><strong>Recommandations techniques pour la gravure<\/strong><\/h3>\n<ul>\n<li><strong>Format requis :<\/strong> Fichier \u00e9lectronique au format SVG ou AI en noir (texte vectoris\u00e9).<\/li>\n<li><strong>Taille maximale :<\/strong> L\u2019illustration ou le texte doit mesurer au maximum ___ cm de long sur ___ cm de large. ( Romain va pas tarder \u00e0 \u00e9crire les infos)<\/li>\n<li><strong>Contraste naturel :<\/strong> La gravure est monochrome (non color\u00e9e) et repose sur le contraste entre le bois naturel et la zone grav\u00e9e.<\/li>\n<li><strong>Restrictions :<\/strong> Nous ne pouvons pas graver des photos ou des d\u00e9tails trop petits ou fins.<\/li>\n<\/ul>\n<p>Chaque planche est fabriqu\u00e9e \u00e0 partir de bois naturel, rendant chaque pi\u00e8ce l\u00e9g\u00e8rement diff\u00e9rente en texture et en couleur. Cela ajoute un caract\u00e8re unique \u00e0 chaque commande.<\/p>\n<p><strong>Pr\u00eat \u00e0 commander ?<\/strong> Fournissez-nous votre fichier au format SVG ou AI pour commencer.<br \/>\nFaites de cette planche grav\u00e9e un cadeau inoubliable ou un outil professionnel \u00e9l\u00e9gant !<\/p>\n","protected":false},"featured_media":3432,"template":"","meta":{"site-sidebar-layout":"default","site-content-layout":"default","ast-site-content-layout":"default","site-content-style":"default","site-sidebar-style":"default","ast-global-header-display":"","ast-banner-title-visibility":"","ast-main-header-display":"","ast-hfb-above-header-display":"","ast-hfb-below-header-display":"","ast-hfb-mobile-header-display":"","site-post-title":"","ast-breadcrumbs-content":"","ast-featured-img":"","footer-sml-layout":"","ast-disable-related-posts":"","theme-transparent-header-meta":"default","adv-header-id-meta":"","stick-header-meta":"default","header-above-stick-meta":"","header-main-stick-meta":"","header-below-stick-meta":"","astra-migrate-meta-layouts":"set","ast-page-background-enabled":"default","ast-page-background-meta":{"desktop":{"background-color":"var(--ast-global-color-4)","background-image":"","background-repeat":"repeat","background-position":"center center","background-size":"auto","background-attachment":"scroll","background-type":"","background-media":"","overlay-type":"","overlay-color":"","overlay-opacity":"","overlay-gradient":""},"tablet":{"background-color":"","background-image":"","background-repeat":"repeat","background-position":"center center","background-size":"auto","background-attachment":"scroll","background-type":"","background-media":"","overlay-type":"","overlay-color":"","overlay-opacity":"","overlay-gradient":""},"mobile":{"background-color":"","background-image":"","background-repeat":"repeat","background-position":"center center","background-size":"auto","background-attachment":"scroll","background-type":"","background-media":"","overlay-type":"","overlay-color":"","overlay-opacity":"","overlay-gradient":""}},"ast-content-background-meta":{"desktop":{"background-color":"var(--ast-global-color-5)","background-image":"","background-repeat":"repeat","background-position":"center center","background-size":"auto","background-attachment":"scroll","background-type":"","background-media":"","overlay-type":"","overlay-color":"","overlay-opacity":"","overlay-gradient":""},"tablet":{"background-color":"var(--ast-global-color-5)","background-image":"","background-repeat":"repeat","background-position":"center center","background-size":"auto","background-attachment":"scroll","background-type":"","background-media":"","overlay-type":"","overlay-color":"","overlay-opacity":"","overlay-gradient":""},"mobile":{"background-color":"var(--ast-global-color-5)","background-image":"","background-repeat":"repeat","background-position":"center center","background-size":"auto","background-attachment":"scroll","background-type":"","background-media":"","overlay-type":"","overlay-color":"","overlay-opacity":"","overlay-gradient":""}}},"product_brand":[],"product_cat":[80,26],"product_tag":[],"class_list":{"0":"post-3040","1":"product","2":"type-product","3":"status-publish","4":"has-post-thumbnail","6":"product_cat-gravure","7":"product_cat-objets","8":"desktop-align-center","9":"tablet-align-center","10":"mobile-align-center","11":"ast-product-gallery-layout-horizontal-slider","12":"ast-product-gallery-with-no-image","13":"ast-product-tabs-layout-horizontal","15":"first","16":"instock","17":"shipping-taxable","18":"purchasable","19":"product-type-simple"},"yoast_head":"<!-- This site is optimized with the Yoast SEO plugin v26.6 - https:\/\/yoast.com\/wordpress\/plugins\/seo\/ -->\n<title>Planche \u00e0 d\u00e9couper - Montpellier - Copy Beaux Arts \u2022 Photocopie Impression objets personnalis\u00e9s Montpellier<\/title>\n<meta name=\"robots\" content=\"index, follow, max-snippet:-1, max-image-preview:large, max-video-preview:-1\" \/>\n<link rel=\"canonical\" href=\"https:\/\/copybeauxarts.com\/shop\/produit\/planche-a-decouper\/\" \/>\n<meta property=\"og:locale\" content=\"fr_FR\" \/>\n<meta property=\"og:type\" content=\"article\" \/>\n<meta property=\"og:title\" content=\"Planche \u00e0 d\u00e9couper - Montpellier - Copy Beaux Arts \u2022 Photocopie Impression objets personnalis\u00e9s Montpellier\" \/>\n<meta property=\"og:description\" content=\"Offrez-vous ou vos proches une touche d\u2019\u00e9l\u00e9gance avec cette magnifique planche \u00e0 d\u00e9couper en bois de bambou. Parfaite pour sublimer vos pr\u00e9sentations de plateaux ap\u00e9ritifs, elle s\u2019adapte aussi bien \u00e0 un usage personnel qu\u2019\u00e0 des occasions sp\u00e9ciales.   Les restaurants ajoutent leur logo et les utilisent\u00a0 comme support de pr\u00e9sentation chic. C&#039;est aussi une id\u00e9e inoubliable pour les mari\u00e9s :\u00a0 avec leurs pr\u00e9noms et la date du grand jour. Ou avec des messages grav\u00e9s tels que \u00ab Tu es mon chef pr\u00e9f\u00e9r\u00e9 \u00bb, \u00ab Maman toujours au fourneau \u00bb, ou encore \u00ab Ici, c\u2019est toujours gourmand \u00bb.  Dimensions :  46.5X21.5X1CM Mat\u00e9riau : Bois de bambou naturel  Recommandations techniques pour la gravure   Format requis : Fichier \u00e9lectronique au format SVG ou AI en noir (texte vectoris\u00e9).  Taille maximale : L\u2019illustration ou le texte doit mesurer au maximum ___ cm de long sur ___ cm de large. ( Romain va pas tarder \u00e0 \u00e9crire les infos)  Contraste naturel : La gravure est monochrome (non color\u00e9e) et repose sur le contraste entre le bois naturel et la zone grav\u00e9e.  Restrictions : Nous ne pouvons pas graver des photos ou des d\u00e9tails trop petits ou fins.  Chaque planche est fabriqu\u00e9e \u00e0 partir de bois naturel, rendant chaque pi\u00e8ce l\u00e9g\u00e8rement diff\u00e9rente en texture et en couleur. Cela ajoute un caract\u00e8re unique \u00e0 chaque commande.  Pr\u00eat \u00e0 commander ? Fournissez-nous votre fichier au format SVG ou AI pour commencer. Faites de cette planche grav\u00e9e un cadeau inoubliable ou un outil professionnel \u00e9l\u00e9gant !\" \/>\n<meta property=\"og:url\" content=\"https:\/\/copybeauxarts.com\/shop\/produit\/planche-a-decouper\/\" \/>\n<meta property=\"og:site_name\" content=\"Copy Beaux Arts \u2022 Photocopie Impression objets personnalis\u00e9s Montpellier\" \/>\n<meta property=\"article:modified_time\" content=\"2025-11-24T14:48:48+00:00\" \/>\n<meta property=\"og:image\" content=\"https:\/\/copybeauxarts.com\/shop\/wp-content\/uploads\/2025\/07\/Sans-titre-1-1.jpg\" \/>\n\t<meta property=\"og:image:width\" content=\"2480\" \/>\n\t<meta property=\"og:image:height\" content=\"2456\" \/>\n\t<meta property=\"og:image:type\" content=\"image\/jpeg\" \/>\n<meta name=\"twitter:card\" content=\"summary_large_image\" \/>\n<meta name=\"twitter:label1\" content=\"Dur\u00e9e de lecture estim\u00e9e\" \/>\n\t<meta name=\"twitter:data1\" content=\"3 minutes\" \/>\n<script type=\"application\/ld+json\" class=\"yoast-schema-graph\">{\"@context\":\"https:\/\/schema.org\",\"@graph\":[{\"@type\":\"WebPage\",\"@id\":\"https:\/\/copybeauxarts.com\/shop\/produit\/planche-a-decouper\/\",\"url\":\"https:\/\/copybeauxarts.com\/shop\/produit\/planche-a-decouper\/\",\"name\":\"Planche \u00e0 d\u00e9couper - Montpellier - Copy Beaux Arts \u2022 Photocopie Impression objets personnalis\u00e9s Montpellier\",\"isPartOf\":{\"@id\":\"https:\/\/copybeauxarts.com\/shop\/#website\"},\"primaryImageOfPage\":{\"@id\":\"https:\/\/copybeauxarts.com\/shop\/produit\/planche-a-decouper\/#primaryimage\"},\"image\":{\"@id\":\"https:\/\/copybeauxarts.com\/shop\/produit\/planche-a-decouper\/#primaryimage\"},\"thumbnailUrl\":\"https:\/\/copybeauxarts.com\/shop\/wp-content\/uploads\/2025\/07\/Sans-titre-1-1.jpg\",\"datePublished\":\"2025-07-03T15:06:17+00:00\",\"dateModified\":\"2025-11-24T14:48:48+00:00\",\"breadcrumb\":{\"@id\":\"https:\/\/copybeauxarts.com\/shop\/produit\/planche-a-decouper\/#breadcrumb\"},\"inLanguage\":\"fr-FR\",\"potentialAction\":[{\"@type\":\"ReadAction\",\"target\":[\"https:\/\/copybeauxarts.com\/shop\/produit\/planche-a-decouper\/\"]}]},{\"@type\":\"ImageObject\",\"inLanguage\":\"fr-FR\",\"@id\":\"https:\/\/copybeauxarts.com\/shop\/produit\/planche-a-decouper\/#primaryimage\",\"url\":\"https:\/\/copybeauxarts.com\/shop\/wp-content\/uploads\/2025\/07\/Sans-titre-1-1.jpg\",\"contentUrl\":\"https:\/\/copybeauxarts.com\/shop\/wp-content\/uploads\/2025\/07\/Sans-titre-1-1.jpg\",\"width\":2480,\"height\":2456},{\"@type\":\"BreadcrumbList\",\"@id\":\"https:\/\/copybeauxarts.com\/shop\/produit\/planche-a-decouper\/#breadcrumb\",\"itemListElement\":[{\"@type\":\"ListItem\",\"position\":1,\"name\":\"Accueil\",\"item\":\"https:\/\/copybeauxarts.com\/shop\/\"},{\"@type\":\"ListItem\",\"position\":2,\"name\":\"Shop\",\"item\":\"https:\/\/copybeauxarts.com\/shop\/shop\/\"},{\"@type\":\"ListItem\",\"position\":3,\"name\":\"Planche \u00e0 d\u00e9couper\"}]},{\"@type\":\"WebSite\",\"@id\":\"https:\/\/copybeauxarts.com\/shop\/#website\",\"url\":\"https:\/\/copybeauxarts.com\/shop\/\",\"name\":\"Copy Beaux Arts \u2022 Photocopie Impression objets personnalis\u00e9s Montpellier\",\"description\":\"Impression tshirts mugs cadeaux et tous objets personnalis\u00e9s\",\"publisher\":{\"@id\":\"https:\/\/copybeauxarts.com\/shop\/#organization\"},\"potentialAction\":[{\"@type\":\"SearchAction\",\"target\":{\"@type\":\"EntryPoint\",\"urlTemplate\":\"https:\/\/copybeauxarts.com\/shop\/?s={search_term_string}\"},\"query-input\":{\"@type\":\"PropertyValueSpecification\",\"valueRequired\":true,\"valueName\":\"search_term_string\"}}],\"inLanguage\":\"fr-FR\"},{\"@type\":\"Organization\",\"@id\":\"https:\/\/copybeauxarts.com\/shop\/#organization\",\"name\":\"Copy Beaux Arts \u2022 Photocopie Impression objets personnalis\u00e9s Montpellier\",\"url\":\"https:\/\/copybeauxarts.com\/shop\/\",\"logo\":{\"@type\":\"ImageObject\",\"inLanguage\":\"fr-FR\",\"@id\":\"https:\/\/copybeauxarts.com\/shop\/#\/schema\/logo\/image\/\",\"url\":\"https:\/\/copybeauxarts.com\/shop\/wp-content\/uploads\/2025\/12\/logo-copy-beaux-arts-montpellier.png\",\"contentUrl\":\"https:\/\/copybeauxarts.com\/shop\/wp-content\/uploads\/2025\/12\/logo-copy-beaux-arts-montpellier.png\",\"width\":247,\"height\":133,\"caption\":\"Copy Beaux Arts \u2022 Photocopie Impression objets personnalis\u00e9s Montpellier\"},\"image\":{\"@id\":\"https:\/\/copybeauxarts.com\/shop\/#\/schema\/logo\/image\/\"}}]}<\/script>\n<!-- \/ Yoast SEO plugin. -->","yoast_head_json":{"title":"Planche \u00e0 d\u00e9couper - Montpellier - Copy Beaux Arts \u2022 Photocopie Impression objets personnalis\u00e9s Montpellier","robots":{"index":"index","follow":"follow","max-snippet":"max-snippet:-1","max-image-preview":"max-image-preview:large","max-video-preview":"max-video-preview:-1"},"canonical":"https:\/\/copybeauxarts.com\/shop\/produit\/planche-a-decouper\/","og_locale":"fr_FR","og_type":"article","og_title":"Planche \u00e0 d\u00e9couper - Montpellier - Copy Beaux Arts \u2022 Photocopie Impression objets personnalis\u00e9s Montpellier","og_description":"Offrez-vous ou vos proches une touche d\u2019\u00e9l\u00e9gance avec cette magnifique planche \u00e0 d\u00e9couper en bois de bambou. Parfaite pour sublimer vos pr\u00e9sentations de plateaux ap\u00e9ritifs, elle s\u2019adapte aussi bien \u00e0 un usage personnel qu\u2019\u00e0 des occasions sp\u00e9ciales.   Les restaurants ajoutent leur logo et les utilisent\u00a0 comme support de pr\u00e9sentation chic. C'est aussi une id\u00e9e inoubliable pour les mari\u00e9s :\u00a0 avec leurs pr\u00e9noms et la date du grand jour. Ou avec des messages grav\u00e9s tels que \u00ab Tu es mon chef pr\u00e9f\u00e9r\u00e9 \u00bb, \u00ab Maman toujours au fourneau \u00bb, ou encore \u00ab Ici, c\u2019est toujours gourmand \u00bb.  Dimensions :  46.5X21.5X1CM Mat\u00e9riau : Bois de bambou naturel  Recommandations techniques pour la gravure   Format requis : Fichier \u00e9lectronique au format SVG ou AI en noir (texte vectoris\u00e9).  Taille maximale : L\u2019illustration ou le texte doit mesurer au maximum ___ cm de long sur ___ cm de large. ( Romain va pas tarder \u00e0 \u00e9crire les infos)  Contraste naturel : La gravure est monochrome (non color\u00e9e) et repose sur le contraste entre le bois naturel et la zone grav\u00e9e.  Restrictions : Nous ne pouvons pas graver des photos ou des d\u00e9tails trop petits ou fins.  Chaque planche est fabriqu\u00e9e \u00e0 partir de bois naturel, rendant chaque pi\u00e8ce l\u00e9g\u00e8rement diff\u00e9rente en texture et en couleur. Cela ajoute un caract\u00e8re unique \u00e0 chaque commande.  Pr\u00eat \u00e0 commander ? Fournissez-nous votre fichier au format SVG ou AI pour commencer. Faites de cette planche grav\u00e9e un cadeau inoubliable ou un outil professionnel \u00e9l\u00e9gant !","og_url":"https:\/\/copybeauxarts.com\/shop\/produit\/planche-a-decouper\/","og_site_name":"Copy Beaux Arts \u2022 Photocopie Impression objets personnalis\u00e9s Montpellier","article_modified_time":"2025-11-24T14:48:48+00:00","og_image":[{"width":2480,"height":2456,"url":"https:\/\/copybeauxarts.com\/shop\/wp-content\/uploads\/2025\/07\/Sans-titre-1-1.jpg","type":"image\/jpeg"}],"twitter_card":"summary_large_image","twitter_misc":{"Dur\u00e9e de lecture estim\u00e9e":"3 minutes"},"schema":{"@context":"https:\/\/schema.org","@graph":[{"@type":"WebPage","@id":"https:\/\/copybeauxarts.com\/shop\/produit\/planche-a-decouper\/","url":"https:\/\/copybeauxarts.com\/shop\/produit\/planche-a-decouper\/","name":"Planche \u00e0 d\u00e9couper - Montpellier - Copy Beaux Arts \u2022 Photocopie Impression objets personnalis\u00e9s Montpellier","isPartOf":{"@id":"https:\/\/copybeauxarts.com\/shop\/#website"},"primaryImageOfPage":{"@id":"https:\/\/copybeauxarts.com\/shop\/produit\/planche-a-decouper\/#primaryimage"},"image":{"@id":"https:\/\/copybeauxarts.com\/shop\/produit\/planche-a-decouper\/#primaryimage"},"thumbnailUrl":"https:\/\/copybeauxarts.com\/shop\/wp-content\/uploads\/2025\/07\/Sans-titre-1-1.jpg","datePublished":"2025-07-03T15:06:17+00:00","dateModified":"2025-11-24T14:48:48+00:00","breadcrumb":{"@id":"https:\/\/copybeauxarts.com\/shop\/produit\/planche-a-decouper\/#breadcrumb"},"inLanguage":"fr-FR","potentialAction":[{"@type":"ReadAction","target":["https:\/\/copybeauxarts.com\/shop\/produit\/planche-a-decouper\/"]}]},{"@type":"ImageObject","inLanguage":"fr-FR","@id":"https:\/\/copybeauxarts.com\/shop\/produit\/planche-a-decouper\/#primaryimage","url":"https:\/\/copybeauxarts.com\/shop\/wp-content\/uploads\/2025\/07\/Sans-titre-1-1.jpg","contentUrl":"https:\/\/copybeauxarts.com\/shop\/wp-content\/uploads\/2025\/07\/Sans-titre-1-1.jpg","width":2480,"height":2456},{"@type":"BreadcrumbList","@id":"https:\/\/copybeauxarts.com\/shop\/produit\/planche-a-decouper\/#breadcrumb","itemListElement":[{"@type":"ListItem","position":1,"name":"Accueil","item":"https:\/\/copybeauxarts.com\/shop\/"},{"@type":"ListItem","position":2,"name":"Shop","item":"https:\/\/copybeauxarts.com\/shop\/shop\/"},{"@type":"ListItem","position":3,"name":"Planche \u00e0 d\u00e9couper"}]},{"@type":"WebSite","@id":"https:\/\/copybeauxarts.com\/shop\/#website","url":"https:\/\/copybeauxarts.com\/shop\/","name":"Copy Beaux Arts \u2022 Photocopie Impression objets personnalis\u00e9s Montpellier","description":"Impression tshirts mugs cadeaux et tous objets personnalis\u00e9s","publisher":{"@id":"https:\/\/copybeauxarts.com\/shop\/#organization"},"potentialAction":[{"@type":"SearchAction","target":{"@type":"EntryPoint","urlTemplate":"https:\/\/copybeauxarts.com\/shop\/?s={search_term_string}"},"query-input":{"@type":"PropertyValueSpecification","valueRequired":true,"valueName":"search_term_string"}}],"inLanguage":"fr-FR"},{"@type":"Organization","@id":"https:\/\/copybeauxarts.com\/shop\/#organization","name":"Copy Beaux Arts \u2022 Photocopie Impression objets personnalis\u00e9s Montpellier","url":"https:\/\/copybeauxarts.com\/shop\/","logo":{"@type":"ImageObject","inLanguage":"fr-FR","@id":"https:\/\/copybeauxarts.com\/shop\/#\/schema\/logo\/image\/","url":"https:\/\/copybeauxarts.com\/shop\/wp-content\/uploads\/2025\/12\/logo-copy-beaux-arts-montpellier.png","contentUrl":"https:\/\/copybeauxarts.com\/shop\/wp-content\/uploads\/2025\/12\/logo-copy-beaux-arts-montpellier.png","width":247,"height":133,"caption":"Copy Beaux Arts \u2022 Photocopie Impression objets personnalis\u00e9s Montpellier"},"image":{"@id":"https:\/\/copybeauxarts.com\/shop\/#\/schema\/logo\/image\/"}}]}},"_links":{"self":[{"href":"https:\/\/copybeauxarts.com\/shop\/wp-json\/wp\/v2\/product\/3040","targetHints":{"allow":["GET"]}}],"collection":[{"href":"https:\/\/copybeauxarts.com\/shop\/wp-json\/wp\/v2\/product"}],"about":[{"href":"https:\/\/copybeauxarts.com\/shop\/wp-json\/wp\/v2\/types\/product"}],"wp:featuredmedia":[{"embeddable":true,"href":"https:\/\/copybeauxarts.com\/shop\/wp-json\/wp\/v2\/media\/3432"}],"wp:attachment":[{"href":"https:\/\/copybeauxarts.com\/shop\/wp-json\/wp\/v2\/media?parent=3040"}],"wp:term":[{"taxonomy":"product_brand","embeddable":true,"href":"https:\/\/copybeauxarts.com\/shop\/wp-json\/wp\/v2\/product_brand?post=3040"},{"taxonomy":"product_cat","embeddable":true,"href":"https:\/\/copybeauxarts.com\/shop\/wp-json\/wp\/v2\/product_cat?post=3040"},{"taxonomy":"product_tag","embeddable":true,"href":"https:\/\/copybeauxarts.com\/shop\/wp-json\/wp\/v2\/product_tag?post=3040"}],"curies":[{"name":"wp","href":"https:\/\/api.w.org\/{rel}","templated":true}]}}