{"id":3038,"date":"2024-11-30T16:50:57","date_gmt":"2024-11-30T15:50:57","guid":{"rendered":"https:\/\/copybeauxarts.com\/shop\/?post_type=product&#038;p=3038"},"modified":"2025-07-09T10:34:25","modified_gmt":"2025-07-09T08:34:25","slug":"avion-fighter-aircraft","status":"publish","type":"product","link":"https:\/\/copybeauxarts.com\/shop\/produit\/avion-fighter-aircraft\/","title":{"rendered":"Avion fighter aircraft \u00e0 monter soit m\u00eame"},"content":{"rendered":"<p>Offrez-vous ou vos proches une touche d\u2019\u00e9l\u00e9gance avec ce magnifique avion en bois de bambou. Parfait pour sublimer votre chambre.<\/p>\n<h3><strong>Une id\u00e9e cadeau unique et polyvalente<\/strong><\/h3>\n<ul>\n<li><strong>Pour des cadeaux personnalis\u00e9s :<\/strong> Ravissez vos proches avec des pr\u00e9noms grav\u00e9s tels que <em>\u00ab Julien \u00bb<\/em>, <em>\u00ab Carole \u00bb<\/em>, ou encore <em>\u00ab Lola \u00bb<\/em>.<\/li>\n<\/ul>\n<h3><strong>Caract\u00e9ristiques de l&rsquo;avion<\/strong><\/h3>\n<ul>\n<li><strong>Dimensions :<\/strong> 16 cm x 26 cm<\/li>\n<li><strong>Mat\u00e9riau :<\/strong> Bois de bambou naturel<\/li>\n<h3><strong>Recommandations techniques pour la gravure<\/strong><\/h3>\n<ul>\n<li><strong>Contraste naturel :<\/strong> La gravure est monochrome (non color\u00e9e) et repose sur le contraste entre le bois naturel et la zone grav\u00e9e.<\/li>\n<\/ul>\n<h3><strong>Frais de pr\u00e9paration des fichiers<\/strong><\/h3>\n<ul>\n<\/ul>\n<h3><strong>Un produit unique<\/strong><\/h3>\n<p>Chaque avions est fabriqu\u00e9e \u00e0 partir de bois naturel, rendant chaque pi\u00e8ce l\u00e9g\u00e8rement diff\u00e9rente en texture et en couleur. Cela ajoute un caract\u00e8re unique \u00e0 chaque commande.<\/p>\n<p><strong>Pr\u00eat \u00e0 commander ?<\/strong><br \/>\nFaites de cette avion grav\u00e9e un cadeau inoubliable ou un outil professionnel \u00e9l\u00e9gant !<\/p>\n","protected":false},"excerpt":{"rendered":"<p>Offrez-vous ou vos proches une touche d\u2019\u00e9l\u00e9gance avec ce magnifique avion en bois de bambou. Parfait pour sublimer votre chambre.<\/p>\n<h3><strong>Une id\u00e9e cadeau unique et polyvalente<\/strong><\/h3>\n<ul>\n<li><strong>Pour des cadeaux personnalis\u00e9s :<\/strong> Ravissez vos proches avec des pr\u00e9noms grav\u00e9s tels que <em>\u00ab Julien \u00bb<\/em>, <em>\u00ab Carole \u00bb<\/em>, ou encore <em>\u00ab Lola \u00bb<\/em>.<\/li>\n<\/ul>\n<h3><strong>Caract\u00e9ristiques de l&rsquo;avion<\/strong><\/h3>\n<ul>\n<li><strong>Dimensions :<\/strong> 16 cm x 26 cm<\/li>\n<li><strong>Mat\u00e9riau :<\/strong> Bois de bambou naturel<\/li>\n<h3><strong>Recommandations techniques pour la gravure<\/strong><\/h3>\n<ul>\n<li><strong>Contraste naturel :<\/strong> La gravure est monochrome (non color\u00e9e) et repose sur le contraste entre le bois naturel et la zone grav\u00e9e.<\/li>\n<\/ul>\n<h3><strong>Frais de pr\u00e9paration des fichiers<\/strong><\/h3>\n<ul>\n<\/ul>\n<h3><strong>Un produit unique<\/strong><\/h3>\n<p>Chaque avions est fabriqu\u00e9e \u00e0 partir de bois naturel, rendant chaque pi\u00e8ce l\u00e9g\u00e8rement diff\u00e9rente en texture et en couleur. Cela ajoute un caract\u00e8re unique \u00e0 chaque commande.<\/p>\n<p><strong>Pr\u00eat \u00e0 commander ?<\/strong><br \/>\nFaites de cette avion grav\u00e9e un cadeau inoubliable ou un outil professionnel \u00e9l\u00e9gant !<\/p>\n","protected":false},"featured_media":3087,"template":"","meta":{"site-sidebar-layout":"default","site-content-layout":"default","ast-site-content-layout":"default","site-content-style":"default","site-sidebar-style":"default","ast-global-header-display":"","ast-banner-title-visibility":"","ast-main-header-display":"","ast-hfb-above-header-display":"","ast-hfb-below-header-display":"","ast-hfb-mobile-header-display":"","site-post-title":"","ast-breadcrumbs-content":"","ast-featured-img":"","footer-sml-layout":"","ast-disable-related-posts":"","theme-transparent-header-meta":"default","adv-header-id-meta":"","stick-header-meta":"default","header-above-stick-meta":"","header-main-stick-meta":"","header-below-stick-meta":"","astra-migrate-meta-layouts":"set","ast-page-background-enabled":"default","ast-page-background-meta":{"desktop":{"background-color":"var(--ast-global-color-4)","background-image":"","background-repeat":"repeat","background-position":"center center","background-size":"auto","background-attachment":"scroll","background-type":"","background-media":"","overlay-type":"","overlay-color":"","overlay-opacity":"","overlay-gradient":""},"tablet":{"background-color":"","background-image":"","background-repeat":"repeat","background-position":"center center","background-size":"auto","background-attachment":"scroll","background-type":"","background-media":"","overlay-type":"","overlay-color":"","overlay-opacity":"","overlay-gradient":""},"mobile":{"background-color":"","background-image":"","background-repeat":"repeat","background-position":"center center","background-size":"auto","background-attachment":"scroll","background-type":"","background-media":"","overlay-type":"","overlay-color":"","overlay-opacity":"","overlay-gradient":""}},"ast-content-background-meta":{"desktop":{"background-color":"var(--ast-global-color-5)","background-image":"","background-repeat":"repeat","background-position":"center center","background-size":"auto","background-attachment":"scroll","background-type":"","background-media":"","overlay-type":"","overlay-color":"","overlay-opacity":"","overlay-gradient":""},"tablet":{"background-color":"var(--ast-global-color-5)","background-image":"","background-repeat":"repeat","background-position":"center center","background-size":"auto","background-attachment":"scroll","background-type":"","background-media":"","overlay-type":"","overlay-color":"","overlay-opacity":"","overlay-gradient":""},"mobile":{"background-color":"var(--ast-global-color-5)","background-image":"","background-repeat":"repeat","background-position":"center center","background-size":"auto","background-attachment":"scroll","background-type":"","background-media":"","overlay-type":"","overlay-color":"","overlay-opacity":"","overlay-gradient":""}}},"product_brand":[],"product_cat":[80,26],"product_tag":[],"class_list":{"0":"post-3038","1":"product","2":"type-product","3":"status-publish","4":"has-post-thumbnail","6":"product_cat-gravure","7":"product_cat-objets","8":"desktop-align-center","9":"tablet-align-center","10":"mobile-align-center","11":"ast-product-gallery-layout-horizontal-slider","12":"ast-product-tabs-layout-horizontal","14":"first","15":"instock","16":"shipping-taxable","17":"purchasable","18":"product-type-simple"},"yoast_head":"<!-- This site is optimized with the Yoast SEO plugin v26.6 - https:\/\/yoast.com\/wordpress\/plugins\/seo\/ -->\n<title>Avion fighter aircraft \u00e0 monter soit m\u00eame - Montpellier - Copy Beaux Arts \u2022 Photocopie Impression objets personnalis\u00e9s Montpellier<\/title>\n<meta name=\"robots\" content=\"index, follow, max-snippet:-1, max-image-preview:large, max-video-preview:-1\" \/>\n<link rel=\"canonical\" href=\"https:\/\/copybeauxarts.com\/shop\/produit\/avion-fighter-aircraft\/\" \/>\n<meta property=\"og:locale\" content=\"fr_FR\" \/>\n<meta property=\"og:type\" content=\"article\" \/>\n<meta property=\"og:title\" content=\"Avion fighter aircraft \u00e0 monter soit m\u00eame - Montpellier - Copy Beaux Arts \u2022 Photocopie Impression objets personnalis\u00e9s Montpellier\" \/>\n<meta property=\"og:description\" content=\"Offrez-vous ou vos proches une touche d\u2019\u00e9l\u00e9gance avec ce magnifique avion en bois de bambou. Parfait pour sublimer votre chambre. Une id\u00e9e cadeau unique et polyvalente   Pour des cadeaux personnalis\u00e9s : Ravissez vos proches avec des pr\u00e9noms grav\u00e9s tels que \u00ab Julien \u00bb, \u00ab Carole \u00bb, ou encore \u00ab Lola \u00bb.  Caract\u00e9ristiques de l&#039;avion   Dimensions : 16 cm x 26 cm  Mat\u00e9riau : Bois de bambou naturel  Recommandations techniques pour la gravure   Contraste naturel : La gravure est monochrome (non color\u00e9e) et repose sur le contraste entre le bois naturel et la zone grav\u00e9e.  Frais de pr\u00e9paration des fichiers   Un produit unique Chaque avions est fabriqu\u00e9e \u00e0 partir de bois naturel, rendant chaque pi\u00e8ce l\u00e9g\u00e8rement diff\u00e9rente en texture et en couleur. Cela ajoute un caract\u00e8re unique \u00e0 chaque commande.  Pr\u00eat \u00e0 commander ? Faites de cette avion grav\u00e9e un cadeau inoubliable ou un outil professionnel \u00e9l\u00e9gant !\" \/>\n<meta property=\"og:url\" content=\"https:\/\/copybeauxarts.com\/shop\/produit\/avion-fighter-aircraft\/\" \/>\n<meta property=\"og:site_name\" content=\"Copy Beaux Arts \u2022 Photocopie Impression objets personnalis\u00e9s Montpellier\" \/>\n<meta property=\"article:modified_time\" content=\"2025-07-09T08:34:25+00:00\" \/>\n<meta property=\"og:image\" content=\"https:\/\/copybeauxarts.com\/shop\/wp-content\/uploads\/2024\/11\/IMG20241122145910-removebg-preview-1.png\" \/>\n\t<meta property=\"og:image:width\" content=\"433\" \/>\n\t<meta property=\"og:image:height\" content=\"577\" \/>\n\t<meta property=\"og:image:type\" content=\"image\/png\" \/>\n<meta name=\"twitter:card\" content=\"summary_large_image\" \/>\n<meta name=\"twitter:label1\" content=\"Dur\u00e9e de lecture estim\u00e9e\" \/>\n\t<meta name=\"twitter:data1\" content=\"1 minute\" \/>\n<script type=\"application\/ld+json\" class=\"yoast-schema-graph\">{\"@context\":\"https:\/\/schema.org\",\"@graph\":[{\"@type\":\"WebPage\",\"@id\":\"https:\/\/copybeauxarts.com\/shop\/produit\/avion-fighter-aircraft\/\",\"url\":\"https:\/\/copybeauxarts.com\/shop\/produit\/avion-fighter-aircraft\/\",\"name\":\"Avion fighter aircraft \u00e0 monter soit m\u00eame - Montpellier - Copy Beaux Arts \u2022 Photocopie Impression objets personnalis\u00e9s Montpellier\",\"isPartOf\":{\"@id\":\"https:\/\/copybeauxarts.com\/shop\/#website\"},\"primaryImageOfPage\":{\"@id\":\"https:\/\/copybeauxarts.com\/shop\/produit\/avion-fighter-aircraft\/#primaryimage\"},\"image\":{\"@id\":\"https:\/\/copybeauxarts.com\/shop\/produit\/avion-fighter-aircraft\/#primaryimage\"},\"thumbnailUrl\":\"https:\/\/copybeauxarts.com\/shop\/wp-content\/uploads\/2024\/11\/IMG20241122145910-removebg-preview-1.png\",\"datePublished\":\"2024-11-30T15:50:57+00:00\",\"dateModified\":\"2025-07-09T08:34:25+00:00\",\"breadcrumb\":{\"@id\":\"https:\/\/copybeauxarts.com\/shop\/produit\/avion-fighter-aircraft\/#breadcrumb\"},\"inLanguage\":\"fr-FR\",\"potentialAction\":[{\"@type\":\"ReadAction\",\"target\":[\"https:\/\/copybeauxarts.com\/shop\/produit\/avion-fighter-aircraft\/\"]}]},{\"@type\":\"ImageObject\",\"inLanguage\":\"fr-FR\",\"@id\":\"https:\/\/copybeauxarts.com\/shop\/produit\/avion-fighter-aircraft\/#primaryimage\",\"url\":\"https:\/\/copybeauxarts.com\/shop\/wp-content\/uploads\/2024\/11\/IMG20241122145910-removebg-preview-1.png\",\"contentUrl\":\"https:\/\/copybeauxarts.com\/shop\/wp-content\/uploads\/2024\/11\/IMG20241122145910-removebg-preview-1.png\",\"width\":433,\"height\":577},{\"@type\":\"BreadcrumbList\",\"@id\":\"https:\/\/copybeauxarts.com\/shop\/produit\/avion-fighter-aircraft\/#breadcrumb\",\"itemListElement\":[{\"@type\":\"ListItem\",\"position\":1,\"name\":\"Accueil\",\"item\":\"https:\/\/copybeauxarts.com\/shop\/\"},{\"@type\":\"ListItem\",\"position\":2,\"name\":\"Shop\",\"item\":\"https:\/\/copybeauxarts.com\/shop\/shop\/\"},{\"@type\":\"ListItem\",\"position\":3,\"name\":\"Avion fighter aircraft \u00e0 monter soit m\u00eame\"}]},{\"@type\":\"WebSite\",\"@id\":\"https:\/\/copybeauxarts.com\/shop\/#website\",\"url\":\"https:\/\/copybeauxarts.com\/shop\/\",\"name\":\"Copy Beaux Arts \u2022 Photocopie Impression objets personnalis\u00e9s Montpellier\",\"description\":\"Impression tshirts mugs cadeaux et tous objets personnalis\u00e9s\",\"publisher\":{\"@id\":\"https:\/\/copybeauxarts.com\/shop\/#organization\"},\"potentialAction\":[{\"@type\":\"SearchAction\",\"target\":{\"@type\":\"EntryPoint\",\"urlTemplate\":\"https:\/\/copybeauxarts.com\/shop\/?s={search_term_string}\"},\"query-input\":{\"@type\":\"PropertyValueSpecification\",\"valueRequired\":true,\"valueName\":\"search_term_string\"}}],\"inLanguage\":\"fr-FR\"},{\"@type\":\"Organization\",\"@id\":\"https:\/\/copybeauxarts.com\/shop\/#organization\",\"name\":\"Copy Beaux Arts \u2022 Photocopie Impression objets personnalis\u00e9s Montpellier\",\"url\":\"https:\/\/copybeauxarts.com\/shop\/\",\"logo\":{\"@type\":\"ImageObject\",\"inLanguage\":\"fr-FR\",\"@id\":\"https:\/\/copybeauxarts.com\/shop\/#\/schema\/logo\/image\/\",\"url\":\"https:\/\/copybeauxarts.com\/shop\/wp-content\/uploads\/2025\/12\/logo-copy-beaux-arts-montpellier.png\",\"contentUrl\":\"https:\/\/copybeauxarts.com\/shop\/wp-content\/uploads\/2025\/12\/logo-copy-beaux-arts-montpellier.png\",\"width\":247,\"height\":133,\"caption\":\"Copy Beaux Arts \u2022 Photocopie Impression objets personnalis\u00e9s Montpellier\"},\"image\":{\"@id\":\"https:\/\/copybeauxarts.com\/shop\/#\/schema\/logo\/image\/\"}}]}<\/script>\n<!-- \/ Yoast SEO plugin. -->","yoast_head_json":{"title":"Avion fighter aircraft \u00e0 monter soit m\u00eame - Montpellier - Copy Beaux Arts \u2022 Photocopie Impression objets personnalis\u00e9s Montpellier","robots":{"index":"index","follow":"follow","max-snippet":"max-snippet:-1","max-image-preview":"max-image-preview:large","max-video-preview":"max-video-preview:-1"},"canonical":"https:\/\/copybeauxarts.com\/shop\/produit\/avion-fighter-aircraft\/","og_locale":"fr_FR","og_type":"article","og_title":"Avion fighter aircraft \u00e0 monter soit m\u00eame - Montpellier - Copy Beaux Arts \u2022 Photocopie Impression objets personnalis\u00e9s Montpellier","og_description":"Offrez-vous ou vos proches une touche d\u2019\u00e9l\u00e9gance avec ce magnifique avion en bois de bambou. Parfait pour sublimer votre chambre. Une id\u00e9e cadeau unique et polyvalente   Pour des cadeaux personnalis\u00e9s : Ravissez vos proches avec des pr\u00e9noms grav\u00e9s tels que \u00ab Julien \u00bb, \u00ab Carole \u00bb, ou encore \u00ab Lola \u00bb.  Caract\u00e9ristiques de l'avion   Dimensions : 16 cm x 26 cm  Mat\u00e9riau : Bois de bambou naturel  Recommandations techniques pour la gravure   Contraste naturel : La gravure est monochrome (non color\u00e9e) et repose sur le contraste entre le bois naturel et la zone grav\u00e9e.  Frais de pr\u00e9paration des fichiers   Un produit unique Chaque avions est fabriqu\u00e9e \u00e0 partir de bois naturel, rendant chaque pi\u00e8ce l\u00e9g\u00e8rement diff\u00e9rente en texture et en couleur. Cela ajoute un caract\u00e8re unique \u00e0 chaque commande.  Pr\u00eat \u00e0 commander ? Faites de cette avion grav\u00e9e un cadeau inoubliable ou un outil professionnel \u00e9l\u00e9gant !","og_url":"https:\/\/copybeauxarts.com\/shop\/produit\/avion-fighter-aircraft\/","og_site_name":"Copy Beaux Arts \u2022 Photocopie Impression objets personnalis\u00e9s Montpellier","article_modified_time":"2025-07-09T08:34:25+00:00","og_image":[{"width":433,"height":577,"url":"https:\/\/copybeauxarts.com\/shop\/wp-content\/uploads\/2024\/11\/IMG20241122145910-removebg-preview-1.png","type":"image\/png"}],"twitter_card":"summary_large_image","twitter_misc":{"Dur\u00e9e de lecture estim\u00e9e":"1 minute"},"schema":{"@context":"https:\/\/schema.org","@graph":[{"@type":"WebPage","@id":"https:\/\/copybeauxarts.com\/shop\/produit\/avion-fighter-aircraft\/","url":"https:\/\/copybeauxarts.com\/shop\/produit\/avion-fighter-aircraft\/","name":"Avion fighter aircraft \u00e0 monter soit m\u00eame - Montpellier - Copy Beaux Arts \u2022 Photocopie Impression objets personnalis\u00e9s Montpellier","isPartOf":{"@id":"https:\/\/copybeauxarts.com\/shop\/#website"},"primaryImageOfPage":{"@id":"https:\/\/copybeauxarts.com\/shop\/produit\/avion-fighter-aircraft\/#primaryimage"},"image":{"@id":"https:\/\/copybeauxarts.com\/shop\/produit\/avion-fighter-aircraft\/#primaryimage"},"thumbnailUrl":"https:\/\/copybeauxarts.com\/shop\/wp-content\/uploads\/2024\/11\/IMG20241122145910-removebg-preview-1.png","datePublished":"2024-11-30T15:50:57+00:00","dateModified":"2025-07-09T08:34:25+00:00","breadcrumb":{"@id":"https:\/\/copybeauxarts.com\/shop\/produit\/avion-fighter-aircraft\/#breadcrumb"},"inLanguage":"fr-FR","potentialAction":[{"@type":"ReadAction","target":["https:\/\/copybeauxarts.com\/shop\/produit\/avion-fighter-aircraft\/"]}]},{"@type":"ImageObject","inLanguage":"fr-FR","@id":"https:\/\/copybeauxarts.com\/shop\/produit\/avion-fighter-aircraft\/#primaryimage","url":"https:\/\/copybeauxarts.com\/shop\/wp-content\/uploads\/2024\/11\/IMG20241122145910-removebg-preview-1.png","contentUrl":"https:\/\/copybeauxarts.com\/shop\/wp-content\/uploads\/2024\/11\/IMG20241122145910-removebg-preview-1.png","width":433,"height":577},{"@type":"BreadcrumbList","@id":"https:\/\/copybeauxarts.com\/shop\/produit\/avion-fighter-aircraft\/#breadcrumb","itemListElement":[{"@type":"ListItem","position":1,"name":"Accueil","item":"https:\/\/copybeauxarts.com\/shop\/"},{"@type":"ListItem","position":2,"name":"Shop","item":"https:\/\/copybeauxarts.com\/shop\/shop\/"},{"@type":"ListItem","position":3,"name":"Avion fighter aircraft \u00e0 monter soit m\u00eame"}]},{"@type":"WebSite","@id":"https:\/\/copybeauxarts.com\/shop\/#website","url":"https:\/\/copybeauxarts.com\/shop\/","name":"Copy Beaux Arts \u2022 Photocopie Impression objets personnalis\u00e9s Montpellier","description":"Impression tshirts mugs cadeaux et tous objets personnalis\u00e9s","publisher":{"@id":"https:\/\/copybeauxarts.com\/shop\/#organization"},"potentialAction":[{"@type":"SearchAction","target":{"@type":"EntryPoint","urlTemplate":"https:\/\/copybeauxarts.com\/shop\/?s={search_term_string}"},"query-input":{"@type":"PropertyValueSpecification","valueRequired":true,"valueName":"search_term_string"}}],"inLanguage":"fr-FR"},{"@type":"Organization","@id":"https:\/\/copybeauxarts.com\/shop\/#organization","name":"Copy Beaux Arts \u2022 Photocopie Impression objets personnalis\u00e9s Montpellier","url":"https:\/\/copybeauxarts.com\/shop\/","logo":{"@type":"ImageObject","inLanguage":"fr-FR","@id":"https:\/\/copybeauxarts.com\/shop\/#\/schema\/logo\/image\/","url":"https:\/\/copybeauxarts.com\/shop\/wp-content\/uploads\/2025\/12\/logo-copy-beaux-arts-montpellier.png","contentUrl":"https:\/\/copybeauxarts.com\/shop\/wp-content\/uploads\/2025\/12\/logo-copy-beaux-arts-montpellier.png","width":247,"height":133,"caption":"Copy Beaux Arts \u2022 Photocopie Impression objets personnalis\u00e9s Montpellier"},"image":{"@id":"https:\/\/copybeauxarts.com\/shop\/#\/schema\/logo\/image\/"}}]}},"_links":{"self":[{"href":"https:\/\/copybeauxarts.com\/shop\/wp-json\/wp\/v2\/product\/3038","targetHints":{"allow":["GET"]}}],"collection":[{"href":"https:\/\/copybeauxarts.com\/shop\/wp-json\/wp\/v2\/product"}],"about":[{"href":"https:\/\/copybeauxarts.com\/shop\/wp-json\/wp\/v2\/types\/product"}],"wp:featuredmedia":[{"embeddable":true,"href":"https:\/\/copybeauxarts.com\/shop\/wp-json\/wp\/v2\/media\/3087"}],"wp:attachment":[{"href":"https:\/\/copybeauxarts.com\/shop\/wp-json\/wp\/v2\/media?parent=3038"}],"wp:term":[{"taxonomy":"product_brand","embeddable":true,"href":"https:\/\/copybeauxarts.com\/shop\/wp-json\/wp\/v2\/product_brand?post=3038"},{"taxonomy":"product_cat","embeddable":true,"href":"https:\/\/copybeauxarts.com\/shop\/wp-json\/wp\/v2\/product_cat?post=3038"},{"taxonomy":"product_tag","embeddable":true,"href":"https:\/\/copybeauxarts.com\/shop\/wp-json\/wp\/v2\/product_tag?post=3038"}],"curies":[{"name":"wp","href":"https:\/\/api.w.org\/{rel}","templated":true}]}}