{"id":3023,"date":"2024-11-18T15:27:33","date_gmt":"2024-11-18T14:27:33","guid":{"rendered":"https:\/\/copybeauxarts.com\/shop\/?post_type=product&#038;p=3023"},"modified":"2025-07-09T15:49:58","modified_gmt":"2025-07-09T13:49:58","slug":"veilleuse-personnalisee","status":"publish","type":"product","link":"https:\/\/copybeauxarts.com\/shop\/produit\/veilleuse-personnalisee\/","title":{"rendered":"Veilleuse personnalis\u00e9e"},"content":{"rendered":"<p>Offrez-vous ou vos proches une touche d\u2019\u00e9l\u00e9gance avec cette veilleuse en acrylique transparent. Parfaite pour sublimer les chambres des petits, elle s\u2019adapte aussi bien \u00e0 un usage personnel qu\u2019\u00e0 des occasions sp\u00e9ciales.<\/p>\n<h3><strong>Une id\u00e9e cadeau unique et polyvalente<\/strong><\/h3>\n<ul>\n<li><strong>Pour les professionnels :<\/strong> Venir y apposer sont logo afin de sublimer sont entreprise.<\/li>\n<li><strong>Pour des cadeaux personnalis\u00e9s :<\/strong> Ravissez vos proches avec des visuels grav\u00e9s tels que <em>\u00ab Mon logo \u00bb<\/em>, <em>\u00ab un dessin \u00bb<\/em>, ou encore <em>\u00ab un texte \u00bb<\/em>.<\/li>\n<\/ul>\n<h3><strong>Caract\u00e9ristiques de la veilleuse<\/strong><\/h3>\n<ul>\n<li><strong>Dimensions :<\/strong> 17 cm x 13 cm<\/li>\n<li><strong>Mat\u00e9riau :<\/strong> acrylique<\/li>\n<li><strong>Entretien :<\/strong><br \/>\n<h3><strong>Recommandations techniques pour la gravure<\/strong><\/h3>\n<ul>\n<li><strong>Format requis :<\/strong> Fichier \u00e9lectronique au format SVG ou AI en noir (texte vectoris\u00e9).<\/li>\n<li><strong>Taille maximale :<\/strong> L\u2019illustration ou le texte doit mesurer au maximum 13 cm de long sur 13 cm de large.<\/li>\n<li><strong>Contraste naturel :<\/strong> La gravure est monochrome (non color\u00e9e) et repose sur le contraste entre l&rsquo;acrylique et la zone grav\u00e9e.<\/li>\n<li><strong>Restrictions :<\/strong> Nous ne pouvons pas graver des photos ou des d\u00e9tails trop petits ou fins.<\/li>\n<\/ul>\n<h3><strong>Frais de pr\u00e9paration des fichiers<\/strong><\/h3>\n<ul>\n<li>Fichier au format JPEG, GIF, PNG ou PDF : suppl\u00e9ment de <strong>3 \u20ac<\/strong> pour la conversion en noir et blanc.<\/li>\n<li>Document papier : suppl\u00e9ment de <strong>2 \u20ac<\/strong> pour le scan et le traitement num\u00e9rique.<\/li>\n<p><strong>Pr\u00eat \u00e0 commander ?<\/strong> Fournissez-nous votre fichier au format SVG ou AI pour commencer.<br \/>\nFaites de cette planche grav\u00e9e un cadeau inoubliable ou un outil professionnel \u00e9l\u00e9gant !<\/p>\n","protected":false},"excerpt":{"rendered":"<p>Offrez-vous ou vos proches une touche d\u2019\u00e9l\u00e9gance avec cette veilleuse en acrylique transparent. Parfaite pour sublimer les chambres des petits, elle s\u2019adapte aussi bien \u00e0 un usage personnel qu\u2019\u00e0 des occasions sp\u00e9ciales.<\/p>\n<h3><strong>Une id\u00e9e cadeau unique et polyvalente<\/strong><\/h3>\n<ul>\n<li><strong>Pour les professionnels :<\/strong> Venir y apposer sont logo afin de sublimer sont entreprise.<\/li>\n<li><strong>Pour des cadeaux personnalis\u00e9s :<\/strong> Ravissez vos proches avec des visuels grav\u00e9s tels que <em>\u00ab Mon logo \u00bb<\/em>, <em>\u00ab un dessin \u00bb<\/em>, ou encore <em>\u00ab un texte \u00bb<\/em>.<\/li>\n<\/ul>\n<h3><strong>Caract\u00e9ristiques de la veilleuse<\/strong><\/h3>\n<ul>\n<li><strong>Dimensions :<\/strong> 17 cm x 13 cm<\/li>\n<li><strong>Mat\u00e9riau :<\/strong> acrylique<\/li>\n<li><strong>Entretien :<\/strong><br \/>\n<h3><strong>Recommandations techniques pour la gravure<\/strong><\/h3>\n<ul>\n<li><strong>Format requis :<\/strong> Fichier \u00e9lectronique au format SVG ou AI en noir (texte vectoris\u00e9).<\/li>\n<li><strong>Taille maximale :<\/strong> L\u2019illustration ou le texte doit mesurer au maximum 13 cm de long sur 13 cm de large.<\/li>\n<li><strong>Contraste naturel :<\/strong> La gravure est monochrome (non color\u00e9e) et repose sur le contraste entre l&rsquo;acrylique et la zone grav\u00e9e.<\/li>\n<li><strong>Restrictions :<\/strong> Nous ne pouvons pas graver des photos ou des d\u00e9tails trop petits ou fins.<\/li>\n<\/ul>\n<h3><strong>Frais de pr\u00e9paration des fichiers<\/strong><\/h3>\n<ul>\n<li>Fichier au format JPEG, GIF, PNG ou PDF : suppl\u00e9ment de <strong>3 \u20ac<\/strong> pour la conversion en noir et blanc.<\/li>\n<li>Document papier : suppl\u00e9ment de <strong>2 \u20ac<\/strong> pour le scan et le traitement num\u00e9rique.<\/li>\n<p><strong>Pr\u00eat \u00e0 commander ?<\/strong> Fournissez-nous votre fichier au format SVG ou AI pour commencer.<br \/>\nFaites de cette planche grav\u00e9e un cadeau inoubliable ou un outil professionnel \u00e9l\u00e9gant !<\/p>\n","protected":false},"featured_media":3316,"template":"","meta":{"site-sidebar-layout":"default","site-content-layout":"default","ast-site-content-layout":"default","site-content-style":"default","site-sidebar-style":"default","ast-global-header-display":"","ast-banner-title-visibility":"","ast-main-header-display":"","ast-hfb-above-header-display":"","ast-hfb-below-header-display":"","ast-hfb-mobile-header-display":"","site-post-title":"","ast-breadcrumbs-content":"","ast-featured-img":"","footer-sml-layout":"","ast-disable-related-posts":"","theme-transparent-header-meta":"default","adv-header-id-meta":"","stick-header-meta":"default","header-above-stick-meta":"","header-main-stick-meta":"","header-below-stick-meta":"","astra-migrate-meta-layouts":"set","ast-page-background-enabled":"default","ast-page-background-meta":{"desktop":{"background-color":"var(--ast-global-color-4)","background-image":"","background-repeat":"repeat","background-position":"center center","background-size":"auto","background-attachment":"scroll","background-type":"","background-media":"","overlay-type":"","overlay-color":"","overlay-opacity":"","overlay-gradient":""},"tablet":{"background-color":"","background-image":"","background-repeat":"repeat","background-position":"center center","background-size":"auto","background-attachment":"scroll","background-type":"","background-media":"","overlay-type":"","overlay-color":"","overlay-opacity":"","overlay-gradient":""},"mobile":{"background-color":"","background-image":"","background-repeat":"repeat","background-position":"center center","background-size":"auto","background-attachment":"scroll","background-type":"","background-media":"","overlay-type":"","overlay-color":"","overlay-opacity":"","overlay-gradient":""}},"ast-content-background-meta":{"desktop":{"background-color":"var(--ast-global-color-5)","background-image":"","background-repeat":"repeat","background-position":"center center","background-size":"auto","background-attachment":"scroll","background-type":"","background-media":"","overlay-type":"","overlay-color":"","overlay-opacity":"","overlay-gradient":""},"tablet":{"background-color":"var(--ast-global-color-5)","background-image":"","background-repeat":"repeat","background-position":"center center","background-size":"auto","background-attachment":"scroll","background-type":"","background-media":"","overlay-type":"","overlay-color":"","overlay-opacity":"","overlay-gradient":""},"mobile":{"background-color":"var(--ast-global-color-5)","background-image":"","background-repeat":"repeat","background-position":"center center","background-size":"auto","background-attachment":"scroll","background-type":"","background-media":"","overlay-type":"","overlay-color":"","overlay-opacity":"","overlay-gradient":""}}},"product_brand":[],"product_cat":[26],"product_tag":[],"class_list":{"0":"post-3023","1":"product","2":"type-product","3":"status-publish","4":"has-post-thumbnail","6":"product_cat-objets","7":"desktop-align-center","8":"tablet-align-center","9":"mobile-align-center","10":"ast-product-gallery-layout-horizontal-slider","11":"ast-product-gallery-with-no-image","12":"ast-product-tabs-layout-horizontal","14":"first","15":"instock","16":"shipping-taxable","17":"purchasable","18":"product-type-simple"},"yoast_head":"<!-- This site is optimized with the Yoast SEO plugin v26.6 - https:\/\/yoast.com\/wordpress\/plugins\/seo\/ -->\n<title>Veilleuse personnalis\u00e9e - Montpellier - Copy Beaux Arts \u2022 Photocopie Impression objets personnalis\u00e9s Montpellier<\/title>\n<meta name=\"robots\" content=\"index, follow, max-snippet:-1, max-image-preview:large, max-video-preview:-1\" \/>\n<link rel=\"canonical\" href=\"https:\/\/copybeauxarts.com\/shop\/produit\/veilleuse-personnalisee\/\" \/>\n<meta property=\"og:locale\" content=\"fr_FR\" \/>\n<meta property=\"og:type\" content=\"article\" \/>\n<meta property=\"og:title\" content=\"Veilleuse personnalis\u00e9e - Montpellier - Copy Beaux Arts \u2022 Photocopie Impression objets personnalis\u00e9s Montpellier\" \/>\n<meta property=\"og:description\" content=\"Offrez-vous ou vos proches une touche d\u2019\u00e9l\u00e9gance avec cette veilleuse en acrylique transparent. Parfaite pour sublimer les chambres des petits, elle s\u2019adapte aussi bien \u00e0 un usage personnel qu\u2019\u00e0 des occasions sp\u00e9ciales. Une id\u00e9e cadeau unique et polyvalente   Pour les professionnels : Venir y apposer sont logo afin de sublimer sont entreprise.  Pour des cadeaux personnalis\u00e9s : Ravissez vos proches avec des visuels grav\u00e9s tels que \u00ab Mon logo \u00bb, \u00ab un dessin \u00bb, ou encore \u00ab un texte \u00bb.  Caract\u00e9ristiques de la veilleuse   Dimensions : 17 cm x 13 cm  Mat\u00e9riau : acrylique  Entretien :   Recommandations techniques pour la gravure   Format requis : Fichier \u00e9lectronique au format SVG ou AI en noir (texte vectoris\u00e9).  Taille maximale : L\u2019illustration ou le texte doit mesurer au maximum 13 cm de long sur 13 cm de large.  Contraste naturel : La gravure est monochrome (non color\u00e9e) et repose sur le contraste entre l&#039;acrylique et la zone grav\u00e9e.  Restrictions : Nous ne pouvons pas graver des photos ou des d\u00e9tails trop petits ou fins.  Frais de pr\u00e9paration des fichiers   Fichier au format JPEG, GIF, PNG ou PDF : suppl\u00e9ment de 3 \u20ac pour la conversion en noir et blanc.  Document papier : suppl\u00e9ment de 2 \u20ac pour le scan et le traitement num\u00e9rique.  Pr\u00eat \u00e0 commander ? Fournissez-nous votre fichier au format SVG ou AI pour commencer. Faites de cette planche grav\u00e9e un cadeau inoubliable ou un outil professionnel \u00e9l\u00e9gant !\" \/>\n<meta property=\"og:url\" content=\"https:\/\/copybeauxarts.com\/shop\/produit\/veilleuse-personnalisee\/\" \/>\n<meta property=\"og:site_name\" content=\"Copy Beaux Arts \u2022 Photocopie Impression objets personnalis\u00e9s Montpellier\" \/>\n<meta property=\"article:modified_time\" content=\"2025-07-09T13:49:58+00:00\" \/>\n<meta property=\"og:image\" content=\"https:\/\/copybeauxarts.com\/shop\/wp-content\/uploads\/2024\/11\/cadeau-soeur-anniversaire-led-veilleuse-en-acryli-1.jpg\" \/>\n\t<meta property=\"og:image:width\" content=\"700\" \/>\n\t<meta property=\"og:image:height\" content=\"700\" \/>\n\t<meta property=\"og:image:type\" content=\"image\/jpeg\" \/>\n<meta name=\"twitter:card\" content=\"summary_large_image\" \/>\n<meta name=\"twitter:label1\" content=\"Dur\u00e9e de lecture estim\u00e9e\" \/>\n\t<meta name=\"twitter:data1\" content=\"2 minutes\" \/>\n<script type=\"application\/ld+json\" class=\"yoast-schema-graph\">{\"@context\":\"https:\/\/schema.org\",\"@graph\":[{\"@type\":\"WebPage\",\"@id\":\"https:\/\/copybeauxarts.com\/shop\/produit\/veilleuse-personnalisee\/\",\"url\":\"https:\/\/copybeauxarts.com\/shop\/produit\/veilleuse-personnalisee\/\",\"name\":\"Veilleuse personnalis\u00e9e - Montpellier - Copy Beaux Arts \u2022 Photocopie Impression objets personnalis\u00e9s Montpellier\",\"isPartOf\":{\"@id\":\"https:\/\/copybeauxarts.com\/shop\/#website\"},\"primaryImageOfPage\":{\"@id\":\"https:\/\/copybeauxarts.com\/shop\/produit\/veilleuse-personnalisee\/#primaryimage\"},\"image\":{\"@id\":\"https:\/\/copybeauxarts.com\/shop\/produit\/veilleuse-personnalisee\/#primaryimage\"},\"thumbnailUrl\":\"https:\/\/copybeauxarts.com\/shop\/wp-content\/uploads\/2024\/11\/cadeau-soeur-anniversaire-led-veilleuse-en-acryli-1.jpg\",\"datePublished\":\"2024-11-18T14:27:33+00:00\",\"dateModified\":\"2025-07-09T13:49:58+00:00\",\"breadcrumb\":{\"@id\":\"https:\/\/copybeauxarts.com\/shop\/produit\/veilleuse-personnalisee\/#breadcrumb\"},\"inLanguage\":\"fr-FR\",\"potentialAction\":[{\"@type\":\"ReadAction\",\"target\":[\"https:\/\/copybeauxarts.com\/shop\/produit\/veilleuse-personnalisee\/\"]}]},{\"@type\":\"ImageObject\",\"inLanguage\":\"fr-FR\",\"@id\":\"https:\/\/copybeauxarts.com\/shop\/produit\/veilleuse-personnalisee\/#primaryimage\",\"url\":\"https:\/\/copybeauxarts.com\/shop\/wp-content\/uploads\/2024\/11\/cadeau-soeur-anniversaire-led-veilleuse-en-acryli-1.jpg\",\"contentUrl\":\"https:\/\/copybeauxarts.com\/shop\/wp-content\/uploads\/2024\/11\/cadeau-soeur-anniversaire-led-veilleuse-en-acryli-1.jpg\",\"width\":700,\"height\":700},{\"@type\":\"BreadcrumbList\",\"@id\":\"https:\/\/copybeauxarts.com\/shop\/produit\/veilleuse-personnalisee\/#breadcrumb\",\"itemListElement\":[{\"@type\":\"ListItem\",\"position\":1,\"name\":\"Accueil\",\"item\":\"https:\/\/copybeauxarts.com\/shop\/\"},{\"@type\":\"ListItem\",\"position\":2,\"name\":\"Shop\",\"item\":\"https:\/\/copybeauxarts.com\/shop\/shop\/\"},{\"@type\":\"ListItem\",\"position\":3,\"name\":\"Veilleuse personnalis\u00e9e\"}]},{\"@type\":\"WebSite\",\"@id\":\"https:\/\/copybeauxarts.com\/shop\/#website\",\"url\":\"https:\/\/copybeauxarts.com\/shop\/\",\"name\":\"Copy Beaux Arts \u2022 Photocopie Impression objets personnalis\u00e9s Montpellier\",\"description\":\"Impression tshirts mugs cadeaux et tous objets personnalis\u00e9s\",\"publisher\":{\"@id\":\"https:\/\/copybeauxarts.com\/shop\/#organization\"},\"potentialAction\":[{\"@type\":\"SearchAction\",\"target\":{\"@type\":\"EntryPoint\",\"urlTemplate\":\"https:\/\/copybeauxarts.com\/shop\/?s={search_term_string}\"},\"query-input\":{\"@type\":\"PropertyValueSpecification\",\"valueRequired\":true,\"valueName\":\"search_term_string\"}}],\"inLanguage\":\"fr-FR\"},{\"@type\":\"Organization\",\"@id\":\"https:\/\/copybeauxarts.com\/shop\/#organization\",\"name\":\"Copy Beaux Arts \u2022 Photocopie Impression objets personnalis\u00e9s Montpellier\",\"url\":\"https:\/\/copybeauxarts.com\/shop\/\",\"logo\":{\"@type\":\"ImageObject\",\"inLanguage\":\"fr-FR\",\"@id\":\"https:\/\/copybeauxarts.com\/shop\/#\/schema\/logo\/image\/\",\"url\":\"https:\/\/copybeauxarts.com\/shop\/wp-content\/uploads\/2025\/12\/logo-copy-beaux-arts-montpellier.png\",\"contentUrl\":\"https:\/\/copybeauxarts.com\/shop\/wp-content\/uploads\/2025\/12\/logo-copy-beaux-arts-montpellier.png\",\"width\":247,\"height\":133,\"caption\":\"Copy Beaux Arts \u2022 Photocopie Impression objets personnalis\u00e9s Montpellier\"},\"image\":{\"@id\":\"https:\/\/copybeauxarts.com\/shop\/#\/schema\/logo\/image\/\"}}]}<\/script>\n<!-- \/ Yoast SEO plugin. -->","yoast_head_json":{"title":"Veilleuse personnalis\u00e9e - Montpellier - Copy Beaux Arts \u2022 Photocopie Impression objets personnalis\u00e9s Montpellier","robots":{"index":"index","follow":"follow","max-snippet":"max-snippet:-1","max-image-preview":"max-image-preview:large","max-video-preview":"max-video-preview:-1"},"canonical":"https:\/\/copybeauxarts.com\/shop\/produit\/veilleuse-personnalisee\/","og_locale":"fr_FR","og_type":"article","og_title":"Veilleuse personnalis\u00e9e - Montpellier - Copy Beaux Arts \u2022 Photocopie Impression objets personnalis\u00e9s Montpellier","og_description":"Offrez-vous ou vos proches une touche d\u2019\u00e9l\u00e9gance avec cette veilleuse en acrylique transparent. Parfaite pour sublimer les chambres des petits, elle s\u2019adapte aussi bien \u00e0 un usage personnel qu\u2019\u00e0 des occasions sp\u00e9ciales. Une id\u00e9e cadeau unique et polyvalente   Pour les professionnels : Venir y apposer sont logo afin de sublimer sont entreprise.  Pour des cadeaux personnalis\u00e9s : Ravissez vos proches avec des visuels grav\u00e9s tels que \u00ab Mon logo \u00bb, \u00ab un dessin \u00bb, ou encore \u00ab un texte \u00bb.  Caract\u00e9ristiques de la veilleuse   Dimensions : 17 cm x 13 cm  Mat\u00e9riau : acrylique  Entretien :   Recommandations techniques pour la gravure   Format requis : Fichier \u00e9lectronique au format SVG ou AI en noir (texte vectoris\u00e9).  Taille maximale : L\u2019illustration ou le texte doit mesurer au maximum 13 cm de long sur 13 cm de large.  Contraste naturel : La gravure est monochrome (non color\u00e9e) et repose sur le contraste entre l'acrylique et la zone grav\u00e9e.  Restrictions : Nous ne pouvons pas graver des photos ou des d\u00e9tails trop petits ou fins.  Frais de pr\u00e9paration des fichiers   Fichier au format JPEG, GIF, PNG ou PDF : suppl\u00e9ment de 3 \u20ac pour la conversion en noir et blanc.  Document papier : suppl\u00e9ment de 2 \u20ac pour le scan et le traitement num\u00e9rique.  Pr\u00eat \u00e0 commander ? Fournissez-nous votre fichier au format SVG ou AI pour commencer. Faites de cette planche grav\u00e9e un cadeau inoubliable ou un outil professionnel \u00e9l\u00e9gant !","og_url":"https:\/\/copybeauxarts.com\/shop\/produit\/veilleuse-personnalisee\/","og_site_name":"Copy Beaux Arts \u2022 Photocopie Impression objets personnalis\u00e9s Montpellier","article_modified_time":"2025-07-09T13:49:58+00:00","og_image":[{"width":700,"height":700,"url":"https:\/\/copybeauxarts.com\/shop\/wp-content\/uploads\/2024\/11\/cadeau-soeur-anniversaire-led-veilleuse-en-acryli-1.jpg","type":"image\/jpeg"}],"twitter_card":"summary_large_image","twitter_misc":{"Dur\u00e9e de lecture estim\u00e9e":"2 minutes"},"schema":{"@context":"https:\/\/schema.org","@graph":[{"@type":"WebPage","@id":"https:\/\/copybeauxarts.com\/shop\/produit\/veilleuse-personnalisee\/","url":"https:\/\/copybeauxarts.com\/shop\/produit\/veilleuse-personnalisee\/","name":"Veilleuse personnalis\u00e9e - Montpellier - Copy Beaux Arts \u2022 Photocopie Impression objets personnalis\u00e9s Montpellier","isPartOf":{"@id":"https:\/\/copybeauxarts.com\/shop\/#website"},"primaryImageOfPage":{"@id":"https:\/\/copybeauxarts.com\/shop\/produit\/veilleuse-personnalisee\/#primaryimage"},"image":{"@id":"https:\/\/copybeauxarts.com\/shop\/produit\/veilleuse-personnalisee\/#primaryimage"},"thumbnailUrl":"https:\/\/copybeauxarts.com\/shop\/wp-content\/uploads\/2024\/11\/cadeau-soeur-anniversaire-led-veilleuse-en-acryli-1.jpg","datePublished":"2024-11-18T14:27:33+00:00","dateModified":"2025-07-09T13:49:58+00:00","breadcrumb":{"@id":"https:\/\/copybeauxarts.com\/shop\/produit\/veilleuse-personnalisee\/#breadcrumb"},"inLanguage":"fr-FR","potentialAction":[{"@type":"ReadAction","target":["https:\/\/copybeauxarts.com\/shop\/produit\/veilleuse-personnalisee\/"]}]},{"@type":"ImageObject","inLanguage":"fr-FR","@id":"https:\/\/copybeauxarts.com\/shop\/produit\/veilleuse-personnalisee\/#primaryimage","url":"https:\/\/copybeauxarts.com\/shop\/wp-content\/uploads\/2024\/11\/cadeau-soeur-anniversaire-led-veilleuse-en-acryli-1.jpg","contentUrl":"https:\/\/copybeauxarts.com\/shop\/wp-content\/uploads\/2024\/11\/cadeau-soeur-anniversaire-led-veilleuse-en-acryli-1.jpg","width":700,"height":700},{"@type":"BreadcrumbList","@id":"https:\/\/copybeauxarts.com\/shop\/produit\/veilleuse-personnalisee\/#breadcrumb","itemListElement":[{"@type":"ListItem","position":1,"name":"Accueil","item":"https:\/\/copybeauxarts.com\/shop\/"},{"@type":"ListItem","position":2,"name":"Shop","item":"https:\/\/copybeauxarts.com\/shop\/shop\/"},{"@type":"ListItem","position":3,"name":"Veilleuse personnalis\u00e9e"}]},{"@type":"WebSite","@id":"https:\/\/copybeauxarts.com\/shop\/#website","url":"https:\/\/copybeauxarts.com\/shop\/","name":"Copy Beaux Arts \u2022 Photocopie Impression objets personnalis\u00e9s Montpellier","description":"Impression tshirts mugs cadeaux et tous objets personnalis\u00e9s","publisher":{"@id":"https:\/\/copybeauxarts.com\/shop\/#organization"},"potentialAction":[{"@type":"SearchAction","target":{"@type":"EntryPoint","urlTemplate":"https:\/\/copybeauxarts.com\/shop\/?s={search_term_string}"},"query-input":{"@type":"PropertyValueSpecification","valueRequired":true,"valueName":"search_term_string"}}],"inLanguage":"fr-FR"},{"@type":"Organization","@id":"https:\/\/copybeauxarts.com\/shop\/#organization","name":"Copy Beaux Arts \u2022 Photocopie Impression objets personnalis\u00e9s Montpellier","url":"https:\/\/copybeauxarts.com\/shop\/","logo":{"@type":"ImageObject","inLanguage":"fr-FR","@id":"https:\/\/copybeauxarts.com\/shop\/#\/schema\/logo\/image\/","url":"https:\/\/copybeauxarts.com\/shop\/wp-content\/uploads\/2025\/12\/logo-copy-beaux-arts-montpellier.png","contentUrl":"https:\/\/copybeauxarts.com\/shop\/wp-content\/uploads\/2025\/12\/logo-copy-beaux-arts-montpellier.png","width":247,"height":133,"caption":"Copy Beaux Arts \u2022 Photocopie Impression objets personnalis\u00e9s Montpellier"},"image":{"@id":"https:\/\/copybeauxarts.com\/shop\/#\/schema\/logo\/image\/"}}]}},"_links":{"self":[{"href":"https:\/\/copybeauxarts.com\/shop\/wp-json\/wp\/v2\/product\/3023","targetHints":{"allow":["GET"]}}],"collection":[{"href":"https:\/\/copybeauxarts.com\/shop\/wp-json\/wp\/v2\/product"}],"about":[{"href":"https:\/\/copybeauxarts.com\/shop\/wp-json\/wp\/v2\/types\/product"}],"wp:featuredmedia":[{"embeddable":true,"href":"https:\/\/copybeauxarts.com\/shop\/wp-json\/wp\/v2\/media\/3316"}],"wp:attachment":[{"href":"https:\/\/copybeauxarts.com\/shop\/wp-json\/wp\/v2\/media?parent=3023"}],"wp:term":[{"taxonomy":"product_brand","embeddable":true,"href":"https:\/\/copybeauxarts.com\/shop\/wp-json\/wp\/v2\/product_brand?post=3023"},{"taxonomy":"product_cat","embeddable":true,"href":"https:\/\/copybeauxarts.com\/shop\/wp-json\/wp\/v2\/product_cat?post=3023"},{"taxonomy":"product_tag","embeddable":true,"href":"https:\/\/copybeauxarts.com\/shop\/wp-json\/wp\/v2\/product_tag?post=3023"}],"curies":[{"name":"wp","href":"https:\/\/api.w.org\/{rel}","templated":true}]}}