{"id":302,"date":"2025-07-08T17:02:55","date_gmt":"2025-07-08T15:02:55","guid":{"rendered":"https:\/\/copybeauxarts.com\/shop\/?post_type=product&#038;p=302"},"modified":"2025-09-12T16:01:39","modified_gmt":"2025-09-12T14:01:39","slug":"mug-classique-blanc-a-personnaliser","status":"publish","type":"product","link":"https:\/\/copybeauxarts.com\/shop\/produit\/mug-classique-blanc-a-personnaliser\/","title":{"rendered":"Mug classique blanc \u00e0 personnaliser"},"content":{"rendered":"","protected":false},"excerpt":{"rendered":"<p>300 mL<br \/>\n82&#215;90 mm<br \/>\nsurface de marquage 190x85mm<br \/>\nClasse A+<br \/>\nMat en c\u00e9ramique<\/p>\n<p>____<\/p>\n<p>D\u00e9lais de fabrication minimum 48H \u00e0 r\u00e9ception du message de confirmation de faisabilit\u00e9.<\/p>\n<p>Prix TTC \u2013 Disponibilit\u00e9 selon Stock \u2013 Tarif pour 1 marquage<\/p>\n<p><span class=\"word menu-enabled\" style=\"font-style: italic;\">Possibilit\u00e9<\/span><i>\u00a0<\/i><span class=\"word menu-enabled\"><i>d&rsquo;envoi <\/i><\/span><i>(\u00a0<\/i><span class=\"word menu-enabled\" style=\"font-style: italic;\">avec<\/span><i>\u00a0<\/i><span class=\"word menu-enabled\" style=\"font-style: italic;\">frais<\/span><i>\u00a0<\/i><span class=\"word menu-enabled\" style=\"font-style: italic;\">de<\/span><i>\u00a0<\/i><span class=\"word menu-enabled\" style=\"font-style: italic;\">port<\/span><i>\u00a0)\u00a0<\/i><span class=\"word menu-enabled\" style=\"font-style: italic;\">de<\/span><i>\u00a01\u00a0<\/i><span class=\"word menu-enabled\" style=\"font-style: italic;\">\u00e0<\/span><i>\u00a010\u00a0<\/i><span class=\"word menu-enabled\" style=\"font-style: italic;\">articles<\/span><i>. <\/i><\/p>\n<p><i>Au del\u00e0 <\/i><span class=\"word menu-enabled\" style=\"font-style: italic;\">de<\/span><i>\u00a010\u00a0<\/i><span class=\"word menu-enabled\" style=\"font-style: italic;\">articles<\/span><i>,\u00a0<\/i><span class=\"word menu-enabled\" style=\"font-style: italic;\">merci<\/span><i>\u00a0<\/i><span class=\"word menu-enabled\" style=\"font-style: italic;\">de<\/span><i>\u00a0<\/i><span class=\"word menu-enabled\" style=\"font-style: italic;\">nous<\/span><i>\u00a0<\/i><span class=\"word menu-enabled\" style=\"font-style: italic;\">contacter<\/span><i>\u00a0<\/i><span class=\"word menu-enabled\" style=\"font-style: italic;\">par<\/span><i>\u00a0<\/i><span class=\"word menu-enabled\" style=\"font-style: italic;\">mail<\/span> <i>: cpba34@gmail.com<\/i><\/p>\n","protected":false},"featured_media":264,"template":"","meta":{"site-sidebar-layout":"default","site-content-layout":"default","ast-site-content-layout":"default","site-content-style":"default","site-sidebar-style":"default","ast-global-header-display":"","ast-banner-title-visibility":"","ast-main-header-display":"","ast-hfb-above-header-display":"","ast-hfb-below-header-display":"","ast-hfb-mobile-header-display":"","site-post-title":"","ast-breadcrumbs-content":"","ast-featured-img":"","footer-sml-layout":"","ast-disable-related-posts":"","theme-transparent-header-meta":"default","adv-header-id-meta":"","stick-header-meta":"default","header-above-stick-meta":"","header-main-stick-meta":"","header-below-stick-meta":"","astra-migrate-meta-layouts":"set","ast-page-background-enabled":"default","ast-page-background-meta":{"desktop":{"background-color":"var(--ast-global-color-4)","background-image":"","background-repeat":"repeat","background-position":"center center","background-size":"auto","background-attachment":"scroll","background-type":"","background-media":"","overlay-type":"","overlay-color":"","overlay-opacity":"","overlay-gradient":""},"tablet":{"background-color":"","background-image":"","background-repeat":"repeat","background-position":"center center","background-size":"auto","background-attachment":"scroll","background-type":"","background-media":"","overlay-type":"","overlay-color":"","overlay-opacity":"","overlay-gradient":""},"mobile":{"background-color":"","background-image":"","background-repeat":"repeat","background-position":"center center","background-size":"auto","background-attachment":"scroll","background-type":"","background-media":"","overlay-type":"","overlay-color":"","overlay-opacity":"","overlay-gradient":""}},"ast-content-background-meta":{"desktop":{"background-color":"var(--ast-global-color-5)","background-image":"","background-repeat":"repeat","background-position":"center center","background-size":"auto","background-attachment":"scroll","background-type":"","background-media":"","overlay-type":"","overlay-color":"","overlay-opacity":"","overlay-gradient":""},"tablet":{"background-color":"var(--ast-global-color-5)","background-image":"","background-repeat":"repeat","background-position":"center center","background-size":"auto","background-attachment":"scroll","background-type":"","background-media":"","overlay-type":"","overlay-color":"","overlay-opacity":"","overlay-gradient":""},"mobile":{"background-color":"var(--ast-global-color-5)","background-image":"","background-repeat":"repeat","background-position":"center center","background-size":"auto","background-attachment":"scroll","background-type":"","background-media":"","overlay-type":"","overlay-color":"","overlay-opacity":"","overlay-gradient":""}}},"product_brand":[],"product_cat":[26,38],"product_tag":[],"class_list":{"0":"post-302","1":"product","2":"type-product","3":"status-publish","4":"has-post-thumbnail","6":"product_cat-objets","7":"product_cat-sublimation","8":"desktop-align-center","9":"tablet-align-center","10":"mobile-align-center","11":"ast-product-gallery-layout-horizontal-slider","12":"ast-product-tabs-layout-horizontal","14":"first","15":"instock","16":"shipping-taxable","17":"purchasable","18":"product-type-simple"},"yoast_head":"<!-- This site is optimized with the Yoast SEO plugin v26.6 - https:\/\/yoast.com\/wordpress\/plugins\/seo\/ -->\n<title>Mug classique blanc \u00e0 personnaliser - Montpellier - Copy Beaux Arts \u2022 Photocopie Impression objets personnalis\u00e9s Montpellier<\/title>\n<meta name=\"description\" content=\"Mug blanc classique personnalisable avec vos Photos, dessins, et messages personnalis\u00e9s. Pour vous ou vos proches, id\u00e9e cadeaux...\" \/>\n<meta name=\"robots\" content=\"index, follow, max-snippet:-1, max-image-preview:large, max-video-preview:-1\" \/>\n<link rel=\"canonical\" href=\"https:\/\/copybeauxarts.com\/shop\/produit\/mug-classique-blanc-a-personnaliser\/\" \/>\n<meta property=\"og:locale\" content=\"fr_FR\" \/>\n<meta property=\"og:type\" content=\"article\" \/>\n<meta property=\"og:title\" content=\"Mug classique blanc \u00e0 personnaliser - Montpellier - Copy Beaux Arts \u2022 Photocopie Impression objets personnalis\u00e9s Montpellier\" \/>\n<meta property=\"og:description\" content=\"Mug blanc classique personnalisable avec vos Photos, dessins, et messages personnalis\u00e9s. Pour vous ou vos proches, id\u00e9e cadeaux...\" \/>\n<meta property=\"og:url\" content=\"https:\/\/copybeauxarts.com\/shop\/produit\/mug-classique-blanc-a-personnaliser\/\" \/>\n<meta property=\"og:site_name\" content=\"Copy Beaux Arts \u2022 Photocopie Impression objets personnalis\u00e9s Montpellier\" \/>\n<meta property=\"article:modified_time\" content=\"2025-09-12T14:01:39+00:00\" \/>\n<meta property=\"og:image\" content=\"https:\/\/copybeauxarts.com\/shop\/wp-content\/uploads\/2018\/11\/mug.png\" \/>\n\t<meta property=\"og:image:width\" content=\"500\" \/>\n\t<meta property=\"og:image:height\" content=\"500\" \/>\n\t<meta property=\"og:image:type\" content=\"image\/png\" \/>\n<meta name=\"twitter:card\" content=\"summary_large_image\" \/>\n<meta name=\"twitter:label1\" content=\"Dur\u00e9e de lecture estim\u00e9e\" \/>\n\t<meta name=\"twitter:data1\" content=\"1 minute\" \/>\n<script type=\"application\/ld+json\" class=\"yoast-schema-graph\">{\"@context\":\"https:\/\/schema.org\",\"@graph\":[{\"@type\":\"WebPage\",\"@id\":\"https:\/\/copybeauxarts.com\/shop\/produit\/mug-classique-blanc-a-personnaliser\/\",\"url\":\"https:\/\/copybeauxarts.com\/shop\/produit\/mug-classique-blanc-a-personnaliser\/\",\"name\":\"Mug classique blanc \u00e0 personnaliser - Montpellier - Copy Beaux Arts \u2022 Photocopie Impression objets personnalis\u00e9s Montpellier\",\"isPartOf\":{\"@id\":\"https:\/\/copybeauxarts.com\/shop\/#website\"},\"primaryImageOfPage\":{\"@id\":\"https:\/\/copybeauxarts.com\/shop\/produit\/mug-classique-blanc-a-personnaliser\/#primaryimage\"},\"image\":{\"@id\":\"https:\/\/copybeauxarts.com\/shop\/produit\/mug-classique-blanc-a-personnaliser\/#primaryimage\"},\"thumbnailUrl\":\"https:\/\/copybeauxarts.com\/shop\/wp-content\/uploads\/2018\/11\/mug.png\",\"datePublished\":\"2025-07-08T15:02:55+00:00\",\"dateModified\":\"2025-09-12T14:01:39+00:00\",\"description\":\"Mug blanc classique personnalisable avec vos Photos, dessins, et messages personnalis\u00e9s. Pour vous ou vos proches, id\u00e9e cadeaux...\",\"breadcrumb\":{\"@id\":\"https:\/\/copybeauxarts.com\/shop\/produit\/mug-classique-blanc-a-personnaliser\/#breadcrumb\"},\"inLanguage\":\"fr-FR\",\"potentialAction\":[{\"@type\":\"ReadAction\",\"target\":[\"https:\/\/copybeauxarts.com\/shop\/produit\/mug-classique-blanc-a-personnaliser\/\"]}]},{\"@type\":\"ImageObject\",\"inLanguage\":\"fr-FR\",\"@id\":\"https:\/\/copybeauxarts.com\/shop\/produit\/mug-classique-blanc-a-personnaliser\/#primaryimage\",\"url\":\"https:\/\/copybeauxarts.com\/shop\/wp-content\/uploads\/2018\/11\/mug.png\",\"contentUrl\":\"https:\/\/copybeauxarts.com\/shop\/wp-content\/uploads\/2018\/11\/mug.png\",\"width\":500,\"height\":500},{\"@type\":\"BreadcrumbList\",\"@id\":\"https:\/\/copybeauxarts.com\/shop\/produit\/mug-classique-blanc-a-personnaliser\/#breadcrumb\",\"itemListElement\":[{\"@type\":\"ListItem\",\"position\":1,\"name\":\"Accueil\",\"item\":\"https:\/\/copybeauxarts.com\/shop\/\"},{\"@type\":\"ListItem\",\"position\":2,\"name\":\"Shop\",\"item\":\"https:\/\/copybeauxarts.com\/shop\/shop\/\"},{\"@type\":\"ListItem\",\"position\":3,\"name\":\"Mug classique blanc \u00e0 personnaliser\"}]},{\"@type\":\"WebSite\",\"@id\":\"https:\/\/copybeauxarts.com\/shop\/#website\",\"url\":\"https:\/\/copybeauxarts.com\/shop\/\",\"name\":\"Copy Beaux Arts \u2022 Photocopie Impression objets personnalis\u00e9s Montpellier\",\"description\":\"Impression tshirts mugs cadeaux et tous objets personnalis\u00e9s\",\"publisher\":{\"@id\":\"https:\/\/copybeauxarts.com\/shop\/#organization\"},\"potentialAction\":[{\"@type\":\"SearchAction\",\"target\":{\"@type\":\"EntryPoint\",\"urlTemplate\":\"https:\/\/copybeauxarts.com\/shop\/?s={search_term_string}\"},\"query-input\":{\"@type\":\"PropertyValueSpecification\",\"valueRequired\":true,\"valueName\":\"search_term_string\"}}],\"inLanguage\":\"fr-FR\"},{\"@type\":\"Organization\",\"@id\":\"https:\/\/copybeauxarts.com\/shop\/#organization\",\"name\":\"Copy Beaux Arts \u2022 Photocopie Impression objets personnalis\u00e9s Montpellier\",\"url\":\"https:\/\/copybeauxarts.com\/shop\/\",\"logo\":{\"@type\":\"ImageObject\",\"inLanguage\":\"fr-FR\",\"@id\":\"https:\/\/copybeauxarts.com\/shop\/#\/schema\/logo\/image\/\",\"url\":\"https:\/\/copybeauxarts.com\/shop\/wp-content\/uploads\/2025\/12\/logo-copy-beaux-arts-montpellier.png\",\"contentUrl\":\"https:\/\/copybeauxarts.com\/shop\/wp-content\/uploads\/2025\/12\/logo-copy-beaux-arts-montpellier.png\",\"width\":247,\"height\":133,\"caption\":\"Copy Beaux Arts \u2022 Photocopie Impression objets personnalis\u00e9s Montpellier\"},\"image\":{\"@id\":\"https:\/\/copybeauxarts.com\/shop\/#\/schema\/logo\/image\/\"}}]}<\/script>\n<!-- \/ Yoast SEO plugin. -->","yoast_head_json":{"title":"Mug classique blanc \u00e0 personnaliser - Montpellier - Copy Beaux Arts \u2022 Photocopie Impression objets personnalis\u00e9s Montpellier","description":"Mug blanc classique personnalisable avec vos Photos, dessins, et messages personnalis\u00e9s. Pour vous ou vos proches, id\u00e9e cadeaux...","robots":{"index":"index","follow":"follow","max-snippet":"max-snippet:-1","max-image-preview":"max-image-preview:large","max-video-preview":"max-video-preview:-1"},"canonical":"https:\/\/copybeauxarts.com\/shop\/produit\/mug-classique-blanc-a-personnaliser\/","og_locale":"fr_FR","og_type":"article","og_title":"Mug classique blanc \u00e0 personnaliser - Montpellier - Copy Beaux Arts \u2022 Photocopie Impression objets personnalis\u00e9s Montpellier","og_description":"Mug blanc classique personnalisable avec vos Photos, dessins, et messages personnalis\u00e9s. Pour vous ou vos proches, id\u00e9e cadeaux...","og_url":"https:\/\/copybeauxarts.com\/shop\/produit\/mug-classique-blanc-a-personnaliser\/","og_site_name":"Copy Beaux Arts \u2022 Photocopie Impression objets personnalis\u00e9s Montpellier","article_modified_time":"2025-09-12T14:01:39+00:00","og_image":[{"width":500,"height":500,"url":"https:\/\/copybeauxarts.com\/shop\/wp-content\/uploads\/2018\/11\/mug.png","type":"image\/png"}],"twitter_card":"summary_large_image","twitter_misc":{"Dur\u00e9e de lecture estim\u00e9e":"1 minute"},"schema":{"@context":"https:\/\/schema.org","@graph":[{"@type":"WebPage","@id":"https:\/\/copybeauxarts.com\/shop\/produit\/mug-classique-blanc-a-personnaliser\/","url":"https:\/\/copybeauxarts.com\/shop\/produit\/mug-classique-blanc-a-personnaliser\/","name":"Mug classique blanc \u00e0 personnaliser - Montpellier - Copy Beaux Arts \u2022 Photocopie Impression objets personnalis\u00e9s Montpellier","isPartOf":{"@id":"https:\/\/copybeauxarts.com\/shop\/#website"},"primaryImageOfPage":{"@id":"https:\/\/copybeauxarts.com\/shop\/produit\/mug-classique-blanc-a-personnaliser\/#primaryimage"},"image":{"@id":"https:\/\/copybeauxarts.com\/shop\/produit\/mug-classique-blanc-a-personnaliser\/#primaryimage"},"thumbnailUrl":"https:\/\/copybeauxarts.com\/shop\/wp-content\/uploads\/2018\/11\/mug.png","datePublished":"2025-07-08T15:02:55+00:00","dateModified":"2025-09-12T14:01:39+00:00","description":"Mug blanc classique personnalisable avec vos Photos, dessins, et messages personnalis\u00e9s. Pour vous ou vos proches, id\u00e9e cadeaux...","breadcrumb":{"@id":"https:\/\/copybeauxarts.com\/shop\/produit\/mug-classique-blanc-a-personnaliser\/#breadcrumb"},"inLanguage":"fr-FR","potentialAction":[{"@type":"ReadAction","target":["https:\/\/copybeauxarts.com\/shop\/produit\/mug-classique-blanc-a-personnaliser\/"]}]},{"@type":"ImageObject","inLanguage":"fr-FR","@id":"https:\/\/copybeauxarts.com\/shop\/produit\/mug-classique-blanc-a-personnaliser\/#primaryimage","url":"https:\/\/copybeauxarts.com\/shop\/wp-content\/uploads\/2018\/11\/mug.png","contentUrl":"https:\/\/copybeauxarts.com\/shop\/wp-content\/uploads\/2018\/11\/mug.png","width":500,"height":500},{"@type":"BreadcrumbList","@id":"https:\/\/copybeauxarts.com\/shop\/produit\/mug-classique-blanc-a-personnaliser\/#breadcrumb","itemListElement":[{"@type":"ListItem","position":1,"name":"Accueil","item":"https:\/\/copybeauxarts.com\/shop\/"},{"@type":"ListItem","position":2,"name":"Shop","item":"https:\/\/copybeauxarts.com\/shop\/shop\/"},{"@type":"ListItem","position":3,"name":"Mug classique blanc \u00e0 personnaliser"}]},{"@type":"WebSite","@id":"https:\/\/copybeauxarts.com\/shop\/#website","url":"https:\/\/copybeauxarts.com\/shop\/","name":"Copy Beaux Arts \u2022 Photocopie Impression objets personnalis\u00e9s Montpellier","description":"Impression tshirts mugs cadeaux et tous objets personnalis\u00e9s","publisher":{"@id":"https:\/\/copybeauxarts.com\/shop\/#organization"},"potentialAction":[{"@type":"SearchAction","target":{"@type":"EntryPoint","urlTemplate":"https:\/\/copybeauxarts.com\/shop\/?s={search_term_string}"},"query-input":{"@type":"PropertyValueSpecification","valueRequired":true,"valueName":"search_term_string"}}],"inLanguage":"fr-FR"},{"@type":"Organization","@id":"https:\/\/copybeauxarts.com\/shop\/#organization","name":"Copy Beaux Arts \u2022 Photocopie Impression objets personnalis\u00e9s Montpellier","url":"https:\/\/copybeauxarts.com\/shop\/","logo":{"@type":"ImageObject","inLanguage":"fr-FR","@id":"https:\/\/copybeauxarts.com\/shop\/#\/schema\/logo\/image\/","url":"https:\/\/copybeauxarts.com\/shop\/wp-content\/uploads\/2025\/12\/logo-copy-beaux-arts-montpellier.png","contentUrl":"https:\/\/copybeauxarts.com\/shop\/wp-content\/uploads\/2025\/12\/logo-copy-beaux-arts-montpellier.png","width":247,"height":133,"caption":"Copy Beaux Arts \u2022 Photocopie Impression objets personnalis\u00e9s Montpellier"},"image":{"@id":"https:\/\/copybeauxarts.com\/shop\/#\/schema\/logo\/image\/"}}]}},"_links":{"self":[{"href":"https:\/\/copybeauxarts.com\/shop\/wp-json\/wp\/v2\/product\/302","targetHints":{"allow":["GET"]}}],"collection":[{"href":"https:\/\/copybeauxarts.com\/shop\/wp-json\/wp\/v2\/product"}],"about":[{"href":"https:\/\/copybeauxarts.com\/shop\/wp-json\/wp\/v2\/types\/product"}],"wp:featuredmedia":[{"embeddable":true,"href":"https:\/\/copybeauxarts.com\/shop\/wp-json\/wp\/v2\/media\/264"}],"wp:attachment":[{"href":"https:\/\/copybeauxarts.com\/shop\/wp-json\/wp\/v2\/media?parent=302"}],"wp:term":[{"taxonomy":"product_brand","embeddable":true,"href":"https:\/\/copybeauxarts.com\/shop\/wp-json\/wp\/v2\/product_brand?post=302"},{"taxonomy":"product_cat","embeddable":true,"href":"https:\/\/copybeauxarts.com\/shop\/wp-json\/wp\/v2\/product_cat?post=302"},{"taxonomy":"product_tag","embeddable":true,"href":"https:\/\/copybeauxarts.com\/shop\/wp-json\/wp\/v2\/product_tag?post=302"}],"curies":[{"name":"wp","href":"https:\/\/api.w.org\/{rel}","templated":true}]}}