{"id":2818,"date":"2024-02-21T14:59:42","date_gmt":"2024-02-21T13:59:42","guid":{"rendered":"https:\/\/copybeauxarts.com\/shop\/?post_type=product&#038;p=2818"},"modified":"2024-02-21T15:12:41","modified_gmt":"2024-02-21T14:12:41","slug":"badge-aimante-personnalise-de-58-mm","status":"publish","type":"product","link":"https:\/\/copybeauxarts.com\/shop\/produit\/badge-aimante-personnalise-de-58-mm\/","title":{"rendered":"Badge Aimant\u00e9 Personnalis\u00e9 de 58 mm"},"content":{"rendered":"<p>Badges magn\u00e9tiques \u00a0compos\u00e9s d&rsquo;une\u00a0 coque sup\u00e9rieure m\u00e9tallique \u00e0 personnaliser\u00a0 et d&rsquo;une partie inf\u00e9rieure d\u00f4t\u00e9e d&rsquo;un aimant.<\/p>\n<p>Caract\u00e9ristiques:<\/p>\n<p>&#8211; En acier haute qualit\u00e9.<br \/>\n&#8211; Film plastique mylar haute r\u00e9sistance et haute brillance.<\/p>\n<p>Pour un cadeau\u00a0 ou \u00e9galement\u00a0 lancer des invitations en forme de badge (type SAVE THE DATE) pour vos mariages, anniversaires, etc&#8230;<\/p>\n<p>Tarif:<\/p>\n<p>1 Badge = 9.50\u20ac TTC\/unit\u00e9<\/p>\n<p>2 Badges = 9.10 \u20acTTC\/unit\u00e9<\/p>\n<p>3 badges = 8.80 \u20acTTC\/unit\u00e9<\/p>\n<p>4 Badges= 8.65\u20acTTC\/unit\u00e9<\/p>\n<p>5 Badges= 8.55\u20acTT\/unit\u00e9<\/p>\n<p>10 Badges= 7.60\u20acTT\/unit\u00e9<\/p>\n<p>20 badges=6.65\u20acTT\/unit\u00e9<\/p>\n<p>30 badges=5.70\u20acTT\/unit\u00e9<\/p>\n<p>40 badges=4.75\u20acTT\/unit\u00e9<\/p>\n<p>50 badges= 3.80\u20acTT\/unit\u00e9<\/p>\n","protected":false},"excerpt":{"rendered":"<p>Badges magn\u00e9tiques \u00a0compos\u00e9s d&rsquo;une\u00a0 coque sup\u00e9rieure m\u00e9tallique \u00e0 personnaliser\u00a0 et d&rsquo;une partie inf\u00e9rieure d\u00f4t\u00e9e d&rsquo;un aimant.<\/p>\n<p>Caract\u00e9ristiques:<\/p>\n<p>&#8211; En acier haute qualit\u00e9.<br \/>\n&#8211; Film plastique mylar haute r\u00e9sistance et haute brillance.<\/p>\n<p>Pour un cadeau\u00a0 ou \u00e9galement\u00a0 lancer des invitations en forme de badge (type SAVE THE DATE) pour vos mariages, anniversaires, etc&#8230;<\/p>\n<p>Tarif:<\/p>\n<p>1 Badge = 9.50\u20ac TTC\/unit\u00e9<\/p>\n<p>2 Badges = 9.10 \u20acTTC\/unit\u00e9<\/p>\n<p>3 badges = 8.80 \u20acTTC\/unit\u00e9<\/p>\n<p>4 Badges= 8.65\u20acTTC\/unit\u00e9<\/p>\n<p>5 Badges= 8.55\u20acTT\/unit\u00e9<\/p>\n<p>10 Badges= 7.60\u20acTT\/unit\u00e9<\/p>\n<p>20 badges=6.65\u20acTT\/unit\u00e9<\/p>\n<p>30 badges=5.70\u20acTT\/unit\u00e9<\/p>\n<p>40 badges=4.75\u20acTT\/unit\u00e9<\/p>\n<p>50 badges= 3.80\u20acTT\/unit\u00e9<\/p>\n","protected":false},"featured_media":2819,"template":"","meta":{"site-sidebar-layout":"default","site-content-layout":"default","ast-site-content-layout":"default","site-content-style":"default","site-sidebar-style":"default","ast-global-header-display":"","ast-banner-title-visibility":"","ast-main-header-display":"","ast-hfb-above-header-display":"","ast-hfb-below-header-display":"","ast-hfb-mobile-header-display":"","site-post-title":"","ast-breadcrumbs-content":"","ast-featured-img":"","footer-sml-layout":"","ast-disable-related-posts":"","theme-transparent-header-meta":"default","adv-header-id-meta":"","stick-header-meta":"default","header-above-stick-meta":"","header-main-stick-meta":"","header-below-stick-meta":"","astra-migrate-meta-layouts":"default","ast-page-background-enabled":"default","ast-page-background-meta":{"desktop":{"background-color":"var(--ast-global-color-4)","background-image":"","background-repeat":"repeat","background-position":"center center","background-size":"auto","background-attachment":"scroll","background-type":"","background-media":"","overlay-type":"","overlay-color":"","overlay-opacity":"","overlay-gradient":""},"tablet":{"background-color":"","background-image":"","background-repeat":"repeat","background-position":"center center","background-size":"auto","background-attachment":"scroll","background-type":"","background-media":"","overlay-type":"","overlay-color":"","overlay-opacity":"","overlay-gradient":""},"mobile":{"background-color":"","background-image":"","background-repeat":"repeat","background-position":"center center","background-size":"auto","background-attachment":"scroll","background-type":"","background-media":"","overlay-type":"","overlay-color":"","overlay-opacity":"","overlay-gradient":""}},"ast-content-background-meta":{"desktop":{"background-color":"var(--ast-global-color-5)","background-image":"","background-repeat":"repeat","background-position":"center center","background-size":"auto","background-attachment":"scroll","background-type":"","background-media":"","overlay-type":"","overlay-color":"","overlay-opacity":"","overlay-gradient":""},"tablet":{"background-color":"var(--ast-global-color-5)","background-image":"","background-repeat":"repeat","background-position":"center center","background-size":"auto","background-attachment":"scroll","background-type":"","background-media":"","overlay-type":"","overlay-color":"","overlay-opacity":"","overlay-gradient":""},"mobile":{"background-color":"var(--ast-global-color-5)","background-image":"","background-repeat":"repeat","background-position":"center center","background-size":"auto","background-attachment":"scroll","background-type":"","background-media":"","overlay-type":"","overlay-color":"","overlay-opacity":"","overlay-gradient":""}}},"product_brand":[],"product_cat":[26],"product_tag":[],"class_list":{"0":"post-2818","1":"product","2":"type-product","3":"status-publish","4":"has-post-thumbnail","6":"product_cat-objets","7":"desktop-align-center","8":"tablet-align-center","9":"mobile-align-center","10":"ast-product-gallery-layout-horizontal-slider","11":"ast-product-tabs-layout-horizontal","13":"first","14":"instock","15":"shipping-taxable","16":"purchasable","17":"product-type-simple"},"yoast_head":"<!-- This site is optimized with the Yoast SEO plugin v26.6 - https:\/\/yoast.com\/wordpress\/plugins\/seo\/ -->\n<title>Badge Aimant\u00e9 Personnalis\u00e9 de 58 mm - Copy Beaux Arts \u2022 Photocopie Impression objets personnalis\u00e9s Montpellier<\/title>\n<meta name=\"robots\" content=\"index, follow, max-snippet:-1, max-image-preview:large, max-video-preview:-1\" \/>\n<link rel=\"canonical\" href=\"https:\/\/copybeauxarts.com\/shop\/produit\/badge-aimante-personnalise-de-58-mm\/\" \/>\n<meta property=\"og:locale\" content=\"fr_FR\" \/>\n<meta property=\"og:type\" content=\"article\" \/>\n<meta property=\"og:title\" content=\"Badge Aimant\u00e9 Personnalis\u00e9 de 58 mm - Copy Beaux Arts \u2022 Photocopie Impression objets personnalis\u00e9s Montpellier\" \/>\n<meta property=\"og:description\" content=\"Badges magn\u00e9tiques \u00a0compos\u00e9s d&#039;une\u00a0 coque sup\u00e9rieure m\u00e9tallique \u00e0 personnaliser\u00a0 et d&#039;une partie inf\u00e9rieure d\u00f4t\u00e9e d&#039;un aimant.  Caract\u00e9ristiques:  - En acier haute qualit\u00e9. - Film plastique mylar haute r\u00e9sistance et haute brillance.  Pour un cadeau\u00a0 ou \u00e9galement\u00a0 lancer des invitations en forme de badge (type SAVE THE DATE) pour vos mariages, anniversaires, etc...  Tarif:  1 Badge = 9.50\u20ac TTC\/unit\u00e9  2 Badges = 9.10 \u20acTTC\/unit\u00e9  3 badges = 8.80 \u20acTTC\/unit\u00e9  4 Badges= 8.65\u20acTTC\/unit\u00e9  5 Badges= 8.55\u20acTT\/unit\u00e9  10 Badges= 7.60\u20acTT\/unit\u00e9  20 badges=6.65\u20acTT\/unit\u00e9  30 badges=5.70\u20acTT\/unit\u00e9  40 badges=4.75\u20acTT\/unit\u00e9  50 badges= 3.80\u20acTT\/unit\u00e9\" \/>\n<meta property=\"og:url\" content=\"https:\/\/copybeauxarts.com\/shop\/produit\/badge-aimante-personnalise-de-58-mm\/\" \/>\n<meta property=\"og:site_name\" content=\"Copy Beaux Arts \u2022 Photocopie Impression objets personnalis\u00e9s Montpellier\" \/>\n<meta property=\"article:modified_time\" content=\"2024-02-21T14:12:41+00:00\" \/>\n<meta property=\"og:image\" content=\"https:\/\/copybeauxarts.com\/shop\/wp-content\/uploads\/2024\/02\/BADGE-AIMANTE-58MM.jpg\" \/>\n\t<meta property=\"og:image:width\" content=\"150\" \/>\n\t<meta property=\"og:image:height\" content=\"150\" \/>\n\t<meta property=\"og:image:type\" content=\"image\/jpeg\" \/>\n<meta name=\"twitter:card\" content=\"summary_large_image\" \/>\n<meta name=\"twitter:label1\" content=\"Dur\u00e9e de lecture estim\u00e9e\" \/>\n\t<meta name=\"twitter:data1\" content=\"1 minute\" \/>\n<script type=\"application\/ld+json\" class=\"yoast-schema-graph\">{\"@context\":\"https:\/\/schema.org\",\"@graph\":[{\"@type\":\"WebPage\",\"@id\":\"https:\/\/copybeauxarts.com\/shop\/produit\/badge-aimante-personnalise-de-58-mm\/\",\"url\":\"https:\/\/copybeauxarts.com\/shop\/produit\/badge-aimante-personnalise-de-58-mm\/\",\"name\":\"Badge Aimant\u00e9 Personnalis\u00e9 de 58 mm - Copy Beaux Arts \u2022 Photocopie Impression objets personnalis\u00e9s Montpellier\",\"isPartOf\":{\"@id\":\"https:\/\/copybeauxarts.com\/shop\/#website\"},\"primaryImageOfPage\":{\"@id\":\"https:\/\/copybeauxarts.com\/shop\/produit\/badge-aimante-personnalise-de-58-mm\/#primaryimage\"},\"image\":{\"@id\":\"https:\/\/copybeauxarts.com\/shop\/produit\/badge-aimante-personnalise-de-58-mm\/#primaryimage\"},\"thumbnailUrl\":\"https:\/\/copybeauxarts.com\/shop\/wp-content\/uploads\/2024\/02\/BADGE-AIMANTE-58MM.jpg\",\"datePublished\":\"2024-02-21T13:59:42+00:00\",\"dateModified\":\"2024-02-21T14:12:41+00:00\",\"breadcrumb\":{\"@id\":\"https:\/\/copybeauxarts.com\/shop\/produit\/badge-aimante-personnalise-de-58-mm\/#breadcrumb\"},\"inLanguage\":\"fr-FR\",\"potentialAction\":[{\"@type\":\"ReadAction\",\"target\":[\"https:\/\/copybeauxarts.com\/shop\/produit\/badge-aimante-personnalise-de-58-mm\/\"]}]},{\"@type\":\"ImageObject\",\"inLanguage\":\"fr-FR\",\"@id\":\"https:\/\/copybeauxarts.com\/shop\/produit\/badge-aimante-personnalise-de-58-mm\/#primaryimage\",\"url\":\"https:\/\/copybeauxarts.com\/shop\/wp-content\/uploads\/2024\/02\/BADGE-AIMANTE-58MM.jpg\",\"contentUrl\":\"https:\/\/copybeauxarts.com\/shop\/wp-content\/uploads\/2024\/02\/BADGE-AIMANTE-58MM.jpg\",\"width\":150,\"height\":150},{\"@type\":\"BreadcrumbList\",\"@id\":\"https:\/\/copybeauxarts.com\/shop\/produit\/badge-aimante-personnalise-de-58-mm\/#breadcrumb\",\"itemListElement\":[{\"@type\":\"ListItem\",\"position\":1,\"name\":\"Accueil\",\"item\":\"https:\/\/copybeauxarts.com\/shop\/\"},{\"@type\":\"ListItem\",\"position\":2,\"name\":\"Shop\",\"item\":\"https:\/\/copybeauxarts.com\/shop\/shop\/\"},{\"@type\":\"ListItem\",\"position\":3,\"name\":\"Badge Aimant\u00e9 Personnalis\u00e9 de 58 mm\"}]},{\"@type\":\"WebSite\",\"@id\":\"https:\/\/copybeauxarts.com\/shop\/#website\",\"url\":\"https:\/\/copybeauxarts.com\/shop\/\",\"name\":\"Copy Beaux Arts \u2022 Photocopie Impression objets personnalis\u00e9s Montpellier\",\"description\":\"Impression tshirts mugs cadeaux et tous objets personnalis\u00e9s\",\"publisher\":{\"@id\":\"https:\/\/copybeauxarts.com\/shop\/#organization\"},\"potentialAction\":[{\"@type\":\"SearchAction\",\"target\":{\"@type\":\"EntryPoint\",\"urlTemplate\":\"https:\/\/copybeauxarts.com\/shop\/?s={search_term_string}\"},\"query-input\":{\"@type\":\"PropertyValueSpecification\",\"valueRequired\":true,\"valueName\":\"search_term_string\"}}],\"inLanguage\":\"fr-FR\"},{\"@type\":\"Organization\",\"@id\":\"https:\/\/copybeauxarts.com\/shop\/#organization\",\"name\":\"Copy Beaux Arts \u2022 Photocopie Impression objets personnalis\u00e9s Montpellier\",\"url\":\"https:\/\/copybeauxarts.com\/shop\/\",\"logo\":{\"@type\":\"ImageObject\",\"inLanguage\":\"fr-FR\",\"@id\":\"https:\/\/copybeauxarts.com\/shop\/#\/schema\/logo\/image\/\",\"url\":\"https:\/\/copybeauxarts.com\/shop\/wp-content\/uploads\/2025\/12\/logo-copy-beaux-arts-montpellier.png\",\"contentUrl\":\"https:\/\/copybeauxarts.com\/shop\/wp-content\/uploads\/2025\/12\/logo-copy-beaux-arts-montpellier.png\",\"width\":247,\"height\":133,\"caption\":\"Copy Beaux Arts \u2022 Photocopie Impression objets personnalis\u00e9s Montpellier\"},\"image\":{\"@id\":\"https:\/\/copybeauxarts.com\/shop\/#\/schema\/logo\/image\/\"}}]}<\/script>\n<!-- \/ Yoast SEO plugin. -->","yoast_head_json":{"title":"Badge Aimant\u00e9 Personnalis\u00e9 de 58 mm - Copy Beaux Arts \u2022 Photocopie Impression objets personnalis\u00e9s Montpellier","robots":{"index":"index","follow":"follow","max-snippet":"max-snippet:-1","max-image-preview":"max-image-preview:large","max-video-preview":"max-video-preview:-1"},"canonical":"https:\/\/copybeauxarts.com\/shop\/produit\/badge-aimante-personnalise-de-58-mm\/","og_locale":"fr_FR","og_type":"article","og_title":"Badge Aimant\u00e9 Personnalis\u00e9 de 58 mm - Copy Beaux Arts \u2022 Photocopie Impression objets personnalis\u00e9s Montpellier","og_description":"Badges magn\u00e9tiques \u00a0compos\u00e9s d'une\u00a0 coque sup\u00e9rieure m\u00e9tallique \u00e0 personnaliser\u00a0 et d'une partie inf\u00e9rieure d\u00f4t\u00e9e d'un aimant.  Caract\u00e9ristiques:  - En acier haute qualit\u00e9. - Film plastique mylar haute r\u00e9sistance et haute brillance.  Pour un cadeau\u00a0 ou \u00e9galement\u00a0 lancer des invitations en forme de badge (type SAVE THE DATE) pour vos mariages, anniversaires, etc...  Tarif:  1 Badge = 9.50\u20ac TTC\/unit\u00e9  2 Badges = 9.10 \u20acTTC\/unit\u00e9  3 badges = 8.80 \u20acTTC\/unit\u00e9  4 Badges= 8.65\u20acTTC\/unit\u00e9  5 Badges= 8.55\u20acTT\/unit\u00e9  10 Badges= 7.60\u20acTT\/unit\u00e9  20 badges=6.65\u20acTT\/unit\u00e9  30 badges=5.70\u20acTT\/unit\u00e9  40 badges=4.75\u20acTT\/unit\u00e9  50 badges= 3.80\u20acTT\/unit\u00e9","og_url":"https:\/\/copybeauxarts.com\/shop\/produit\/badge-aimante-personnalise-de-58-mm\/","og_site_name":"Copy Beaux Arts \u2022 Photocopie Impression objets personnalis\u00e9s Montpellier","article_modified_time":"2024-02-21T14:12:41+00:00","og_image":[{"width":150,"height":150,"url":"https:\/\/copybeauxarts.com\/shop\/wp-content\/uploads\/2024\/02\/BADGE-AIMANTE-58MM.jpg","type":"image\/jpeg"}],"twitter_card":"summary_large_image","twitter_misc":{"Dur\u00e9e de lecture estim\u00e9e":"1 minute"},"schema":{"@context":"https:\/\/schema.org","@graph":[{"@type":"WebPage","@id":"https:\/\/copybeauxarts.com\/shop\/produit\/badge-aimante-personnalise-de-58-mm\/","url":"https:\/\/copybeauxarts.com\/shop\/produit\/badge-aimante-personnalise-de-58-mm\/","name":"Badge Aimant\u00e9 Personnalis\u00e9 de 58 mm - Copy Beaux Arts \u2022 Photocopie Impression objets personnalis\u00e9s Montpellier","isPartOf":{"@id":"https:\/\/copybeauxarts.com\/shop\/#website"},"primaryImageOfPage":{"@id":"https:\/\/copybeauxarts.com\/shop\/produit\/badge-aimante-personnalise-de-58-mm\/#primaryimage"},"image":{"@id":"https:\/\/copybeauxarts.com\/shop\/produit\/badge-aimante-personnalise-de-58-mm\/#primaryimage"},"thumbnailUrl":"https:\/\/copybeauxarts.com\/shop\/wp-content\/uploads\/2024\/02\/BADGE-AIMANTE-58MM.jpg","datePublished":"2024-02-21T13:59:42+00:00","dateModified":"2024-02-21T14:12:41+00:00","breadcrumb":{"@id":"https:\/\/copybeauxarts.com\/shop\/produit\/badge-aimante-personnalise-de-58-mm\/#breadcrumb"},"inLanguage":"fr-FR","potentialAction":[{"@type":"ReadAction","target":["https:\/\/copybeauxarts.com\/shop\/produit\/badge-aimante-personnalise-de-58-mm\/"]}]},{"@type":"ImageObject","inLanguage":"fr-FR","@id":"https:\/\/copybeauxarts.com\/shop\/produit\/badge-aimante-personnalise-de-58-mm\/#primaryimage","url":"https:\/\/copybeauxarts.com\/shop\/wp-content\/uploads\/2024\/02\/BADGE-AIMANTE-58MM.jpg","contentUrl":"https:\/\/copybeauxarts.com\/shop\/wp-content\/uploads\/2024\/02\/BADGE-AIMANTE-58MM.jpg","width":150,"height":150},{"@type":"BreadcrumbList","@id":"https:\/\/copybeauxarts.com\/shop\/produit\/badge-aimante-personnalise-de-58-mm\/#breadcrumb","itemListElement":[{"@type":"ListItem","position":1,"name":"Accueil","item":"https:\/\/copybeauxarts.com\/shop\/"},{"@type":"ListItem","position":2,"name":"Shop","item":"https:\/\/copybeauxarts.com\/shop\/shop\/"},{"@type":"ListItem","position":3,"name":"Badge Aimant\u00e9 Personnalis\u00e9 de 58 mm"}]},{"@type":"WebSite","@id":"https:\/\/copybeauxarts.com\/shop\/#website","url":"https:\/\/copybeauxarts.com\/shop\/","name":"Copy Beaux Arts \u2022 Photocopie Impression objets personnalis\u00e9s Montpellier","description":"Impression tshirts mugs cadeaux et tous objets personnalis\u00e9s","publisher":{"@id":"https:\/\/copybeauxarts.com\/shop\/#organization"},"potentialAction":[{"@type":"SearchAction","target":{"@type":"EntryPoint","urlTemplate":"https:\/\/copybeauxarts.com\/shop\/?s={search_term_string}"},"query-input":{"@type":"PropertyValueSpecification","valueRequired":true,"valueName":"search_term_string"}}],"inLanguage":"fr-FR"},{"@type":"Organization","@id":"https:\/\/copybeauxarts.com\/shop\/#organization","name":"Copy Beaux Arts \u2022 Photocopie Impression objets personnalis\u00e9s Montpellier","url":"https:\/\/copybeauxarts.com\/shop\/","logo":{"@type":"ImageObject","inLanguage":"fr-FR","@id":"https:\/\/copybeauxarts.com\/shop\/#\/schema\/logo\/image\/","url":"https:\/\/copybeauxarts.com\/shop\/wp-content\/uploads\/2025\/12\/logo-copy-beaux-arts-montpellier.png","contentUrl":"https:\/\/copybeauxarts.com\/shop\/wp-content\/uploads\/2025\/12\/logo-copy-beaux-arts-montpellier.png","width":247,"height":133,"caption":"Copy Beaux Arts \u2022 Photocopie Impression objets personnalis\u00e9s Montpellier"},"image":{"@id":"https:\/\/copybeauxarts.com\/shop\/#\/schema\/logo\/image\/"}}]}},"_links":{"self":[{"href":"https:\/\/copybeauxarts.com\/shop\/wp-json\/wp\/v2\/product\/2818","targetHints":{"allow":["GET"]}}],"collection":[{"href":"https:\/\/copybeauxarts.com\/shop\/wp-json\/wp\/v2\/product"}],"about":[{"href":"https:\/\/copybeauxarts.com\/shop\/wp-json\/wp\/v2\/types\/product"}],"wp:featuredmedia":[{"embeddable":true,"href":"https:\/\/copybeauxarts.com\/shop\/wp-json\/wp\/v2\/media\/2819"}],"wp:attachment":[{"href":"https:\/\/copybeauxarts.com\/shop\/wp-json\/wp\/v2\/media?parent=2818"}],"wp:term":[{"taxonomy":"product_brand","embeddable":true,"href":"https:\/\/copybeauxarts.com\/shop\/wp-json\/wp\/v2\/product_brand?post=2818"},{"taxonomy":"product_cat","embeddable":true,"href":"https:\/\/copybeauxarts.com\/shop\/wp-json\/wp\/v2\/product_cat?post=2818"},{"taxonomy":"product_tag","embeddable":true,"href":"https:\/\/copybeauxarts.com\/shop\/wp-json\/wp\/v2\/product_tag?post=2818"}],"curies":[{"name":"wp","href":"https:\/\/api.w.org\/{rel}","templated":true}]}}