{"id":2483,"date":"2023-02-23T15:34:00","date_gmt":"2023-02-23T14:34:00","guid":{"rendered":"https:\/\/copybeauxarts.com\/shop\/?post_type=product&#038;p=2483"},"modified":"2025-07-01T17:22:07","modified_gmt":"2025-07-01T15:22:07","slug":"boule-a-neige-flocon-coeur","status":"publish","type":"product","link":"https:\/\/copybeauxarts.com\/shop\/produit\/boule-a-neige-flocon-coeur\/","title":{"rendered":"Boule \u00e0 Neige (flocon en forme de coeur Coeur)"},"content":{"rendered":"","protected":false},"excerpt":{"rendered":"<p>Boules de neige photo avec diff\u00e9rents types de flocons, personnalisables par\u00a0<span class=\"azul-brildor-negrita\">insertion d\u2019image<\/span>. Pour cela, il vous suffira de nous fournir deux photos<\/p>\n<p>&nbsp;<\/p>\n<ul>\n<li>\u00a0Plexiglas transparent.<\/li>\n<li>Vous pouvez y ins\u00e9rer 2 photos, une de chaque c\u00f4t\u00e9. Les deux pourront se voir \u00e0 travers le globe.<\/li>\n<li>Surface imprimable\u00a0:\u00a0<span class=\"azul-negrita\">7 x 6,3\u00a0cm<\/span><\/li>\n<\/ul>\n<p>&nbsp;<\/p>\n<ul>\n<li>Boule \u00e0 neige en forme de d\u00f4me \u00e0 base ronde, contenant de l\u2019eau et des flocons de diff\u00e9rentes formes\u00a0: paillettes argent\u00e9es, \u00e9toiles dor\u00e9es, c\u0153urs rouges et les traditionnels flocons blancs.<\/li>\n<li>\u00c0 l\u2019int\u00e9rieur se trouvent des espaces d\u2019air qui permettent aux flocons de se d\u00e9placer.<\/li>\n<li>Couvercle circulaire qui sert de support. Il peut \u00eatre plac\u00e9 et retir\u00e9 manuellement \u00e0 la base de la boule.<\/li>\n<li>Livr\u00e9 avec 2 inserts en forme de d\u00f4me et une \u00e9ponge blanche. Cette \u00e9ponge se place entres les deux inserts pour les maintenir \u00e0 l\u2019int\u00e9rieur du globe.<\/li>\n<li>R\u00e9sistants et tr\u00e8s faciles \u00e0 personnaliser.<\/li>\n<li>Les inserts et l\u2019\u00e9ponge s&rsquo;introduisent \u00e0 l\u2019int\u00e9rieur de la boule par la fente situ\u00e9e \u00e0 sa base. Il vous faudra donc retirer le couvercle.<\/li>\n<li>Pour la personnaliser, il vous faudra imprimer 2 inserts avec les photos de votre choix.<\/li>\n<li>Livr\u00e9e dans une bo\u00eete individuelle en carton<\/li>\n<li>Article r\u00e9serv\u00e9 \u00e0 un usage d\u00e9coratif. Il ne s&rsquo;agit pas d&rsquo;un jouet.<\/li>\n<\/ul>\n","protected":false},"featured_media":2399,"template":"","meta":{"site-sidebar-layout":"default","site-content-layout":"default","ast-site-content-layout":"default","site-content-style":"default","site-sidebar-style":"default","ast-global-header-display":"","ast-banner-title-visibility":"","ast-main-header-display":"","ast-hfb-above-header-display":"","ast-hfb-below-header-display":"","ast-hfb-mobile-header-display":"","site-post-title":"","ast-breadcrumbs-content":"","ast-featured-img":"","footer-sml-layout":"","ast-disable-related-posts":"","theme-transparent-header-meta":"default","adv-header-id-meta":"","stick-header-meta":"default","header-above-stick-meta":"","header-main-stick-meta":"","header-below-stick-meta":"","astra-migrate-meta-layouts":"set","ast-page-background-enabled":"default","ast-page-background-meta":{"desktop":{"background-color":"var(--ast-global-color-4)","background-image":"","background-repeat":"repeat","background-position":"center center","background-size":"auto","background-attachment":"scroll","background-type":"","background-media":"","overlay-type":"","overlay-color":"","overlay-opacity":"","overlay-gradient":""},"tablet":{"background-color":"","background-image":"","background-repeat":"repeat","background-position":"center center","background-size":"auto","background-attachment":"scroll","background-type":"","background-media":"","overlay-type":"","overlay-color":"","overlay-opacity":"","overlay-gradient":""},"mobile":{"background-color":"","background-image":"","background-repeat":"repeat","background-position":"center center","background-size":"auto","background-attachment":"scroll","background-type":"","background-media":"","overlay-type":"","overlay-color":"","overlay-opacity":"","overlay-gradient":""}},"ast-content-background-meta":{"desktop":{"background-color":"var(--ast-global-color-5)","background-image":"","background-repeat":"repeat","background-position":"center center","background-size":"auto","background-attachment":"scroll","background-type":"","background-media":"","overlay-type":"","overlay-color":"","overlay-opacity":"","overlay-gradient":""},"tablet":{"background-color":"var(--ast-global-color-5)","background-image":"","background-repeat":"repeat","background-position":"center center","background-size":"auto","background-attachment":"scroll","background-type":"","background-media":"","overlay-type":"","overlay-color":"","overlay-opacity":"","overlay-gradient":""},"mobile":{"background-color":"var(--ast-global-color-5)","background-image":"","background-repeat":"repeat","background-position":"center center","background-size":"auto","background-attachment":"scroll","background-type":"","background-media":"","overlay-type":"","overlay-color":"","overlay-opacity":"","overlay-gradient":""}}},"product_brand":[],"product_cat":[26],"product_tag":[],"class_list":{"0":"post-2483","1":"product","2":"type-product","3":"status-publish","4":"has-post-thumbnail","6":"product_cat-objets","7":"desktop-align-center","8":"tablet-align-center","9":"mobile-align-center","10":"ast-product-gallery-layout-horizontal-slider","11":"ast-product-tabs-layout-horizontal","13":"first","14":"instock","15":"shipping-taxable","16":"purchasable","17":"product-type-simple"},"yoast_head":"<!-- This site is optimized with the Yoast SEO plugin v26.6 - https:\/\/yoast.com\/wordpress\/plugins\/seo\/ -->\n<title>Boule \u00e0 Neige (flocon en forme de coeur Coeur) - Copy Beaux Arts \u2022 Photocopie Impression objets personnalis\u00e9s Montpellier<\/title>\n<meta name=\"robots\" content=\"index, follow, max-snippet:-1, max-image-preview:large, max-video-preview:-1\" \/>\n<link rel=\"canonical\" href=\"https:\/\/copybeauxarts.com\/shop\/produit\/boule-a-neige-flocon-coeur\/\" \/>\n<meta property=\"og:locale\" content=\"fr_FR\" \/>\n<meta property=\"og:type\" content=\"article\" \/>\n<meta property=\"og:title\" content=\"Boule \u00e0 Neige (flocon en forme de coeur Coeur) - Copy Beaux Arts \u2022 Photocopie Impression objets personnalis\u00e9s Montpellier\" \/>\n<meta property=\"og:description\" content=\"Boules de neige photo avec diff\u00e9rents types de flocons, personnalisables par\u00a0insertion d\u2019image. Pour cela, il vous suffira de nous fournir deux photos  &nbsp;   \u00a0Plexiglas transparent.  Vous pouvez y ins\u00e9rer 2 photos, une de chaque c\u00f4t\u00e9. Les deux pourront se voir \u00e0 travers le globe.  Surface imprimable\u00a0:\u00a07 x 6,3\u00a0cm  &nbsp;   Boule \u00e0 neige en forme de d\u00f4me \u00e0 base ronde, contenant de l\u2019eau et des flocons de diff\u00e9rentes formes\u00a0: paillettes argent\u00e9es, \u00e9toiles dor\u00e9es, c\u0153urs rouges et les traditionnels flocons blancs.  \u00c0 l\u2019int\u00e9rieur se trouvent des espaces d\u2019air qui permettent aux flocons de se d\u00e9placer.  Couvercle circulaire qui sert de support. Il peut \u00eatre plac\u00e9 et retir\u00e9 manuellement \u00e0 la base de la boule.  Livr\u00e9 avec 2 inserts en forme de d\u00f4me et une \u00e9ponge blanche. Cette \u00e9ponge se place entres les deux inserts pour les maintenir \u00e0 l\u2019int\u00e9rieur du globe.  R\u00e9sistants et tr\u00e8s faciles \u00e0 personnaliser.  Les inserts et l\u2019\u00e9ponge s&#039;introduisent \u00e0 l\u2019int\u00e9rieur de la boule par la fente situ\u00e9e \u00e0 sa base. Il vous faudra donc retirer le couvercle.  Pour la personnaliser, il vous faudra imprimer 2 inserts avec les photos de votre choix.  Livr\u00e9e dans une bo\u00eete individuelle en carton  Article r\u00e9serv\u00e9 \u00e0 un usage d\u00e9coratif. Il ne s&#039;agit pas d&#039;un jouet.\" \/>\n<meta property=\"og:url\" content=\"https:\/\/copybeauxarts.com\/shop\/produit\/boule-a-neige-flocon-coeur\/\" \/>\n<meta property=\"og:site_name\" content=\"Copy Beaux Arts \u2022 Photocopie Impression objets personnalis\u00e9s Montpellier\" \/>\n<meta property=\"article:modified_time\" content=\"2025-07-01T15:22:07+00:00\" \/>\n<meta property=\"og:image\" content=\"https:\/\/copybeauxarts.com\/shop\/wp-content\/uploads\/2022\/11\/boule-a-neige-personnalise-coeur-2.jpg\" \/>\n\t<meta property=\"og:image:width\" content=\"411\" \/>\n\t<meta property=\"og:image:height\" content=\"411\" \/>\n\t<meta property=\"og:image:type\" content=\"image\/jpeg\" \/>\n<meta name=\"twitter:card\" content=\"summary_large_image\" \/>\n<meta name=\"twitter:label1\" content=\"Dur\u00e9e de lecture estim\u00e9e\" \/>\n\t<meta name=\"twitter:data1\" content=\"1 minute\" \/>\n<script type=\"application\/ld+json\" class=\"yoast-schema-graph\">{\"@context\":\"https:\/\/schema.org\",\"@graph\":[{\"@type\":\"WebPage\",\"@id\":\"https:\/\/copybeauxarts.com\/shop\/produit\/boule-a-neige-flocon-coeur\/\",\"url\":\"https:\/\/copybeauxarts.com\/shop\/produit\/boule-a-neige-flocon-coeur\/\",\"name\":\"Boule \u00e0 Neige (flocon en forme de coeur Coeur) - Copy Beaux Arts \u2022 Photocopie Impression objets personnalis\u00e9s Montpellier\",\"isPartOf\":{\"@id\":\"https:\/\/copybeauxarts.com\/shop\/#website\"},\"primaryImageOfPage\":{\"@id\":\"https:\/\/copybeauxarts.com\/shop\/produit\/boule-a-neige-flocon-coeur\/#primaryimage\"},\"image\":{\"@id\":\"https:\/\/copybeauxarts.com\/shop\/produit\/boule-a-neige-flocon-coeur\/#primaryimage\"},\"thumbnailUrl\":\"https:\/\/copybeauxarts.com\/shop\/wp-content\/uploads\/2022\/11\/boule-a-neige-personnalise-coeur-2.jpg\",\"datePublished\":\"2023-02-23T14:34:00+00:00\",\"dateModified\":\"2025-07-01T15:22:07+00:00\",\"breadcrumb\":{\"@id\":\"https:\/\/copybeauxarts.com\/shop\/produit\/boule-a-neige-flocon-coeur\/#breadcrumb\"},\"inLanguage\":\"fr-FR\",\"potentialAction\":[{\"@type\":\"ReadAction\",\"target\":[\"https:\/\/copybeauxarts.com\/shop\/produit\/boule-a-neige-flocon-coeur\/\"]}]},{\"@type\":\"ImageObject\",\"inLanguage\":\"fr-FR\",\"@id\":\"https:\/\/copybeauxarts.com\/shop\/produit\/boule-a-neige-flocon-coeur\/#primaryimage\",\"url\":\"https:\/\/copybeauxarts.com\/shop\/wp-content\/uploads\/2022\/11\/boule-a-neige-personnalise-coeur-2.jpg\",\"contentUrl\":\"https:\/\/copybeauxarts.com\/shop\/wp-content\/uploads\/2022\/11\/boule-a-neige-personnalise-coeur-2.jpg\",\"width\":411,\"height\":411},{\"@type\":\"BreadcrumbList\",\"@id\":\"https:\/\/copybeauxarts.com\/shop\/produit\/boule-a-neige-flocon-coeur\/#breadcrumb\",\"itemListElement\":[{\"@type\":\"ListItem\",\"position\":1,\"name\":\"Accueil\",\"item\":\"https:\/\/copybeauxarts.com\/shop\/\"},{\"@type\":\"ListItem\",\"position\":2,\"name\":\"Shop\",\"item\":\"https:\/\/copybeauxarts.com\/shop\/shop\/\"},{\"@type\":\"ListItem\",\"position\":3,\"name\":\"Boule \u00e0 Neige (flocon en forme de coeur Coeur)\"}]},{\"@type\":\"WebSite\",\"@id\":\"https:\/\/copybeauxarts.com\/shop\/#website\",\"url\":\"https:\/\/copybeauxarts.com\/shop\/\",\"name\":\"Copy Beaux Arts \u2022 Photocopie Impression objets personnalis\u00e9s Montpellier\",\"description\":\"Impression tshirts mugs cadeaux et tous objets personnalis\u00e9s\",\"publisher\":{\"@id\":\"https:\/\/copybeauxarts.com\/shop\/#organization\"},\"potentialAction\":[{\"@type\":\"SearchAction\",\"target\":{\"@type\":\"EntryPoint\",\"urlTemplate\":\"https:\/\/copybeauxarts.com\/shop\/?s={search_term_string}\"},\"query-input\":{\"@type\":\"PropertyValueSpecification\",\"valueRequired\":true,\"valueName\":\"search_term_string\"}}],\"inLanguage\":\"fr-FR\"},{\"@type\":\"Organization\",\"@id\":\"https:\/\/copybeauxarts.com\/shop\/#organization\",\"name\":\"Copy Beaux Arts \u2022 Photocopie Impression objets personnalis\u00e9s Montpellier\",\"url\":\"https:\/\/copybeauxarts.com\/shop\/\",\"logo\":{\"@type\":\"ImageObject\",\"inLanguage\":\"fr-FR\",\"@id\":\"https:\/\/copybeauxarts.com\/shop\/#\/schema\/logo\/image\/\",\"url\":\"https:\/\/copybeauxarts.com\/shop\/wp-content\/uploads\/2025\/12\/logo-copy-beaux-arts-montpellier.png\",\"contentUrl\":\"https:\/\/copybeauxarts.com\/shop\/wp-content\/uploads\/2025\/12\/logo-copy-beaux-arts-montpellier.png\",\"width\":247,\"height\":133,\"caption\":\"Copy Beaux Arts \u2022 Photocopie Impression objets personnalis\u00e9s Montpellier\"},\"image\":{\"@id\":\"https:\/\/copybeauxarts.com\/shop\/#\/schema\/logo\/image\/\"}}]}<\/script>\n<!-- \/ Yoast SEO plugin. -->","yoast_head_json":{"title":"Boule \u00e0 Neige (flocon en forme de coeur Coeur) - Copy Beaux Arts \u2022 Photocopie Impression objets personnalis\u00e9s Montpellier","robots":{"index":"index","follow":"follow","max-snippet":"max-snippet:-1","max-image-preview":"max-image-preview:large","max-video-preview":"max-video-preview:-1"},"canonical":"https:\/\/copybeauxarts.com\/shop\/produit\/boule-a-neige-flocon-coeur\/","og_locale":"fr_FR","og_type":"article","og_title":"Boule \u00e0 Neige (flocon en forme de coeur Coeur) - Copy Beaux Arts \u2022 Photocopie Impression objets personnalis\u00e9s Montpellier","og_description":"Boules de neige photo avec diff\u00e9rents types de flocons, personnalisables par\u00a0insertion d\u2019image. Pour cela, il vous suffira de nous fournir deux photos  &nbsp;   \u00a0Plexiglas transparent.  Vous pouvez y ins\u00e9rer 2 photos, une de chaque c\u00f4t\u00e9. Les deux pourront se voir \u00e0 travers le globe.  Surface imprimable\u00a0:\u00a07 x 6,3\u00a0cm  &nbsp;   Boule \u00e0 neige en forme de d\u00f4me \u00e0 base ronde, contenant de l\u2019eau et des flocons de diff\u00e9rentes formes\u00a0: paillettes argent\u00e9es, \u00e9toiles dor\u00e9es, c\u0153urs rouges et les traditionnels flocons blancs.  \u00c0 l\u2019int\u00e9rieur se trouvent des espaces d\u2019air qui permettent aux flocons de se d\u00e9placer.  Couvercle circulaire qui sert de support. Il peut \u00eatre plac\u00e9 et retir\u00e9 manuellement \u00e0 la base de la boule.  Livr\u00e9 avec 2 inserts en forme de d\u00f4me et une \u00e9ponge blanche. Cette \u00e9ponge se place entres les deux inserts pour les maintenir \u00e0 l\u2019int\u00e9rieur du globe.  R\u00e9sistants et tr\u00e8s faciles \u00e0 personnaliser.  Les inserts et l\u2019\u00e9ponge s'introduisent \u00e0 l\u2019int\u00e9rieur de la boule par la fente situ\u00e9e \u00e0 sa base. Il vous faudra donc retirer le couvercle.  Pour la personnaliser, il vous faudra imprimer 2 inserts avec les photos de votre choix.  Livr\u00e9e dans une bo\u00eete individuelle en carton  Article r\u00e9serv\u00e9 \u00e0 un usage d\u00e9coratif. Il ne s'agit pas d'un jouet.","og_url":"https:\/\/copybeauxarts.com\/shop\/produit\/boule-a-neige-flocon-coeur\/","og_site_name":"Copy Beaux Arts \u2022 Photocopie Impression objets personnalis\u00e9s Montpellier","article_modified_time":"2025-07-01T15:22:07+00:00","og_image":[{"width":411,"height":411,"url":"https:\/\/copybeauxarts.com\/shop\/wp-content\/uploads\/2022\/11\/boule-a-neige-personnalise-coeur-2.jpg","type":"image\/jpeg"}],"twitter_card":"summary_large_image","twitter_misc":{"Dur\u00e9e de lecture estim\u00e9e":"1 minute"},"schema":{"@context":"https:\/\/schema.org","@graph":[{"@type":"WebPage","@id":"https:\/\/copybeauxarts.com\/shop\/produit\/boule-a-neige-flocon-coeur\/","url":"https:\/\/copybeauxarts.com\/shop\/produit\/boule-a-neige-flocon-coeur\/","name":"Boule \u00e0 Neige (flocon en forme de coeur Coeur) - Copy Beaux Arts \u2022 Photocopie Impression objets personnalis\u00e9s Montpellier","isPartOf":{"@id":"https:\/\/copybeauxarts.com\/shop\/#website"},"primaryImageOfPage":{"@id":"https:\/\/copybeauxarts.com\/shop\/produit\/boule-a-neige-flocon-coeur\/#primaryimage"},"image":{"@id":"https:\/\/copybeauxarts.com\/shop\/produit\/boule-a-neige-flocon-coeur\/#primaryimage"},"thumbnailUrl":"https:\/\/copybeauxarts.com\/shop\/wp-content\/uploads\/2022\/11\/boule-a-neige-personnalise-coeur-2.jpg","datePublished":"2023-02-23T14:34:00+00:00","dateModified":"2025-07-01T15:22:07+00:00","breadcrumb":{"@id":"https:\/\/copybeauxarts.com\/shop\/produit\/boule-a-neige-flocon-coeur\/#breadcrumb"},"inLanguage":"fr-FR","potentialAction":[{"@type":"ReadAction","target":["https:\/\/copybeauxarts.com\/shop\/produit\/boule-a-neige-flocon-coeur\/"]}]},{"@type":"ImageObject","inLanguage":"fr-FR","@id":"https:\/\/copybeauxarts.com\/shop\/produit\/boule-a-neige-flocon-coeur\/#primaryimage","url":"https:\/\/copybeauxarts.com\/shop\/wp-content\/uploads\/2022\/11\/boule-a-neige-personnalise-coeur-2.jpg","contentUrl":"https:\/\/copybeauxarts.com\/shop\/wp-content\/uploads\/2022\/11\/boule-a-neige-personnalise-coeur-2.jpg","width":411,"height":411},{"@type":"BreadcrumbList","@id":"https:\/\/copybeauxarts.com\/shop\/produit\/boule-a-neige-flocon-coeur\/#breadcrumb","itemListElement":[{"@type":"ListItem","position":1,"name":"Accueil","item":"https:\/\/copybeauxarts.com\/shop\/"},{"@type":"ListItem","position":2,"name":"Shop","item":"https:\/\/copybeauxarts.com\/shop\/shop\/"},{"@type":"ListItem","position":3,"name":"Boule \u00e0 Neige (flocon en forme de coeur Coeur)"}]},{"@type":"WebSite","@id":"https:\/\/copybeauxarts.com\/shop\/#website","url":"https:\/\/copybeauxarts.com\/shop\/","name":"Copy Beaux Arts \u2022 Photocopie Impression objets personnalis\u00e9s Montpellier","description":"Impression tshirts mugs cadeaux et tous objets personnalis\u00e9s","publisher":{"@id":"https:\/\/copybeauxarts.com\/shop\/#organization"},"potentialAction":[{"@type":"SearchAction","target":{"@type":"EntryPoint","urlTemplate":"https:\/\/copybeauxarts.com\/shop\/?s={search_term_string}"},"query-input":{"@type":"PropertyValueSpecification","valueRequired":true,"valueName":"search_term_string"}}],"inLanguage":"fr-FR"},{"@type":"Organization","@id":"https:\/\/copybeauxarts.com\/shop\/#organization","name":"Copy Beaux Arts \u2022 Photocopie Impression objets personnalis\u00e9s Montpellier","url":"https:\/\/copybeauxarts.com\/shop\/","logo":{"@type":"ImageObject","inLanguage":"fr-FR","@id":"https:\/\/copybeauxarts.com\/shop\/#\/schema\/logo\/image\/","url":"https:\/\/copybeauxarts.com\/shop\/wp-content\/uploads\/2025\/12\/logo-copy-beaux-arts-montpellier.png","contentUrl":"https:\/\/copybeauxarts.com\/shop\/wp-content\/uploads\/2025\/12\/logo-copy-beaux-arts-montpellier.png","width":247,"height":133,"caption":"Copy Beaux Arts \u2022 Photocopie Impression objets personnalis\u00e9s Montpellier"},"image":{"@id":"https:\/\/copybeauxarts.com\/shop\/#\/schema\/logo\/image\/"}}]}},"_links":{"self":[{"href":"https:\/\/copybeauxarts.com\/shop\/wp-json\/wp\/v2\/product\/2483","targetHints":{"allow":["GET"]}}],"collection":[{"href":"https:\/\/copybeauxarts.com\/shop\/wp-json\/wp\/v2\/product"}],"about":[{"href":"https:\/\/copybeauxarts.com\/shop\/wp-json\/wp\/v2\/types\/product"}],"wp:featuredmedia":[{"embeddable":true,"href":"https:\/\/copybeauxarts.com\/shop\/wp-json\/wp\/v2\/media\/2399"}],"wp:attachment":[{"href":"https:\/\/copybeauxarts.com\/shop\/wp-json\/wp\/v2\/media?parent=2483"}],"wp:term":[{"taxonomy":"product_brand","embeddable":true,"href":"https:\/\/copybeauxarts.com\/shop\/wp-json\/wp\/v2\/product_brand?post=2483"},{"taxonomy":"product_cat","embeddable":true,"href":"https:\/\/copybeauxarts.com\/shop\/wp-json\/wp\/v2\/product_cat?post=2483"},{"taxonomy":"product_tag","embeddable":true,"href":"https:\/\/copybeauxarts.com\/shop\/wp-json\/wp\/v2\/product_tag?post=2483"}],"curies":[{"name":"wp","href":"https:\/\/api.w.org\/{rel}","templated":true}]}}