{"id":1902,"date":"2021-09-08T12:30:58","date_gmt":"2021-09-08T10:30:58","guid":{"rendered":"https:\/\/copybeauxarts.com\/shop\/?post_type=product&#038;p=1902"},"modified":"2023-04-04T16:16:27","modified_gmt":"2023-04-04T14:16:27","slug":"peluche-girafe","status":"publish","type":"product","link":"https:\/\/copybeauxarts.com\/shop\/produit\/peluche-girafe\/","title":{"rendered":"PELUCHE GIRAFE"},"content":{"rendered":"<p>Adorables girafe en peluche portant un tee-shirt en polyester \u00e0 imprimer. Cette peluche poss\u00e8de des poils tr\u00e8s doux et soyeux.<\/p>\n<p>Cette peluche ravira les petits comme les grands. Personnalisez la avec un pr\u00e9nom, une image, un message ou une photo.<\/p>\n<p>Un cadeau id\u00e9al pour faire plaisir \u00e0 ses proches !<\/p>\n","protected":false},"excerpt":{"rendered":"<p>Adorables girafe en peluche portant un tee-shirt en polyester \u00e0 imprimer. Cette peluche poss\u00e8de des poils tr\u00e8s doux et soyeux.<\/p>\n<p>Cette peluche ravira les petits comme les grands. Personnalisez la avec un pr\u00e9nom, une image, un message ou une photo.<\/p>\n<p>Un cadeau id\u00e9al pour faire plaisir \u00e0 ses proches !<\/p>\n<p><span class=\"word menu-enabled\" style=\"font-style: italic;\">Possibilit\u00e9<\/span><i>\u00a0<\/i><span class=\"word menu-enabled\"><i>d&rsquo;envoi <\/i><\/span><i>(\u00a0<\/i><span class=\"word menu-enabled\" style=\"font-style: italic;\">avec<\/span><i>\u00a0<\/i><span class=\"word menu-enabled\" style=\"font-style: italic;\">frais<\/span><i>\u00a0<\/i><span class=\"word menu-enabled\" style=\"font-style: italic;\">de<\/span><i>\u00a0<\/i><span class=\"word menu-enabled\" style=\"font-style: italic;\">port<\/span><i>\u00a0)\u00a0<\/i><span class=\"word menu-enabled\" style=\"font-style: italic;\">de<\/span><i>\u00a01\u00a0<\/i><span class=\"word menu-enabled\" style=\"font-style: italic;\">\u00e0<\/span><i>\u00a010\u00a0<\/i><span class=\"word menu-enabled\" style=\"font-style: italic;\">articles<\/span><i>. <\/i><\/p>\n<p><i>Au del\u00e0 <\/i><span class=\"word menu-enabled\" style=\"font-style: italic;\">de<\/span><i>\u00a010\u00a0<\/i><span class=\"word menu-enabled\" style=\"font-style: italic;\">articles<\/span><i>,\u00a0<\/i><span class=\"word menu-enabled\" style=\"font-style: italic;\">merci<\/span><i>\u00a0<\/i><span class=\"word menu-enabled\" style=\"font-style: italic;\">de<\/span><i>\u00a0<\/i><span class=\"word menu-enabled\" style=\"font-style: italic;\">nous<\/span><i>\u00a0<\/i><span class=\"word menu-enabled\" style=\"font-style: italic;\">contacter<\/span><i>\u00a0<\/i><span class=\"word menu-enabled\" style=\"font-style: italic;\">par<\/span><i>\u00a0<\/i><span class=\"word menu-enabled\" style=\"font-style: italic;\">mail<\/span> <i>: cpba34@gmail.com<\/i><\/p>\n","protected":false},"featured_media":1917,"template":"","meta":{"site-sidebar-layout":"default","site-content-layout":"default","ast-site-content-layout":"default","site-content-style":"default","site-sidebar-style":"default","ast-global-header-display":"","ast-banner-title-visibility":"","ast-main-header-display":"","ast-hfb-above-header-display":"","ast-hfb-below-header-display":"","ast-hfb-mobile-header-display":"","site-post-title":"","ast-breadcrumbs-content":"","ast-featured-img":"","footer-sml-layout":"","ast-disable-related-posts":"","theme-transparent-header-meta":"default","adv-header-id-meta":"","stick-header-meta":"default","header-above-stick-meta":"","header-main-stick-meta":"","header-below-stick-meta":"","astra-migrate-meta-layouts":"default","ast-page-background-enabled":"default","ast-page-background-meta":{"desktop":{"background-color":"var(--ast-global-color-4)","background-image":"","background-repeat":"repeat","background-position":"center center","background-size":"auto","background-attachment":"scroll","background-type":"","background-media":"","overlay-type":"","overlay-color":"","overlay-opacity":"","overlay-gradient":""},"tablet":{"background-color":"","background-image":"","background-repeat":"repeat","background-position":"center center","background-size":"auto","background-attachment":"scroll","background-type":"","background-media":"","overlay-type":"","overlay-color":"","overlay-opacity":"","overlay-gradient":""},"mobile":{"background-color":"","background-image":"","background-repeat":"repeat","background-position":"center center","background-size":"auto","background-attachment":"scroll","background-type":"","background-media":"","overlay-type":"","overlay-color":"","overlay-opacity":"","overlay-gradient":""}},"ast-content-background-meta":{"desktop":{"background-color":"var(--ast-global-color-5)","background-image":"","background-repeat":"repeat","background-position":"center center","background-size":"auto","background-attachment":"scroll","background-type":"","background-media":"","overlay-type":"","overlay-color":"","overlay-opacity":"","overlay-gradient":""},"tablet":{"background-color":"var(--ast-global-color-5)","background-image":"","background-repeat":"repeat","background-position":"center center","background-size":"auto","background-attachment":"scroll","background-type":"","background-media":"","overlay-type":"","overlay-color":"","overlay-opacity":"","overlay-gradient":""},"mobile":{"background-color":"var(--ast-global-color-5)","background-image":"","background-repeat":"repeat","background-position":"center center","background-size":"auto","background-attachment":"scroll","background-type":"","background-media":"","overlay-type":"","overlay-color":"","overlay-opacity":"","overlay-gradient":""}}},"product_brand":[],"product_cat":[26,38],"product_tag":[],"class_list":{"0":"post-1902","1":"product","2":"type-product","3":"status-publish","4":"has-post-thumbnail","6":"product_cat-objets","7":"product_cat-sublimation","8":"desktop-align-center","9":"tablet-align-center","10":"mobile-align-center","11":"ast-product-gallery-layout-horizontal-slider","12":"ast-product-tabs-layout-horizontal","14":"first","15":"instock","16":"shipping-taxable","17":"purchasable","18":"product-type-simple"},"yoast_head":"<!-- This site is optimized with the Yoast SEO plugin v26.6 - https:\/\/yoast.com\/wordpress\/plugins\/seo\/ -->\n<title>PELUCHE GIRAFE - Copy Beaux Arts \u2022 Photocopie Impression objets personnalis\u00e9s Montpellier<\/title>\n<meta name=\"robots\" content=\"index, follow, max-snippet:-1, max-image-preview:large, max-video-preview:-1\" \/>\n<link rel=\"canonical\" href=\"https:\/\/copybeauxarts.com\/shop\/produit\/peluche-girafe\/\" \/>\n<meta property=\"og:locale\" content=\"fr_FR\" \/>\n<meta property=\"og:type\" content=\"article\" \/>\n<meta property=\"og:title\" content=\"PELUCHE GIRAFE - Copy Beaux Arts \u2022 Photocopie Impression objets personnalis\u00e9s Montpellier\" \/>\n<meta property=\"og:description\" content=\"Adorables girafe en peluche portant un tee-shirt en polyester \u00e0 imprimer. Cette peluche poss\u00e8de des poils tr\u00e8s doux et soyeux.  Cette peluche ravira les petits comme les grands. Personnalisez la avec un pr\u00e9nom, une image, un message ou une photo.  Un cadeau id\u00e9al pour faire plaisir \u00e0 ses proches !  Possibilit\u00e9\u00a0d&#039;envoi (\u00a0avec\u00a0frais\u00a0de\u00a0port\u00a0)\u00a0de\u00a01\u00a0\u00e0\u00a010\u00a0articles.   Au del\u00e0 de\u00a010\u00a0articles,\u00a0merci\u00a0de\u00a0nous\u00a0contacter\u00a0par\u00a0mail : cpba34@gmail.com\" \/>\n<meta property=\"og:url\" content=\"https:\/\/copybeauxarts.com\/shop\/produit\/peluche-girafe\/\" \/>\n<meta property=\"og:site_name\" content=\"Copy Beaux Arts \u2022 Photocopie Impression objets personnalis\u00e9s Montpellier\" \/>\n<meta property=\"article:modified_time\" content=\"2023-04-04T14:16:27+00:00\" \/>\n<meta property=\"og:image\" content=\"https:\/\/copybeauxarts.com\/shop\/wp-content\/uploads\/2021\/09\/GIRAFE.png\" \/>\n\t<meta property=\"og:image:width\" content=\"250\" \/>\n\t<meta property=\"og:image:height\" content=\"250\" \/>\n\t<meta property=\"og:image:type\" content=\"image\/png\" \/>\n<meta name=\"twitter:card\" content=\"summary_large_image\" \/>\n<meta name=\"twitter:label1\" content=\"Dur\u00e9e de lecture estim\u00e9e\" \/>\n\t<meta name=\"twitter:data1\" content=\"1 minute\" \/>\n<script type=\"application\/ld+json\" class=\"yoast-schema-graph\">{\"@context\":\"https:\/\/schema.org\",\"@graph\":[{\"@type\":\"WebPage\",\"@id\":\"https:\/\/copybeauxarts.com\/shop\/produit\/peluche-girafe\/\",\"url\":\"https:\/\/copybeauxarts.com\/shop\/produit\/peluche-girafe\/\",\"name\":\"PELUCHE GIRAFE - Copy Beaux Arts \u2022 Photocopie Impression objets personnalis\u00e9s Montpellier\",\"isPartOf\":{\"@id\":\"https:\/\/copybeauxarts.com\/shop\/#website\"},\"primaryImageOfPage\":{\"@id\":\"https:\/\/copybeauxarts.com\/shop\/produit\/peluche-girafe\/#primaryimage\"},\"image\":{\"@id\":\"https:\/\/copybeauxarts.com\/shop\/produit\/peluche-girafe\/#primaryimage\"},\"thumbnailUrl\":\"https:\/\/copybeauxarts.com\/shop\/wp-content\/uploads\/2021\/09\/GIRAFE.png\",\"datePublished\":\"2021-09-08T10:30:58+00:00\",\"dateModified\":\"2023-04-04T14:16:27+00:00\",\"breadcrumb\":{\"@id\":\"https:\/\/copybeauxarts.com\/shop\/produit\/peluche-girafe\/#breadcrumb\"},\"inLanguage\":\"fr-FR\",\"potentialAction\":[{\"@type\":\"ReadAction\",\"target\":[\"https:\/\/copybeauxarts.com\/shop\/produit\/peluche-girafe\/\"]}]},{\"@type\":\"ImageObject\",\"inLanguage\":\"fr-FR\",\"@id\":\"https:\/\/copybeauxarts.com\/shop\/produit\/peluche-girafe\/#primaryimage\",\"url\":\"https:\/\/copybeauxarts.com\/shop\/wp-content\/uploads\/2021\/09\/GIRAFE.png\",\"contentUrl\":\"https:\/\/copybeauxarts.com\/shop\/wp-content\/uploads\/2021\/09\/GIRAFE.png\",\"width\":250,\"height\":250},{\"@type\":\"BreadcrumbList\",\"@id\":\"https:\/\/copybeauxarts.com\/shop\/produit\/peluche-girafe\/#breadcrumb\",\"itemListElement\":[{\"@type\":\"ListItem\",\"position\":1,\"name\":\"Accueil\",\"item\":\"https:\/\/copybeauxarts.com\/shop\/\"},{\"@type\":\"ListItem\",\"position\":2,\"name\":\"Shop\",\"item\":\"https:\/\/copybeauxarts.com\/shop\/shop\/\"},{\"@type\":\"ListItem\",\"position\":3,\"name\":\"PELUCHE GIRAFE\"}]},{\"@type\":\"WebSite\",\"@id\":\"https:\/\/copybeauxarts.com\/shop\/#website\",\"url\":\"https:\/\/copybeauxarts.com\/shop\/\",\"name\":\"Copy Beaux Arts \u2022 Photocopie Impression objets personnalis\u00e9s Montpellier\",\"description\":\"Impression tshirts mugs cadeaux et tous objets personnalis\u00e9s\",\"publisher\":{\"@id\":\"https:\/\/copybeauxarts.com\/shop\/#organization\"},\"potentialAction\":[{\"@type\":\"SearchAction\",\"target\":{\"@type\":\"EntryPoint\",\"urlTemplate\":\"https:\/\/copybeauxarts.com\/shop\/?s={search_term_string}\"},\"query-input\":{\"@type\":\"PropertyValueSpecification\",\"valueRequired\":true,\"valueName\":\"search_term_string\"}}],\"inLanguage\":\"fr-FR\"},{\"@type\":\"Organization\",\"@id\":\"https:\/\/copybeauxarts.com\/shop\/#organization\",\"name\":\"Copy Beaux Arts \u2022 Photocopie Impression objets personnalis\u00e9s Montpellier\",\"url\":\"https:\/\/copybeauxarts.com\/shop\/\",\"logo\":{\"@type\":\"ImageObject\",\"inLanguage\":\"fr-FR\",\"@id\":\"https:\/\/copybeauxarts.com\/shop\/#\/schema\/logo\/image\/\",\"url\":\"https:\/\/copybeauxarts.com\/shop\/wp-content\/uploads\/2025\/12\/logo-copy-beaux-arts-montpellier.png\",\"contentUrl\":\"https:\/\/copybeauxarts.com\/shop\/wp-content\/uploads\/2025\/12\/logo-copy-beaux-arts-montpellier.png\",\"width\":247,\"height\":133,\"caption\":\"Copy Beaux Arts \u2022 Photocopie Impression objets personnalis\u00e9s Montpellier\"},\"image\":{\"@id\":\"https:\/\/copybeauxarts.com\/shop\/#\/schema\/logo\/image\/\"}}]}<\/script>\n<!-- \/ Yoast SEO plugin. -->","yoast_head_json":{"title":"PELUCHE GIRAFE - Copy Beaux Arts \u2022 Photocopie Impression objets personnalis\u00e9s Montpellier","robots":{"index":"index","follow":"follow","max-snippet":"max-snippet:-1","max-image-preview":"max-image-preview:large","max-video-preview":"max-video-preview:-1"},"canonical":"https:\/\/copybeauxarts.com\/shop\/produit\/peluche-girafe\/","og_locale":"fr_FR","og_type":"article","og_title":"PELUCHE GIRAFE - Copy Beaux Arts \u2022 Photocopie Impression objets personnalis\u00e9s Montpellier","og_description":"Adorables girafe en peluche portant un tee-shirt en polyester \u00e0 imprimer. Cette peluche poss\u00e8de des poils tr\u00e8s doux et soyeux.  Cette peluche ravira les petits comme les grands. Personnalisez la avec un pr\u00e9nom, une image, un message ou une photo.  Un cadeau id\u00e9al pour faire plaisir \u00e0 ses proches !  Possibilit\u00e9\u00a0d'envoi (\u00a0avec\u00a0frais\u00a0de\u00a0port\u00a0)\u00a0de\u00a01\u00a0\u00e0\u00a010\u00a0articles.   Au del\u00e0 de\u00a010\u00a0articles,\u00a0merci\u00a0de\u00a0nous\u00a0contacter\u00a0par\u00a0mail : cpba34@gmail.com","og_url":"https:\/\/copybeauxarts.com\/shop\/produit\/peluche-girafe\/","og_site_name":"Copy Beaux Arts \u2022 Photocopie Impression objets personnalis\u00e9s Montpellier","article_modified_time":"2023-04-04T14:16:27+00:00","og_image":[{"width":250,"height":250,"url":"https:\/\/copybeauxarts.com\/shop\/wp-content\/uploads\/2021\/09\/GIRAFE.png","type":"image\/png"}],"twitter_card":"summary_large_image","twitter_misc":{"Dur\u00e9e de lecture estim\u00e9e":"1 minute"},"schema":{"@context":"https:\/\/schema.org","@graph":[{"@type":"WebPage","@id":"https:\/\/copybeauxarts.com\/shop\/produit\/peluche-girafe\/","url":"https:\/\/copybeauxarts.com\/shop\/produit\/peluche-girafe\/","name":"PELUCHE GIRAFE - Copy Beaux Arts \u2022 Photocopie Impression objets personnalis\u00e9s Montpellier","isPartOf":{"@id":"https:\/\/copybeauxarts.com\/shop\/#website"},"primaryImageOfPage":{"@id":"https:\/\/copybeauxarts.com\/shop\/produit\/peluche-girafe\/#primaryimage"},"image":{"@id":"https:\/\/copybeauxarts.com\/shop\/produit\/peluche-girafe\/#primaryimage"},"thumbnailUrl":"https:\/\/copybeauxarts.com\/shop\/wp-content\/uploads\/2021\/09\/GIRAFE.png","datePublished":"2021-09-08T10:30:58+00:00","dateModified":"2023-04-04T14:16:27+00:00","breadcrumb":{"@id":"https:\/\/copybeauxarts.com\/shop\/produit\/peluche-girafe\/#breadcrumb"},"inLanguage":"fr-FR","potentialAction":[{"@type":"ReadAction","target":["https:\/\/copybeauxarts.com\/shop\/produit\/peluche-girafe\/"]}]},{"@type":"ImageObject","inLanguage":"fr-FR","@id":"https:\/\/copybeauxarts.com\/shop\/produit\/peluche-girafe\/#primaryimage","url":"https:\/\/copybeauxarts.com\/shop\/wp-content\/uploads\/2021\/09\/GIRAFE.png","contentUrl":"https:\/\/copybeauxarts.com\/shop\/wp-content\/uploads\/2021\/09\/GIRAFE.png","width":250,"height":250},{"@type":"BreadcrumbList","@id":"https:\/\/copybeauxarts.com\/shop\/produit\/peluche-girafe\/#breadcrumb","itemListElement":[{"@type":"ListItem","position":1,"name":"Accueil","item":"https:\/\/copybeauxarts.com\/shop\/"},{"@type":"ListItem","position":2,"name":"Shop","item":"https:\/\/copybeauxarts.com\/shop\/shop\/"},{"@type":"ListItem","position":3,"name":"PELUCHE GIRAFE"}]},{"@type":"WebSite","@id":"https:\/\/copybeauxarts.com\/shop\/#website","url":"https:\/\/copybeauxarts.com\/shop\/","name":"Copy Beaux Arts \u2022 Photocopie Impression objets personnalis\u00e9s Montpellier","description":"Impression tshirts mugs cadeaux et tous objets personnalis\u00e9s","publisher":{"@id":"https:\/\/copybeauxarts.com\/shop\/#organization"},"potentialAction":[{"@type":"SearchAction","target":{"@type":"EntryPoint","urlTemplate":"https:\/\/copybeauxarts.com\/shop\/?s={search_term_string}"},"query-input":{"@type":"PropertyValueSpecification","valueRequired":true,"valueName":"search_term_string"}}],"inLanguage":"fr-FR"},{"@type":"Organization","@id":"https:\/\/copybeauxarts.com\/shop\/#organization","name":"Copy Beaux Arts \u2022 Photocopie Impression objets personnalis\u00e9s Montpellier","url":"https:\/\/copybeauxarts.com\/shop\/","logo":{"@type":"ImageObject","inLanguage":"fr-FR","@id":"https:\/\/copybeauxarts.com\/shop\/#\/schema\/logo\/image\/","url":"https:\/\/copybeauxarts.com\/shop\/wp-content\/uploads\/2025\/12\/logo-copy-beaux-arts-montpellier.png","contentUrl":"https:\/\/copybeauxarts.com\/shop\/wp-content\/uploads\/2025\/12\/logo-copy-beaux-arts-montpellier.png","width":247,"height":133,"caption":"Copy Beaux Arts \u2022 Photocopie Impression objets personnalis\u00e9s Montpellier"},"image":{"@id":"https:\/\/copybeauxarts.com\/shop\/#\/schema\/logo\/image\/"}}]}},"_links":{"self":[{"href":"https:\/\/copybeauxarts.com\/shop\/wp-json\/wp\/v2\/product\/1902","targetHints":{"allow":["GET"]}}],"collection":[{"href":"https:\/\/copybeauxarts.com\/shop\/wp-json\/wp\/v2\/product"}],"about":[{"href":"https:\/\/copybeauxarts.com\/shop\/wp-json\/wp\/v2\/types\/product"}],"wp:featuredmedia":[{"embeddable":true,"href":"https:\/\/copybeauxarts.com\/shop\/wp-json\/wp\/v2\/media\/1917"}],"wp:attachment":[{"href":"https:\/\/copybeauxarts.com\/shop\/wp-json\/wp\/v2\/media?parent=1902"}],"wp:term":[{"taxonomy":"product_brand","embeddable":true,"href":"https:\/\/copybeauxarts.com\/shop\/wp-json\/wp\/v2\/product_brand?post=1902"},{"taxonomy":"product_cat","embeddable":true,"href":"https:\/\/copybeauxarts.com\/shop\/wp-json\/wp\/v2\/product_cat?post=1902"},{"taxonomy":"product_tag","embeddable":true,"href":"https:\/\/copybeauxarts.com\/shop\/wp-json\/wp\/v2\/product_tag?post=1902"}],"curies":[{"name":"wp","href":"https:\/\/api.w.org\/{rel}","templated":true}]}}