{"id":1370,"date":"2020-07-21T11:42:39","date_gmt":"2020-07-21T09:42:39","guid":{"rendered":"https:\/\/copybeauxarts.com\/shop\/?post_type=product&#038;p=1370"},"modified":"2025-07-01T17:23:37","modified_gmt":"2025-07-01T15:23:37","slug":"tote-bag-personnalise","status":"publish","type":"product","link":"https:\/\/copybeauxarts.com\/shop\/produit\/tote-bag-personnalise\/","title":{"rendered":"Tote bag Personnalis\u00e9"},"content":{"rendered":"<ul style=\"font-weight: 400;\">\n<li>Tote bag\u00a0<u>coton<\/u><\/li>\n<li>Composition: 100%\u00a0<u>coton<\/u><\/li>\n<li>Anses: 67cm<\/li>\n<li>Grammage: 140g\/m\u00b2<\/li>\n<li>Taille: 38x42cm<\/li>\n<li>Volume: 10 litres<\/li>\n<li>Port \u00e0 la main ou \u00e0 l&rsquo;\u00e9paule<\/li>\n<li>Grammage 140g\/m\u00b2<\/li>\n<\/ul>\n<p><span class=\"word menu-enabled\" style=\"font-style: italic;\">Possibilit\u00e9<\/span><i>\u00a0<\/i><span class=\"word menu-enabled\"><i>d&rsquo;envoi <\/i><\/span><i>(\u00a0<\/i><span class=\"word menu-enabled\" style=\"font-style: italic;\">avec<\/span><i>\u00a0<\/i><span class=\"word menu-enabled\" style=\"font-style: italic;\">frais<\/span><i>\u00a0<\/i><span class=\"word menu-enabled\" style=\"font-style: italic;\">de<\/span><i>\u00a0<\/i><span class=\"word menu-enabled\" style=\"font-style: italic;\">port<\/span><i>\u00a0)\u00a0<\/i><span class=\"word menu-enabled\" style=\"font-style: italic;\">de<\/span><i>\u00a01\u00a0<\/i><span class=\"word menu-enabled\" style=\"font-style: italic;\">\u00e0<\/span><i>\u00a010\u00a0<\/i><span class=\"word menu-enabled\" style=\"font-style: italic;\">articles<\/span><i>. <\/i><\/p>\n<p><i>Au del\u00e0 <\/i><span class=\"word menu-enabled\" style=\"font-style: italic;\">de<\/span><i>\u00a010\u00a0<\/i><span class=\"word menu-enabled\" style=\"font-style: italic;\">articles<\/span><i>,\u00a0<\/i><span class=\"word menu-enabled\" style=\"font-style: italic;\">merci<\/span><i>\u00a0<\/i><span class=\"word menu-enabled\" style=\"font-style: italic;\">de<\/span><i>\u00a0<\/i><span class=\"word menu-enabled\" style=\"font-style: italic;\">nous<\/span><i>\u00a0<\/i><span class=\"word menu-enabled\" style=\"font-style: italic;\">contacter<\/span><i>\u00a0<\/i><span class=\"word menu-enabled\" style=\"font-style: italic;\">par<\/span><i>\u00a0<\/i><span class=\"word menu-enabled\" style=\"font-style: italic;\">mail<\/span> <i>: cpba34@gmail.com<\/i><\/p>\n","protected":false},"excerpt":{"rendered":"<ul style=\"font-weight: 400;\">\n<li>Tote bag\u00a0<u>coton<\/u><\/li>\n<li>Composition: 100%\u00a0<u>coton<\/u><\/li>\n<li>Anses: 67cm<\/li>\n<li>Grammage: 140g\/m\u00b2<\/li>\n<li>Taille: 38x42cm<\/li>\n<li>Volume: 10 litres<\/li>\n<li>Port \u00e0 la main ou \u00e0 l&rsquo;\u00e9paule<\/li>\n<li>Grammage 140g\/m\u00b2<\/li>\n<\/ul>\n<p><span class=\"word menu-enabled\" style=\"font-style: italic;\">Possibilit\u00e9<\/span><i>\u00a0<\/i><span class=\"word menu-enabled\"><i>d&rsquo;envoi <\/i><\/span><i>(\u00a0<\/i><span class=\"word menu-enabled\" style=\"font-style: italic;\">avec<\/span><i>\u00a0<\/i><span class=\"word menu-enabled\" style=\"font-style: italic;\">frais<\/span><i>\u00a0<\/i><span class=\"word menu-enabled\" style=\"font-style: italic;\">de<\/span><i>\u00a0<\/i><span class=\"word menu-enabled\" style=\"font-style: italic;\">port<\/span><i>\u00a0)\u00a0<\/i><span class=\"word menu-enabled\" style=\"font-style: italic;\">de<\/span><i>\u00a01\u00a0<\/i><span class=\"word menu-enabled\" style=\"font-style: italic;\">\u00e0<\/span><i>\u00a010\u00a0<\/i><span class=\"word menu-enabled\" style=\"font-style: italic;\">articles<\/span><i>. <\/i><\/p>\n<p><i>Au del\u00e0 <\/i><span class=\"word menu-enabled\" style=\"font-style: italic;\">de<\/span><i>\u00a010\u00a0<\/i><span class=\"word menu-enabled\" style=\"font-style: italic;\">articles<\/span><i>,\u00a0<\/i><span class=\"word menu-enabled\" style=\"font-style: italic;\">merci<\/span><i>\u00a0<\/i><span class=\"word menu-enabled\" style=\"font-style: italic;\">de<\/span><i>\u00a0<\/i><span class=\"word menu-enabled\" style=\"font-style: italic;\">nous<\/span><i>\u00a0<\/i><span class=\"word menu-enabled\" style=\"font-style: italic;\">contacter<\/span><i>\u00a0<\/i><span class=\"word menu-enabled\" style=\"font-style: italic;\">par<\/span><i>\u00a0<\/i><span class=\"word menu-enabled\" style=\"font-style: italic;\">mail<\/span> <i>: cpba34@gmail.com<\/i><\/p>\n","protected":false},"featured_media":1372,"template":"","meta":{"site-sidebar-layout":"default","site-content-layout":"default","ast-site-content-layout":"default","site-content-style":"default","site-sidebar-style":"default","ast-global-header-display":"","ast-banner-title-visibility":"","ast-main-header-display":"","ast-hfb-above-header-display":"","ast-hfb-below-header-display":"","ast-hfb-mobile-header-display":"","site-post-title":"","ast-breadcrumbs-content":"","ast-featured-img":"","footer-sml-layout":"","ast-disable-related-posts":"","theme-transparent-header-meta":"default","adv-header-id-meta":"","stick-header-meta":"default","header-above-stick-meta":"","header-main-stick-meta":"","header-below-stick-meta":"","astra-migrate-meta-layouts":"default","ast-page-background-enabled":"default","ast-page-background-meta":{"desktop":{"background-color":"var(--ast-global-color-4)","background-image":"","background-repeat":"repeat","background-position":"center center","background-size":"auto","background-attachment":"scroll","background-type":"","background-media":"","overlay-type":"","overlay-color":"","overlay-opacity":"","overlay-gradient":""},"tablet":{"background-color":"","background-image":"","background-repeat":"repeat","background-position":"center center","background-size":"auto","background-attachment":"scroll","background-type":"","background-media":"","overlay-type":"","overlay-color":"","overlay-opacity":"","overlay-gradient":""},"mobile":{"background-color":"","background-image":"","background-repeat":"repeat","background-position":"center center","background-size":"auto","background-attachment":"scroll","background-type":"","background-media":"","overlay-type":"","overlay-color":"","overlay-opacity":"","overlay-gradient":""}},"ast-content-background-meta":{"desktop":{"background-color":"var(--ast-global-color-5)","background-image":"","background-repeat":"repeat","background-position":"center center","background-size":"auto","background-attachment":"scroll","background-type":"","background-media":"","overlay-type":"","overlay-color":"","overlay-opacity":"","overlay-gradient":""},"tablet":{"background-color":"var(--ast-global-color-5)","background-image":"","background-repeat":"repeat","background-position":"center center","background-size":"auto","background-attachment":"scroll","background-type":"","background-media":"","overlay-type":"","overlay-color":"","overlay-opacity":"","overlay-gradient":""},"mobile":{"background-color":"var(--ast-global-color-5)","background-image":"","background-repeat":"repeat","background-position":"center center","background-size":"auto","background-attachment":"scroll","background-type":"","background-media":"","overlay-type":"","overlay-color":"","overlay-opacity":"","overlay-gradient":""}}},"product_brand":[],"product_cat":[33,34,40,26],"product_tag":[],"class_list":{"0":"post-1370","1":"product","2":"type-product","3":"status-publish","4":"has-post-thumbnail","6":"product_cat-impression-1-face","7":"product_cat-impression-2-faces","8":"product_cat-impression-directe","9":"product_cat-objets","10":"desktop-align-center","11":"tablet-align-center","12":"mobile-align-center","13":"ast-product-gallery-layout-horizontal-slider","14":"ast-product-tabs-layout-horizontal","16":"first","17":"instock","18":"shipping-taxable","19":"purchasable","20":"product-type-simple"},"yoast_head":"<!-- This site is optimized with the Yoast SEO plugin v26.6 - https:\/\/yoast.com\/wordpress\/plugins\/seo\/ -->\n<title>Tote bag Personnalis\u00e9 - Copy Beaux Arts \u2022 Photocopie Impression objets personnalis\u00e9s Montpellier<\/title>\n<meta name=\"robots\" content=\"index, follow, max-snippet:-1, max-image-preview:large, max-video-preview:-1\" \/>\n<link rel=\"canonical\" href=\"https:\/\/copybeauxarts.com\/shop\/produit\/tote-bag-personnalise\/\" \/>\n<meta property=\"og:locale\" content=\"fr_FR\" \/>\n<meta property=\"og:type\" content=\"article\" \/>\n<meta property=\"og:title\" content=\"Tote bag Personnalis\u00e9 - Copy Beaux Arts \u2022 Photocopie Impression objets personnalis\u00e9s Montpellier\" \/>\n<meta property=\"og:description\" content=\"Tote bag\u00a0coton  Composition: 100%\u00a0coton  Anses: 67cm  Grammage: 140g\/m\u00b2  Taille: 38x42cm  Volume: 10 litres  Port \u00e0 la main ou \u00e0 l&#039;\u00e9paule  Grammage 140g\/m\u00b2  Possibilit\u00e9\u00a0d&#039;envoi (\u00a0avec\u00a0frais\u00a0de\u00a0port\u00a0)\u00a0de\u00a01\u00a0\u00e0\u00a010\u00a0articles.   Au del\u00e0 de\u00a010\u00a0articles,\u00a0merci\u00a0de\u00a0nous\u00a0contacter\u00a0par\u00a0mail : cpba34@gmail.com\" \/>\n<meta property=\"og:url\" content=\"https:\/\/copybeauxarts.com\/shop\/produit\/tote-bag-personnalise\/\" \/>\n<meta property=\"og:site_name\" content=\"Copy Beaux Arts \u2022 Photocopie Impression objets personnalis\u00e9s Montpellier\" \/>\n<meta property=\"article:modified_time\" content=\"2025-07-01T15:23:37+00:00\" \/>\n<meta property=\"og:image\" content=\"https:\/\/copybeauxarts.com\/shop\/wp-content\/uploads\/2020\/07\/TOTE-BAG.jpg\" \/>\n\t<meta property=\"og:image:width\" content=\"800\" \/>\n\t<meta property=\"og:image:height\" content=\"800\" \/>\n\t<meta property=\"og:image:type\" content=\"image\/jpeg\" \/>\n<meta name=\"twitter:card\" content=\"summary_large_image\" \/>\n<meta name=\"twitter:label1\" content=\"Dur\u00e9e de lecture estim\u00e9e\" \/>\n\t<meta name=\"twitter:data1\" content=\"1 minute\" \/>\n<script type=\"application\/ld+json\" class=\"yoast-schema-graph\">{\"@context\":\"https:\/\/schema.org\",\"@graph\":[{\"@type\":\"WebPage\",\"@id\":\"https:\/\/copybeauxarts.com\/shop\/produit\/tote-bag-personnalise\/\",\"url\":\"https:\/\/copybeauxarts.com\/shop\/produit\/tote-bag-personnalise\/\",\"name\":\"Tote bag Personnalis\u00e9 - Copy Beaux Arts \u2022 Photocopie Impression objets personnalis\u00e9s Montpellier\",\"isPartOf\":{\"@id\":\"https:\/\/copybeauxarts.com\/shop\/#website\"},\"primaryImageOfPage\":{\"@id\":\"https:\/\/copybeauxarts.com\/shop\/produit\/tote-bag-personnalise\/#primaryimage\"},\"image\":{\"@id\":\"https:\/\/copybeauxarts.com\/shop\/produit\/tote-bag-personnalise\/#primaryimage\"},\"thumbnailUrl\":\"https:\/\/copybeauxarts.com\/shop\/wp-content\/uploads\/2020\/07\/TOTE-BAG.jpg\",\"datePublished\":\"2020-07-21T09:42:39+00:00\",\"dateModified\":\"2025-07-01T15:23:37+00:00\",\"breadcrumb\":{\"@id\":\"https:\/\/copybeauxarts.com\/shop\/produit\/tote-bag-personnalise\/#breadcrumb\"},\"inLanguage\":\"fr-FR\",\"potentialAction\":[{\"@type\":\"ReadAction\",\"target\":[\"https:\/\/copybeauxarts.com\/shop\/produit\/tote-bag-personnalise\/\"]}]},{\"@type\":\"ImageObject\",\"inLanguage\":\"fr-FR\",\"@id\":\"https:\/\/copybeauxarts.com\/shop\/produit\/tote-bag-personnalise\/#primaryimage\",\"url\":\"https:\/\/copybeauxarts.com\/shop\/wp-content\/uploads\/2020\/07\/TOTE-BAG.jpg\",\"contentUrl\":\"https:\/\/copybeauxarts.com\/shop\/wp-content\/uploads\/2020\/07\/TOTE-BAG.jpg\",\"width\":800,\"height\":800},{\"@type\":\"BreadcrumbList\",\"@id\":\"https:\/\/copybeauxarts.com\/shop\/produit\/tote-bag-personnalise\/#breadcrumb\",\"itemListElement\":[{\"@type\":\"ListItem\",\"position\":1,\"name\":\"Accueil\",\"item\":\"https:\/\/copybeauxarts.com\/shop\/\"},{\"@type\":\"ListItem\",\"position\":2,\"name\":\"Shop\",\"item\":\"https:\/\/copybeauxarts.com\/shop\/shop\/\"},{\"@type\":\"ListItem\",\"position\":3,\"name\":\"Tote bag Personnalis\u00e9\"}]},{\"@type\":\"WebSite\",\"@id\":\"https:\/\/copybeauxarts.com\/shop\/#website\",\"url\":\"https:\/\/copybeauxarts.com\/shop\/\",\"name\":\"Copy Beaux Arts \u2022 Photocopie Impression objets personnalis\u00e9s Montpellier\",\"description\":\"Impression tshirts mugs cadeaux et tous objets personnalis\u00e9s\",\"publisher\":{\"@id\":\"https:\/\/copybeauxarts.com\/shop\/#organization\"},\"potentialAction\":[{\"@type\":\"SearchAction\",\"target\":{\"@type\":\"EntryPoint\",\"urlTemplate\":\"https:\/\/copybeauxarts.com\/shop\/?s={search_term_string}\"},\"query-input\":{\"@type\":\"PropertyValueSpecification\",\"valueRequired\":true,\"valueName\":\"search_term_string\"}}],\"inLanguage\":\"fr-FR\"},{\"@type\":\"Organization\",\"@id\":\"https:\/\/copybeauxarts.com\/shop\/#organization\",\"name\":\"Copy Beaux Arts \u2022 Photocopie Impression objets personnalis\u00e9s Montpellier\",\"url\":\"https:\/\/copybeauxarts.com\/shop\/\",\"logo\":{\"@type\":\"ImageObject\",\"inLanguage\":\"fr-FR\",\"@id\":\"https:\/\/copybeauxarts.com\/shop\/#\/schema\/logo\/image\/\",\"url\":\"https:\/\/copybeauxarts.com\/shop\/wp-content\/uploads\/2025\/12\/logo-copy-beaux-arts-montpellier.png\",\"contentUrl\":\"https:\/\/copybeauxarts.com\/shop\/wp-content\/uploads\/2025\/12\/logo-copy-beaux-arts-montpellier.png\",\"width\":247,\"height\":133,\"caption\":\"Copy Beaux Arts \u2022 Photocopie Impression objets personnalis\u00e9s Montpellier\"},\"image\":{\"@id\":\"https:\/\/copybeauxarts.com\/shop\/#\/schema\/logo\/image\/\"}}]}<\/script>\n<!-- \/ Yoast SEO plugin. -->","yoast_head_json":{"title":"Tote bag Personnalis\u00e9 - Copy Beaux Arts \u2022 Photocopie Impression objets personnalis\u00e9s Montpellier","robots":{"index":"index","follow":"follow","max-snippet":"max-snippet:-1","max-image-preview":"max-image-preview:large","max-video-preview":"max-video-preview:-1"},"canonical":"https:\/\/copybeauxarts.com\/shop\/produit\/tote-bag-personnalise\/","og_locale":"fr_FR","og_type":"article","og_title":"Tote bag Personnalis\u00e9 - Copy Beaux Arts \u2022 Photocopie Impression objets personnalis\u00e9s Montpellier","og_description":"Tote bag\u00a0coton  Composition: 100%\u00a0coton  Anses: 67cm  Grammage: 140g\/m\u00b2  Taille: 38x42cm  Volume: 10 litres  Port \u00e0 la main ou \u00e0 l'\u00e9paule  Grammage 140g\/m\u00b2  Possibilit\u00e9\u00a0d'envoi (\u00a0avec\u00a0frais\u00a0de\u00a0port\u00a0)\u00a0de\u00a01\u00a0\u00e0\u00a010\u00a0articles.   Au del\u00e0 de\u00a010\u00a0articles,\u00a0merci\u00a0de\u00a0nous\u00a0contacter\u00a0par\u00a0mail : cpba34@gmail.com","og_url":"https:\/\/copybeauxarts.com\/shop\/produit\/tote-bag-personnalise\/","og_site_name":"Copy Beaux Arts \u2022 Photocopie Impression objets personnalis\u00e9s Montpellier","article_modified_time":"2025-07-01T15:23:37+00:00","og_image":[{"width":800,"height":800,"url":"https:\/\/copybeauxarts.com\/shop\/wp-content\/uploads\/2020\/07\/TOTE-BAG.jpg","type":"image\/jpeg"}],"twitter_card":"summary_large_image","twitter_misc":{"Dur\u00e9e de lecture estim\u00e9e":"1 minute"},"schema":{"@context":"https:\/\/schema.org","@graph":[{"@type":"WebPage","@id":"https:\/\/copybeauxarts.com\/shop\/produit\/tote-bag-personnalise\/","url":"https:\/\/copybeauxarts.com\/shop\/produit\/tote-bag-personnalise\/","name":"Tote bag Personnalis\u00e9 - Copy Beaux Arts \u2022 Photocopie Impression objets personnalis\u00e9s Montpellier","isPartOf":{"@id":"https:\/\/copybeauxarts.com\/shop\/#website"},"primaryImageOfPage":{"@id":"https:\/\/copybeauxarts.com\/shop\/produit\/tote-bag-personnalise\/#primaryimage"},"image":{"@id":"https:\/\/copybeauxarts.com\/shop\/produit\/tote-bag-personnalise\/#primaryimage"},"thumbnailUrl":"https:\/\/copybeauxarts.com\/shop\/wp-content\/uploads\/2020\/07\/TOTE-BAG.jpg","datePublished":"2020-07-21T09:42:39+00:00","dateModified":"2025-07-01T15:23:37+00:00","breadcrumb":{"@id":"https:\/\/copybeauxarts.com\/shop\/produit\/tote-bag-personnalise\/#breadcrumb"},"inLanguage":"fr-FR","potentialAction":[{"@type":"ReadAction","target":["https:\/\/copybeauxarts.com\/shop\/produit\/tote-bag-personnalise\/"]}]},{"@type":"ImageObject","inLanguage":"fr-FR","@id":"https:\/\/copybeauxarts.com\/shop\/produit\/tote-bag-personnalise\/#primaryimage","url":"https:\/\/copybeauxarts.com\/shop\/wp-content\/uploads\/2020\/07\/TOTE-BAG.jpg","contentUrl":"https:\/\/copybeauxarts.com\/shop\/wp-content\/uploads\/2020\/07\/TOTE-BAG.jpg","width":800,"height":800},{"@type":"BreadcrumbList","@id":"https:\/\/copybeauxarts.com\/shop\/produit\/tote-bag-personnalise\/#breadcrumb","itemListElement":[{"@type":"ListItem","position":1,"name":"Accueil","item":"https:\/\/copybeauxarts.com\/shop\/"},{"@type":"ListItem","position":2,"name":"Shop","item":"https:\/\/copybeauxarts.com\/shop\/shop\/"},{"@type":"ListItem","position":3,"name":"Tote bag Personnalis\u00e9"}]},{"@type":"WebSite","@id":"https:\/\/copybeauxarts.com\/shop\/#website","url":"https:\/\/copybeauxarts.com\/shop\/","name":"Copy Beaux Arts \u2022 Photocopie Impression objets personnalis\u00e9s Montpellier","description":"Impression tshirts mugs cadeaux et tous objets personnalis\u00e9s","publisher":{"@id":"https:\/\/copybeauxarts.com\/shop\/#organization"},"potentialAction":[{"@type":"SearchAction","target":{"@type":"EntryPoint","urlTemplate":"https:\/\/copybeauxarts.com\/shop\/?s={search_term_string}"},"query-input":{"@type":"PropertyValueSpecification","valueRequired":true,"valueName":"search_term_string"}}],"inLanguage":"fr-FR"},{"@type":"Organization","@id":"https:\/\/copybeauxarts.com\/shop\/#organization","name":"Copy Beaux Arts \u2022 Photocopie Impression objets personnalis\u00e9s Montpellier","url":"https:\/\/copybeauxarts.com\/shop\/","logo":{"@type":"ImageObject","inLanguage":"fr-FR","@id":"https:\/\/copybeauxarts.com\/shop\/#\/schema\/logo\/image\/","url":"https:\/\/copybeauxarts.com\/shop\/wp-content\/uploads\/2025\/12\/logo-copy-beaux-arts-montpellier.png","contentUrl":"https:\/\/copybeauxarts.com\/shop\/wp-content\/uploads\/2025\/12\/logo-copy-beaux-arts-montpellier.png","width":247,"height":133,"caption":"Copy Beaux Arts \u2022 Photocopie Impression objets personnalis\u00e9s Montpellier"},"image":{"@id":"https:\/\/copybeauxarts.com\/shop\/#\/schema\/logo\/image\/"}}]}},"_links":{"self":[{"href":"https:\/\/copybeauxarts.com\/shop\/wp-json\/wp\/v2\/product\/1370","targetHints":{"allow":["GET"]}}],"collection":[{"href":"https:\/\/copybeauxarts.com\/shop\/wp-json\/wp\/v2\/product"}],"about":[{"href":"https:\/\/copybeauxarts.com\/shop\/wp-json\/wp\/v2\/types\/product"}],"wp:featuredmedia":[{"embeddable":true,"href":"https:\/\/copybeauxarts.com\/shop\/wp-json\/wp\/v2\/media\/1372"}],"wp:attachment":[{"href":"https:\/\/copybeauxarts.com\/shop\/wp-json\/wp\/v2\/media?parent=1370"}],"wp:term":[{"taxonomy":"product_brand","embeddable":true,"href":"https:\/\/copybeauxarts.com\/shop\/wp-json\/wp\/v2\/product_brand?post=1370"},{"taxonomy":"product_cat","embeddable":true,"href":"https:\/\/copybeauxarts.com\/shop\/wp-json\/wp\/v2\/product_cat?post=1370"},{"taxonomy":"product_tag","embeddable":true,"href":"https:\/\/copybeauxarts.com\/shop\/wp-json\/wp\/v2\/product_tag?post=1370"}],"curies":[{"name":"wp","href":"https:\/\/api.w.org\/{rel}","templated":true}]}}