{"id":1134,"date":"2020-06-19T10:10:50","date_gmt":"2020-06-19T08:10:50","guid":{"rendered":"https:\/\/copybeauxarts.com\/shop\/?post_type=product&#038;p=1134"},"modified":"2020-06-25T17:02:44","modified_gmt":"2020-06-25T15:02:44","slug":"lot-de-250-cartes-de-visite-couleur","status":"publish","type":"product","link":"https:\/\/copybeauxarts.com\/shop\/produit\/lot-de-250-cartes-de-visite-couleur\/","title":{"rendered":"Cartes de visite Couleur"},"content":{"rendered":"<p>B\u00e9n\u00e9ficiez de 25 % de r\u00e9duction gr\u00e2ce \u00e0 la commande par internet, disponibilit\u00e9 en 48H pour la r\u00e9alisation de vos cartes de visite.<\/p>\n<ul>\n<li>Lot de\u00a0cartes de visite <strong>Couleur<\/strong><\/li>\n<li>Sans pelliculage<\/li>\n<li>Pelliculage <strong>mat<\/strong><\/li>\n<li>Pelliculage <strong>brillant<\/strong><\/li>\n<li>Pelliculage<strong> soft touch<\/strong><\/li>\n<li>Papier <strong>350 grammes<\/strong><\/li>\n<\/ul>\n","protected":false},"excerpt":{"rendered":"<p>B\u00e9n\u00e9ficiez de 25 % de r\u00e9duction gr\u00e2ce \u00e0 la commande par internet, disponibilit\u00e9 en 48H pour la r\u00e9alisation de vos cartes de visite.<\/p>\n<ul>\n<li>Lot de cartes de visite <strong>Couleur<\/strong><\/li>\n<li>Sans pelliculage<\/li>\n<li>Pelliculage <strong>mat<\/strong><\/li>\n<li>Pelliculage <strong>brillant<\/strong><\/li>\n<li>Pelliculage<strong> soft touch<\/strong><\/li>\n<li>Papier <strong>350 grammes<\/strong><\/li>\n<\/ul>\n","protected":false},"featured_media":1345,"template":"","meta":{"site-sidebar-layout":"default","site-content-layout":"","ast-site-content-layout":"default","site-content-style":"default","site-sidebar-style":"default","ast-global-header-display":"","ast-banner-title-visibility":"","ast-main-header-display":"","ast-hfb-above-header-display":"","ast-hfb-below-header-display":"","ast-hfb-mobile-header-display":"","site-post-title":"","ast-breadcrumbs-content":"","ast-featured-img":"","footer-sml-layout":"","ast-disable-related-posts":"","theme-transparent-header-meta":"","adv-header-id-meta":"","stick-header-meta":"","header-above-stick-meta":"","header-main-stick-meta":"","header-below-stick-meta":"","astra-migrate-meta-layouts":"default","ast-page-background-enabled":"default","ast-page-background-meta":{"desktop":{"background-color":"var(--ast-global-color-4)","background-image":"","background-repeat":"repeat","background-position":"center center","background-size":"auto","background-attachment":"scroll","background-type":"","background-media":"","overlay-type":"","overlay-color":"","overlay-opacity":"","overlay-gradient":""},"tablet":{"background-color":"","background-image":"","background-repeat":"repeat","background-position":"center center","background-size":"auto","background-attachment":"scroll","background-type":"","background-media":"","overlay-type":"","overlay-color":"","overlay-opacity":"","overlay-gradient":""},"mobile":{"background-color":"","background-image":"","background-repeat":"repeat","background-position":"center center","background-size":"auto","background-attachment":"scroll","background-type":"","background-media":"","overlay-type":"","overlay-color":"","overlay-opacity":"","overlay-gradient":""}},"ast-content-background-meta":{"desktop":{"background-color":"var(--ast-global-color-5)","background-image":"","background-repeat":"repeat","background-position":"center center","background-size":"auto","background-attachment":"scroll","background-type":"","background-media":"","overlay-type":"","overlay-color":"","overlay-opacity":"","overlay-gradient":""},"tablet":{"background-color":"var(--ast-global-color-5)","background-image":"","background-repeat":"repeat","background-position":"center center","background-size":"auto","background-attachment":"scroll","background-type":"","background-media":"","overlay-type":"","overlay-color":"","overlay-opacity":"","overlay-gradient":""},"mobile":{"background-color":"var(--ast-global-color-5)","background-image":"","background-repeat":"repeat","background-position":"center center","background-size":"auto","background-attachment":"scroll","background-type":"","background-media":"","overlay-type":"","overlay-color":"","overlay-opacity":"","overlay-gradient":""}}},"product_brand":[],"product_cat":[44,45],"product_tag":[],"class_list":{"0":"post-1134","1":"product","2":"type-product","3":"status-publish","4":"has-post-thumbnail","6":"product_cat-reprographie","7":"product_cat-tarif-48-h","8":"desktop-align-center","9":"tablet-align-center","10":"mobile-align-center","11":"ast-product-gallery-layout-horizontal-slider","12":"ast-product-single-variable","13":"ast-product-tabs-layout-horizontal","15":"first","16":"instock","17":"shipping-taxable","18":"purchasable","19":"product-type-variable","20":"has-default-attributes"},"yoast_head":"<!-- This site is optimized with the Yoast SEO plugin v26.6 - https:\/\/yoast.com\/wordpress\/plugins\/seo\/ -->\n<title>Cartes de visite Couleur - Copy Beaux Arts \u2022 Photocopie Impression objets personnalis\u00e9s Montpellier<\/title>\n<meta name=\"robots\" content=\"index, follow, max-snippet:-1, max-image-preview:large, max-video-preview:-1\" \/>\n<link rel=\"canonical\" href=\"https:\/\/copybeauxarts.com\/shop\/produit\/lot-de-250-cartes-de-visite-couleur\/\" \/>\n<meta property=\"og:locale\" content=\"fr_FR\" \/>\n<meta property=\"og:type\" content=\"article\" \/>\n<meta property=\"og:title\" content=\"Cartes de visite Couleur - Copy Beaux Arts \u2022 Photocopie Impression objets personnalis\u00e9s Montpellier\" \/>\n<meta property=\"og:description\" content=\"B\u00e9n\u00e9ficiez de 25 % de r\u00e9duction gr\u00e2ce \u00e0 la commande par internet, disponibilit\u00e9 en 48H pour la r\u00e9alisation de vos cartes de visite.   Lot de cartes de visite Couleur  Sans pelliculage  Pelliculage mat  Pelliculage brillant  Pelliculage soft touch  Papier 350 grammes\" \/>\n<meta property=\"og:url\" content=\"https:\/\/copybeauxarts.com\/shop\/produit\/lot-de-250-cartes-de-visite-couleur\/\" \/>\n<meta property=\"og:site_name\" content=\"Copy Beaux Arts \u2022 Photocopie Impression objets personnalis\u00e9s Montpellier\" \/>\n<meta property=\"article:modified_time\" content=\"2020-06-25T15:02:44+00:00\" \/>\n<meta property=\"og:image\" content=\"https:\/\/copybeauxarts.com\/shop\/wp-content\/uploads\/2020\/06\/CARTES-WEB.jpg\" \/>\n\t<meta property=\"og:image:width\" content=\"2800\" \/>\n\t<meta property=\"og:image:height\" content=\"2100\" \/>\n\t<meta property=\"og:image:type\" content=\"image\/jpeg\" \/>\n<meta name=\"twitter:card\" content=\"summary_large_image\" \/>\n<script type=\"application\/ld+json\" class=\"yoast-schema-graph\">{\"@context\":\"https:\/\/schema.org\",\"@graph\":[{\"@type\":\"WebPage\",\"@id\":\"https:\/\/copybeauxarts.com\/shop\/produit\/lot-de-250-cartes-de-visite-couleur\/\",\"url\":\"https:\/\/copybeauxarts.com\/shop\/produit\/lot-de-250-cartes-de-visite-couleur\/\",\"name\":\"Cartes de visite Couleur - Copy Beaux Arts \u2022 Photocopie Impression objets personnalis\u00e9s Montpellier\",\"isPartOf\":{\"@id\":\"https:\/\/copybeauxarts.com\/shop\/#website\"},\"primaryImageOfPage\":{\"@id\":\"https:\/\/copybeauxarts.com\/shop\/produit\/lot-de-250-cartes-de-visite-couleur\/#primaryimage\"},\"image\":{\"@id\":\"https:\/\/copybeauxarts.com\/shop\/produit\/lot-de-250-cartes-de-visite-couleur\/#primaryimage\"},\"thumbnailUrl\":\"https:\/\/copybeauxarts.com\/shop\/wp-content\/uploads\/2020\/06\/CARTES-WEB.jpg\",\"datePublished\":\"2020-06-19T08:10:50+00:00\",\"dateModified\":\"2020-06-25T15:02:44+00:00\",\"breadcrumb\":{\"@id\":\"https:\/\/copybeauxarts.com\/shop\/produit\/lot-de-250-cartes-de-visite-couleur\/#breadcrumb\"},\"inLanguage\":\"fr-FR\",\"potentialAction\":[{\"@type\":\"ReadAction\",\"target\":[\"https:\/\/copybeauxarts.com\/shop\/produit\/lot-de-250-cartes-de-visite-couleur\/\"]}]},{\"@type\":\"ImageObject\",\"inLanguage\":\"fr-FR\",\"@id\":\"https:\/\/copybeauxarts.com\/shop\/produit\/lot-de-250-cartes-de-visite-couleur\/#primaryimage\",\"url\":\"https:\/\/copybeauxarts.com\/shop\/wp-content\/uploads\/2020\/06\/CARTES-WEB.jpg\",\"contentUrl\":\"https:\/\/copybeauxarts.com\/shop\/wp-content\/uploads\/2020\/06\/CARTES-WEB.jpg\",\"width\":2800,\"height\":2100},{\"@type\":\"BreadcrumbList\",\"@id\":\"https:\/\/copybeauxarts.com\/shop\/produit\/lot-de-250-cartes-de-visite-couleur\/#breadcrumb\",\"itemListElement\":[{\"@type\":\"ListItem\",\"position\":1,\"name\":\"Accueil\",\"item\":\"https:\/\/copybeauxarts.com\/shop\/\"},{\"@type\":\"ListItem\",\"position\":2,\"name\":\"Shop\",\"item\":\"https:\/\/copybeauxarts.com\/shop\/shop\/\"},{\"@type\":\"ListItem\",\"position\":3,\"name\":\"Cartes de visite Couleur\"}]},{\"@type\":\"WebSite\",\"@id\":\"https:\/\/copybeauxarts.com\/shop\/#website\",\"url\":\"https:\/\/copybeauxarts.com\/shop\/\",\"name\":\"Copy Beaux Arts \u2022 Photocopie Impression objets personnalis\u00e9s Montpellier\",\"description\":\"Impression tshirts mugs cadeaux et tous objets personnalis\u00e9s\",\"publisher\":{\"@id\":\"https:\/\/copybeauxarts.com\/shop\/#organization\"},\"potentialAction\":[{\"@type\":\"SearchAction\",\"target\":{\"@type\":\"EntryPoint\",\"urlTemplate\":\"https:\/\/copybeauxarts.com\/shop\/?s={search_term_string}\"},\"query-input\":{\"@type\":\"PropertyValueSpecification\",\"valueRequired\":true,\"valueName\":\"search_term_string\"}}],\"inLanguage\":\"fr-FR\"},{\"@type\":\"Organization\",\"@id\":\"https:\/\/copybeauxarts.com\/shop\/#organization\",\"name\":\"Copy Beaux Arts \u2022 Photocopie Impression objets personnalis\u00e9s Montpellier\",\"url\":\"https:\/\/copybeauxarts.com\/shop\/\",\"logo\":{\"@type\":\"ImageObject\",\"inLanguage\":\"fr-FR\",\"@id\":\"https:\/\/copybeauxarts.com\/shop\/#\/schema\/logo\/image\/\",\"url\":\"https:\/\/copybeauxarts.com\/shop\/wp-content\/uploads\/2025\/12\/logo-copy-beaux-arts-montpellier.png\",\"contentUrl\":\"https:\/\/copybeauxarts.com\/shop\/wp-content\/uploads\/2025\/12\/logo-copy-beaux-arts-montpellier.png\",\"width\":247,\"height\":133,\"caption\":\"Copy Beaux Arts \u2022 Photocopie Impression objets personnalis\u00e9s Montpellier\"},\"image\":{\"@id\":\"https:\/\/copybeauxarts.com\/shop\/#\/schema\/logo\/image\/\"}}]}<\/script>\n<!-- \/ Yoast SEO plugin. -->","yoast_head_json":{"title":"Cartes de visite Couleur - Copy Beaux Arts \u2022 Photocopie Impression objets personnalis\u00e9s Montpellier","robots":{"index":"index","follow":"follow","max-snippet":"max-snippet:-1","max-image-preview":"max-image-preview:large","max-video-preview":"max-video-preview:-1"},"canonical":"https:\/\/copybeauxarts.com\/shop\/produit\/lot-de-250-cartes-de-visite-couleur\/","og_locale":"fr_FR","og_type":"article","og_title":"Cartes de visite Couleur - Copy Beaux Arts \u2022 Photocopie Impression objets personnalis\u00e9s Montpellier","og_description":"B\u00e9n\u00e9ficiez de 25 % de r\u00e9duction gr\u00e2ce \u00e0 la commande par internet, disponibilit\u00e9 en 48H pour la r\u00e9alisation de vos cartes de visite.   Lot de cartes de visite Couleur  Sans pelliculage  Pelliculage mat  Pelliculage brillant  Pelliculage soft touch  Papier 350 grammes","og_url":"https:\/\/copybeauxarts.com\/shop\/produit\/lot-de-250-cartes-de-visite-couleur\/","og_site_name":"Copy Beaux Arts \u2022 Photocopie Impression objets personnalis\u00e9s Montpellier","article_modified_time":"2020-06-25T15:02:44+00:00","og_image":[{"width":2800,"height":2100,"url":"https:\/\/copybeauxarts.com\/shop\/wp-content\/uploads\/2020\/06\/CARTES-WEB.jpg","type":"image\/jpeg"}],"twitter_card":"summary_large_image","schema":{"@context":"https:\/\/schema.org","@graph":[{"@type":"WebPage","@id":"https:\/\/copybeauxarts.com\/shop\/produit\/lot-de-250-cartes-de-visite-couleur\/","url":"https:\/\/copybeauxarts.com\/shop\/produit\/lot-de-250-cartes-de-visite-couleur\/","name":"Cartes de visite Couleur - Copy Beaux Arts \u2022 Photocopie Impression objets personnalis\u00e9s Montpellier","isPartOf":{"@id":"https:\/\/copybeauxarts.com\/shop\/#website"},"primaryImageOfPage":{"@id":"https:\/\/copybeauxarts.com\/shop\/produit\/lot-de-250-cartes-de-visite-couleur\/#primaryimage"},"image":{"@id":"https:\/\/copybeauxarts.com\/shop\/produit\/lot-de-250-cartes-de-visite-couleur\/#primaryimage"},"thumbnailUrl":"https:\/\/copybeauxarts.com\/shop\/wp-content\/uploads\/2020\/06\/CARTES-WEB.jpg","datePublished":"2020-06-19T08:10:50+00:00","dateModified":"2020-06-25T15:02:44+00:00","breadcrumb":{"@id":"https:\/\/copybeauxarts.com\/shop\/produit\/lot-de-250-cartes-de-visite-couleur\/#breadcrumb"},"inLanguage":"fr-FR","potentialAction":[{"@type":"ReadAction","target":["https:\/\/copybeauxarts.com\/shop\/produit\/lot-de-250-cartes-de-visite-couleur\/"]}]},{"@type":"ImageObject","inLanguage":"fr-FR","@id":"https:\/\/copybeauxarts.com\/shop\/produit\/lot-de-250-cartes-de-visite-couleur\/#primaryimage","url":"https:\/\/copybeauxarts.com\/shop\/wp-content\/uploads\/2020\/06\/CARTES-WEB.jpg","contentUrl":"https:\/\/copybeauxarts.com\/shop\/wp-content\/uploads\/2020\/06\/CARTES-WEB.jpg","width":2800,"height":2100},{"@type":"BreadcrumbList","@id":"https:\/\/copybeauxarts.com\/shop\/produit\/lot-de-250-cartes-de-visite-couleur\/#breadcrumb","itemListElement":[{"@type":"ListItem","position":1,"name":"Accueil","item":"https:\/\/copybeauxarts.com\/shop\/"},{"@type":"ListItem","position":2,"name":"Shop","item":"https:\/\/copybeauxarts.com\/shop\/shop\/"},{"@type":"ListItem","position":3,"name":"Cartes de visite Couleur"}]},{"@type":"WebSite","@id":"https:\/\/copybeauxarts.com\/shop\/#website","url":"https:\/\/copybeauxarts.com\/shop\/","name":"Copy Beaux Arts \u2022 Photocopie Impression objets personnalis\u00e9s Montpellier","description":"Impression tshirts mugs cadeaux et tous objets personnalis\u00e9s","publisher":{"@id":"https:\/\/copybeauxarts.com\/shop\/#organization"},"potentialAction":[{"@type":"SearchAction","target":{"@type":"EntryPoint","urlTemplate":"https:\/\/copybeauxarts.com\/shop\/?s={search_term_string}"},"query-input":{"@type":"PropertyValueSpecification","valueRequired":true,"valueName":"search_term_string"}}],"inLanguage":"fr-FR"},{"@type":"Organization","@id":"https:\/\/copybeauxarts.com\/shop\/#organization","name":"Copy Beaux Arts \u2022 Photocopie Impression objets personnalis\u00e9s Montpellier","url":"https:\/\/copybeauxarts.com\/shop\/","logo":{"@type":"ImageObject","inLanguage":"fr-FR","@id":"https:\/\/copybeauxarts.com\/shop\/#\/schema\/logo\/image\/","url":"https:\/\/copybeauxarts.com\/shop\/wp-content\/uploads\/2025\/12\/logo-copy-beaux-arts-montpellier.png","contentUrl":"https:\/\/copybeauxarts.com\/shop\/wp-content\/uploads\/2025\/12\/logo-copy-beaux-arts-montpellier.png","width":247,"height":133,"caption":"Copy Beaux Arts \u2022 Photocopie Impression objets personnalis\u00e9s Montpellier"},"image":{"@id":"https:\/\/copybeauxarts.com\/shop\/#\/schema\/logo\/image\/"}}]}},"_links":{"self":[{"href":"https:\/\/copybeauxarts.com\/shop\/wp-json\/wp\/v2\/product\/1134","targetHints":{"allow":["GET"]}}],"collection":[{"href":"https:\/\/copybeauxarts.com\/shop\/wp-json\/wp\/v2\/product"}],"about":[{"href":"https:\/\/copybeauxarts.com\/shop\/wp-json\/wp\/v2\/types\/product"}],"wp:featuredmedia":[{"embeddable":true,"href":"https:\/\/copybeauxarts.com\/shop\/wp-json\/wp\/v2\/media\/1345"}],"wp:attachment":[{"href":"https:\/\/copybeauxarts.com\/shop\/wp-json\/wp\/v2\/media?parent=1134"}],"wp:term":[{"taxonomy":"product_brand","embeddable":true,"href":"https:\/\/copybeauxarts.com\/shop\/wp-json\/wp\/v2\/product_brand?post=1134"},{"taxonomy":"product_cat","embeddable":true,"href":"https:\/\/copybeauxarts.com\/shop\/wp-json\/wp\/v2\/product_cat?post=1134"},{"taxonomy":"product_tag","embeddable":true,"href":"https:\/\/copybeauxarts.com\/shop\/wp-json\/wp\/v2\/product_tag?post=1134"}],"curies":[{"name":"wp","href":"https:\/\/api.w.org\/{rel}","templated":true}]}}