{"id":2160,"date":"2021-12-07T14:12:03","date_gmt":"2021-12-07T13:12:03","guid":{"rendered":"https:\/\/copybeauxarts.com\/shop\/?page_id=2160"},"modified":"2024-07-11T10:48:33","modified_gmt":"2024-07-11T08:48:33","slug":"idees-cadeaux","status":"publish","type":"page","link":"https:\/\/copybeauxarts.com\/shop\/idees-cadeaux\/","title":{"rendered":"Les mod\u00e8les \u00e0 personnaliser"},"content":{"rendered":"\n\n\t\t\t\t<img loading=\"lazy\" decoding=\"async\" src=\"https:\/\/copybeauxarts.com\/shop\/wp-content\/uploads\/2021\/12\/BANIERE-MODELE-CBA-WEB.jpg\" alt=\"BANIERE-MODELE-CBA-WEB\" itemprop=\"image\" height=\"900\" width=\"1440\" title=\"BANIERE-MODELE-CBA-WEB\" onerror=\"this.style.display='none'\"  \/>\n\t<h4>Voici des exemples de visuels sur des th\u00e9matiques.\nFaites en des magnets, des d\u00e9capsuleurs, des totebags, des tee-shirts, &#8230;<\/h4>\n<p> Pour toutes estimations, devis ou commandes; merci de nous contacter par mail. (cpba34@gmail.com) <\/p>\n<h2>\n\t\tNOUS VOUS FOURNISSONS LES ID\u00c9ES<br \/>\u00c0 VOUS DE LES PERSONNALISER !\u00a0<br \/>\n\t<\/h2>\n\t<h2><strong>\u2022 POUR UN\u00a0 EVJF \/ EVG<\/strong><\/h2>\n\t\t\t\t<img loading=\"lazy\" decoding=\"async\" src=\"https:\/\/copybeauxarts.com\/shop\/wp-content\/uploads\/2024\/03\/evjf-.png\" alt=\"evjf\" itemprop=\"image\" height=\"2855\" width=\"13526\" title=\"evjf\" onerror=\"this.style.display='none'\"  \/>\n\t\t\t\t<img loading=\"lazy\" decoding=\"async\" src=\"https:\/\/copybeauxarts.com\/shop\/wp-content\/uploads\/2024\/03\/evg.png\" alt=\"evg\" itemprop=\"image\" height=\"4094\" width=\"13526\" title=\"evg\" onerror=\"this.style.display='none'\"  \/>\n<h2>\n\t\t\u2022 AUTOURS DE L&rsquo;AMITI\u00c9\n\t<\/h2>\n<h2>\n\t\t\u2022 MA FAMILLE\n\t<\/h2>\n\t<p>De bonnes id\u00e9es cadeaux, pour faire plaisir \u00e0 ceux qui comptent le plus.<\/p>\n<h2>\n\t\t\u00a0\u2022 MERCI MA\u00ceTRESSE\n\t<\/h2>\n\t<p>Bonne id\u00e9e cadeau pour les fins d&rsquo;ann\u00e9e!<\/p>\n\n","protected":false},"excerpt":{"rendered":"<p>Voici des exemples de visuels sur des th\u00e9matiques. Faites en des magnets, des d\u00e9capsuleurs, des totebags, des tee-shirts, &#8230; Pour toutes estimations, devis ou commandes; merci de nous contacter par mail. (cpba34@gmail.com) NOUS VOUS FOURNISSONS LES ID\u00c9ES\u00c0 VOUS DE LES PERSONNALISER !\u00a0 \u2022 POUR UN\u00a0 EVJF \/ EVG \u2022 AUTOURS DE L&rsquo;AMITI\u00c9 \u2022 MA FAMILLE [&hellip;]<\/p>\n","protected":false},"author":4,"featured_media":0,"parent":0,"menu_order":0,"comment_status":"closed","ping_status":"closed","template":"","meta":{"site-sidebar-layout":"default","site-content-layout":"default","ast-site-content-layout":"default","site-content-style":"default","site-sidebar-style":"default","ast-global-header-display":"","ast-banner-title-visibility":"","ast-main-header-display":"","ast-hfb-above-header-display":"","ast-hfb-below-header-display":"","ast-hfb-mobile-header-display":"","site-post-title":"","ast-breadcrumbs-content":"","ast-featured-img":"","footer-sml-layout":"","ast-disable-related-posts":"","theme-transparent-header-meta":"default","adv-header-id-meta":"","stick-header-meta":"default","header-above-stick-meta":"","header-main-stick-meta":"","header-below-stick-meta":"","astra-migrate-meta-layouts":"default","ast-page-background-enabled":"default","ast-page-background-meta":{"desktop":{"background-color":"var(--ast-global-color-4)","background-image":"","background-repeat":"repeat","background-position":"center center","background-size":"auto","background-attachment":"scroll","background-type":"","background-media":"","overlay-type":"","overlay-color":"","overlay-opacity":"","overlay-gradient":""},"tablet":{"background-color":"","background-image":"","background-repeat":"repeat","background-position":"center center","background-size":"auto","background-attachment":"scroll","background-type":"","background-media":"","overlay-type":"","overlay-color":"","overlay-opacity":"","overlay-gradient":""},"mobile":{"background-color":"","background-image":"","background-repeat":"repeat","background-position":"center center","background-size":"auto","background-attachment":"scroll","background-type":"","background-media":"","overlay-type":"","overlay-color":"","overlay-opacity":"","overlay-gradient":""}},"ast-content-background-meta":{"desktop":{"background-color":"var(--ast-global-color-5)","background-image":"","background-repeat":"repeat","background-position":"center center","background-size":"auto","background-attachment":"scroll","background-type":"","background-media":"","overlay-type":"","overlay-color":"","overlay-opacity":"","overlay-gradient":""},"tablet":{"background-color":"var(--ast-global-color-5)","background-image":"","background-repeat":"repeat","background-position":"center center","background-size":"auto","background-attachment":"scroll","background-type":"","background-media":"","overlay-type":"","overlay-color":"","overlay-opacity":"","overlay-gradient":""},"mobile":{"background-color":"var(--ast-global-color-5)","background-image":"","background-repeat":"repeat","background-position":"center center","background-size":"auto","background-attachment":"scroll","background-type":"","background-media":"","overlay-type":"","overlay-color":"","overlay-opacity":"","overlay-gradient":""}},"footnotes":""},"class_list":["post-2160","page","type-page","status-publish","hentry"],"yoast_head":"<!-- This site is optimized with the Yoast SEO plugin v26.6 - https:\/\/yoast.com\/wordpress\/plugins\/seo\/ -->\n<title>Les mod\u00e8les \u00e0 personnaliser - Copy Beaux Arts \u2022 Photocopie Impression objets personnalis\u00e9s Montpellier<\/title>\n<meta name=\"robots\" content=\"index, follow, max-snippet:-1, max-image-preview:large, max-video-preview:-1\" \/>\n<link rel=\"canonical\" href=\"https:\/\/copybeauxarts.com\/shop\/idees-cadeaux\/\" \/>\n<meta property=\"og:locale\" content=\"fr_FR\" \/>\n<meta property=\"og:type\" content=\"article\" \/>\n<meta property=\"og:title\" content=\"Les mod\u00e8les \u00e0 personnaliser - Copy Beaux Arts \u2022 Photocopie Impression objets personnalis\u00e9s Montpellier\" \/>\n<meta property=\"og:description\" content=\"Voici des exemples de visuels sur des th\u00e9matiques. Faites en des magnets, des d\u00e9capsuleurs, des totebags, des tee-shirts, &#8230; Pour toutes estimations, devis ou commandes; merci de nous contacter par mail. (cpba34@gmail.com) NOUS VOUS FOURNISSONS LES ID\u00c9ES\u00c0 VOUS DE LES PERSONNALISER !\u00a0 \u2022 POUR UN\u00a0 EVJF \/ EVG \u2022 AUTOURS DE L&rsquo;AMITI\u00c9 \u2022 MA FAMILLE [&hellip;]\" \/>\n<meta property=\"og:url\" content=\"https:\/\/copybeauxarts.com\/shop\/idees-cadeaux\/\" \/>\n<meta property=\"og:site_name\" content=\"Copy Beaux Arts \u2022 Photocopie Impression objets personnalis\u00e9s Montpellier\" \/>\n<meta property=\"article:modified_time\" content=\"2024-07-11T08:48:33+00:00\" \/>\n<meta property=\"og:image\" content=\"https:\/\/copybeauxarts.com\/shop\/wp-content\/uploads\/2021\/12\/BANIERE-MODELE-CBA-WEB.jpg\" \/>\n<meta name=\"twitter:card\" content=\"summary_large_image\" \/>\n<meta name=\"twitter:label1\" content=\"Dur\u00e9e de lecture estim\u00e9e\" \/>\n\t<meta name=\"twitter:data1\" content=\"2 minutes\" \/>\n<script type=\"application\/ld+json\" class=\"yoast-schema-graph\">{\"@context\":\"https:\/\/schema.org\",\"@graph\":[{\"@type\":\"WebPage\",\"@id\":\"https:\/\/copybeauxarts.com\/shop\/idees-cadeaux\/\",\"url\":\"https:\/\/copybeauxarts.com\/shop\/idees-cadeaux\/\",\"name\":\"Les mod\u00e8les \u00e0 personnaliser - Copy Beaux Arts \u2022 Photocopie Impression objets personnalis\u00e9s Montpellier\",\"isPartOf\":{\"@id\":\"https:\/\/copybeauxarts.com\/shop\/#website\"},\"primaryImageOfPage\":{\"@id\":\"https:\/\/copybeauxarts.com\/shop\/idees-cadeaux\/#primaryimage\"},\"image\":{\"@id\":\"https:\/\/copybeauxarts.com\/shop\/idees-cadeaux\/#primaryimage\"},\"thumbnailUrl\":\"https:\/\/copybeauxarts.com\/shop\/wp-content\/uploads\/2021\/12\/BANIERE-MODELE-CBA-WEB.jpg\",\"datePublished\":\"2021-12-07T13:12:03+00:00\",\"dateModified\":\"2024-07-11T08:48:33+00:00\",\"breadcrumb\":{\"@id\":\"https:\/\/copybeauxarts.com\/shop\/idees-cadeaux\/#breadcrumb\"},\"inLanguage\":\"fr-FR\",\"potentialAction\":[{\"@type\":\"ReadAction\",\"target\":[\"https:\/\/copybeauxarts.com\/shop\/idees-cadeaux\/\"]}]},{\"@type\":\"ImageObject\",\"inLanguage\":\"fr-FR\",\"@id\":\"https:\/\/copybeauxarts.com\/shop\/idees-cadeaux\/#primaryimage\",\"url\":\"https:\/\/copybeauxarts.com\/shop\/wp-content\/uploads\/2021\/12\/BANIERE-MODELE-CBA-WEB.jpg\",\"contentUrl\":\"https:\/\/copybeauxarts.com\/shop\/wp-content\/uploads\/2021\/12\/BANIERE-MODELE-CBA-WEB.jpg\",\"width\":1440,\"height\":900},{\"@type\":\"BreadcrumbList\",\"@id\":\"https:\/\/copybeauxarts.com\/shop\/idees-cadeaux\/#breadcrumb\",\"itemListElement\":[{\"@type\":\"ListItem\",\"position\":1,\"name\":\"Accueil\",\"item\":\"https:\/\/copybeauxarts.com\/shop\/\"},{\"@type\":\"ListItem\",\"position\":2,\"name\":\"Les mod\u00e8les \u00e0 personnaliser\"}]},{\"@type\":\"WebSite\",\"@id\":\"https:\/\/copybeauxarts.com\/shop\/#website\",\"url\":\"https:\/\/copybeauxarts.com\/shop\/\",\"name\":\"Copy Beaux Arts \u2022 Photocopie Impression objets personnalis\u00e9s Montpellier\",\"description\":\"Impression tshirts mugs cadeaux et tous objets personnalis\u00e9s\",\"publisher\":{\"@id\":\"https:\/\/copybeauxarts.com\/shop\/#organization\"},\"potentialAction\":[{\"@type\":\"SearchAction\",\"target\":{\"@type\":\"EntryPoint\",\"urlTemplate\":\"https:\/\/copybeauxarts.com\/shop\/?s={search_term_string}\"},\"query-input\":{\"@type\":\"PropertyValueSpecification\",\"valueRequired\":true,\"valueName\":\"search_term_string\"}}],\"inLanguage\":\"fr-FR\"},{\"@type\":\"Organization\",\"@id\":\"https:\/\/copybeauxarts.com\/shop\/#organization\",\"name\":\"Copy Beaux Arts \u2022 Photocopie Impression objets personnalis\u00e9s Montpellier\",\"url\":\"https:\/\/copybeauxarts.com\/shop\/\",\"logo\":{\"@type\":\"ImageObject\",\"inLanguage\":\"fr-FR\",\"@id\":\"https:\/\/copybeauxarts.com\/shop\/#\/schema\/logo\/image\/\",\"url\":\"https:\/\/copybeauxarts.com\/shop\/wp-content\/uploads\/2025\/12\/logo-copy-beaux-arts-montpellier.png\",\"contentUrl\":\"https:\/\/copybeauxarts.com\/shop\/wp-content\/uploads\/2025\/12\/logo-copy-beaux-arts-montpellier.png\",\"width\":247,\"height\":133,\"caption\":\"Copy Beaux Arts \u2022 Photocopie Impression objets personnalis\u00e9s Montpellier\"},\"image\":{\"@id\":\"https:\/\/copybeauxarts.com\/shop\/#\/schema\/logo\/image\/\"}}]}<\/script>\n<!-- \/ Yoast SEO plugin. -->","yoast_head_json":{"title":"Les mod\u00e8les \u00e0 personnaliser - Copy Beaux Arts \u2022 Photocopie Impression objets personnalis\u00e9s Montpellier","robots":{"index":"index","follow":"follow","max-snippet":"max-snippet:-1","max-image-preview":"max-image-preview:large","max-video-preview":"max-video-preview:-1"},"canonical":"https:\/\/copybeauxarts.com\/shop\/idees-cadeaux\/","og_locale":"fr_FR","og_type":"article","og_title":"Les mod\u00e8les \u00e0 personnaliser - Copy Beaux Arts \u2022 Photocopie Impression objets personnalis\u00e9s Montpellier","og_description":"Voici des exemples de visuels sur des th\u00e9matiques. Faites en des magnets, des d\u00e9capsuleurs, des totebags, des tee-shirts, &#8230; Pour toutes estimations, devis ou commandes; merci de nous contacter par mail. (cpba34@gmail.com) NOUS VOUS FOURNISSONS LES ID\u00c9ES\u00c0 VOUS DE LES PERSONNALISER !\u00a0 \u2022 POUR UN\u00a0 EVJF \/ EVG \u2022 AUTOURS DE L&rsquo;AMITI\u00c9 \u2022 MA FAMILLE [&hellip;]","og_url":"https:\/\/copybeauxarts.com\/shop\/idees-cadeaux\/","og_site_name":"Copy Beaux Arts \u2022 Photocopie Impression objets personnalis\u00e9s Montpellier","article_modified_time":"2024-07-11T08:48:33+00:00","og_image":[{"url":"https:\/\/copybeauxarts.com\/shop\/wp-content\/uploads\/2021\/12\/BANIERE-MODELE-CBA-WEB.jpg","type":"","width":"","height":""}],"twitter_card":"summary_large_image","twitter_misc":{"Dur\u00e9e de lecture estim\u00e9e":"2 minutes"},"schema":{"@context":"https:\/\/schema.org","@graph":[{"@type":"WebPage","@id":"https:\/\/copybeauxarts.com\/shop\/idees-cadeaux\/","url":"https:\/\/copybeauxarts.com\/shop\/idees-cadeaux\/","name":"Les mod\u00e8les \u00e0 personnaliser - Copy Beaux Arts \u2022 Photocopie Impression objets personnalis\u00e9s Montpellier","isPartOf":{"@id":"https:\/\/copybeauxarts.com\/shop\/#website"},"primaryImageOfPage":{"@id":"https:\/\/copybeauxarts.com\/shop\/idees-cadeaux\/#primaryimage"},"image":{"@id":"https:\/\/copybeauxarts.com\/shop\/idees-cadeaux\/#primaryimage"},"thumbnailUrl":"https:\/\/copybeauxarts.com\/shop\/wp-content\/uploads\/2021\/12\/BANIERE-MODELE-CBA-WEB.jpg","datePublished":"2021-12-07T13:12:03+00:00","dateModified":"2024-07-11T08:48:33+00:00","breadcrumb":{"@id":"https:\/\/copybeauxarts.com\/shop\/idees-cadeaux\/#breadcrumb"},"inLanguage":"fr-FR","potentialAction":[{"@type":"ReadAction","target":["https:\/\/copybeauxarts.com\/shop\/idees-cadeaux\/"]}]},{"@type":"ImageObject","inLanguage":"fr-FR","@id":"https:\/\/copybeauxarts.com\/shop\/idees-cadeaux\/#primaryimage","url":"https:\/\/copybeauxarts.com\/shop\/wp-content\/uploads\/2021\/12\/BANIERE-MODELE-CBA-WEB.jpg","contentUrl":"https:\/\/copybeauxarts.com\/shop\/wp-content\/uploads\/2021\/12\/BANIERE-MODELE-CBA-WEB.jpg","width":1440,"height":900},{"@type":"BreadcrumbList","@id":"https:\/\/copybeauxarts.com\/shop\/idees-cadeaux\/#breadcrumb","itemListElement":[{"@type":"ListItem","position":1,"name":"Accueil","item":"https:\/\/copybeauxarts.com\/shop\/"},{"@type":"ListItem","position":2,"name":"Les mod\u00e8les \u00e0 personnaliser"}]},{"@type":"WebSite","@id":"https:\/\/copybeauxarts.com\/shop\/#website","url":"https:\/\/copybeauxarts.com\/shop\/","name":"Copy Beaux Arts \u2022 Photocopie Impression objets personnalis\u00e9s Montpellier","description":"Impression tshirts mugs cadeaux et tous objets personnalis\u00e9s","publisher":{"@id":"https:\/\/copybeauxarts.com\/shop\/#organization"},"potentialAction":[{"@type":"SearchAction","target":{"@type":"EntryPoint","urlTemplate":"https:\/\/copybeauxarts.com\/shop\/?s={search_term_string}"},"query-input":{"@type":"PropertyValueSpecification","valueRequired":true,"valueName":"search_term_string"}}],"inLanguage":"fr-FR"},{"@type":"Organization","@id":"https:\/\/copybeauxarts.com\/shop\/#organization","name":"Copy Beaux Arts \u2022 Photocopie Impression objets personnalis\u00e9s Montpellier","url":"https:\/\/copybeauxarts.com\/shop\/","logo":{"@type":"ImageObject","inLanguage":"fr-FR","@id":"https:\/\/copybeauxarts.com\/shop\/#\/schema\/logo\/image\/","url":"https:\/\/copybeauxarts.com\/shop\/wp-content\/uploads\/2025\/12\/logo-copy-beaux-arts-montpellier.png","contentUrl":"https:\/\/copybeauxarts.com\/shop\/wp-content\/uploads\/2025\/12\/logo-copy-beaux-arts-montpellier.png","width":247,"height":133,"caption":"Copy Beaux Arts \u2022 Photocopie Impression objets personnalis\u00e9s Montpellier"},"image":{"@id":"https:\/\/copybeauxarts.com\/shop\/#\/schema\/logo\/image\/"}}]}},"_links":{"self":[{"href":"https:\/\/copybeauxarts.com\/shop\/wp-json\/wp\/v2\/pages\/2160","targetHints":{"allow":["GET"]}}],"collection":[{"href":"https:\/\/copybeauxarts.com\/shop\/wp-json\/wp\/v2\/pages"}],"about":[{"href":"https:\/\/copybeauxarts.com\/shop\/wp-json\/wp\/v2\/types\/page"}],"author":[{"embeddable":true,"href":"https:\/\/copybeauxarts.com\/shop\/wp-json\/wp\/v2\/users\/4"}],"replies":[{"embeddable":true,"href":"https:\/\/copybeauxarts.com\/shop\/wp-json\/wp\/v2\/comments?post=2160"}],"version-history":[{"count":12,"href":"https:\/\/copybeauxarts.com\/shop\/wp-json\/wp\/v2\/pages\/2160\/revisions"}],"predecessor-version":[{"id":2930,"href":"https:\/\/copybeauxarts.com\/shop\/wp-json\/wp\/v2\/pages\/2160\/revisions\/2930"}],"wp:attachment":[{"href":"https:\/\/copybeauxarts.com\/shop\/wp-json\/wp\/v2\/media?parent=2160"}],"curies":[{"name":"wp","href":"https:\/\/api.w.org\/{rel}","templated":true}]}}