{"id":1786,"date":"2021-07-20T12:20:50","date_gmt":"2021-07-20T10:20:50","guid":{"rendered":"https:\/\/copybeauxarts.com\/shop\/?page_id=1786"},"modified":"2025-07-11T19:48:44","modified_gmt":"2025-07-11T17:48:44","slug":"a6-correspondance-promo-web","status":"publish","type":"page","link":"https:\/\/copybeauxarts.com\/shop\/a6-correspondance-promo-web\/","title":{"rendered":"A6 CORRESPONDANCE PROMO WEB"},"content":{"rendered":"\n\n\t\t\t\t<img loading=\"lazy\" decoding=\"async\" src=\"https:\/\/copybeauxarts.com\/shop\/wp-content\/uploads\/2020\/07\/A6-CORRESPONDENCE-WEB-2.jpg\" alt=\"A6-CORRESPONDENCE-WEB\" itemprop=\"image\" height=\"3000\" width=\"4000\" title=\"A6-CORRESPONDENCE-WEB\" onerror=\"this.style.display='none'\"  \/>\n\t\t\t\t<img loading=\"lazy\" decoding=\"async\" src=\"https:\/\/copybeauxarts.com\/shop\/wp-content\/uploads\/2023\/04\/1234.jpg\" alt=\"1234\" itemprop=\"image\" height=\"515\" width=\"890\" title=\"1234\" onerror=\"this.style.display='none'\"  \/>\n<h2>\n\t\tA6 CORRESPONDANCE TARIFS (+48H)\n\t<\/h2>\n\t<p>B\u00e9n\u00e9ficiez de 25% de r\u00e9duction sur vos A6 correspondance avec les tarifs web (+48H)<\/p>\n\t<p><strong>A6 correspondance COULEUR RECTO 250gr<\/strong><\/p>\n<ul>\n<li>x50 : 19.80\u20ac<\/li>\n<li>x100 : 33\u20ac<\/li>\n<li>x250 : 74\u20ac<\/li>\n<li>x500 : 118\u20ac<\/li>\n<li>x1000 : 178\u20ac<\/li>\n<\/ul>\n\t<p><strong>A6 correspondance COULEUR RECTO VERSO 250gr<\/strong><\/p>\n<ul>\n<li>x50 : 26.\u20ac<\/li>\n<li>x100 : 44.50\u20ac<\/li>\n<li>x250 : 99\u20ac<\/li>\n<li>x500 : 158\u20ac<\/li>\n<li>x1000 : 237<\/li>\n<\/ul>\n\t<p><strong>COMMENT FAIRE?<\/strong><\/p>\n<p>Pour la r\u00e9alisation de vos A6 correspondance, vous pouvez nous envoyer votre fichier par mail sur cpba34@gmail.com<\/p>\n<p>le fichier doit \u00eatre un fichier PDF au format <strong>21x10mm<\/strong><\/p>\n<p>Nous proposons \u00e9galement diff\u00e9rents grammage de papier, n&rsquo;h\u00e9sitez pas \u00e0 nous contacter pour plus de pr\u00e9cision.<\/p>\n<p>&nbsp;<\/p>\n<p>&nbsp;<\/p>\n\n","protected":false},"excerpt":{"rendered":"<p>A6 CORRESPONDANCE TARIFS (+48H) B\u00e9n\u00e9ficiez de 25% de r\u00e9duction sur vos A6 correspondance avec les tarifs web (+48H) A6 correspondance COULEUR RECTO 250gr x50 : 19.80\u20ac x100 : 33\u20ac x250 : 74\u20ac x500 : 118\u20ac x1000 : 178\u20ac A6 correspondance COULEUR RECTO VERSO 250gr x50 : 26.\u20ac x100 : 44.50\u20ac x250 : 99\u20ac x500 : [&hellip;]<\/p>\n","protected":false},"author":4,"featured_media":0,"parent":0,"menu_order":0,"comment_status":"closed","ping_status":"closed","template":"","meta":{"site-sidebar-layout":"default","site-content-layout":"default","ast-site-content-layout":"default","site-content-style":"default","site-sidebar-style":"default","ast-global-header-display":"","ast-banner-title-visibility":"","ast-main-header-display":"","ast-hfb-above-header-display":"","ast-hfb-below-header-display":"","ast-hfb-mobile-header-display":"","site-post-title":"","ast-breadcrumbs-content":"","ast-featured-img":"","footer-sml-layout":"","ast-disable-related-posts":"","theme-transparent-header-meta":"default","adv-header-id-meta":"","stick-header-meta":"default","header-above-stick-meta":"","header-main-stick-meta":"","header-below-stick-meta":"","astra-migrate-meta-layouts":"set","ast-page-background-enabled":"default","ast-page-background-meta":{"desktop":{"background-color":"var(--ast-global-color-4)","background-image":"","background-repeat":"repeat","background-position":"center center","background-size":"auto","background-attachment":"scroll","background-type":"","background-media":"","overlay-type":"","overlay-color":"","overlay-opacity":"","overlay-gradient":""},"tablet":{"background-color":"","background-image":"","background-repeat":"repeat","background-position":"center center","background-size":"auto","background-attachment":"scroll","background-type":"","background-media":"","overlay-type":"","overlay-color":"","overlay-opacity":"","overlay-gradient":""},"mobile":{"background-color":"","background-image":"","background-repeat":"repeat","background-position":"center center","background-size":"auto","background-attachment":"scroll","background-type":"","background-media":"","overlay-type":"","overlay-color":"","overlay-opacity":"","overlay-gradient":""}},"ast-content-background-meta":{"desktop":{"background-color":"var(--ast-global-color-5)","background-image":"","background-repeat":"repeat","background-position":"center center","background-size":"auto","background-attachment":"scroll","background-type":"","background-media":"","overlay-type":"","overlay-color":"","overlay-opacity":"","overlay-gradient":""},"tablet":{"background-color":"var(--ast-global-color-5)","background-image":"","background-repeat":"repeat","background-position":"center center","background-size":"auto","background-attachment":"scroll","background-type":"","background-media":"","overlay-type":"","overlay-color":"","overlay-opacity":"","overlay-gradient":""},"mobile":{"background-color":"var(--ast-global-color-5)","background-image":"","background-repeat":"repeat","background-position":"center center","background-size":"auto","background-attachment":"scroll","background-type":"","background-media":"","overlay-type":"","overlay-color":"","overlay-opacity":"","overlay-gradient":""}},"footnotes":""},"class_list":["post-1786","page","type-page","status-publish","hentry"],"yoast_head":"<!-- This site is optimized with the Yoast SEO plugin v26.6 - https:\/\/yoast.com\/wordpress\/plugins\/seo\/ -->\n<title>A6 CORRESPONDANCE PROMO WEB - Copy Beaux Arts \u2022 Photocopie Impression objets personnalis\u00e9s Montpellier<\/title>\n<meta name=\"robots\" content=\"index, follow, max-snippet:-1, max-image-preview:large, max-video-preview:-1\" \/>\n<link rel=\"canonical\" href=\"https:\/\/copybeauxarts.com\/shop\/a6-correspondance-promo-web\/\" \/>\n<meta property=\"og:locale\" content=\"fr_FR\" \/>\n<meta property=\"og:type\" content=\"article\" \/>\n<meta property=\"og:title\" content=\"A6 CORRESPONDANCE PROMO WEB - Copy Beaux Arts \u2022 Photocopie Impression objets personnalis\u00e9s Montpellier\" \/>\n<meta property=\"og:description\" content=\"A6 CORRESPONDANCE TARIFS (+48H) B\u00e9n\u00e9ficiez de 25% de r\u00e9duction sur vos A6 correspondance avec les tarifs web (+48H) A6 correspondance COULEUR RECTO 250gr x50 : 19.80\u20ac x100 : 33\u20ac x250 : 74\u20ac x500 : 118\u20ac x1000 : 178\u20ac A6 correspondance COULEUR RECTO VERSO 250gr x50 : 26.\u20ac x100 : 44.50\u20ac x250 : 99\u20ac x500 : [&hellip;]\" \/>\n<meta property=\"og:url\" content=\"https:\/\/copybeauxarts.com\/shop\/a6-correspondance-promo-web\/\" \/>\n<meta property=\"og:site_name\" content=\"Copy Beaux Arts \u2022 Photocopie Impression objets personnalis\u00e9s Montpellier\" \/>\n<meta property=\"article:modified_time\" content=\"2025-07-11T17:48:44+00:00\" \/>\n<meta property=\"og:image\" content=\"https:\/\/copybeauxarts.com\/shop\/wp-content\/uploads\/2020\/07\/A6-CORRESPONDENCE-WEB-2.jpg\" \/>\n<meta name=\"twitter:card\" content=\"summary_large_image\" \/>\n<meta name=\"twitter:label1\" content=\"Dur\u00e9e de lecture estim\u00e9e\" \/>\n\t<meta name=\"twitter:data1\" content=\"1 minute\" \/>\n<script type=\"application\/ld+json\" class=\"yoast-schema-graph\">{\"@context\":\"https:\/\/schema.org\",\"@graph\":[{\"@type\":\"WebPage\",\"@id\":\"https:\/\/copybeauxarts.com\/shop\/a6-correspondance-promo-web\/\",\"url\":\"https:\/\/copybeauxarts.com\/shop\/a6-correspondance-promo-web\/\",\"name\":\"A6 CORRESPONDANCE PROMO WEB - Copy Beaux Arts \u2022 Photocopie Impression objets personnalis\u00e9s Montpellier\",\"isPartOf\":{\"@id\":\"https:\/\/copybeauxarts.com\/shop\/#website\"},\"primaryImageOfPage\":{\"@id\":\"https:\/\/copybeauxarts.com\/shop\/a6-correspondance-promo-web\/#primaryimage\"},\"image\":{\"@id\":\"https:\/\/copybeauxarts.com\/shop\/a6-correspondance-promo-web\/#primaryimage\"},\"thumbnailUrl\":\"https:\/\/copybeauxarts.com\/shop\/wp-content\/uploads\/2020\/07\/A6-CORRESPONDENCE-WEB-2.jpg\",\"datePublished\":\"2021-07-20T10:20:50+00:00\",\"dateModified\":\"2025-07-11T17:48:44+00:00\",\"breadcrumb\":{\"@id\":\"https:\/\/copybeauxarts.com\/shop\/a6-correspondance-promo-web\/#breadcrumb\"},\"inLanguage\":\"fr-FR\",\"potentialAction\":[{\"@type\":\"ReadAction\",\"target\":[\"https:\/\/copybeauxarts.com\/shop\/a6-correspondance-promo-web\/\"]}]},{\"@type\":\"ImageObject\",\"inLanguage\":\"fr-FR\",\"@id\":\"https:\/\/copybeauxarts.com\/shop\/a6-correspondance-promo-web\/#primaryimage\",\"url\":\"https:\/\/copybeauxarts.com\/shop\/wp-content\/uploads\/2020\/07\/A6-CORRESPONDENCE-WEB-2.jpg\",\"contentUrl\":\"https:\/\/copybeauxarts.com\/shop\/wp-content\/uploads\/2020\/07\/A6-CORRESPONDENCE-WEB-2.jpg\",\"width\":4000,\"height\":3000},{\"@type\":\"BreadcrumbList\",\"@id\":\"https:\/\/copybeauxarts.com\/shop\/a6-correspondance-promo-web\/#breadcrumb\",\"itemListElement\":[{\"@type\":\"ListItem\",\"position\":1,\"name\":\"Accueil\",\"item\":\"https:\/\/copybeauxarts.com\/shop\/\"},{\"@type\":\"ListItem\",\"position\":2,\"name\":\"A6 CORRESPONDANCE PROMO WEB\"}]},{\"@type\":\"WebSite\",\"@id\":\"https:\/\/copybeauxarts.com\/shop\/#website\",\"url\":\"https:\/\/copybeauxarts.com\/shop\/\",\"name\":\"Copy Beaux Arts \u2022 Photocopie Impression objets personnalis\u00e9s Montpellier\",\"description\":\"Impression tshirts mugs cadeaux et tous objets personnalis\u00e9s\",\"publisher\":{\"@id\":\"https:\/\/copybeauxarts.com\/shop\/#organization\"},\"potentialAction\":[{\"@type\":\"SearchAction\",\"target\":{\"@type\":\"EntryPoint\",\"urlTemplate\":\"https:\/\/copybeauxarts.com\/shop\/?s={search_term_string}\"},\"query-input\":{\"@type\":\"PropertyValueSpecification\",\"valueRequired\":true,\"valueName\":\"search_term_string\"}}],\"inLanguage\":\"fr-FR\"},{\"@type\":\"Organization\",\"@id\":\"https:\/\/copybeauxarts.com\/shop\/#organization\",\"name\":\"Copy Beaux Arts \u2022 Photocopie Impression objets personnalis\u00e9s Montpellier\",\"url\":\"https:\/\/copybeauxarts.com\/shop\/\",\"logo\":{\"@type\":\"ImageObject\",\"inLanguage\":\"fr-FR\",\"@id\":\"https:\/\/copybeauxarts.com\/shop\/#\/schema\/logo\/image\/\",\"url\":\"https:\/\/copybeauxarts.com\/shop\/wp-content\/uploads\/2025\/12\/logo-copy-beaux-arts-montpellier.png\",\"contentUrl\":\"https:\/\/copybeauxarts.com\/shop\/wp-content\/uploads\/2025\/12\/logo-copy-beaux-arts-montpellier.png\",\"width\":247,\"height\":133,\"caption\":\"Copy Beaux Arts \u2022 Photocopie Impression objets personnalis\u00e9s Montpellier\"},\"image\":{\"@id\":\"https:\/\/copybeauxarts.com\/shop\/#\/schema\/logo\/image\/\"}}]}<\/script>\n<!-- \/ Yoast SEO plugin. -->","yoast_head_json":{"title":"A6 CORRESPONDANCE PROMO WEB - Copy Beaux Arts \u2022 Photocopie Impression objets personnalis\u00e9s Montpellier","robots":{"index":"index","follow":"follow","max-snippet":"max-snippet:-1","max-image-preview":"max-image-preview:large","max-video-preview":"max-video-preview:-1"},"canonical":"https:\/\/copybeauxarts.com\/shop\/a6-correspondance-promo-web\/","og_locale":"fr_FR","og_type":"article","og_title":"A6 CORRESPONDANCE PROMO WEB - Copy Beaux Arts \u2022 Photocopie Impression objets personnalis\u00e9s Montpellier","og_description":"A6 CORRESPONDANCE TARIFS (+48H) B\u00e9n\u00e9ficiez de 25% de r\u00e9duction sur vos A6 correspondance avec les tarifs web (+48H) A6 correspondance COULEUR RECTO 250gr x50 : 19.80\u20ac x100 : 33\u20ac x250 : 74\u20ac x500 : 118\u20ac x1000 : 178\u20ac A6 correspondance COULEUR RECTO VERSO 250gr x50 : 26.\u20ac x100 : 44.50\u20ac x250 : 99\u20ac x500 : [&hellip;]","og_url":"https:\/\/copybeauxarts.com\/shop\/a6-correspondance-promo-web\/","og_site_name":"Copy Beaux Arts \u2022 Photocopie Impression objets personnalis\u00e9s Montpellier","article_modified_time":"2025-07-11T17:48:44+00:00","og_image":[{"url":"https:\/\/copybeauxarts.com\/shop\/wp-content\/uploads\/2020\/07\/A6-CORRESPONDENCE-WEB-2.jpg","type":"","width":"","height":""}],"twitter_card":"summary_large_image","twitter_misc":{"Dur\u00e9e de lecture estim\u00e9e":"1 minute"},"schema":{"@context":"https:\/\/schema.org","@graph":[{"@type":"WebPage","@id":"https:\/\/copybeauxarts.com\/shop\/a6-correspondance-promo-web\/","url":"https:\/\/copybeauxarts.com\/shop\/a6-correspondance-promo-web\/","name":"A6 CORRESPONDANCE PROMO WEB - Copy Beaux Arts \u2022 Photocopie Impression objets personnalis\u00e9s Montpellier","isPartOf":{"@id":"https:\/\/copybeauxarts.com\/shop\/#website"},"primaryImageOfPage":{"@id":"https:\/\/copybeauxarts.com\/shop\/a6-correspondance-promo-web\/#primaryimage"},"image":{"@id":"https:\/\/copybeauxarts.com\/shop\/a6-correspondance-promo-web\/#primaryimage"},"thumbnailUrl":"https:\/\/copybeauxarts.com\/shop\/wp-content\/uploads\/2020\/07\/A6-CORRESPONDENCE-WEB-2.jpg","datePublished":"2021-07-20T10:20:50+00:00","dateModified":"2025-07-11T17:48:44+00:00","breadcrumb":{"@id":"https:\/\/copybeauxarts.com\/shop\/a6-correspondance-promo-web\/#breadcrumb"},"inLanguage":"fr-FR","potentialAction":[{"@type":"ReadAction","target":["https:\/\/copybeauxarts.com\/shop\/a6-correspondance-promo-web\/"]}]},{"@type":"ImageObject","inLanguage":"fr-FR","@id":"https:\/\/copybeauxarts.com\/shop\/a6-correspondance-promo-web\/#primaryimage","url":"https:\/\/copybeauxarts.com\/shop\/wp-content\/uploads\/2020\/07\/A6-CORRESPONDENCE-WEB-2.jpg","contentUrl":"https:\/\/copybeauxarts.com\/shop\/wp-content\/uploads\/2020\/07\/A6-CORRESPONDENCE-WEB-2.jpg","width":4000,"height":3000},{"@type":"BreadcrumbList","@id":"https:\/\/copybeauxarts.com\/shop\/a6-correspondance-promo-web\/#breadcrumb","itemListElement":[{"@type":"ListItem","position":1,"name":"Accueil","item":"https:\/\/copybeauxarts.com\/shop\/"},{"@type":"ListItem","position":2,"name":"A6 CORRESPONDANCE PROMO WEB"}]},{"@type":"WebSite","@id":"https:\/\/copybeauxarts.com\/shop\/#website","url":"https:\/\/copybeauxarts.com\/shop\/","name":"Copy Beaux Arts \u2022 Photocopie Impression objets personnalis\u00e9s Montpellier","description":"Impression tshirts mugs cadeaux et tous objets personnalis\u00e9s","publisher":{"@id":"https:\/\/copybeauxarts.com\/shop\/#organization"},"potentialAction":[{"@type":"SearchAction","target":{"@type":"EntryPoint","urlTemplate":"https:\/\/copybeauxarts.com\/shop\/?s={search_term_string}"},"query-input":{"@type":"PropertyValueSpecification","valueRequired":true,"valueName":"search_term_string"}}],"inLanguage":"fr-FR"},{"@type":"Organization","@id":"https:\/\/copybeauxarts.com\/shop\/#organization","name":"Copy Beaux Arts \u2022 Photocopie Impression objets personnalis\u00e9s Montpellier","url":"https:\/\/copybeauxarts.com\/shop\/","logo":{"@type":"ImageObject","inLanguage":"fr-FR","@id":"https:\/\/copybeauxarts.com\/shop\/#\/schema\/logo\/image\/","url":"https:\/\/copybeauxarts.com\/shop\/wp-content\/uploads\/2025\/12\/logo-copy-beaux-arts-montpellier.png","contentUrl":"https:\/\/copybeauxarts.com\/shop\/wp-content\/uploads\/2025\/12\/logo-copy-beaux-arts-montpellier.png","width":247,"height":133,"caption":"Copy Beaux Arts \u2022 Photocopie Impression objets personnalis\u00e9s Montpellier"},"image":{"@id":"https:\/\/copybeauxarts.com\/shop\/#\/schema\/logo\/image\/"}}]}},"_links":{"self":[{"href":"https:\/\/copybeauxarts.com\/shop\/wp-json\/wp\/v2\/pages\/1786","targetHints":{"allow":["GET"]}}],"collection":[{"href":"https:\/\/copybeauxarts.com\/shop\/wp-json\/wp\/v2\/pages"}],"about":[{"href":"https:\/\/copybeauxarts.com\/shop\/wp-json\/wp\/v2\/types\/page"}],"author":[{"embeddable":true,"href":"https:\/\/copybeauxarts.com\/shop\/wp-json\/wp\/v2\/users\/4"}],"replies":[{"embeddable":true,"href":"https:\/\/copybeauxarts.com\/shop\/wp-json\/wp\/v2\/comments?post=1786"}],"version-history":[{"count":14,"href":"https:\/\/copybeauxarts.com\/shop\/wp-json\/wp\/v2\/pages\/1786\/revisions"}],"predecessor-version":[{"id":3392,"href":"https:\/\/copybeauxarts.com\/shop\/wp-json\/wp\/v2\/pages\/1786\/revisions\/3392"}],"wp:attachment":[{"href":"https:\/\/copybeauxarts.com\/shop\/wp-json\/wp\/v2\/media?parent=1786"}],"curies":[{"name":"wp","href":"https:\/\/api.w.org\/{rel}","templated":true}]}}