{"id":1693,"date":"2021-07-16T12:02:35","date_gmt":"2021-07-16T10:02:35","guid":{"rendered":"https:\/\/copybeauxarts.com\/shop\/?page_id=1693"},"modified":"2023-04-04T15:24:07","modified_gmt":"2023-04-04T13:24:07","slug":"cartes-de-visite-promo-web","status":"publish","type":"page","link":"https:\/\/copybeauxarts.com\/shop\/cartes-de-visite-promo-web\/","title":{"rendered":"CARTES DE VISITE PROMO WEB"},"content":{"rendered":"\n\n\t\t\t\t<img loading=\"lazy\" decoding=\"async\" src=\"https:\/\/copybeauxarts.com\/shop\/wp-content\/uploads\/2020\/06\/CARTES-WEB.jpg\" alt=\"CARTES-WEB\" itemprop=\"image\" height=\"2100\" width=\"2800\" title=\"CARTES-WEB\" onerror=\"this.style.display='none'\"  \/>\n\t\t\t\t<img loading=\"lazy\" decoding=\"async\" src=\"https:\/\/copybeauxarts.com\/shop\/wp-content\/uploads\/2023\/04\/1234.jpg\" alt=\"1234\" itemprop=\"image\" height=\"515\" width=\"890\" title=\"1234\" onerror=\"this.style.display='none'\"  \/>\n<h2>\n\t\tCARTES DE VISITE TARIFS (48H)\n\t<\/h2>\n\t<p>La carte de visite est un outil incontournable pour se faire connaitre, et \u00e9tendre son r\u00e9seau professionnel.<\/p>\n<p>C&rsquo;est la raison pour laquelle nous proposons diff\u00e9rents forfaits d&rsquo;impression pour vos cartes.<\/p>\n<p>B\u00e9n\u00e9ficiez de 25% de r\u00e9duction sur vos cartes avec les tarifs web (+48H)<\/p>\n\t<p><strong>Cartes de visite N&amp;B<\/strong><\/p>\n<ul>\n<li>x100 : 20.25\u20ac<\/li>\n<li>x250 : 33.75\u20ac<\/li>\n<li>x500 : 39\u20ac<\/li>\n<li>x1000 : 49.50\u20ac<\/li>\n<\/ul>\n\t<p><strong>Cartes de visite Couleur<\/strong><\/p>\n<ul>\n<li>x100 : 28 \u20ac<\/li>\n<li>x250 : 43\u20ac<\/li>\n<li>x500 : 54\u20ac<\/li>\n<li>x1000 : 63\u20ac<\/li>\n<\/ul>\n\t<p><strong>COMMENT FAIRE?<\/strong><\/p>\n<p>Pour la r\u00e9alisation de vos cartes de visite, vous pouvez nous envoyer votre fichier par mail sur cpba34@gmail.com<\/p>\n<p>le fichier doit \u00eatre un fichier PDF au format <strong>85x55mm<\/strong><\/p>\n<p>Nous proposons \u00e9galement du pelliculage MAT\/BRILLANT\/SOFT TOUCH.<\/p>\n<p>&nbsp;<\/p>\n<p>&nbsp;<\/p>\n\n","protected":false},"excerpt":{"rendered":"<p>CARTES DE VISITE TARIFS (48H) La carte de visite est un outil incontournable pour se faire connaitre, et \u00e9tendre son r\u00e9seau professionnel. C&rsquo;est la raison pour laquelle nous proposons diff\u00e9rents forfaits d&rsquo;impression pour vos cartes. B\u00e9n\u00e9ficiez de 25% de r\u00e9duction sur vos cartes avec les tarifs web (+48H) Cartes de visite N&amp;B x100 : 20.25\u20ac [&hellip;]<\/p>\n","protected":false},"author":1,"featured_media":0,"parent":0,"menu_order":0,"comment_status":"closed","ping_status":"closed","template":"","meta":{"site-sidebar-layout":"default","site-content-layout":"default","ast-site-content-layout":"default","site-content-style":"default","site-sidebar-style":"default","ast-global-header-display":"","ast-banner-title-visibility":"","ast-main-header-display":"","ast-hfb-above-header-display":"","ast-hfb-below-header-display":"","ast-hfb-mobile-header-display":"","site-post-title":"","ast-breadcrumbs-content":"","ast-featured-img":"","footer-sml-layout":"","ast-disable-related-posts":"","theme-transparent-header-meta":"default","adv-header-id-meta":"","stick-header-meta":"default","header-above-stick-meta":"","header-main-stick-meta":"","header-below-stick-meta":"","astra-migrate-meta-layouts":"default","ast-page-background-enabled":"default","ast-page-background-meta":{"desktop":{"background-color":"var(--ast-global-color-4)","background-image":"","background-repeat":"repeat","background-position":"center center","background-size":"auto","background-attachment":"scroll","background-type":"","background-media":"","overlay-type":"","overlay-color":"","overlay-opacity":"","overlay-gradient":""},"tablet":{"background-color":"","background-image":"","background-repeat":"repeat","background-position":"center center","background-size":"auto","background-attachment":"scroll","background-type":"","background-media":"","overlay-type":"","overlay-color":"","overlay-opacity":"","overlay-gradient":""},"mobile":{"background-color":"","background-image":"","background-repeat":"repeat","background-position":"center center","background-size":"auto","background-attachment":"scroll","background-type":"","background-media":"","overlay-type":"","overlay-color":"","overlay-opacity":"","overlay-gradient":""}},"ast-content-background-meta":{"desktop":{"background-color":"var(--ast-global-color-5)","background-image":"","background-repeat":"repeat","background-position":"center center","background-size":"auto","background-attachment":"scroll","background-type":"","background-media":"","overlay-type":"","overlay-color":"","overlay-opacity":"","overlay-gradient":""},"tablet":{"background-color":"var(--ast-global-color-5)","background-image":"","background-repeat":"repeat","background-position":"center center","background-size":"auto","background-attachment":"scroll","background-type":"","background-media":"","overlay-type":"","overlay-color":"","overlay-opacity":"","overlay-gradient":""},"mobile":{"background-color":"var(--ast-global-color-5)","background-image":"","background-repeat":"repeat","background-position":"center center","background-size":"auto","background-attachment":"scroll","background-type":"","background-media":"","overlay-type":"","overlay-color":"","overlay-opacity":"","overlay-gradient":""}},"footnotes":""},"class_list":["post-1693","page","type-page","status-publish","hentry"],"yoast_head":"<!-- This site is optimized with the Yoast SEO plugin v26.6 - https:\/\/yoast.com\/wordpress\/plugins\/seo\/ -->\n<title>CARTES DE VISITE PROMO WEB - Copy Beaux Arts \u2022 Photocopie Impression objets personnalis\u00e9s Montpellier<\/title>\n<meta name=\"robots\" content=\"index, follow, max-snippet:-1, max-image-preview:large, max-video-preview:-1\" \/>\n<link rel=\"canonical\" href=\"https:\/\/copybeauxarts.com\/shop\/cartes-de-visite-promo-web\/\" \/>\n<meta property=\"og:locale\" content=\"fr_FR\" \/>\n<meta property=\"og:type\" content=\"article\" \/>\n<meta property=\"og:title\" content=\"CARTES DE VISITE PROMO WEB - Copy Beaux Arts \u2022 Photocopie Impression objets personnalis\u00e9s Montpellier\" \/>\n<meta property=\"og:description\" content=\"CARTES DE VISITE TARIFS (48H) La carte de visite est un outil incontournable pour se faire connaitre, et \u00e9tendre son r\u00e9seau professionnel. C&rsquo;est la raison pour laquelle nous proposons diff\u00e9rents forfaits d&rsquo;impression pour vos cartes. B\u00e9n\u00e9ficiez de 25% de r\u00e9duction sur vos cartes avec les tarifs web (+48H) Cartes de visite N&amp;B x100 : 20.25\u20ac [&hellip;]\" \/>\n<meta property=\"og:url\" content=\"https:\/\/copybeauxarts.com\/shop\/cartes-de-visite-promo-web\/\" \/>\n<meta property=\"og:site_name\" content=\"Copy Beaux Arts \u2022 Photocopie Impression objets personnalis\u00e9s Montpellier\" \/>\n<meta property=\"article:modified_time\" content=\"2023-04-04T13:24:07+00:00\" \/>\n<meta property=\"og:image\" content=\"https:\/\/copybeauxarts.com\/shop\/wp-content\/uploads\/2020\/06\/CARTES-WEB.jpg\" \/>\n<meta name=\"twitter:card\" content=\"summary_large_image\" \/>\n<meta name=\"twitter:label1\" content=\"Dur\u00e9e de lecture estim\u00e9e\" \/>\n\t<meta name=\"twitter:data1\" content=\"1 minute\" \/>\n<script type=\"application\/ld+json\" class=\"yoast-schema-graph\">{\"@context\":\"https:\/\/schema.org\",\"@graph\":[{\"@type\":\"WebPage\",\"@id\":\"https:\/\/copybeauxarts.com\/shop\/cartes-de-visite-promo-web\/\",\"url\":\"https:\/\/copybeauxarts.com\/shop\/cartes-de-visite-promo-web\/\",\"name\":\"CARTES DE VISITE PROMO WEB - Copy Beaux Arts \u2022 Photocopie Impression objets personnalis\u00e9s Montpellier\",\"isPartOf\":{\"@id\":\"https:\/\/copybeauxarts.com\/shop\/#website\"},\"primaryImageOfPage\":{\"@id\":\"https:\/\/copybeauxarts.com\/shop\/cartes-de-visite-promo-web\/#primaryimage\"},\"image\":{\"@id\":\"https:\/\/copybeauxarts.com\/shop\/cartes-de-visite-promo-web\/#primaryimage\"},\"thumbnailUrl\":\"https:\/\/copybeauxarts.com\/shop\/wp-content\/uploads\/2020\/06\/CARTES-WEB.jpg\",\"datePublished\":\"2021-07-16T10:02:35+00:00\",\"dateModified\":\"2023-04-04T13:24:07+00:00\",\"breadcrumb\":{\"@id\":\"https:\/\/copybeauxarts.com\/shop\/cartes-de-visite-promo-web\/#breadcrumb\"},\"inLanguage\":\"fr-FR\",\"potentialAction\":[{\"@type\":\"ReadAction\",\"target\":[\"https:\/\/copybeauxarts.com\/shop\/cartes-de-visite-promo-web\/\"]}]},{\"@type\":\"ImageObject\",\"inLanguage\":\"fr-FR\",\"@id\":\"https:\/\/copybeauxarts.com\/shop\/cartes-de-visite-promo-web\/#primaryimage\",\"url\":\"https:\/\/copybeauxarts.com\/shop\/wp-content\/uploads\/2020\/06\/CARTES-WEB.jpg\",\"contentUrl\":\"https:\/\/copybeauxarts.com\/shop\/wp-content\/uploads\/2020\/06\/CARTES-WEB.jpg\",\"width\":2800,\"height\":2100},{\"@type\":\"BreadcrumbList\",\"@id\":\"https:\/\/copybeauxarts.com\/shop\/cartes-de-visite-promo-web\/#breadcrumb\",\"itemListElement\":[{\"@type\":\"ListItem\",\"position\":1,\"name\":\"Accueil\",\"item\":\"https:\/\/copybeauxarts.com\/shop\/\"},{\"@type\":\"ListItem\",\"position\":2,\"name\":\"CARTES DE VISITE PROMO WEB\"}]},{\"@type\":\"WebSite\",\"@id\":\"https:\/\/copybeauxarts.com\/shop\/#website\",\"url\":\"https:\/\/copybeauxarts.com\/shop\/\",\"name\":\"Copy Beaux Arts \u2022 Photocopie Impression objets personnalis\u00e9s Montpellier\",\"description\":\"Impression tshirts mugs cadeaux et tous objets personnalis\u00e9s\",\"publisher\":{\"@id\":\"https:\/\/copybeauxarts.com\/shop\/#organization\"},\"potentialAction\":[{\"@type\":\"SearchAction\",\"target\":{\"@type\":\"EntryPoint\",\"urlTemplate\":\"https:\/\/copybeauxarts.com\/shop\/?s={search_term_string}\"},\"query-input\":{\"@type\":\"PropertyValueSpecification\",\"valueRequired\":true,\"valueName\":\"search_term_string\"}}],\"inLanguage\":\"fr-FR\"},{\"@type\":\"Organization\",\"@id\":\"https:\/\/copybeauxarts.com\/shop\/#organization\",\"name\":\"Copy Beaux Arts \u2022 Photocopie Impression objets personnalis\u00e9s Montpellier\",\"url\":\"https:\/\/copybeauxarts.com\/shop\/\",\"logo\":{\"@type\":\"ImageObject\",\"inLanguage\":\"fr-FR\",\"@id\":\"https:\/\/copybeauxarts.com\/shop\/#\/schema\/logo\/image\/\",\"url\":\"https:\/\/copybeauxarts.com\/shop\/wp-content\/uploads\/2025\/12\/logo-copy-beaux-arts-montpellier.png\",\"contentUrl\":\"https:\/\/copybeauxarts.com\/shop\/wp-content\/uploads\/2025\/12\/logo-copy-beaux-arts-montpellier.png\",\"width\":247,\"height\":133,\"caption\":\"Copy Beaux Arts \u2022 Photocopie Impression objets personnalis\u00e9s Montpellier\"},\"image\":{\"@id\":\"https:\/\/copybeauxarts.com\/shop\/#\/schema\/logo\/image\/\"}}]}<\/script>\n<!-- \/ Yoast SEO plugin. -->","yoast_head_json":{"title":"CARTES DE VISITE PROMO WEB - Copy Beaux Arts \u2022 Photocopie Impression objets personnalis\u00e9s Montpellier","robots":{"index":"index","follow":"follow","max-snippet":"max-snippet:-1","max-image-preview":"max-image-preview:large","max-video-preview":"max-video-preview:-1"},"canonical":"https:\/\/copybeauxarts.com\/shop\/cartes-de-visite-promo-web\/","og_locale":"fr_FR","og_type":"article","og_title":"CARTES DE VISITE PROMO WEB - Copy Beaux Arts \u2022 Photocopie Impression objets personnalis\u00e9s Montpellier","og_description":"CARTES DE VISITE TARIFS (48H) La carte de visite est un outil incontournable pour se faire connaitre, et \u00e9tendre son r\u00e9seau professionnel. C&rsquo;est la raison pour laquelle nous proposons diff\u00e9rents forfaits d&rsquo;impression pour vos cartes. B\u00e9n\u00e9ficiez de 25% de r\u00e9duction sur vos cartes avec les tarifs web (+48H) Cartes de visite N&amp;B x100 : 20.25\u20ac [&hellip;]","og_url":"https:\/\/copybeauxarts.com\/shop\/cartes-de-visite-promo-web\/","og_site_name":"Copy Beaux Arts \u2022 Photocopie Impression objets personnalis\u00e9s Montpellier","article_modified_time":"2023-04-04T13:24:07+00:00","og_image":[{"url":"https:\/\/copybeauxarts.com\/shop\/wp-content\/uploads\/2020\/06\/CARTES-WEB.jpg","type":"","width":"","height":""}],"twitter_card":"summary_large_image","twitter_misc":{"Dur\u00e9e de lecture estim\u00e9e":"1 minute"},"schema":{"@context":"https:\/\/schema.org","@graph":[{"@type":"WebPage","@id":"https:\/\/copybeauxarts.com\/shop\/cartes-de-visite-promo-web\/","url":"https:\/\/copybeauxarts.com\/shop\/cartes-de-visite-promo-web\/","name":"CARTES DE VISITE PROMO WEB - Copy Beaux Arts \u2022 Photocopie Impression objets personnalis\u00e9s Montpellier","isPartOf":{"@id":"https:\/\/copybeauxarts.com\/shop\/#website"},"primaryImageOfPage":{"@id":"https:\/\/copybeauxarts.com\/shop\/cartes-de-visite-promo-web\/#primaryimage"},"image":{"@id":"https:\/\/copybeauxarts.com\/shop\/cartes-de-visite-promo-web\/#primaryimage"},"thumbnailUrl":"https:\/\/copybeauxarts.com\/shop\/wp-content\/uploads\/2020\/06\/CARTES-WEB.jpg","datePublished":"2021-07-16T10:02:35+00:00","dateModified":"2023-04-04T13:24:07+00:00","breadcrumb":{"@id":"https:\/\/copybeauxarts.com\/shop\/cartes-de-visite-promo-web\/#breadcrumb"},"inLanguage":"fr-FR","potentialAction":[{"@type":"ReadAction","target":["https:\/\/copybeauxarts.com\/shop\/cartes-de-visite-promo-web\/"]}]},{"@type":"ImageObject","inLanguage":"fr-FR","@id":"https:\/\/copybeauxarts.com\/shop\/cartes-de-visite-promo-web\/#primaryimage","url":"https:\/\/copybeauxarts.com\/shop\/wp-content\/uploads\/2020\/06\/CARTES-WEB.jpg","contentUrl":"https:\/\/copybeauxarts.com\/shop\/wp-content\/uploads\/2020\/06\/CARTES-WEB.jpg","width":2800,"height":2100},{"@type":"BreadcrumbList","@id":"https:\/\/copybeauxarts.com\/shop\/cartes-de-visite-promo-web\/#breadcrumb","itemListElement":[{"@type":"ListItem","position":1,"name":"Accueil","item":"https:\/\/copybeauxarts.com\/shop\/"},{"@type":"ListItem","position":2,"name":"CARTES DE VISITE PROMO WEB"}]},{"@type":"WebSite","@id":"https:\/\/copybeauxarts.com\/shop\/#website","url":"https:\/\/copybeauxarts.com\/shop\/","name":"Copy Beaux Arts \u2022 Photocopie Impression objets personnalis\u00e9s Montpellier","description":"Impression tshirts mugs cadeaux et tous objets personnalis\u00e9s","publisher":{"@id":"https:\/\/copybeauxarts.com\/shop\/#organization"},"potentialAction":[{"@type":"SearchAction","target":{"@type":"EntryPoint","urlTemplate":"https:\/\/copybeauxarts.com\/shop\/?s={search_term_string}"},"query-input":{"@type":"PropertyValueSpecification","valueRequired":true,"valueName":"search_term_string"}}],"inLanguage":"fr-FR"},{"@type":"Organization","@id":"https:\/\/copybeauxarts.com\/shop\/#organization","name":"Copy Beaux Arts \u2022 Photocopie Impression objets personnalis\u00e9s Montpellier","url":"https:\/\/copybeauxarts.com\/shop\/","logo":{"@type":"ImageObject","inLanguage":"fr-FR","@id":"https:\/\/copybeauxarts.com\/shop\/#\/schema\/logo\/image\/","url":"https:\/\/copybeauxarts.com\/shop\/wp-content\/uploads\/2025\/12\/logo-copy-beaux-arts-montpellier.png","contentUrl":"https:\/\/copybeauxarts.com\/shop\/wp-content\/uploads\/2025\/12\/logo-copy-beaux-arts-montpellier.png","width":247,"height":133,"caption":"Copy Beaux Arts \u2022 Photocopie Impression objets personnalis\u00e9s Montpellier"},"image":{"@id":"https:\/\/copybeauxarts.com\/shop\/#\/schema\/logo\/image\/"}}]}},"_links":{"self":[{"href":"https:\/\/copybeauxarts.com\/shop\/wp-json\/wp\/v2\/pages\/1693","targetHints":{"allow":["GET"]}}],"collection":[{"href":"https:\/\/copybeauxarts.com\/shop\/wp-json\/wp\/v2\/pages"}],"about":[{"href":"https:\/\/copybeauxarts.com\/shop\/wp-json\/wp\/v2\/types\/page"}],"author":[{"embeddable":true,"href":"https:\/\/copybeauxarts.com\/shop\/wp-json\/wp\/v2\/users\/1"}],"replies":[{"embeddable":true,"href":"https:\/\/copybeauxarts.com\/shop\/wp-json\/wp\/v2\/comments?post=1693"}],"version-history":[{"count":14,"href":"https:\/\/copybeauxarts.com\/shop\/wp-json\/wp\/v2\/pages\/1693\/revisions"}],"predecessor-version":[{"id":2649,"href":"https:\/\/copybeauxarts.com\/shop\/wp-json\/wp\/v2\/pages\/1693\/revisions\/2649"}],"wp:attachment":[{"href":"https:\/\/copybeauxarts.com\/shop\/wp-json\/wp\/v2\/media?parent=1693"}],"curies":[{"name":"wp","href":"https:\/\/api.w.org\/{rel}","templated":true}]}}