{"id":157,"date":"2018-12-08T00:13:47","date_gmt":"2018-12-07T23:13:47","guid":{"rendered":"https:\/\/copybeauxarts.com\/shop\/?page_id=157"},"modified":"2023-04-06T17:03:26","modified_gmt":"2023-04-06T15:03:26","slug":"atelier-de-reprographie","status":"publish","type":"page","link":"https:\/\/copybeauxarts.com\/shop\/atelier-de-reprographie\/","title":{"rendered":"Atelier de reprographie"},"content":{"rendered":"\n<h3>\u00c0 VOTRE SERVICE<a><img decoding=\"async\" src=\"https:\/\/copybeauxarts.com\/images\/TAMPON-SPECIAL-ETUDIANT.png\" alt=\"\"><\/a><\/h3>\n<p>Pour les particuliers, les entreprises, les associations, d\u00e9couvrez notre grande gamme de services.Livraison de vos travaux dans Montpellier pour les pros<\/p>\n\t<p><img loading=\"lazy\" decoding=\"async\" src=\"https:\/\/copybeauxarts.com\/shop\/wp-content\/uploads\/2018\/12\/pic01-300x154.jpg\" alt=\"\" width=\"300\" height=\"154\"><\/p>\n<h4>Copie \/ Impression num\u00e9rique<\/h4>\nNoir &amp; Blanc \/ Couleur<br>\nSur papiers classiques, \u00e9pais, cartonn\u00e9s<br>\n(de 80g \u00e0 400g)<br>\nMat ou brillant, adh\u00e9sif, calque, Nevertear\u00ae\n\t<p><img loading=\"lazy\" decoding=\"async\" src=\"https:\/\/copybeauxarts.com\/shop\/wp-content\/uploads\/2018\/12\/plastif-300x155.jpg\" alt=\"\" width=\"300\" height=\"155\"><\/p>\n<h4>Pelliculage \/ Plastification<\/h4>\nPelliculage Mat, brillant, SoftTouch\u00ae, Vernis s\u00e9lectif ( jusqu&rsquo;\u00e0 42cm )<br>\nPlastification : tous documents jusqu&rsquo;\u00e0 66cm de largeur)\n\t\t\t\t<img loading=\"lazy\" decoding=\"async\" src=\"https:\/\/copybeauxarts.com\/shop\/wp-content\/uploads\/2023\/04\/1234.jpg\" alt=\"1234\" itemprop=\"image\" height=\"515\" width=\"890\" title=\"1234\" onerror=\"this.style.display='none'\">\n\t<p><img loading=\"lazy\" decoding=\"async\" src=\"https:\/\/copybeauxarts.com\/shop\/wp-content\/uploads\/2018\/12\/scanner.jpg\" alt=\"\" width=\"299\" height=\"159\"><\/p>\n<h4>Num\u00e9risation<\/h4>\nScan petit format : A4\/A3<br>\nScan grand format : jusqu&rsquo;\u00e0 91 cm de largeur\n\t<p><img loading=\"lazy\" decoding=\"async\" src=\"..\/wp-content\/uploads\/2018\/12\/pic03-300x198.jpg\" alt=\"\" width=\"242\" height=\"160\"><\/p>\n<h4>Impressions Grand Format<\/h4>\nImpression : Noir et blanc ou couleur<br>\nSur papier mat : 80g,120g,140g,180g<br>\nSur papier brillant : 135g,200g<br>\nSur papier calque : 100g<br>\nPlans et posters<br>\nPliage des plans\n\t<p><img loading=\"lazy\" decoding=\"async\" src=\"https:\/\/copybeauxarts.com\/shop\/wp-content\/uploads\/2018\/12\/signaletique.jpg\" alt=\"\" width=\"485\" height=\"322\"><\/p>\n<h4>Signal\u00e9tique<\/h4>\nPanneaux en contre-collage<br>\nou en impression directe<br>\nSur carton plume, PVC, dibond<br>\nImpression b\u00e2che et tissu<br>\nKakemono, PLV\n\t<h3>Et aussi<\/h3>\n<ul>\n<li>Tampon, gravure<\/li>\n<li>Plaques m\u00e9dicales<\/li>\n<li>Acc\u00e9s internet<\/li>\n<li>Vente de fournitures de bureau<\/li>\n<li>Clef USB<\/li>\n<li>Vente de CD Rom<\/li>\n<\/ul>\n\t<p><img loading=\"lazy\" decoding=\"async\" src=\"https:\/\/copybeauxarts.com\/shop\/wp-content\/uploads\/2018\/12\/ordis.jpg\" alt=\"\" width=\"279\" height=\"279\"><\/p>\n<h3>Acc\u00e9s Internet<\/h3>\nAccepte vos clefs USB<br>\nFournitures diverses<br>\nAccessoires de bureau<br>\nPetit mat\u00e9riel<br>\nPapeterie\n\t<p><img loading=\"lazy\" decoding=\"async\" src=\"https:\/\/copybeauxarts.com\/shop\/wp-content\/uploads\/2018\/12\/twizzy-livraison.jpg\" alt=\"\" width=\"281\" height=\"285\"><\/p>\n<h3>LIVRAISONS<\/h3>\n<b>Nous prenons de nouvelles inititatives<br>\npour un avenir plus propre<br>\n<\/b>Nos livraisons sont effectu\u00e9es<br>\npar notre v\u00e9hicule<br>\n100% \u00e9lectrique\n","protected":false},"excerpt":{"rendered":"<p>\u00c0 VOTRE SERVICE Pour les particuliers, les entreprises, les associations, d\u00e9couvrez notre grande gamme de services.Livraison de vos travaux dans Montpellier pour les pros Copie \/ Impression num\u00e9rique Noir &amp; Blanc \/ Couleur Sur papiers classiques, \u00e9pais, cartonn\u00e9s (de 80g \u00e0 400g) Mat ou brillant, adh\u00e9sif, calque, Nevertear\u00ae Pelliculage \/ Plastification Pelliculage Mat, brillant, SoftTouch\u00ae, [&hellip;]<\/p>\n","protected":false},"author":1,"featured_media":0,"parent":0,"menu_order":0,"comment_status":"closed","ping_status":"closed","template":"","meta":{"site-sidebar-layout":"default","site-content-layout":"","ast-site-content-layout":"default","site-content-style":"default","site-sidebar-style":"default","ast-global-header-display":"","ast-banner-title-visibility":"","ast-main-header-display":"","ast-hfb-above-header-display":"","ast-hfb-below-header-display":"","ast-hfb-mobile-header-display":"","site-post-title":"","ast-breadcrumbs-content":"","ast-featured-img":"","footer-sml-layout":"","ast-disable-related-posts":"","theme-transparent-header-meta":"","adv-header-id-meta":"","stick-header-meta":"","header-above-stick-meta":"","header-main-stick-meta":"","header-below-stick-meta":"","astra-migrate-meta-layouts":"default","ast-page-background-enabled":"default","ast-page-background-meta":{"desktop":{"background-color":"var(--ast-global-color-4)","background-image":"","background-repeat":"repeat","background-position":"center center","background-size":"auto","background-attachment":"scroll","background-type":"","background-media":"","overlay-type":"","overlay-color":"","overlay-opacity":"","overlay-gradient":""},"tablet":{"background-color":"","background-image":"","background-repeat":"repeat","background-position":"center center","background-size":"auto","background-attachment":"scroll","background-type":"","background-media":"","overlay-type":"","overlay-color":"","overlay-opacity":"","overlay-gradient":""},"mobile":{"background-color":"","background-image":"","background-repeat":"repeat","background-position":"center center","background-size":"auto","background-attachment":"scroll","background-type":"","background-media":"","overlay-type":"","overlay-color":"","overlay-opacity":"","overlay-gradient":""}},"ast-content-background-meta":{"desktop":{"background-color":"var(--ast-global-color-5)","background-image":"","background-repeat":"repeat","background-position":"center center","background-size":"auto","background-attachment":"scroll","background-type":"","background-media":"","overlay-type":"","overlay-color":"","overlay-opacity":"","overlay-gradient":""},"tablet":{"background-color":"var(--ast-global-color-5)","background-image":"","background-repeat":"repeat","background-position":"center center","background-size":"auto","background-attachment":"scroll","background-type":"","background-media":"","overlay-type":"","overlay-color":"","overlay-opacity":"","overlay-gradient":""},"mobile":{"background-color":"var(--ast-global-color-5)","background-image":"","background-repeat":"repeat","background-position":"center center","background-size":"auto","background-attachment":"scroll","background-type":"","background-media":"","overlay-type":"","overlay-color":"","overlay-opacity":"","overlay-gradient":""}},"footnotes":""},"class_list":["post-157","page","type-page","status-publish","hentry"],"yoast_head":"<!-- This site is optimized with the Yoast SEO plugin v26.6 - https:\/\/yoast.com\/wordpress\/plugins\/seo\/ -->\n<title>Copy Beaux Arts \u2022 Photocopie Impression objets personnalis\u00e9s Montpellier Reliures Scans<\/title>\n<meta name=\"description\" content=\"Photocopie Noir et Blanc Couleur papiers classiques, \u00e9pais, cartonn\u00e9s adh\u00e9sif, calque, Plastification, Scan petit et grand format Impression et pliage de plans \u00e0 montpellier\" \/>\n<meta name=\"robots\" content=\"index, follow, max-snippet:-1, max-image-preview:large, max-video-preview:-1\" \/>\n<link rel=\"canonical\" href=\"https:\/\/copybeauxarts.com\/shop\/atelier-de-reprographie\/\" \/>\n<meta property=\"og:locale\" content=\"fr_FR\" \/>\n<meta property=\"og:type\" content=\"article\" \/>\n<meta property=\"og:title\" content=\"Copy Beaux Arts \u2022 Photocopie Impression objets personnalis\u00e9s Montpellier Reliures Scans\" \/>\n<meta property=\"og:description\" content=\"Photocopie Noir et Blanc Couleur papiers classiques, \u00e9pais, cartonn\u00e9s adh\u00e9sif, calque, Plastification, Scan petit et grand format Impression et pliage de plans \u00e0 montpellier\" \/>\n<meta property=\"og:url\" content=\"https:\/\/copybeauxarts.com\/shop\/atelier-de-reprographie\/\" \/>\n<meta property=\"og:site_name\" content=\"Copy Beaux Arts \u2022 Photocopie Impression objets personnalis\u00e9s Montpellier\" \/>\n<meta property=\"article:modified_time\" content=\"2023-04-06T15:03:26+00:00\" \/>\n<meta property=\"og:image\" content=\"https:\/\/copybeauxarts.com\/images\/TAMPON-SPECIAL-ETUDIANT.png\" \/>\n<meta name=\"twitter:card\" content=\"summary_large_image\" \/>\n<script type=\"application\/ld+json\" class=\"yoast-schema-graph\">{\"@context\":\"https:\/\/schema.org\",\"@graph\":[{\"@type\":\"WebPage\",\"@id\":\"https:\/\/copybeauxarts.com\/shop\/atelier-de-reprographie\/\",\"url\":\"https:\/\/copybeauxarts.com\/shop\/atelier-de-reprographie\/\",\"name\":\"Copy Beaux Arts \u2022 Photocopie Impression objets personnalis\u00e9s Montpellier Reliures Scans\",\"isPartOf\":{\"@id\":\"https:\/\/copybeauxarts.com\/shop\/#website\"},\"primaryImageOfPage\":{\"@id\":\"https:\/\/copybeauxarts.com\/shop\/atelier-de-reprographie\/#primaryimage\"},\"image\":{\"@id\":\"https:\/\/copybeauxarts.com\/shop\/atelier-de-reprographie\/#primaryimage\"},\"thumbnailUrl\":\"https:\/\/copybeauxarts.com\/images\/TAMPON-SPECIAL-ETUDIANT.png\",\"datePublished\":\"2018-12-07T23:13:47+00:00\",\"dateModified\":\"2023-04-06T15:03:26+00:00\",\"description\":\"Photocopie Noir et Blanc Couleur papiers classiques, \u00e9pais, cartonn\u00e9s adh\u00e9sif, calque, Plastification, Scan petit et grand format Impression et pliage de plans \u00e0 montpellier\",\"breadcrumb\":{\"@id\":\"https:\/\/copybeauxarts.com\/shop\/atelier-de-reprographie\/#breadcrumb\"},\"inLanguage\":\"fr-FR\",\"potentialAction\":[{\"@type\":\"ReadAction\",\"target\":[\"https:\/\/copybeauxarts.com\/shop\/atelier-de-reprographie\/\"]}]},{\"@type\":\"ImageObject\",\"inLanguage\":\"fr-FR\",\"@id\":\"https:\/\/copybeauxarts.com\/shop\/atelier-de-reprographie\/#primaryimage\",\"url\":\"https:\/\/copybeauxarts.com\/images\/TAMPON-SPECIAL-ETUDIANT.png\",\"contentUrl\":\"https:\/\/copybeauxarts.com\/images\/TAMPON-SPECIAL-ETUDIANT.png\"},{\"@type\":\"BreadcrumbList\",\"@id\":\"https:\/\/copybeauxarts.com\/shop\/atelier-de-reprographie\/#breadcrumb\",\"itemListElement\":[{\"@type\":\"ListItem\",\"position\":1,\"name\":\"Accueil\",\"item\":\"https:\/\/copybeauxarts.com\/shop\/\"},{\"@type\":\"ListItem\",\"position\":2,\"name\":\"Atelier de reprographie\"}]},{\"@type\":\"WebSite\",\"@id\":\"https:\/\/copybeauxarts.com\/shop\/#website\",\"url\":\"https:\/\/copybeauxarts.com\/shop\/\",\"name\":\"Copy Beaux Arts \u2022 Photocopie Impression objets personnalis\u00e9s Montpellier\",\"description\":\"Impression tshirts mugs cadeaux et tous objets personnalis\u00e9s\",\"publisher\":{\"@id\":\"https:\/\/copybeauxarts.com\/shop\/#organization\"},\"potentialAction\":[{\"@type\":\"SearchAction\",\"target\":{\"@type\":\"EntryPoint\",\"urlTemplate\":\"https:\/\/copybeauxarts.com\/shop\/?s={search_term_string}\"},\"query-input\":{\"@type\":\"PropertyValueSpecification\",\"valueRequired\":true,\"valueName\":\"search_term_string\"}}],\"inLanguage\":\"fr-FR\"},{\"@type\":\"Organization\",\"@id\":\"https:\/\/copybeauxarts.com\/shop\/#organization\",\"name\":\"Copy Beaux Arts \u2022 Photocopie Impression objets personnalis\u00e9s Montpellier\",\"url\":\"https:\/\/copybeauxarts.com\/shop\/\",\"logo\":{\"@type\":\"ImageObject\",\"inLanguage\":\"fr-FR\",\"@id\":\"https:\/\/copybeauxarts.com\/shop\/#\/schema\/logo\/image\/\",\"url\":\"https:\/\/copybeauxarts.com\/shop\/wp-content\/uploads\/2025\/12\/logo-copy-beaux-arts-montpellier.png\",\"contentUrl\":\"https:\/\/copybeauxarts.com\/shop\/wp-content\/uploads\/2025\/12\/logo-copy-beaux-arts-montpellier.png\",\"width\":247,\"height\":133,\"caption\":\"Copy Beaux Arts \u2022 Photocopie Impression objets personnalis\u00e9s Montpellier\"},\"image\":{\"@id\":\"https:\/\/copybeauxarts.com\/shop\/#\/schema\/logo\/image\/\"}}]}<\/script>\n<!-- \/ Yoast SEO plugin. -->","yoast_head_json":{"title":"Copy Beaux Arts \u2022 Photocopie Impression objets personnalis\u00e9s Montpellier Reliures Scans","description":"Photocopie Noir et Blanc Couleur papiers classiques, \u00e9pais, cartonn\u00e9s adh\u00e9sif, calque, Plastification, Scan petit et grand format Impression et pliage de plans \u00e0 montpellier","robots":{"index":"index","follow":"follow","max-snippet":"max-snippet:-1","max-image-preview":"max-image-preview:large","max-video-preview":"max-video-preview:-1"},"canonical":"https:\/\/copybeauxarts.com\/shop\/atelier-de-reprographie\/","og_locale":"fr_FR","og_type":"article","og_title":"Copy Beaux Arts \u2022 Photocopie Impression objets personnalis\u00e9s Montpellier Reliures Scans","og_description":"Photocopie Noir et Blanc Couleur papiers classiques, \u00e9pais, cartonn\u00e9s adh\u00e9sif, calque, Plastification, Scan petit et grand format Impression et pliage de plans \u00e0 montpellier","og_url":"https:\/\/copybeauxarts.com\/shop\/atelier-de-reprographie\/","og_site_name":"Copy Beaux Arts \u2022 Photocopie Impression objets personnalis\u00e9s Montpellier","article_modified_time":"2023-04-06T15:03:26+00:00","og_image":[{"url":"https:\/\/copybeauxarts.com\/images\/TAMPON-SPECIAL-ETUDIANT.png","type":"","width":"","height":""}],"twitter_card":"summary_large_image","schema":{"@context":"https:\/\/schema.org","@graph":[{"@type":"WebPage","@id":"https:\/\/copybeauxarts.com\/shop\/atelier-de-reprographie\/","url":"https:\/\/copybeauxarts.com\/shop\/atelier-de-reprographie\/","name":"Copy Beaux Arts \u2022 Photocopie Impression objets personnalis\u00e9s Montpellier Reliures Scans","isPartOf":{"@id":"https:\/\/copybeauxarts.com\/shop\/#website"},"primaryImageOfPage":{"@id":"https:\/\/copybeauxarts.com\/shop\/atelier-de-reprographie\/#primaryimage"},"image":{"@id":"https:\/\/copybeauxarts.com\/shop\/atelier-de-reprographie\/#primaryimage"},"thumbnailUrl":"https:\/\/copybeauxarts.com\/images\/TAMPON-SPECIAL-ETUDIANT.png","datePublished":"2018-12-07T23:13:47+00:00","dateModified":"2023-04-06T15:03:26+00:00","description":"Photocopie Noir et Blanc Couleur papiers classiques, \u00e9pais, cartonn\u00e9s adh\u00e9sif, calque, Plastification, Scan petit et grand format Impression et pliage de plans \u00e0 montpellier","breadcrumb":{"@id":"https:\/\/copybeauxarts.com\/shop\/atelier-de-reprographie\/#breadcrumb"},"inLanguage":"fr-FR","potentialAction":[{"@type":"ReadAction","target":["https:\/\/copybeauxarts.com\/shop\/atelier-de-reprographie\/"]}]},{"@type":"ImageObject","inLanguage":"fr-FR","@id":"https:\/\/copybeauxarts.com\/shop\/atelier-de-reprographie\/#primaryimage","url":"https:\/\/copybeauxarts.com\/images\/TAMPON-SPECIAL-ETUDIANT.png","contentUrl":"https:\/\/copybeauxarts.com\/images\/TAMPON-SPECIAL-ETUDIANT.png"},{"@type":"BreadcrumbList","@id":"https:\/\/copybeauxarts.com\/shop\/atelier-de-reprographie\/#breadcrumb","itemListElement":[{"@type":"ListItem","position":1,"name":"Accueil","item":"https:\/\/copybeauxarts.com\/shop\/"},{"@type":"ListItem","position":2,"name":"Atelier de reprographie"}]},{"@type":"WebSite","@id":"https:\/\/copybeauxarts.com\/shop\/#website","url":"https:\/\/copybeauxarts.com\/shop\/","name":"Copy Beaux Arts \u2022 Photocopie Impression objets personnalis\u00e9s Montpellier","description":"Impression tshirts mugs cadeaux et tous objets personnalis\u00e9s","publisher":{"@id":"https:\/\/copybeauxarts.com\/shop\/#organization"},"potentialAction":[{"@type":"SearchAction","target":{"@type":"EntryPoint","urlTemplate":"https:\/\/copybeauxarts.com\/shop\/?s={search_term_string}"},"query-input":{"@type":"PropertyValueSpecification","valueRequired":true,"valueName":"search_term_string"}}],"inLanguage":"fr-FR"},{"@type":"Organization","@id":"https:\/\/copybeauxarts.com\/shop\/#organization","name":"Copy Beaux Arts \u2022 Photocopie Impression objets personnalis\u00e9s Montpellier","url":"https:\/\/copybeauxarts.com\/shop\/","logo":{"@type":"ImageObject","inLanguage":"fr-FR","@id":"https:\/\/copybeauxarts.com\/shop\/#\/schema\/logo\/image\/","url":"https:\/\/copybeauxarts.com\/shop\/wp-content\/uploads\/2025\/12\/logo-copy-beaux-arts-montpellier.png","contentUrl":"https:\/\/copybeauxarts.com\/shop\/wp-content\/uploads\/2025\/12\/logo-copy-beaux-arts-montpellier.png","width":247,"height":133,"caption":"Copy Beaux Arts \u2022 Photocopie Impression objets personnalis\u00e9s Montpellier"},"image":{"@id":"https:\/\/copybeauxarts.com\/shop\/#\/schema\/logo\/image\/"}}]}},"_links":{"self":[{"href":"https:\/\/copybeauxarts.com\/shop\/wp-json\/wp\/v2\/pages\/157","targetHints":{"allow":["GET"]}}],"collection":[{"href":"https:\/\/copybeauxarts.com\/shop\/wp-json\/wp\/v2\/pages"}],"about":[{"href":"https:\/\/copybeauxarts.com\/shop\/wp-json\/wp\/v2\/types\/page"}],"author":[{"embeddable":true,"href":"https:\/\/copybeauxarts.com\/shop\/wp-json\/wp\/v2\/users\/1"}],"replies":[{"embeddable":true,"href":"https:\/\/copybeauxarts.com\/shop\/wp-json\/wp\/v2\/comments?post=157"}],"version-history":[{"count":18,"href":"https:\/\/copybeauxarts.com\/shop\/wp-json\/wp\/v2\/pages\/157\/revisions"}],"predecessor-version":[{"id":2678,"href":"https:\/\/copybeauxarts.com\/shop\/wp-json\/wp\/v2\/pages\/157\/revisions\/2678"}],"wp:attachment":[{"href":"https:\/\/copybeauxarts.com\/shop\/wp-json\/wp\/v2\/media?parent=157"}],"curies":[{"name":"wp","href":"https:\/\/api.w.org\/{rel}","templated":true}]}}