{"id":1115,"date":"2020-05-19T14:29:35","date_gmt":"2020-05-19T12:29:35","guid":{"rendered":"https:\/\/copybeauxarts.com\/shop\/?page_id=1115"},"modified":"2023-04-04T16:44:11","modified_gmt":"2023-04-04T14:44:11","slug":"signaletique-4","status":"publish","type":"page","link":"https:\/\/copybeauxarts.com\/shop\/signaletique-4\/","title":{"rendered":"SIGNAL\u00c9TIQUE"},"content":{"rendered":"\n<div class=\"woocommerce columns-4 \"><ul class=\"products columns-4\">\n<li class=\"desktop-align-center tablet-align-center mobile-align-center ast-product-gallery-layout-horizontal-slider ast-product-gallery-with-no-image ast-product-tabs-layout-horizontal product type-product post-2349 status-publish first instock product_cat-signaletique has-post-thumbnail shipping-taxable product-type-simple\">\n\t<a href=\"https:\/\/copybeauxarts.com\/shop\/produit\/bache-tissee\/\" class=\"woocommerce-LoopProduct-link woocommerce-loop-product__link\"><img loading=\"lazy\" decoding=\"async\" width=\"300\" height=\"300\" src=\"https:\/\/copybeauxarts.com\/shop\/wp-content\/uploads\/2022\/08\/lona_frontlit-300x300.jpg\" class=\"attachment-woocommerce_thumbnail size-woocommerce_thumbnail\" alt=\"B\u00c2CHE TISSEE\" srcset=\"https:\/\/copybeauxarts.com\/shop\/wp-content\/uploads\/2022\/08\/lona_frontlit-300x300.jpg 300w, https:\/\/copybeauxarts.com\/shop\/wp-content\/uploads\/2022\/08\/lona_frontlit-150x150.jpg 150w, https:\/\/copybeauxarts.com\/shop\/wp-content\/uploads\/2022\/08\/lona_frontlit-100x100.jpg 100w\" sizes=\"auto, (max-width: 300px) 100vw, 300px\" \/><h2 class=\"woocommerce-loop-product__title\">B\u00c2CHE TISSEE<\/h2>\n<\/a><a href=\"https:\/\/copybeauxarts.com\/shop\/produit\/bache-tissee\/\" aria-describedby=\"woocommerce_loop_add_to_cart_link_describedby_2349\" data-quantity=\"1\" class=\"button product_type_simple \" data-product_id=\"2349\" data-product_sku=\"\" aria-label=\"En savoir plus sur &ldquo;B\u00c2CHE TISSEE&rdquo;\" rel=\"nofollow\" data-success_message=\"\">Lire la suite<\/a>\t<span id=\"woocommerce_loop_add_to_cart_link_describedby_2349\" class=\"screen-reader-text\">\n\t\t\t<\/span>\n<\/li>\n<li class=\"desktop-align-center tablet-align-center mobile-align-center ast-product-gallery-layout-horizontal-slider ast-product-tabs-layout-horizontal product type-product post-2395 status-publish instock product_cat-signaletique has-post-thumbnail sale shipping-taxable purchasable product-type-simple\">\n\t<a href=\"https:\/\/copybeauxarts.com\/shop\/produit\/roll-up\/\" class=\"woocommerce-LoopProduct-link woocommerce-loop-product__link\">\n\t<span  class=\"onsale circle\" data-sale=\"[]\" data-notification=\"default\">Soldes !<\/span>\n\t<img loading=\"lazy\" decoding=\"async\" width=\"300\" height=\"300\" src=\"https:\/\/copybeauxarts.com\/shop\/wp-content\/uploads\/2022\/08\/roll-up-mockup-300x300.jpg\" class=\"attachment-woocommerce_thumbnail size-woocommerce_thumbnail\" alt=\"ROLL UP\" srcset=\"https:\/\/copybeauxarts.com\/shop\/wp-content\/uploads\/2022\/08\/roll-up-mockup-300x300.jpg 300w, https:\/\/copybeauxarts.com\/shop\/wp-content\/uploads\/2022\/08\/roll-up-mockup-1024x1024.jpg 1024w, https:\/\/copybeauxarts.com\/shop\/wp-content\/uploads\/2022\/08\/roll-up-mockup-150x150.jpg 150w, https:\/\/copybeauxarts.com\/shop\/wp-content\/uploads\/2022\/08\/roll-up-mockup-768x768.jpg 768w, https:\/\/copybeauxarts.com\/shop\/wp-content\/uploads\/2022\/08\/roll-up-mockup-1536x1536.jpg 1536w, https:\/\/copybeauxarts.com\/shop\/wp-content\/uploads\/2022\/08\/roll-up-mockup-2048x2048.jpg 2048w, https:\/\/copybeauxarts.com\/shop\/wp-content\/uploads\/2022\/08\/roll-up-mockup-600x600.jpg 600w, https:\/\/copybeauxarts.com\/shop\/wp-content\/uploads\/2022\/08\/roll-up-mockup-100x100.jpg 100w\" sizes=\"auto, (max-width: 300px) 100vw, 300px\" \/><h2 class=\"woocommerce-loop-product__title\">ROLL UP<\/h2>\n\t<span class=\"price\"><del aria-hidden=\"true\"><span class=\"woocommerce-Price-amount amount\"><bdi>99,00&nbsp;<span class=\"woocommerce-Price-currencySymbol\">&euro;<\/span><\/bdi><\/span><\/del> <span class=\"screen-reader-text\">Le prix initial \u00e9tait\u00a0: 99,00&nbsp;&euro;.<\/span><ins aria-hidden=\"true\"><span class=\"woocommerce-Price-amount amount\"><bdi>86,00&nbsp;<span class=\"woocommerce-Price-currencySymbol\">&euro;<\/span><\/bdi><\/span><\/ins><span class=\"screen-reader-text\">Le prix actuel est\u00a0: 86,00&nbsp;&euro;.<\/span><\/span>\n<\/a><a rel=\"nofollow\" href=\"https:\/\/copybeauxarts.com\/shop\/produit\/roll-up\/\" data-quantity=\"1\" data-product_id=\"2395\" data-product_sku=\"\" class=\"button fpd-catalog-customize product_type_simple\">Personnaliser <\/a>\t<span id=\"woocommerce_loop_add_to_cart_link_describedby_2395\" class=\"screen-reader-text\">\n\t\t\t<\/span>\n<\/li>\n<li class=\"desktop-align-center tablet-align-center mobile-align-center ast-product-gallery-layout-horizontal-slider ast-product-tabs-layout-horizontal product type-product post-2405 status-publish instock product_cat-signaletique has-post-thumbnail shipping-taxable purchasable product-type-simple\">\n\t<a href=\"https:\/\/copybeauxarts.com\/shop\/produit\/roll-up-realisation-48h-2\/\" class=\"woocommerce-LoopProduct-link woocommerce-loop-product__link\"><img loading=\"lazy\" decoding=\"async\" width=\"300\" height=\"300\" src=\"https:\/\/copybeauxarts.com\/shop\/wp-content\/uploads\/2022\/08\/roll-up-mockup-300x300.jpg\" class=\"attachment-woocommerce_thumbnail size-woocommerce_thumbnail\" alt=\"ROLL UP r\u00e9alisation 48h\" srcset=\"https:\/\/copybeauxarts.com\/shop\/wp-content\/uploads\/2022\/08\/roll-up-mockup-300x300.jpg 300w, https:\/\/copybeauxarts.com\/shop\/wp-content\/uploads\/2022\/08\/roll-up-mockup-1024x1024.jpg 1024w, https:\/\/copybeauxarts.com\/shop\/wp-content\/uploads\/2022\/08\/roll-up-mockup-150x150.jpg 150w, https:\/\/copybeauxarts.com\/shop\/wp-content\/uploads\/2022\/08\/roll-up-mockup-768x768.jpg 768w, https:\/\/copybeauxarts.com\/shop\/wp-content\/uploads\/2022\/08\/roll-up-mockup-1536x1536.jpg 1536w, https:\/\/copybeauxarts.com\/shop\/wp-content\/uploads\/2022\/08\/roll-up-mockup-2048x2048.jpg 2048w, https:\/\/copybeauxarts.com\/shop\/wp-content\/uploads\/2022\/08\/roll-up-mockup-600x600.jpg 600w, https:\/\/copybeauxarts.com\/shop\/wp-content\/uploads\/2022\/08\/roll-up-mockup-100x100.jpg 100w\" sizes=\"auto, (max-width: 300px) 100vw, 300px\" \/><h2 class=\"woocommerce-loop-product__title\">ROLL UP r\u00e9alisation 48h<\/h2>\n\t<span class=\"price\"><span class=\"woocommerce-Price-amount amount\"><bdi>99,00&nbsp;<span class=\"woocommerce-Price-currencySymbol\">&euro;<\/span><\/bdi><\/span><\/span>\n<\/a><a href=\"\/shop\/wp-json\/wp\/v2\/pages\/1115?add-to-cart=2405\" aria-describedby=\"woocommerce_loop_add_to_cart_link_describedby_2405\" data-quantity=\"1\" class=\"button product_type_simple add_to_cart_button ajax_add_to_cart \" data-product_id=\"2405\" data-product_sku=\"\" aria-label=\"Ajouter au panier\u00a0: &ldquo;ROLL UP r\u00e9alisation 48h&rdquo;\" rel=\"nofollow\" data-success_message=\"\u00ab\u00a0ROLL UP r\u00e9alisation 48h\u00a0\u00bb a \u00e9t\u00e9 ajout\u00e9 \u00e0 votre panier\" role=\"button\">Ajouter au panier<\/a>\t<span id=\"woocommerce_loop_add_to_cart_link_describedby_2405\" class=\"screen-reader-text\">\n\t\t\t<\/span>\n<\/li>\n<li class=\"desktop-align-center tablet-align-center mobile-align-center ast-product-gallery-layout-horizontal-slider ast-product-gallery-with-no-image ast-product-tabs-layout-horizontal product type-product post-2406 status-publish last instock product_cat-signaletique has-post-thumbnail shipping-taxable purchasable product-type-simple\">\n\t<a href=\"https:\/\/copybeauxarts.com\/shop\/produit\/x-banner\/\" class=\"woocommerce-LoopProduct-link woocommerce-loop-product__link\"><img loading=\"lazy\" decoding=\"async\" width=\"300\" height=\"300\" src=\"https:\/\/copybeauxarts.com\/shop\/wp-content\/uploads\/2022\/11\/x-banner-personnalise-80-cm-x-180-cm-1-300x300.jpg\" class=\"attachment-woocommerce_thumbnail size-woocommerce_thumbnail\" alt=\"X-BANNER 80*180 cm D\u00e9lai 48H\" srcset=\"https:\/\/copybeauxarts.com\/shop\/wp-content\/uploads\/2022\/11\/x-banner-personnalise-80-cm-x-180-cm-1-300x300.jpg 300w, https:\/\/copybeauxarts.com\/shop\/wp-content\/uploads\/2022\/11\/x-banner-personnalise-80-cm-x-180-cm-1-150x150.jpg 150w, https:\/\/copybeauxarts.com\/shop\/wp-content\/uploads\/2022\/11\/x-banner-personnalise-80-cm-x-180-cm-1-100x100.jpg 100w, https:\/\/copybeauxarts.com\/shop\/wp-content\/uploads\/2022\/11\/x-banner-personnalise-80-cm-x-180-cm-1.jpg 458w\" sizes=\"auto, (max-width: 300px) 100vw, 300px\" \/><h2 class=\"woocommerce-loop-product__title\">X-BANNER 80*180 cm D\u00e9lai 48H<\/h2>\n\t<span class=\"price\"><span class=\"woocommerce-Price-amount amount\"><bdi>60,00&nbsp;<span class=\"woocommerce-Price-currencySymbol\">&euro;<\/span><\/bdi><\/span><\/span>\n<\/a><a href=\"\/shop\/wp-json\/wp\/v2\/pages\/1115?add-to-cart=2406\" aria-describedby=\"woocommerce_loop_add_to_cart_link_describedby_2406\" data-quantity=\"1\" class=\"button product_type_simple add_to_cart_button ajax_add_to_cart \" data-product_id=\"2406\" data-product_sku=\"\" aria-label=\"Ajouter au panier\u00a0: &ldquo;X-BANNER 80*180 cm D\u00e9lai 48H&rdquo;\" rel=\"nofollow\" data-success_message=\"\u00ab\u00a0X-BANNER 80*180 cm D\u00e9lai 48H\u00a0\u00bb a \u00e9t\u00e9 ajout\u00e9 \u00e0 votre panier\" role=\"button\">Ajouter au panier<\/a>\t<span id=\"woocommerce_loop_add_to_cart_link_describedby_2406\" class=\"screen-reader-text\">\n\t\t\t<\/span>\n<\/li>\n<li class=\"desktop-align-center tablet-align-center mobile-align-center ast-product-gallery-layout-horizontal-slider ast-product-tabs-layout-horizontal product type-product post-2412 status-publish first instock product_cat-signaletique has-post-thumbnail shipping-taxable purchasable product-type-simple\">\n\t<a href=\"https:\/\/copybeauxarts.com\/shop\/produit\/x-banner-80180-cm-delai-5-6-jours\/\" class=\"woocommerce-LoopProduct-link woocommerce-loop-product__link\"><img loading=\"lazy\" decoding=\"async\" width=\"300\" height=\"300\" src=\"https:\/\/copybeauxarts.com\/shop\/wp-content\/uploads\/2022\/11\/x-banner-personnalise-80-cm-x-180-cm-1-300x300.jpg\" class=\"attachment-woocommerce_thumbnail size-woocommerce_thumbnail\" alt=\"X-BANNER 80*180 cm D\u00e9lai 5\/6 jours\" srcset=\"https:\/\/copybeauxarts.com\/shop\/wp-content\/uploads\/2022\/11\/x-banner-personnalise-80-cm-x-180-cm-1-300x300.jpg 300w, https:\/\/copybeauxarts.com\/shop\/wp-content\/uploads\/2022\/11\/x-banner-personnalise-80-cm-x-180-cm-1-150x150.jpg 150w, https:\/\/copybeauxarts.com\/shop\/wp-content\/uploads\/2022\/11\/x-banner-personnalise-80-cm-x-180-cm-1-100x100.jpg 100w, https:\/\/copybeauxarts.com\/shop\/wp-content\/uploads\/2022\/11\/x-banner-personnalise-80-cm-x-180-cm-1.jpg 458w\" sizes=\"auto, (max-width: 300px) 100vw, 300px\" \/><h2 class=\"woocommerce-loop-product__title\">X-BANNER 80*180 cm D\u00e9lai 5\/6 jours<\/h2>\n\t<span class=\"price\"><span class=\"woocommerce-Price-amount amount\"><bdi>51,00&nbsp;<span class=\"woocommerce-Price-currencySymbol\">&euro;<\/span><\/bdi><\/span><\/span>\n<\/a><a href=\"\/shop\/wp-json\/wp\/v2\/pages\/1115?add-to-cart=2412\" aria-describedby=\"woocommerce_loop_add_to_cart_link_describedby_2412\" data-quantity=\"1\" class=\"button product_type_simple add_to_cart_button ajax_add_to_cart \" data-product_id=\"2412\" data-product_sku=\"\" aria-label=\"Ajouter au panier\u00a0: &ldquo;X-BANNER 80*180 cm D\u00e9lai 5\/6 jours&rdquo;\" rel=\"nofollow\" data-success_message=\"\u00ab\u00a0X-BANNER 80*180 cm D\u00e9lai 5\/6 jours\u00a0\u00bb a \u00e9t\u00e9 ajout\u00e9 \u00e0 votre panier\" role=\"button\">Ajouter au panier<\/a>\t<span id=\"woocommerce_loop_add_to_cart_link_describedby_2412\" class=\"screen-reader-text\">\n\t\t\t<\/span>\n<\/li>\n<\/ul>\n<\/div>\n","protected":false},"excerpt":{"rendered":"","protected":false},"author":4,"featured_media":0,"parent":0,"menu_order":0,"comment_status":"closed","ping_status":"closed","template":"","meta":{"site-sidebar-layout":"default","site-content-layout":"default","ast-site-content-layout":"default","site-content-style":"default","site-sidebar-style":"default","ast-global-header-display":"","ast-banner-title-visibility":"","ast-main-header-display":"","ast-hfb-above-header-display":"","ast-hfb-below-header-display":"","ast-hfb-mobile-header-display":"","site-post-title":"","ast-breadcrumbs-content":"","ast-featured-img":"","footer-sml-layout":"","ast-disable-related-posts":"","theme-transparent-header-meta":"default","adv-header-id-meta":"","stick-header-meta":"default","header-above-stick-meta":"","header-main-stick-meta":"","header-below-stick-meta":"","astra-migrate-meta-layouts":"default","ast-page-background-enabled":"default","ast-page-background-meta":{"desktop":{"background-color":"var(--ast-global-color-4)","background-image":"","background-repeat":"repeat","background-position":"center center","background-size":"auto","background-attachment":"scroll","background-type":"","background-media":"","overlay-type":"","overlay-color":"","overlay-opacity":"","overlay-gradient":""},"tablet":{"background-color":"","background-image":"","background-repeat":"repeat","background-position":"center center","background-size":"auto","background-attachment":"scroll","background-type":"","background-media":"","overlay-type":"","overlay-color":"","overlay-opacity":"","overlay-gradient":""},"mobile":{"background-color":"","background-image":"","background-repeat":"repeat","background-position":"center center","background-size":"auto","background-attachment":"scroll","background-type":"","background-media":"","overlay-type":"","overlay-color":"","overlay-opacity":"","overlay-gradient":""}},"ast-content-background-meta":{"desktop":{"background-color":"var(--ast-global-color-5)","background-image":"","background-repeat":"repeat","background-position":"center center","background-size":"auto","background-attachment":"scroll","background-type":"","background-media":"","overlay-type":"","overlay-color":"","overlay-opacity":"","overlay-gradient":""},"tablet":{"background-color":"var(--ast-global-color-5)","background-image":"","background-repeat":"repeat","background-position":"center center","background-size":"auto","background-attachment":"scroll","background-type":"","background-media":"","overlay-type":"","overlay-color":"","overlay-opacity":"","overlay-gradient":""},"mobile":{"background-color":"var(--ast-global-color-5)","background-image":"","background-repeat":"repeat","background-position":"center center","background-size":"auto","background-attachment":"scroll","background-type":"","background-media":"","overlay-type":"","overlay-color":"","overlay-opacity":"","overlay-gradient":""}},"footnotes":""},"class_list":["post-1115","page","type-page","status-publish","hentry"],"yoast_head":"<!-- This site is optimized with the Yoast SEO plugin v26.6 - https:\/\/yoast.com\/wordpress\/plugins\/seo\/ -->\n<title>SIGNAL\u00c9TIQUE - Copy Beaux Arts \u2022 Photocopie Impression objets personnalis\u00e9s Montpellier<\/title>\n<meta name=\"robots\" content=\"index, follow, max-snippet:-1, max-image-preview:large, max-video-preview:-1\" \/>\n<link rel=\"canonical\" href=\"https:\/\/copybeauxarts.com\/shop\/signaletique-4\/\" \/>\n<meta property=\"og:locale\" content=\"fr_FR\" \/>\n<meta property=\"og:type\" content=\"article\" \/>\n<meta property=\"og:title\" content=\"SIGNAL\u00c9TIQUE - Copy Beaux Arts \u2022 Photocopie Impression objets personnalis\u00e9s Montpellier\" \/>\n<meta property=\"og:url\" content=\"https:\/\/copybeauxarts.com\/shop\/signaletique-4\/\" \/>\n<meta property=\"og:site_name\" content=\"Copy Beaux Arts \u2022 Photocopie Impression objets personnalis\u00e9s Montpellier\" \/>\n<meta property=\"article:modified_time\" content=\"2023-04-04T14:44:11+00:00\" \/>\n<meta name=\"twitter:card\" content=\"summary_large_image\" \/>\n<meta name=\"twitter:label1\" content=\"Dur\u00e9e de lecture estim\u00e9e\" \/>\n\t<meta name=\"twitter:data1\" content=\"1 minute\" \/>\n<script type=\"application\/ld+json\" class=\"yoast-schema-graph\">{\"@context\":\"https:\/\/schema.org\",\"@graph\":[{\"@type\":\"WebPage\",\"@id\":\"https:\/\/copybeauxarts.com\/shop\/signaletique-4\/\",\"url\":\"https:\/\/copybeauxarts.com\/shop\/signaletique-4\/\",\"name\":\"SIGNAL\u00c9TIQUE - Copy Beaux Arts \u2022 Photocopie Impression objets personnalis\u00e9s Montpellier\",\"isPartOf\":{\"@id\":\"https:\/\/copybeauxarts.com\/shop\/#website\"},\"datePublished\":\"2020-05-19T12:29:35+00:00\",\"dateModified\":\"2023-04-04T14:44:11+00:00\",\"breadcrumb\":{\"@id\":\"https:\/\/copybeauxarts.com\/shop\/signaletique-4\/#breadcrumb\"},\"inLanguage\":\"fr-FR\",\"potentialAction\":[{\"@type\":\"ReadAction\",\"target\":[\"https:\/\/copybeauxarts.com\/shop\/signaletique-4\/\"]}]},{\"@type\":\"BreadcrumbList\",\"@id\":\"https:\/\/copybeauxarts.com\/shop\/signaletique-4\/#breadcrumb\",\"itemListElement\":[{\"@type\":\"ListItem\",\"position\":1,\"name\":\"Accueil\",\"item\":\"https:\/\/copybeauxarts.com\/shop\/\"},{\"@type\":\"ListItem\",\"position\":2,\"name\":\"SIGNAL\u00c9TIQUE\"}]},{\"@type\":\"WebSite\",\"@id\":\"https:\/\/copybeauxarts.com\/shop\/#website\",\"url\":\"https:\/\/copybeauxarts.com\/shop\/\",\"name\":\"Copy Beaux Arts \u2022 Photocopie Impression objets personnalis\u00e9s Montpellier\",\"description\":\"Impression tshirts mugs cadeaux et tous objets personnalis\u00e9s\",\"publisher\":{\"@id\":\"https:\/\/copybeauxarts.com\/shop\/#organization\"},\"potentialAction\":[{\"@type\":\"SearchAction\",\"target\":{\"@type\":\"EntryPoint\",\"urlTemplate\":\"https:\/\/copybeauxarts.com\/shop\/?s={search_term_string}\"},\"query-input\":{\"@type\":\"PropertyValueSpecification\",\"valueRequired\":true,\"valueName\":\"search_term_string\"}}],\"inLanguage\":\"fr-FR\"},{\"@type\":\"Organization\",\"@id\":\"https:\/\/copybeauxarts.com\/shop\/#organization\",\"name\":\"Copy Beaux Arts \u2022 Photocopie Impression objets personnalis\u00e9s Montpellier\",\"url\":\"https:\/\/copybeauxarts.com\/shop\/\",\"logo\":{\"@type\":\"ImageObject\",\"inLanguage\":\"fr-FR\",\"@id\":\"https:\/\/copybeauxarts.com\/shop\/#\/schema\/logo\/image\/\",\"url\":\"https:\/\/copybeauxarts.com\/shop\/wp-content\/uploads\/2025\/12\/logo-copy-beaux-arts-montpellier.png\",\"contentUrl\":\"https:\/\/copybeauxarts.com\/shop\/wp-content\/uploads\/2025\/12\/logo-copy-beaux-arts-montpellier.png\",\"width\":247,\"height\":133,\"caption\":\"Copy Beaux Arts \u2022 Photocopie Impression objets personnalis\u00e9s Montpellier\"},\"image\":{\"@id\":\"https:\/\/copybeauxarts.com\/shop\/#\/schema\/logo\/image\/\"}}]}<\/script>\n<!-- \/ Yoast SEO plugin. -->","yoast_head_json":{"title":"SIGNAL\u00c9TIQUE - Copy Beaux Arts \u2022 Photocopie Impression objets personnalis\u00e9s Montpellier","robots":{"index":"index","follow":"follow","max-snippet":"max-snippet:-1","max-image-preview":"max-image-preview:large","max-video-preview":"max-video-preview:-1"},"canonical":"https:\/\/copybeauxarts.com\/shop\/signaletique-4\/","og_locale":"fr_FR","og_type":"article","og_title":"SIGNAL\u00c9TIQUE - Copy Beaux Arts \u2022 Photocopie Impression objets personnalis\u00e9s Montpellier","og_url":"https:\/\/copybeauxarts.com\/shop\/signaletique-4\/","og_site_name":"Copy Beaux Arts \u2022 Photocopie Impression objets personnalis\u00e9s Montpellier","article_modified_time":"2023-04-04T14:44:11+00:00","twitter_card":"summary_large_image","twitter_misc":{"Dur\u00e9e de lecture estim\u00e9e":"1 minute"},"schema":{"@context":"https:\/\/schema.org","@graph":[{"@type":"WebPage","@id":"https:\/\/copybeauxarts.com\/shop\/signaletique-4\/","url":"https:\/\/copybeauxarts.com\/shop\/signaletique-4\/","name":"SIGNAL\u00c9TIQUE - Copy Beaux Arts \u2022 Photocopie Impression objets personnalis\u00e9s Montpellier","isPartOf":{"@id":"https:\/\/copybeauxarts.com\/shop\/#website"},"datePublished":"2020-05-19T12:29:35+00:00","dateModified":"2023-04-04T14:44:11+00:00","breadcrumb":{"@id":"https:\/\/copybeauxarts.com\/shop\/signaletique-4\/#breadcrumb"},"inLanguage":"fr-FR","potentialAction":[{"@type":"ReadAction","target":["https:\/\/copybeauxarts.com\/shop\/signaletique-4\/"]}]},{"@type":"BreadcrumbList","@id":"https:\/\/copybeauxarts.com\/shop\/signaletique-4\/#breadcrumb","itemListElement":[{"@type":"ListItem","position":1,"name":"Accueil","item":"https:\/\/copybeauxarts.com\/shop\/"},{"@type":"ListItem","position":2,"name":"SIGNAL\u00c9TIQUE"}]},{"@type":"WebSite","@id":"https:\/\/copybeauxarts.com\/shop\/#website","url":"https:\/\/copybeauxarts.com\/shop\/","name":"Copy Beaux Arts \u2022 Photocopie Impression objets personnalis\u00e9s Montpellier","description":"Impression tshirts mugs cadeaux et tous objets personnalis\u00e9s","publisher":{"@id":"https:\/\/copybeauxarts.com\/shop\/#organization"},"potentialAction":[{"@type":"SearchAction","target":{"@type":"EntryPoint","urlTemplate":"https:\/\/copybeauxarts.com\/shop\/?s={search_term_string}"},"query-input":{"@type":"PropertyValueSpecification","valueRequired":true,"valueName":"search_term_string"}}],"inLanguage":"fr-FR"},{"@type":"Organization","@id":"https:\/\/copybeauxarts.com\/shop\/#organization","name":"Copy Beaux Arts \u2022 Photocopie Impression objets personnalis\u00e9s Montpellier","url":"https:\/\/copybeauxarts.com\/shop\/","logo":{"@type":"ImageObject","inLanguage":"fr-FR","@id":"https:\/\/copybeauxarts.com\/shop\/#\/schema\/logo\/image\/","url":"https:\/\/copybeauxarts.com\/shop\/wp-content\/uploads\/2025\/12\/logo-copy-beaux-arts-montpellier.png","contentUrl":"https:\/\/copybeauxarts.com\/shop\/wp-content\/uploads\/2025\/12\/logo-copy-beaux-arts-montpellier.png","width":247,"height":133,"caption":"Copy Beaux Arts \u2022 Photocopie Impression objets personnalis\u00e9s Montpellier"},"image":{"@id":"https:\/\/copybeauxarts.com\/shop\/#\/schema\/logo\/image\/"}}]}},"_links":{"self":[{"href":"https:\/\/copybeauxarts.com\/shop\/wp-json\/wp\/v2\/pages\/1115","targetHints":{"allow":["GET"]}}],"collection":[{"href":"https:\/\/copybeauxarts.com\/shop\/wp-json\/wp\/v2\/pages"}],"about":[{"href":"https:\/\/copybeauxarts.com\/shop\/wp-json\/wp\/v2\/types\/page"}],"author":[{"embeddable":true,"href":"https:\/\/copybeauxarts.com\/shop\/wp-json\/wp\/v2\/users\/4"}],"replies":[{"embeddable":true,"href":"https:\/\/copybeauxarts.com\/shop\/wp-json\/wp\/v2\/comments?post=1115"}],"version-history":[{"count":9,"href":"https:\/\/copybeauxarts.com\/shop\/wp-json\/wp\/v2\/pages\/1115\/revisions"}],"predecessor-version":[{"id":2418,"href":"https:\/\/copybeauxarts.com\/shop\/wp-json\/wp\/v2\/pages\/1115\/revisions\/2418"}],"wp:attachment":[{"href":"https:\/\/copybeauxarts.com\/shop\/wp-json\/wp\/v2\/media?parent=1115"}],"curies":[{"name":"wp","href":"https:\/\/api.w.org\/{rel}","templated":true}]}}