{"id":111,"date":"2018-03-21T03:34:46","date_gmt":"2018-03-21T03:34:46","guid":{"rendered":"https:\/\/gpsites.co\/seller\/cart\/"},"modified":"2023-01-17T00:18:44","modified_gmt":"2023-01-16T23:18:44","slug":"votre-panier","status":"publish","type":"page","link":"https:\/\/copybeauxarts.com\/shop\/votre-panier\/","title":{"rendered":"Votre Panier"},"content":{"rendered":"\n\n\t<h4>__<\/h4>\n<h3><b>AFIN DE PERSONNALISER VOS PRODUITS<\/b><\/h3>\n<h4>MERCI D&rsquo;ENVOYER VOS IMAGES ET DESIGN \u00e0 cpba34@gmail.com<\/h4>\n<h4>PUIS DE NOUS T\u00c9L\u00c9PHONER AU 04 67 02 10 45<\/h4>\n<h4>AFIN DE VOIR SA FAISABILIT\u00c9 ET LE D\u00c9LAIS DE LIVRAISON<\/h4>\n<p>__<\/p>\n\n<hr \/>\nCopy Beaux Arts ne garantie pas l&rsquo;origine des logos, marques et mod\u00e8les que ses clients lui font parvenir pour reproduction.<br \/>\nCopy Beaux arts se d\u00e9charge de toute utilisation abusive de la part de son client et ne peux pas garantir qu&rsquo;ils ne seront pas similaires \u00e0 des logos, marques ou mod\u00e8les existants.<br \/>\nLe Client est responsable de l&rsquo;origine des fichiers et mod\u00e8les confi\u00e9s. C&rsquo;est \u00e0 lui seul de se soucier du respect du droit d&rsquo;auteur et il en va de sa responsabilit\u00e9 d&rsquo;avoir un conseil juridique quant au droit de reproduction ou autre droit regardant l&rsquo;origine des logos, dessins et mod\u00e8les pr\u00e9sent\u00e9es.Si vous demandez un remboursement, le d\u00e9lai de traitement peut d\u00e9pendre de votre banque. Dans la plupart des cas, les remboursements sont effectu\u00e9s sous 30 jours.<br \/>\nCertaines circonstances \u00e9chappent au contr\u00f4le de Copy Beaux Arts et peuvent ne pas \u00eatre couvertes par la garantie.Nous ne pouvons pas \u00eatre tenus responsables des \u00e9l\u00e9ments suivants : les erreurs d&rsquo;orthographe, de grammaire ou de ponctuation, typographique, erreur de num\u00e9ro de t\u00e9l\u00e9phone ou coordonn\u00e9es, .. du fait du client, la mauvaise qualit\u00e9 ou basse r\u00e9solution des images t\u00e9l\u00e9charg\u00e9es, les erreurs de graphisme sont la responsabilit\u00e9 du client lors de la cr\u00e9ation du produit, les erreurs dans la s\u00e9lection d&rsquo;options par le client, telles que la finition, la quantit\u00e9 ou le type de produit, ainsi que les produits endommag\u00e9s apr\u00e8s livraison au client.\n<p>Veuillez v\u00e9rifier avec attention votre graphisme et corrigez toute erreur \u00e9ventuelle avant de passer commande.<\/p>\n<p>Copy Beaux Arts ne v\u00e9rifie pas les documents con\u00e7us par les clients avant de traiter leur commande.<\/p>\n\n","protected":false},"excerpt":{"rendered":"<p>__ AFIN DE PERSONNALISER VOS PRODUITS MERCI D&rsquo;ENVOYER VOS IMAGES ET DESIGN \u00e0 cpba34@gmail.com PUIS DE NOUS T\u00c9L\u00c9PHONER AU 04 67 02 10 45 AFIN DE VOIR SA FAISABILIT\u00c9 ET LE D\u00c9LAIS DE LIVRAISON __ Copy Beaux Arts ne garantie pas l&rsquo;origine des logos, marques et mod\u00e8les que ses clients lui font parvenir pour reproduction. [&hellip;]<\/p>\n","protected":false},"author":1,"featured_media":0,"parent":0,"menu_order":0,"comment_status":"closed","ping_status":"closed","template":"","meta":{"site-sidebar-layout":"no-sidebar","site-content-layout":"plain-container","ast-site-content-layout":"default","site-content-style":"default","site-sidebar-style":"default","ast-global-header-display":"","ast-banner-title-visibility":"","ast-main-header-display":"","ast-hfb-above-header-display":"","ast-hfb-below-header-display":"","ast-hfb-mobile-header-display":"","site-post-title":"","ast-breadcrumbs-content":"","ast-featured-img":"","footer-sml-layout":"","ast-disable-related-posts":"","theme-transparent-header-meta":"","adv-header-id-meta":"","stick-header-meta":"","header-above-stick-meta":"","header-main-stick-meta":"","header-below-stick-meta":"","astra-migrate-meta-layouts":"default","ast-page-background-enabled":"default","ast-page-background-meta":{"desktop":{"background-color":"var(--ast-global-color-4)","background-image":"","background-repeat":"repeat","background-position":"center center","background-size":"auto","background-attachment":"scroll","background-type":"","background-media":"","overlay-type":"","overlay-color":"","overlay-opacity":"","overlay-gradient":""},"tablet":{"background-color":"","background-image":"","background-repeat":"repeat","background-position":"center center","background-size":"auto","background-attachment":"scroll","background-type":"","background-media":"","overlay-type":"","overlay-color":"","overlay-opacity":"","overlay-gradient":""},"mobile":{"background-color":"","background-image":"","background-repeat":"repeat","background-position":"center center","background-size":"auto","background-attachment":"scroll","background-type":"","background-media":"","overlay-type":"","overlay-color":"","overlay-opacity":"","overlay-gradient":""}},"ast-content-background-meta":{"desktop":{"background-color":"var(--ast-global-color-5)","background-image":"","background-repeat":"repeat","background-position":"center center","background-size":"auto","background-attachment":"scroll","background-type":"","background-media":"","overlay-type":"","overlay-color":"","overlay-opacity":"","overlay-gradient":""},"tablet":{"background-color":"var(--ast-global-color-5)","background-image":"","background-repeat":"repeat","background-position":"center center","background-size":"auto","background-attachment":"scroll","background-type":"","background-media":"","overlay-type":"","overlay-color":"","overlay-opacity":"","overlay-gradient":""},"mobile":{"background-color":"var(--ast-global-color-5)","background-image":"","background-repeat":"repeat","background-position":"center center","background-size":"auto","background-attachment":"scroll","background-type":"","background-media":"","overlay-type":"","overlay-color":"","overlay-opacity":"","overlay-gradient":""}},"footnotes":""},"class_list":["post-111","page","type-page","status-publish","hentry"],"yoast_head":"<!-- This site is optimized with the Yoast SEO plugin v26.6 - https:\/\/yoast.com\/wordpress\/plugins\/seo\/ -->\n<title>Votre Panier - Copy Beaux Arts \u2022 Photocopie Impression objets personnalis\u00e9s Montpellier<\/title>\n<meta name=\"robots\" content=\"index, follow, max-snippet:-1, max-image-preview:large, max-video-preview:-1\" \/>\n<link rel=\"canonical\" href=\"https:\/\/copybeauxarts.com\/shop\/votre-panier\/\" \/>\n<meta property=\"og:locale\" content=\"fr_FR\" \/>\n<meta property=\"og:type\" content=\"article\" \/>\n<meta property=\"og:title\" content=\"Votre Panier - Copy Beaux Arts \u2022 Photocopie Impression objets personnalis\u00e9s Montpellier\" \/>\n<meta property=\"og:description\" content=\"__ AFIN DE PERSONNALISER VOS PRODUITS MERCI D&rsquo;ENVOYER VOS IMAGES ET DESIGN \u00e0 cpba34@gmail.com PUIS DE NOUS T\u00c9L\u00c9PHONER AU 04 67 02 10 45 AFIN DE VOIR SA FAISABILIT\u00c9 ET LE D\u00c9LAIS DE LIVRAISON __ Copy Beaux Arts ne garantie pas l&rsquo;origine des logos, marques et mod\u00e8les que ses clients lui font parvenir pour reproduction. [&hellip;]\" \/>\n<meta property=\"og:url\" content=\"https:\/\/copybeauxarts.com\/shop\/votre-panier\/\" \/>\n<meta property=\"og:site_name\" content=\"Copy Beaux Arts \u2022 Photocopie Impression objets personnalis\u00e9s Montpellier\" \/>\n<meta property=\"article:modified_time\" content=\"2023-01-16T23:18:44+00:00\" \/>\n<meta name=\"twitter:card\" content=\"summary_large_image\" \/>\n<meta name=\"twitter:label1\" content=\"Dur\u00e9e de lecture estim\u00e9e\" \/>\n\t<meta name=\"twitter:data1\" content=\"2 minutes\" \/>\n<script type=\"application\/ld+json\" class=\"yoast-schema-graph\">{\"@context\":\"https:\/\/schema.org\",\"@graph\":[{\"@type\":\"WebPage\",\"@id\":\"https:\/\/copybeauxarts.com\/shop\/votre-panier\/\",\"url\":\"https:\/\/copybeauxarts.com\/shop\/votre-panier\/\",\"name\":\"Votre Panier - Copy Beaux Arts \u2022 Photocopie Impression objets personnalis\u00e9s Montpellier\",\"isPartOf\":{\"@id\":\"https:\/\/copybeauxarts.com\/shop\/#website\"},\"datePublished\":\"2018-03-21T03:34:46+00:00\",\"dateModified\":\"2023-01-16T23:18:44+00:00\",\"breadcrumb\":{\"@id\":\"https:\/\/copybeauxarts.com\/shop\/votre-panier\/#breadcrumb\"},\"inLanguage\":\"fr-FR\",\"potentialAction\":[{\"@type\":\"ReadAction\",\"target\":[\"https:\/\/copybeauxarts.com\/shop\/votre-panier\/\"]}]},{\"@type\":\"BreadcrumbList\",\"@id\":\"https:\/\/copybeauxarts.com\/shop\/votre-panier\/#breadcrumb\",\"itemListElement\":[{\"@type\":\"ListItem\",\"position\":1,\"name\":\"Accueil\",\"item\":\"https:\/\/copybeauxarts.com\/shop\/\"},{\"@type\":\"ListItem\",\"position\":2,\"name\":\"Votre Panier\"}]},{\"@type\":\"WebSite\",\"@id\":\"https:\/\/copybeauxarts.com\/shop\/#website\",\"url\":\"https:\/\/copybeauxarts.com\/shop\/\",\"name\":\"Copy Beaux Arts \u2022 Photocopie Impression objets personnalis\u00e9s Montpellier\",\"description\":\"Impression tshirts mugs cadeaux et tous objets personnalis\u00e9s\",\"publisher\":{\"@id\":\"https:\/\/copybeauxarts.com\/shop\/#organization\"},\"potentialAction\":[{\"@type\":\"SearchAction\",\"target\":{\"@type\":\"EntryPoint\",\"urlTemplate\":\"https:\/\/copybeauxarts.com\/shop\/?s={search_term_string}\"},\"query-input\":{\"@type\":\"PropertyValueSpecification\",\"valueRequired\":true,\"valueName\":\"search_term_string\"}}],\"inLanguage\":\"fr-FR\"},{\"@type\":\"Organization\",\"@id\":\"https:\/\/copybeauxarts.com\/shop\/#organization\",\"name\":\"Copy Beaux Arts \u2022 Photocopie Impression objets personnalis\u00e9s Montpellier\",\"url\":\"https:\/\/copybeauxarts.com\/shop\/\",\"logo\":{\"@type\":\"ImageObject\",\"inLanguage\":\"fr-FR\",\"@id\":\"https:\/\/copybeauxarts.com\/shop\/#\/schema\/logo\/image\/\",\"url\":\"https:\/\/copybeauxarts.com\/shop\/wp-content\/uploads\/2025\/12\/logo-copy-beaux-arts-montpellier.png\",\"contentUrl\":\"https:\/\/copybeauxarts.com\/shop\/wp-content\/uploads\/2025\/12\/logo-copy-beaux-arts-montpellier.png\",\"width\":247,\"height\":133,\"caption\":\"Copy Beaux Arts \u2022 Photocopie Impression objets personnalis\u00e9s Montpellier\"},\"image\":{\"@id\":\"https:\/\/copybeauxarts.com\/shop\/#\/schema\/logo\/image\/\"}}]}<\/script>\n<!-- \/ Yoast SEO plugin. -->","yoast_head_json":{"title":"Votre Panier - Copy Beaux Arts \u2022 Photocopie Impression objets personnalis\u00e9s Montpellier","robots":{"index":"index","follow":"follow","max-snippet":"max-snippet:-1","max-image-preview":"max-image-preview:large","max-video-preview":"max-video-preview:-1"},"canonical":"https:\/\/copybeauxarts.com\/shop\/votre-panier\/","og_locale":"fr_FR","og_type":"article","og_title":"Votre Panier - Copy Beaux Arts \u2022 Photocopie Impression objets personnalis\u00e9s Montpellier","og_description":"__ AFIN DE PERSONNALISER VOS PRODUITS MERCI D&rsquo;ENVOYER VOS IMAGES ET DESIGN \u00e0 cpba34@gmail.com PUIS DE NOUS T\u00c9L\u00c9PHONER AU 04 67 02 10 45 AFIN DE VOIR SA FAISABILIT\u00c9 ET LE D\u00c9LAIS DE LIVRAISON __ Copy Beaux Arts ne garantie pas l&rsquo;origine des logos, marques et mod\u00e8les que ses clients lui font parvenir pour reproduction. [&hellip;]","og_url":"https:\/\/copybeauxarts.com\/shop\/votre-panier\/","og_site_name":"Copy Beaux Arts \u2022 Photocopie Impression objets personnalis\u00e9s Montpellier","article_modified_time":"2023-01-16T23:18:44+00:00","twitter_card":"summary_large_image","twitter_misc":{"Dur\u00e9e de lecture estim\u00e9e":"2 minutes"},"schema":{"@context":"https:\/\/schema.org","@graph":[{"@type":"WebPage","@id":"https:\/\/copybeauxarts.com\/shop\/votre-panier\/","url":"https:\/\/copybeauxarts.com\/shop\/votre-panier\/","name":"Votre Panier - Copy Beaux Arts \u2022 Photocopie Impression objets personnalis\u00e9s Montpellier","isPartOf":{"@id":"https:\/\/copybeauxarts.com\/shop\/#website"},"datePublished":"2018-03-21T03:34:46+00:00","dateModified":"2023-01-16T23:18:44+00:00","breadcrumb":{"@id":"https:\/\/copybeauxarts.com\/shop\/votre-panier\/#breadcrumb"},"inLanguage":"fr-FR","potentialAction":[{"@type":"ReadAction","target":["https:\/\/copybeauxarts.com\/shop\/votre-panier\/"]}]},{"@type":"BreadcrumbList","@id":"https:\/\/copybeauxarts.com\/shop\/votre-panier\/#breadcrumb","itemListElement":[{"@type":"ListItem","position":1,"name":"Accueil","item":"https:\/\/copybeauxarts.com\/shop\/"},{"@type":"ListItem","position":2,"name":"Votre Panier"}]},{"@type":"WebSite","@id":"https:\/\/copybeauxarts.com\/shop\/#website","url":"https:\/\/copybeauxarts.com\/shop\/","name":"Copy Beaux Arts \u2022 Photocopie Impression objets personnalis\u00e9s Montpellier","description":"Impression tshirts mugs cadeaux et tous objets personnalis\u00e9s","publisher":{"@id":"https:\/\/copybeauxarts.com\/shop\/#organization"},"potentialAction":[{"@type":"SearchAction","target":{"@type":"EntryPoint","urlTemplate":"https:\/\/copybeauxarts.com\/shop\/?s={search_term_string}"},"query-input":{"@type":"PropertyValueSpecification","valueRequired":true,"valueName":"search_term_string"}}],"inLanguage":"fr-FR"},{"@type":"Organization","@id":"https:\/\/copybeauxarts.com\/shop\/#organization","name":"Copy Beaux Arts \u2022 Photocopie Impression objets personnalis\u00e9s Montpellier","url":"https:\/\/copybeauxarts.com\/shop\/","logo":{"@type":"ImageObject","inLanguage":"fr-FR","@id":"https:\/\/copybeauxarts.com\/shop\/#\/schema\/logo\/image\/","url":"https:\/\/copybeauxarts.com\/shop\/wp-content\/uploads\/2025\/12\/logo-copy-beaux-arts-montpellier.png","contentUrl":"https:\/\/copybeauxarts.com\/shop\/wp-content\/uploads\/2025\/12\/logo-copy-beaux-arts-montpellier.png","width":247,"height":133,"caption":"Copy Beaux Arts \u2022 Photocopie Impression objets personnalis\u00e9s Montpellier"},"image":{"@id":"https:\/\/copybeauxarts.com\/shop\/#\/schema\/logo\/image\/"}}]}},"_links":{"self":[{"href":"https:\/\/copybeauxarts.com\/shop\/wp-json\/wp\/v2\/pages\/111","targetHints":{"allow":["GET"]}}],"collection":[{"href":"https:\/\/copybeauxarts.com\/shop\/wp-json\/wp\/v2\/pages"}],"about":[{"href":"https:\/\/copybeauxarts.com\/shop\/wp-json\/wp\/v2\/types\/page"}],"author":[{"embeddable":true,"href":"https:\/\/copybeauxarts.com\/shop\/wp-json\/wp\/v2\/users\/1"}],"replies":[{"embeddable":true,"href":"https:\/\/copybeauxarts.com\/shop\/wp-json\/wp\/v2\/comments?post=111"}],"version-history":[{"count":10,"href":"https:\/\/copybeauxarts.com\/shop\/wp-json\/wp\/v2\/pages\/111\/revisions"}],"predecessor-version":[{"id":2437,"href":"https:\/\/copybeauxarts.com\/shop\/wp-json\/wp\/v2\/pages\/111\/revisions\/2437"}],"wp:attachment":[{"href":"https:\/\/copybeauxarts.com\/shop\/wp-json\/wp\/v2\/media?parent=111"}],"curies":[{"name":"wp","href":"https:\/\/api.w.org\/{rel}","templated":true}]}}